{"id":148,"date":"2025-06-19T12:44:02","date_gmt":"2025-06-19T10:44:02","guid":{"rendered":"https:\/\/yukibeauty.ch\/?page_id=148"},"modified":"2025-09-15T11:23:50","modified_gmt":"2025-09-15T09:23:50","slug":"delivery-and-payment","status":"publish","type":"page","link":"https:\/\/yukibeauty.ch\/de\/delivery-and-payment\/","title":{"rendered":"Lieferung und Zahlung"},"content":{"rendered":"<div data-elementor-type=\"wp-page\" data-elementor-id=\"148\" class=\"elementor elementor-148\" data-elementor-post-type=\"page\">\n\t\t\t\t<div class=\"elementor-element elementor-element-e16b917 e-con-full wd-section-stretch-content e-flex e-con e-parent\" data-id=\"e16b917\" data-element_type=\"container\" data-e-type=\"container\">\n\t\t\t\t<div class=\"elementor-element elementor-element-00d5c75 elementor-widget elementor-widget-woocommerce-breadcrumb\" data-id=\"00d5c75\" data-element_type=\"widget\" data-e-type=\"widget\" data-widget_type=\"woocommerce-breadcrumb.default\">\n\t\t\t\t<div class=\"elementor-widget-container\">\n\t\t\t\t\t<nav class=\"wd-breadcrumbs woocommerce-breadcrumb\" aria-label=\"Brotkr\u00fcmel\">\t\t\t\t<span class=\"wd-last\">\n\t\t\t\t\tStartseite\t\t\t\t<\/span>\n\t\t\t<\/nav>\t\t\t\t<\/div>\n\t\t\t\t<\/div>\n\t\t\t\t<div class=\"elementor-element elementor-element-cab42b5 elementor-widget-widescreen__width-initial elementor-widget elementor-widget-heading\" data-id=\"cab42b5\" data-element_type=\"widget\" data-e-type=\"widget\" data-widget_type=\"heading.default\">\n\t\t\t\t<div class=\"elementor-widget-container\">\n\t\t\t\t\t<h2 class=\"elementor-heading-title elementor-size-default\">Versand und Bezahlung<\/h2>\t\t\t\t<\/div>\n\t\t\t\t<\/div>\n\t\t<div class=\"elementor-element elementor-element-66f7950 e-con-full e-flex e-con e-child\" data-id=\"66f7950\" data-element_type=\"container\" data-e-type=\"container\">\n\t\t<div class=\"elementor-element elementor-element-65979ca e-con-full e-flex e-con e-child\" data-id=\"65979ca\" data-element_type=\"container\" data-e-type=\"container\">\n\t\t\t\t<div class=\"elementor-element elementor-element-ed06557 elementor-widget elementor-widget-heading\" data-id=\"ed06557\" data-element_type=\"widget\" data-e-type=\"widget\" data-widget_type=\"heading.default\">\n\t\t\t\t<div class=\"elementor-widget-container\">\n\t\t\t\t\t<p class=\"elementor-heading-title elementor-size-default\">Versand<\/p>\t\t\t\t<\/div>\n\t\t\t\t<\/div>\n\t\t\t\t<div class=\"elementor-element elementor-element-fcc16f7 color-scheme-inherit text-left elementor-widget elementor-widget-text-editor\" data-id=\"fcc16f7\" data-element_type=\"widget\" data-e-type=\"widget\" data-widget_type=\"text-editor.default\">\n\t\t\t\t<div class=\"elementor-widget-container\">\n\t\t\t\t\t\t\t\t\t<p>Wir liefern in der ganzen Schweiz innerhalb von 3-5 Werktagen ab dem Zeitpunkt der Best\u00e4tigung Ihrer Bestellung. Die Versandkosten werden an der Kasse berechnet und gehen zu Lasten des Kunden.<\/p>\n<p>Geniessen Sie den kostenlosen Versand f\u00fcr alle Bestellungen \u00fcber CHF 80 (ausgenommen Sheet Masks, die nicht auf den kostenlosen Versand angerechnet werden).Nur ein kleines Dankesch\u00f6n von Yuki Beauty!<\/p>\n<p>Der internationale Versand ist ebenfalls m\u00f6glich - die Preise h\u00e4ngen vom gew\u00e4hlten Kurierdienst ab.<\/p>\t\t\t\t\t\t\t\t<\/div>\n\t\t\t\t<\/div>\n\t\t\t\t<\/div>\n\t\t<div class=\"elementor-element elementor-element-0834d86 e-con-full e-flex e-con e-child\" data-id=\"0834d86\" data-element_type=\"container\" data-e-type=\"container\">\n\t\t\t\t<div class=\"elementor-element elementor-element-8e43490 elementor-widget elementor-widget-heading\" data-id=\"8e43490\" data-element_type=\"widget\" data-e-type=\"widget\" data-widget_type=\"heading.default\">\n\t\t\t\t<div class=\"elementor-widget-container\">\n\t\t\t\t\t<p class=\"elementor-heading-title elementor-size-default\">Zahlung<\/p>\t\t\t\t<\/div>\n\t\t\t\t<\/div>\n\t\t\t\t<div class=\"elementor-element elementor-element-6acbe15 color-scheme-inherit text-left elementor-widget elementor-widget-text-editor\" data-id=\"6acbe15\" data-element_type=\"widget\" data-e-type=\"widget\" data-widget_type=\"text-editor.default\">\n\t\t\t\t<div class=\"elementor-widget-container\">\n\t\t\t\t\t\t\t\t\t<p>Ihr Komfort ist unsere Priorit\u00e4t.<br \/>Deshalb unterst\u00fctzen wir die vertrauensw\u00fcrdigsten und bequemsten Zahlungsmittel der Schweiz:<\/p><ul><li>Twint<\/li><li>PayPal<\/li><li>Apple Pay<\/li><li>Kreditkarten (Visa \/ MasterCard \/ andere)<\/li><li>Revolut<\/li><\/ul><p>W\u00e4hlen Sie, was am besten zu Ihnen passt - wir k\u00fcmmern uns um die Sicherheit und Einfachheit.<\/p>\t\t\t\t\t\t\t\t<\/div>\n\t\t\t\t<\/div>\n\t\t\t\t<\/div>\n\t\t\t\t<\/div>\n\t\t\t\t<\/div>\n\t\t\t\t<\/div>","protected":false},"excerpt":{"rendered":"<p>Shipping and Payment Shipping We deliver across Switzerland within 3\u20135 business days from the moment your order is confirmed. Shipping<\/p>","protected":false},"author":1,"featured_media":0,"parent":0,"menu_order":0,"comment_status":"closed","ping_status":"closed","template":"","meta":{"footnotes":""},"class_list":["post-148","page","type-page","status-publish","hentry"],"_links":{"self":[{"href":"https:\/\/yukibeauty.ch\/de\/wp-json\/wp\/v2\/pages\/148","targetHints":{"allow":["GET"]}}],"collection":[{"href":"https:\/\/yukibeauty.ch\/de\/wp-json\/wp\/v2\/pages"}],"about":[{"href":"https:\/\/yukibeauty.ch\/de\/wp-json\/wp\/v2\/types\/page"}],"author":[{"embeddable":true,"href":"https:\/\/yukibeauty.ch\/de\/wp-json\/wp\/v2\/users\/1"}],"replies":[{"embeddable":true,"href":"https:\/\/yukibeauty.ch\/de\/wp-json\/wp\/v2\/comments?post=148"}],"version-history":[{"count":0,"href":"https:\/\/yukibeauty.ch\/de\/wp-json\/wp\/v2\/pages\/148\/revisions"}],"wp:attachment":[{"href":"https:\/\/yukibeauty.ch\/de\/wp-json\/wp\/v2\/media?parent=148"}],"curies":[{"name":"wp","href":"https:\/\/api.w.org\/{rel}","templated":true}]}}