{"id":3,"date":"2025-06-04T12:44:57","date_gmt":"2025-06-04T12:44:57","guid":{"rendered":"https:\/\/yukibeauty.ch\/?page_id=3"},"modified":"2025-11-04T18:15:58","modified_gmt":"2025-11-04T17:15:58","slug":"privacy-policy","status":"publish","type":"page","link":"https:\/\/yukibeauty.ch\/de\/privacy-policy\/","title":{"rendered":"Datenschutzbestimmungen"},"content":{"rendered":"<div data-elementor-type=\"wp-page\" data-elementor-id=\"3\" class=\"elementor elementor-3\" data-elementor-post-type=\"page\">\n\t\t\t\t<div class=\"elementor-element elementor-element-cb9e4ea e-con-full wd-section-stretch-content e-flex e-con e-parent\" data-id=\"cb9e4ea\" data-element_type=\"container\" data-e-type=\"container\">\n\t\t\t\t<div class=\"elementor-element elementor-element-e241923 elementor-widget elementor-widget-woocommerce-breadcrumb\" data-id=\"e241923\" data-element_type=\"widget\" data-e-type=\"widget\" data-widget_type=\"woocommerce-breadcrumb.default\">\n\t\t\t\t<div class=\"elementor-widget-container\">\n\t\t\t\t\t<nav class=\"wd-breadcrumbs woocommerce-breadcrumb\" aria-label=\"Brotkr\u00fcmel\">\t\t\t\t<span class=\"wd-last\">\n\t\t\t\t\tStartseite\t\t\t\t<\/span>\n\t\t\t<\/nav>\t\t\t\t<\/div>\n\t\t\t\t<\/div>\n\t\t<div class=\"elementor-element elementor-element-3fb8c8f e-con-full e-flex e-con e-child\" data-id=\"3fb8c8f\" data-element_type=\"container\" data-e-type=\"container\">\n\t\t\t\t<div class=\"elementor-element elementor-element-55d5ff7 elementor-widget-widescreen__width-initial elementor-widget elementor-widget-heading\" data-id=\"55d5ff7\" data-element_type=\"widget\" data-e-type=\"widget\" data-widget_type=\"heading.default\">\n\t\t\t\t<div class=\"elementor-widget-container\">\n\t\t\t\t\t<h2 class=\"elementor-heading-title elementor-size-default\">Datenschutzbestimmungen<\/h2>\t\t\t\t<\/div>\n\t\t\t\t<\/div>\n\t\t\t\t<div class=\"elementor-element elementor-element-145284f elementor-widget__width-initial color-scheme-inherit text-left elementor-widget elementor-widget-text-editor\" data-id=\"145284f\" data-element_type=\"widget\" data-e-type=\"widget\" data-widget_type=\"text-editor.default\">\n\t\t\t\t<div class=\"elementor-widget-container\">\n\t\t\t\t\t\t\t\t\t<h1 data-start=\"170\" data-end=\"201\"><span style=\"font-family: var(--wd-title-font); font-size: 24px; font-style: var(--wd-title-font-style); text-transform: var(--wd-title-transform); text-align: var(--text-align);\">1. Der Schutz Ihrer Daten ist unsere Priorit\u00e4t<\/span><\/h1><p data-start=\"250\" data-end=\"582\">Yuki Beauty respektiert die Privatsph\u00e4re eines jeden Nutzers dieser Website und des Online-Shops (\"Sie\", \"Ihr\" oder \"der Kunde\"). Diese Datenschutzerkl\u00e4rung erl\u00e4utert, welche personenbezogenen Daten wir erheben, wie wir sie nutzen und welche Rechte Sie nach den geltenden Datenschutzgesetzen haben. Yuki Beauty behandelt Ihre Daten rechtm\u00e4\u00dfig, transparent und nur f\u00fcr bestimmte Zwecke.<\/p><p data-start=\"584\" data-end=\"824\">Diese Datenschutzrichtlinie kann im Laufe der Zeit ge\u00e4ndert oder aktualisiert werden. Es gilt die Version, die zum Zeitpunkt Ihres Besuchs oder Ihrer Nutzung in Kraft ist. Im Falle von Widerspr\u00fcchen zwischen dieser Richtlinie und anderen Vertragsdokumenten ist diese Datenschutzrichtlinie ma\u00dfgebend.<\/p><h2 data-start=\"831\" data-end=\"872\">2. Art und Zweck der von uns erfassten Daten<\/h2><p data-start=\"874\" data-end=\"1061\">\"Personenbezogene Daten\" sind alle Informationen, die sich auf eine identifizierte oder identifizierbare nat\u00fcrliche Person beziehen. Die Verarbeitung umfasst das Erheben, Speichern, Verwenden, \u00dcbermitteln oder L\u00f6schen dieser Daten.<\/p><p data-start=\"1063\" data-end=\"1106\">Wir sammeln Ihre Daten auf folgende Weise:<\/p><h3 data-start=\"1108\" data-end=\"1144\">2.1 Automatisch erfasste Daten<\/h3><p data-start=\"1146\" data-end=\"1235\">Wenn Sie die Website von Yuki Beauty besuchen, werden bestimmte Daten automatisch erfasst, wie z.B.:<\/p><ul data-start=\"1237\" data-end=\"1400\"><li data-start=\"1237\" data-end=\"1249\"><p data-start=\"1239\" data-end=\"1249\">IP-Adresse<\/p><\/li><li data-start=\"1250\" data-end=\"1275\"><p data-start=\"1252\" data-end=\"1275\">Datum und Uhrzeit des Zugriffs<\/p><\/li><li data-start=\"1276\" data-end=\"1302\"><p data-start=\"1278\" data-end=\"1302\">Browsertyp und -version<\/p><\/li><li data-start=\"1303\" data-end=\"1321\"><p data-start=\"1305\" data-end=\"1321\">Das Betriebssystem<\/p><\/li><li data-start=\"1322\" data-end=\"1336\"><p data-start=\"1324\" data-end=\"1336\">Referrer URL<\/p><\/li><li data-start=\"1337\" data-end=\"1353\"><p data-start=\"1339\" data-end=\"1353\">Aufgerufene Seiten<\/p><\/li><li data-start=\"1354\" data-end=\"1382\"><p data-start=\"1356\" data-end=\"1382\">Volumen der \u00fcbertragenen Daten<\/p><\/li><li data-start=\"1383\" data-end=\"1400\"><p data-start=\"1385\" data-end=\"1400\">Zugangsprovider<\/p><\/li><\/ul><p data-start=\"1402\" data-end=\"1573\">Diese Daten werden ausschlie\u00dflich verwendet, um die technische Sicherheit und Funktionalit\u00e4t der Website zu gew\u00e4hrleisten und um Ihre Erfahrungen zu verbessern. Dabei k\u00f6nnen wir Cookies verwenden (siehe Abschnitt 4).<\/p><h3 data-start=\"1575\" data-end=\"1611\">2.2 Freiwillig von Ihnen zur Verf\u00fcgung gestellte Daten<\/h3><p data-start=\"1613\" data-end=\"1647\">Wir sammeln personenbezogene Daten, wenn Sie:<\/p><ul data-start=\"1649\" data-end=\"1720\"><li data-start=\"1649\" data-end=\"1665\"><p data-start=\"1651\" data-end=\"1665\">Eine Bestellung aufgeben<\/p><\/li><li data-start=\"1666\" data-end=\"1687\"><p data-start=\"1668\" data-end=\"1687\">Ein Konto registrieren<\/p><\/li><li data-start=\"1688\" data-end=\"1720\"><p data-start=\"1690\" data-end=\"1720\">Kontaktieren Sie uns (per Formular oder E-Mail)<\/p><\/li><\/ul><p data-start=\"1722\" data-end=\"1917\">Dazu geh\u00f6ren: Name, Adresse, E-Mail, Telefonnummer und auftragsbezogene Informationen. Pflichtfelder sind als solche gekennzeichnet, da sie f\u00fcr die Bearbeitung Ihrer Anfrage oder die Erf\u00fcllung des Vertrages unerl\u00e4sslich sind.<\/p><p data-start=\"1919\" data-end=\"1941\">Ihre Daten werden f\u00fcr folgende Zwecke verwendet:<\/p><ul data-start=\"1943\" data-end=\"2069\"><li data-start=\"1943\" data-end=\"1961\"><p data-start=\"1945\" data-end=\"1961\">Auftragsabwicklung<\/p><\/li><li data-start=\"1962\" data-end=\"1991\"><p data-start=\"1964\" data-end=\"1991\">Verwaltung von Kundenkonten<\/p><\/li><li data-start=\"1992\" data-end=\"2029\"><p data-start=\"1994\" data-end=\"2029\">Kommunikation \u00fcber Ihre Bestellungen<\/p><\/li><li data-start=\"2030\" data-end=\"2069\"><p data-start=\"2032\" data-end=\"2069\">Newsletter-Abonnement (wenn Sie sich daf\u00fcr entscheiden)<\/p><\/li><\/ul><p data-start=\"2071\" data-end=\"2194\">Sie k\u00f6nnen Ihr Konto jederzeit l\u00f6schen, indem Sie sich an uns wenden (siehe Abschnitt 9) oder die L\u00f6schfunktion in Ihren Kontoeinstellungen verwenden.<\/p><h2 data-start=\"2201\" data-end=\"2238\">3. Rechtsgrundlage f\u00fcr die Datenverarbeitung<\/h2><p data-start=\"2240\" data-end=\"2322\">Wir verarbeiten Ihre personenbezogenen Daten auf der Grundlage einer oder mehrerer der folgenden Rechtsgrundlagen:<\/p><ul data-start=\"2324\" data-end=\"2546\"><li data-start=\"2324\" data-end=\"2367\"><p data-start=\"2326\" data-end=\"2367\">Ihre ausdr\u00fcckliche Zustimmung (Art. 6(1)(a) GDPR)<\/p><\/li><li data-start=\"2368\" data-end=\"2410\"><p data-start=\"2370\" data-end=\"2410\">Vertragserf\u00fcllung (Art. 6(1)(b) GDPR)<\/p><\/li><li data-start=\"2411\" data-end=\"2546\"><p data-start=\"2413\" data-end=\"2546\">Unsere berechtigten Interessen (z. B. Sicherheit der Website, Kundendienst), sofern Ihre Interessen oder Rechte nicht \u00fcberwiegen (Art. 6(1)(f) GDPR)<\/p><\/li><\/ul><p data-start=\"2548\" data-end=\"2636\">Sie k\u00f6nnen Ihre Einwilligung jederzeit widerrufen, ohne dass die Rechtm\u00e4\u00dfigkeit der vorherigen Verarbeitung ber\u00fchrt wird.<\/p><h2 data-start=\"2643\" data-end=\"2671\">4. Cookies und Nutzungsdaten<\/h2><h3 data-start=\"2673\" data-end=\"2695\">4.1 Verwendung von Cookies<\/h3><p data-start=\"2697\" data-end=\"2890\">Wir verwenden Cookies, um Ihr Einkaufserlebnis zu verbessern. Cookies sind kleine Textdateien, die auf Ihrem Ger\u00e4t gespeichert werden. Sie erm\u00f6glichen Funktionen wie Einkaufswagen, Sprachauswahl und das Speichern von Pr\u00e4ferenzen.<\/p><ul data-start=\"2892\" data-end=\"3018\"><li data-start=\"2892\" data-end=\"2951\"><p data-start=\"2894\" data-end=\"2951\"><strong data-start=\"2894\" data-end=\"2913\">Sitzungs-Cookies<\/strong> werden gel\u00f6scht, nachdem Sie die Website verlassen haben.<\/p><\/li><li data-start=\"2952\" data-end=\"3018\"><p data-start=\"2954\" data-end=\"3018\"><strong data-start=\"2954\" data-end=\"2976\">Dauerhafte Cookies<\/strong> bleiben f\u00fcr eine bestimmte Dauer auf Ihrem Ger\u00e4t.<\/p><\/li><\/ul><p data-start=\"3020\" data-end=\"3110\">Sie k\u00f6nnen Ihren Browser so konfigurieren, dass er Cookies blockiert, aber das kann einige Funktionen der Website einschr\u00e4nken.<\/p><h3 data-start=\"3112\" data-end=\"3146\">4.2 Webanalyse und Tracking<\/h3><p data-start=\"3148\" data-end=\"3223\">Wir verwenden Tools von Drittanbietern, um Nutzungsmuster zu analysieren und die Leistung zu verbessern:<\/p><h4 data-start=\"3225\" data-end=\"3248\">Google Analytics<\/h4><p data-start=\"3249\" data-end=\"3435\">Wir verwenden Google Analytics (von Google LLC, USA), um die Nutzung der Website zu verstehen. Ihre IP-Adresse wird vor der Verarbeitung anonymisiert. Erfahren Sie mehr: <a class=\"\" href=\"https:\/\/support.google.com\/analytics\/answer\/6004245\" target=\"_new\" rel=\"noopener\" data-start=\"3384\" data-end=\"3435\">https:\/\/support.google.com\/analytics\/answer\/6004245<\/a><\/p><h4 data-start=\"3437\" data-end=\"3474\">Google Ads Conversion Tracking<\/h4><p data-start=\"3475\" data-end=\"3641\">Wir verwenden dies, um die Wirksamkeit von Anzeigen zu messen. Cookies werden verwendet, um festzustellen, ob ein Anzeigenklick zu einem Kauf gef\u00fchrt hat. Erfahren Sie mehr: <a class=\"cursor-pointer\" target=\"_new\" rel=\"noopener\" data-start=\"3601\" data-end=\"3641\">https:\/\/www.google.com\/policies\/privacy\/<\/a><\/p><h4 data-start=\"3643\" data-end=\"3661\">Google Maps<\/h4><p data-start=\"3662\" data-end=\"3799\">Eingebettete Karten helfen Ihnen, uns zu finden. Ihr Browser kann IP- und Standortdaten an Google \u00fcbermitteln. Sie k\u00f6nnen dies verhindern, indem Sie JavaScript deaktivieren.<\/p><h2 data-start=\"3806\" data-end=\"3822\">5. Newsletter<\/h2><p data-start=\"3824\" data-end=\"3931\">Sie k\u00f6nnen unseren Newsletter abonnieren, indem Sie sich anmelden und Ihre E-Mail best\u00e4tigen (double opt-in). Wir k\u00f6nnen analysieren:<\/p><ul data-start=\"3933\" data-end=\"4039\"><li data-start=\"3933\" data-end=\"3963\"><p data-start=\"3935\" data-end=\"3963\">ob die E-Mail ge\u00f6ffnet wurde<\/p><\/li><li data-start=\"3964\" data-end=\"3990\"><p data-start=\"3966\" data-end=\"3990\">Welche Links wurden angeklickt<\/p><\/li><li data-start=\"3991\" data-end=\"4039\"><p data-start=\"3993\" data-end=\"4039\">Kaufverhalten im Zusammenhang mit Ihrem Konto<\/p><\/li><\/ul><p data-start=\"4041\" data-end=\"4180\">Sie k\u00f6nnen den Newsletter jederzeit \u00fcber den Link im Newsletter oder durch Kontaktaufnahme mit uns abbestellen. Wir speichern Ihre Daten nur so lange, wie Sie angemeldet sind.<\/p><h2 data-start=\"4187\" data-end=\"4220\">6. Offenlegung von personenbezogenen Daten<\/h2><p data-start=\"4222\" data-end=\"4284\">Wir geben Ihre pers\u00f6nlichen Daten nicht an Dritte weiter, es sei denn:<\/p><ul data-start=\"4286\" data-end=\"4441\"><li data-start=\"4286\" data-end=\"4310\"><p data-start=\"4288\" data-end=\"4310\">Sie haben Ihre Zustimmung gegeben<\/p><\/li><li data-start=\"4311\" data-end=\"4352\"><p data-start=\"4313\" data-end=\"4352\">Sie ist durch Gesetz oder beh\u00f6rdliche Anordnung vorgeschrieben<\/p><\/li><li data-start=\"4353\" data-end=\"4441\"><p data-start=\"4355\" data-end=\"4441\">Sie ist f\u00fcr die Erf\u00fcllung eines Vertrags erforderlich (z. B. Versanddienstleister, Zahlungsdienste)<\/p><\/li><\/ul><p data-start=\"4443\" data-end=\"4515\">Alle Dritten sind verpflichtet, die Datenschutzstandards einzuhalten.<\/p><h2 data-start=\"4522\" data-end=\"4541\">7. Datensicherheit<\/h2><p data-start=\"4543\" data-end=\"4722\">Auch wenn kein System vollkommen sicher ist, setzen wir angemessene technische und organisatorische Ma\u00dfnahmen zum Schutz Ihrer Daten ein. Die \u00dcbermittlung \u00fcber das Internet erfolgt auf eigene Gefahr.<\/p><h2 data-start=\"4729\" data-end=\"4746\">8. Deine Rechte<\/h2><p data-start=\"4748\" data-end=\"4770\">Sie haben das Recht dazu:<\/p><ul data-start=\"4772\" data-end=\"4901\"><li data-start=\"4772\" data-end=\"4799\"><p data-start=\"4774\" data-end=\"4799\">Zugang zu Ihren pers\u00f6nlichen Daten<\/p><\/li><li data-start=\"4800\" data-end=\"4832\"><p data-start=\"4802\" data-end=\"4832\">Antrag auf Berichtigung oder L\u00f6schung<\/p><\/li><li data-start=\"4833\" data-end=\"4855\"><p data-start=\"4835\" data-end=\"4855\">Widerspruch gegen die Verarbeitung<\/p><\/li><li data-start=\"4856\" data-end=\"4874\"><p data-start=\"4858\" data-end=\"4874\">Zustimmung zur\u00fcckziehen<\/p><\/li><li data-start=\"4875\" data-end=\"4901\"><p data-start=\"4877\" data-end=\"4901\">Antrag auf Daten\u00fcbertragbarkeit<\/p><\/li><\/ul><p data-start=\"4903\" data-end=\"4966\">Sie k\u00f6nnen diese Rechte aus\u00fcben, indem Sie sich an uns wenden (siehe Abschnitt 9).<\/p><h2 data-start=\"4973\" data-end=\"4986\">9. Kontakt<\/h2><p data-start=\"4988\" data-end=\"5070\">Wenn Sie Fragen oder Bedenken zum Datenschutz oder zu dieser Richtlinie haben, wenden Sie sich an uns:<\/p><p data-start=\"5072\" data-end=\"5196\"><span data-start=\"5072\" data-end=\"5087\">Yuki Sch\u00f6nheit<\/span><br data-start=\"5087\" data-end=\"5090\" \/><span data-teams=\"true\">Allmendstrasse 4, 8102 Oberengstringen, Schweiz<\/span><br data-start=\"5119\" data-end=\"5122\" \/>E-Mail: team@yukibeauty.ch<\/p><h2 data-start=\"5203\" data-end=\"5226\">10. Schlussbestimmungen<\/h2><p data-start=\"5228\" data-end=\"5425\">Sollte sich ein Teil dieser Datenschutzrichtlinie als ung\u00fcltig oder nicht durchsetzbar erweisen, bleiben die \u00fcbrigen Abschnitte in Kraft. Das anwendbare Recht und der Gerichtsstand werden durch unsere Allgemeinen Gesch\u00e4ftsbedingungen geregelt.<\/p>\t\t\t\t\t\t\t\t<\/div>\n\t\t\t\t<\/div>\n\t\t\t\t<\/div>\n\t\t\t\t<\/div>\n\t\t\t\t<\/div>","protected":false},"excerpt":{"rendered":"<p>Privacy Policy 1. Protection of Your Data Is Our Priority Yuki Beauty respects the privacy of every user of this<\/p>","protected":false},"author":1,"featured_media":0,"parent":0,"menu_order":0,"comment_status":"closed","ping_status":"closed","template":"","meta":{"footnotes":""},"class_list":["post-3","page","type-page","status-publish","hentry"],"_links":{"self":[{"href":"https:\/\/yukibeauty.ch\/de\/wp-json\/wp\/v2\/pages\/3","targetHints":{"allow":["GET"]}}],"collection":[{"href":"https:\/\/yukibeauty.ch\/de\/wp-json\/wp\/v2\/pages"}],"about":[{"href":"https:\/\/yukibeauty.ch\/de\/wp-json\/wp\/v2\/types\/page"}],"author":[{"embeddable":true,"href":"https:\/\/yukibeauty.ch\/de\/wp-json\/wp\/v2\/users\/1"}],"replies":[{"embeddable":true,"href":"https:\/\/yukibeauty.ch\/de\/wp-json\/wp\/v2\/comments?post=3"}],"version-history":[{"count":0,"href":"https:\/\/yukibeauty.ch\/de\/wp-json\/wp\/v2\/pages\/3\/revisions"}],"wp:attachment":[{"href":"https:\/\/yukibeauty.ch\/de\/wp-json\/wp\/v2\/media?parent=3"}],"curies":[{"name":"wp","href":"https:\/\/api.w.org\/{rel}","templated":true}]}}