{"id":1046,"date":"2025-06-25T11:14:00","date_gmt":"2025-06-25T09:14:00","guid":{"rendered":"https:\/\/yukibeauty.ch\/?post_type=product&#038;p=1046"},"modified":"2025-12-18T16:07:48","modified_gmt":"2025-12-18T15:07:48","slug":"medicube-age-r-booster-pro","status":"publish","type":"product","link":"https:\/\/yukibeauty.ch\/de\/shop\/beauty-tools\/medicube-age-r-booster-pro\/","title":{"rendered":"Medicube - Age-R Booster Pro"},"content":{"rendered":"<h2 data-start=\"223\" data-end=\"281\">Medicube AGE-R Booster Pro - Gl\u00e4serne Haut zu Hause erreichen<\/h2>\n<p data-start=\"283\" data-end=\"627\"><strong data-start=\"283\" data-end=\"345\">Strahlen Sie wie nie zuvor mit dem Medicube AGE-R Booster Pro<\/strong> - ein All-in-One-Hautpflegeger\u00e4t, das f\u00fcr eine strahlende, glatte und glasartige Haut sorgt. Unterst\u00fctzt von innovativer dermatologischer Technologie, steigert dieses leistungsstarke Ger\u00e4t die Absorption, verbessert die Elastizit\u00e4t, strafft die Poren und verbessert Ihre gesamte Hautpflege-Routine. Geeignet f\u00fcr alle Hauttypen.<\/p>\n<h2 data-start=\"629\" data-end=\"677\">4 erweiterte Modi, 1 Ger\u00e4t - sichtbare Ergebnisse<\/h2>\n<p data-start=\"679\" data-end=\"1024\"><strong data-start=\"679\" data-end=\"738\">Air-Shot-Modus - Elektrische Mikrokanalisierung f\u00fcr die Porenpflege<\/strong><br data-start=\"738\" data-end=\"741\" \/>Mit der nicht-invasiven elektrischen Nadeltechnologie erzeugt der Air Shot Mode Mikropassagen auf der Hautoberfl\u00e4che, die die Elastizit\u00e4t der Poren verbessern, ohne sie zu besch\u00e4digen. Klinische Ergebnisse zeigen eine <strong data-start=\"928\" data-end=\"963\">791% erh\u00f6ht die Hautdurchl\u00e4ssigkeit<\/strong>Dadurch wird die Wirksamkeit Ihrer Hautpflegeprodukte deutlich erh\u00f6ht.<\/p>\n<p data-start=\"1026\" data-end=\"1348\"><strong data-start=\"1026\" data-end=\"1080\">Booster-Modus - Elektroporation f\u00fcr tiefe Absorption<\/strong><br data-start=\"1080\" data-end=\"1083\" \/>Der Booster-Modus verbessert die Aufnahme von Wirkstoffen mithilfe der fortschrittlichen Elektroporationstechnologie. Es werden tempor\u00e4re Mikrokan\u00e4le f\u00fcr ein tiefes Eindringen der Produkte geschaffen, die die Helligkeit der Haut verbessern und ihr ein strahlendes Aussehen verleihen. Klinisch erwiesen ist die Steigerung der Absorption um <strong data-start=\"1339\" data-end=\"1347\">785%<\/strong>.<\/p>\n<p data-start=\"1350\" data-end=\"1578\"><strong data-start=\"1350\" data-end=\"1397\">MC-Modus - Mikrostrom f\u00fcr Lifting &amp; Volumen<\/strong><br data-start=\"1397\" data-end=\"1400\" \/>Gezielte Behandlung von Bereichen, die zur Erschlaffung neigen, wie z. B. die Augen- und Mundpartie. Mikrostr\u00f6me stimulieren sanft die Gesichtsmuskeln und helfen, die Haut zu straffen und zu voluminisieren, um ihr ein jugendlicheres Aussehen zu verleihen.<\/p>\n<p data-start=\"1580\" data-end=\"1794\"><strong data-start=\"1580\" data-end=\"1627\">Derma-Shot-Modus - EMS f\u00fcr die Gesichtskonturierung<\/strong><br data-start=\"1627\" data-end=\"1630\" \/>Stimulieren Sie die Gesichtsmuskeln mit der Mittelfrequenz-EMS-Technologie. Der Derma Shot-Modus hilft, Ihr Gesicht zu straffen und zu konturieren, indem er tief in die Muskeln einwirkt, die an Elastizit\u00e4t verloren haben.<\/p>\n<p data-start=\"1580\" data-end=\"1794\"><img fetchpriority=\"high\" decoding=\"async\" class=\"alignnone size-full wp-image-3206\" src=\"https:\/\/yukibeauty.ch\/wp-content\/uploads\/2025\/06\/HIKOCO_Medicube_Age-R_Booster_Pro_32.webp.gif\" alt=\"\" width=\"700\" height=\"408\" srcset=\"https:\/\/yukibeauty.ch\/wp-content\/uploads\/2025\/06\/HIKOCO_Medicube_Age-R_Booster_Pro_32.webp.gif 700w, https:\/\/yukibeauty.ch\/wp-content\/uploads\/2025\/06\/HIKOCO_Medicube_Age-R_Booster_Pro_32.webp-18x10.gif 18w, https:\/\/yukibeauty.ch\/wp-content\/uploads\/2025\/06\/HIKOCO_Medicube_Age-R_Booster_Pro_32.webp-600x350.gif 600w, https:\/\/yukibeauty.ch\/wp-content\/uploads\/2025\/06\/HIKOCO_Medicube_Age-R_Booster_Pro_32.webp-150x87.gif 150w\" sizes=\"(max-width: 700px) 100vw, 700px\" \/><\/p>\n<h2 data-start=\"1796\" data-end=\"1844\">Personalisierte Erfahrung mit der AGE-R App<\/h2>\n<p data-start=\"1845\" data-end=\"2077\">\u00dcbernehmen Sie die volle Kontrolle \u00fcber Ihre Hautpflege mit dem <strong data-start=\"1889\" data-end=\"1902\">AGE-R-App<\/strong>. Greifen Sie auf gef\u00fchrte Videos zu, verfolgen Sie Ihre Fortschritte und passen Sie die LED-Einstellungen f\u00fcr Ihre speziellen Hautprobleme an. Die App sorgt f\u00fcr eine ma\u00dfgeschneiderte Hautpflegeroutine, die sich an Ihre Ziele anpasst.<\/p>\n<h2 data-start=\"2079\" data-end=\"2130\">5 LED-Lichtoptionen f\u00fcr gezielte Hautl\u00f6sungen<\/h2>\n<p data-start=\"2132\" data-end=\"2218\">Jede LED-Farbe zielt auf ein bestimmtes Anliegen ab und arbeitet in Harmonie mit den Modi des Ger\u00e4ts:<\/p>\n<ul data-start=\"2220\" data-end=\"2562\">\n<li data-start=\"2220\" data-end=\"2277\">\n<p data-start=\"2222\" data-end=\"2277\"><strong data-start=\"2222\" data-end=\"2244\">Violett (390~455nm)<\/strong> - Verbessert die Aufnahme von Hautpflegeprodukten<\/p>\n<\/li>\n<li data-start=\"2278\" data-end=\"2339\">\n<p data-start=\"2280\" data-end=\"2339\"><strong data-start=\"2280\" data-end=\"2300\">Blau (455~492nm)<\/strong> - Verkleinert die Poren und kontrolliert den Talg<\/p>\n<\/li>\n<li data-start=\"2340\" data-end=\"2390\">\n<p data-start=\"2342\" data-end=\"2390\"><strong data-start=\"2342\" data-end=\"2363\">Gr\u00fcn (492~577nm)<\/strong> - Verleiht Volumen und Sprungkraft<\/p>\n<\/li>\n<li data-start=\"2391\" data-end=\"2439\">\n<p data-start=\"2393\" data-end=\"2439\"><strong data-start=\"2393\" data-end=\"2415\">Orange (597~622nm)<\/strong> - Hellt fahle Haut auf<\/p>\n<\/li>\n<li data-start=\"2440\" data-end=\"2562\">\n<p data-start=\"2442\" data-end=\"2562\"><strong data-start=\"2442\" data-end=\"2461\">Rot (622~780nm)<\/strong> - Verbessert die Elastizit\u00e4t und Festigkeit<br data-start=\"2494\" data-end=\"2497\" \/><em data-start=\"2497\" data-end=\"2562\">Die LED-Leuchten sind nach Modus voreingestellt und \u00fcber die AGE-R App einstellbar.<\/em><\/p>\n<\/li>\n<\/ul>\n<p><img decoding=\"async\" class=\"alignnone size-full wp-image-3197\" src=\"https:\/\/yukibeauty.ch\/wp-content\/uploads\/2025\/06\/HIKOCO_Medicube_Age-R_Booster_Pro_31.webp.gif\" alt=\"\" width=\"700\" height=\"455\" srcset=\"https:\/\/yukibeauty.ch\/wp-content\/uploads\/2025\/06\/HIKOCO_Medicube_Age-R_Booster_Pro_31.webp.gif 700w, https:\/\/yukibeauty.ch\/wp-content\/uploads\/2025\/06\/HIKOCO_Medicube_Age-R_Booster_Pro_31.webp-18x12.gif 18w, https:\/\/yukibeauty.ch\/wp-content\/uploads\/2025\/06\/HIKOCO_Medicube_Age-R_Booster_Pro_31.webp-600x390.gif 600w, https:\/\/yukibeauty.ch\/wp-content\/uploads\/2025\/06\/HIKOCO_Medicube_Age-R_Booster_Pro_31.webp-150x98.gif 150w\" sizes=\"(max-width: 700px) 100vw, 700px\" \/><\/p>\n<h2 data-start=\"2564\" data-end=\"2596\">Kein leitf\u00e4higes Gel erforderlich<\/h2>\n<p data-start=\"2597\" data-end=\"2795\">Kombinieren Sie den Booster Pro einfach mit Ihren Lieblingsseren oder -essenzen - ein leitf\u00e4higes Gel ist nicht erforderlich. Seine nahtlose Integration in Ihre bestehende Routine macht die Hautpflege intelligenter, einfacher und effektiver.<\/p>\n<p data-start=\"2802\" data-end=\"2964\"><strong data-start=\"2802\" data-end=\"2868\">Holen Sie sich die Kraft der klinischen Hautpflege in Ihre eigenen H\u00e4nde.<\/strong><br data-start=\"2868\" data-end=\"2871\" \/>Der Medicube AGE-R Booster Pro ist nicht nur ein Sch\u00f6nheitsger\u00e4t - er ist Ihr pers\u00f6nliches Hautpflegelabor.<\/p>","protected":false},"excerpt":{"rendered":"<p>Medicube AGE-R Booster Pro \u2013 Achieve Glass Skin at Home Glow like never before with the Medicube AGE-R Booster Pro<\/p>","protected":false},"featured_media":3207,"comment_status":"open","ping_status":"closed","template":"","meta":[],"product_brand":[],"product_cat":[26,49],"product_tag":[],"class_list":{"0":"post-1046","1":"product","2":"type-product","3":"status-publish","4":"has-post-thumbnail","6":"product_cat-beauty-tools","7":"product_cat-for-men","9":"first","10":"instock","11":"shipping-taxable","12":"purchasable","13":"product-type-simple"},"_links":{"self":[{"href":"https:\/\/yukibeauty.ch\/de\/wp-json\/wp\/v2\/product\/1046","targetHints":{"allow":["GET"]}}],"collection":[{"href":"https:\/\/yukibeauty.ch\/de\/wp-json\/wp\/v2\/product"}],"about":[{"href":"https:\/\/yukibeauty.ch\/de\/wp-json\/wp\/v2\/types\/product"}],"replies":[{"embeddable":true,"href":"https:\/\/yukibeauty.ch\/de\/wp-json\/wp\/v2\/comments?post=1046"}],"wp:featuredmedia":[{"embeddable":true,"href":"https:\/\/yukibeauty.ch\/de\/wp-json\/wp\/v2\/media\/3207"}],"wp:attachment":[{"href":"https:\/\/yukibeauty.ch\/de\/wp-json\/wp\/v2\/media?parent=1046"}],"wp:term":[{"taxonomy":"product_brand","embeddable":true,"href":"https:\/\/yukibeauty.ch\/de\/wp-json\/wp\/v2\/product_brand?post=1046"},{"taxonomy":"product_cat","embeddable":true,"href":"https:\/\/yukibeauty.ch\/de\/wp-json\/wp\/v2\/product_cat?post=1046"},{"taxonomy":"product_tag","embeddable":true,"href":"https:\/\/yukibeauty.ch\/de\/wp-json\/wp\/v2\/product_tag?post=1046"}],"curies":[{"name":"wp","href":"https:\/\/api.w.org\/{rel}","templated":true}]}}