{"id":1052,"date":"2025-06-25T12:11:51","date_gmt":"2025-06-25T10:11:51","guid":{"rendered":"https:\/\/yukibeauty.ch\/?post_type=product&#038;p=1052"},"modified":"2026-02-10T10:00:53","modified_gmt":"2026-02-10T09:00:53","slug":"centella-cleansing-oil","status":"publish","type":"product","link":"https:\/\/yukibeauty.ch\/de\/shop\/fur-manner\/cleanser-for-men\/centella-cleansing-oil\/","title":{"rendered":"Haut 1004 Madagaskar Centella Leichtes Reinigungs\u00f6l"},"content":{"rendered":"<h2 data-section-id=\"15c35sa\" data-start=\"181\" data-end=\"239\"><strong data-start=\"185\" data-end=\"237\">SKIN1004 Madagaskar Centella Leichtes Reinigungs\u00f6l<\/strong><\/h2>\n<p data-start=\"240\" data-end=\"306\"><strong data-start=\"240\" data-end=\"306\">Sanft und doch kraftvoll. Reinigen, beruhigen und regenerieren in einem Schritt.<\/strong><\/p>\n<p data-start=\"308\" data-end=\"598\">Dieses Skin1004 Madagascar Centella Light Cleansing Oil Centella Asiatica Extrakt ist ein weltweiter Bestseller der bew\u00e4hrten koreanischen Hautpflegemarke SKIN1004 und geht weit \u00fcber die Entfernung von Make-up hinaus. Es l\u00e4sst Sonnencreme, Talg und Unreinheiten verschwinden, w\u00e4hrend es selbst die empfindlichste Haut beruhigt, heilt und mit Feuchtigkeit versorgt.<\/p>\n<h2 data-section-id=\"18ad0kf\" data-start=\"605\" data-end=\"633\"><strong data-start=\"611\" data-end=\"633\">Warum Sie es lieben werden<\/strong><\/h2>\n<p data-start=\"635\" data-end=\"1093\">- M\u00fchelose Reinigung - l\u00f6st selbst wasserfestes Make-up und SPF<br data-start=\"704\" data-end=\"707\" \/>- Beruhigende Pflege - dank Centella Asiatica, reich an Madecassins\u00e4ure und Asiaticosid<br data-start=\"797\" data-end=\"800\" \/>- Unterst\u00fctzt die Hautbarriere - pflanzliche \u00d6le n\u00e4hren und sch\u00fctzen vor Trockenheit<br data-start=\"877\" data-end=\"880\" \/>- Nicht komedogen - reinigt tief, ohne die Poren zu verstopfen<br data-start=\"940\" data-end=\"943\" \/>- Keine fettigen R\u00fcckst\u00e4nde - macht die Haut weich, frisch und atmungsaktiv<br data-start=\"1008\" data-end=\"1011\" \/>- Vegan und tierversuchsfrei - nur 11 Inhaltsstoffe, frei von k\u00fcnstlichen Duftstoffen<\/p>\n<h2 data-section-id=\"1cu2wuc\" data-start=\"1100\" data-end=\"1126\"><strong data-start=\"1107\" data-end=\"1126\">Wichtige Inhaltsstoffe<\/strong><\/h2>\n<ul data-start=\"1128\" data-end=\"1456\">\n<li data-start=\"1128\" data-end=\"1250\">\n<p data-start=\"1130\" data-end=\"1250\"><a href=\"https:\/\/en.wikipedia.org\/wiki\/Centella_asiatica\" target=\"_blank\" rel=\"noopener\">Centella Asiatica-Extrakt<\/a> (auf Basis von MCT-\u00d6l) - beruhigt Reizungen, stimuliert die Kollagensynthese, hilft der Haut, sich zu regenerieren<\/p>\n<\/li>\n<li data-start=\"1251\" data-end=\"1331\">\n<p data-start=\"1253\" data-end=\"1331\">Bergamotte\u00f6l - wirkt entz\u00fcndungshemmend und unterst\u00fctzt die Heilung von Mikroverletzungen<\/p>\n<\/li>\n<li data-start=\"1332\" data-end=\"1456\">\n<p data-start=\"1334\" data-end=\"1456\">\u00d6le auf pflanzlicher Basis (u. a. Jojoba- und Sonnenblumen\u00f6l) - bewahren den Feuchtigkeitsgehalt, l\u00f6sen den Talg, st\u00e4rken die Lipidbarriere<\/p>\n<\/li>\n<\/ul>\n<h2 data-section-id=\"124fy3z\" data-start=\"1463\" data-end=\"1488\"><strong data-start=\"1470\" data-end=\"1488\">Textur &amp; Gef\u00fchl<\/strong><\/h2>\n<ul data-start=\"1490\" data-end=\"1658\">\n<li data-start=\"1490\" data-end=\"1528\">\n<p data-start=\"1492\" data-end=\"1528\">Leichte, fast w\u00e4ssrige Textur<\/p>\n<\/li>\n<li data-start=\"1529\" data-end=\"1563\">\n<p data-start=\"1531\" data-end=\"1563\">L\u00e4sst sich m\u00fchelos auf der Haut verteilen<\/p>\n<\/li>\n<li data-start=\"1564\" data-end=\"1615\">\n<p data-start=\"1566\" data-end=\"1615\">L\u00e4sst sich sauber abwaschen, ohne einen Film zu hinterlassen oder zu kleben<\/p>\n<\/li>\n<li data-start=\"1616\" data-end=\"1658\">\n<p data-start=\"1618\" data-end=\"1658\">Sanft auch zu den empfindlichen <strong data-start=\"1646\" data-end=\"1658\">Augenpartie<\/strong><\/p>\n<\/li>\n<\/ul>\n<h2 data-section-id=\"5yxxt7\" data-start=\"1944\" data-end=\"1965\"><strong data-start=\"1950\" data-end=\"1965\">Perfekt f\u00fcr<\/strong><\/h2>\n<p data-start=\"1967\" data-end=\"2156\">- Empfindliche, trockene oder gereizte Haut<br data-start=\"2005\" data-end=\"2008\" \/>- Erstmalige Verwendung von \u00d6lreinigungsmitteln<br data-start=\"2043\" data-end=\"2046\" \/>- Jeder, der ein sanftes, nicht scheuerndes Reinigungsmittel f\u00fcr die t\u00e4gliche Reinigung sucht<br data-start=\"2109\" data-end=\"2112\" \/>- Menschen mit verstopften Poren oder Mitessern<\/p>\n<p data-start=\"2163\" data-end=\"2296\">Entdecken Sie das Skin1004 Madagascar Centella Light Cleansing Oil, das alles kann - es entfernt Make-up, beruhigt und stellt bei jeder Anwendung das Gleichgewicht wieder her.<\/p>","protected":false},"excerpt":{"rendered":"<p>SKIN1004 Madagascar Centella Light Cleansing Oil Gentle yet powerful. Cleanse, soothe, and restore in one step. A global bestseller from<\/p>","protected":false},"featured_media":3153,"comment_status":"open","ping_status":"closed","template":"","meta":[],"product_brand":[],"product_cat":[313,17,49],"product_tag":[],"class_list":{"0":"post-1052","1":"product","2":"type-product","3":"status-publish","4":"has-post-thumbnail","6":"product_cat-cleanser-for-men","7":"product_cat-cleanser","8":"product_cat-for-men","10":"first","11":"instock","12":"shipping-taxable","13":"purchasable","14":"product-type-simple"},"_links":{"self":[{"href":"https:\/\/yukibeauty.ch\/de\/wp-json\/wp\/v2\/product\/1052","targetHints":{"allow":["GET"]}}],"collection":[{"href":"https:\/\/yukibeauty.ch\/de\/wp-json\/wp\/v2\/product"}],"about":[{"href":"https:\/\/yukibeauty.ch\/de\/wp-json\/wp\/v2\/types\/product"}],"replies":[{"embeddable":true,"href":"https:\/\/yukibeauty.ch\/de\/wp-json\/wp\/v2\/comments?post=1052"}],"wp:featuredmedia":[{"embeddable":true,"href":"https:\/\/yukibeauty.ch\/de\/wp-json\/wp\/v2\/media\/3153"}],"wp:attachment":[{"href":"https:\/\/yukibeauty.ch\/de\/wp-json\/wp\/v2\/media?parent=1052"}],"wp:term":[{"taxonomy":"product_brand","embeddable":true,"href":"https:\/\/yukibeauty.ch\/de\/wp-json\/wp\/v2\/product_brand?post=1052"},{"taxonomy":"product_cat","embeddable":true,"href":"https:\/\/yukibeauty.ch\/de\/wp-json\/wp\/v2\/product_cat?post=1052"},{"taxonomy":"product_tag","embeddable":true,"href":"https:\/\/yukibeauty.ch\/de\/wp-json\/wp\/v2\/product_tag?post=1052"}],"curies":[{"name":"wp","href":"https:\/\/api.w.org\/{rel}","templated":true}]}}