{"id":2085,"date":"2025-07-08T14:59:32","date_gmt":"2025-07-08T12:59:32","guid":{"rendered":"https:\/\/yukibeauty.ch\/product\/low-ph-niacinamide-micellar-cleansing-water\/"},"modified":"2025-12-16T21:15:24","modified_gmt":"2025-12-16T20:15:24","slug":"cosrx-low-ph-niacinamide-micellar-cleansing-water","status":"publish","type":"product","link":"https:\/\/yukibeauty.ch\/de\/shop\/korean-routine\/cleanser\/cosrx-low-ph-niacinamide-micellar-cleansing-water\/","title":{"rendered":"Niacinamid-Mizellen-Reinigungswasser mit niedrigem pH-Wert"},"content":{"rendered":"<h2 data-start=\"183\" data-end=\"238\">COSRX Niedriger pH-Wert Niacinamid Mizellen-Reinigungswasser<\/h2>\n<p data-start=\"239\" data-end=\"345\"><strong data-start=\"239\" data-end=\"272\">Sanft. Wirksam. Ausgleichend.<\/strong><br data-start=\"272\" data-end=\"275\" \/>Ein mizellares Wasser, das nicht nur Make-up entfernt, sondern auch Ihre Haut regeneriert.<\/p>\n<h4 data-start=\"347\" data-end=\"381\">Eine kl\u00fcgere Art zu reinigen<\/h4>\n<p data-start=\"382\" data-end=\"753\">Die Reinigung ist die Grundlage eines jeden Pflegerituals - und die <strong data-start=\"445\" data-end=\"509\">Die Qualit\u00e4t der Reinigung entscheidet \u00fcber den Glanz, der danach entsteht.<\/strong>. Das COSRX Low pH Niacinamide Micellar Cleansing Water macht diesen ersten Schritt sowohl sanft als auch kraftvoll. Es reinigt gr\u00fcndlich und respektiert dabei das nat\u00fcrliche Gleichgewicht der Haut, wodurch es ideal ist f\u00fcr <strong data-start=\"693\" data-end=\"711\">alle Hauttypen<\/strong>einschlie\u00dflich empfindlicher und feuchtigkeitsarmer Haut.<\/p>\n<h2 data-start=\"760\" data-end=\"780\">Wichtigste Vorteile<\/h2>\n<ul data-start=\"782\" data-end=\"1453\">\n<li data-start=\"782\" data-end=\"838\">\n<p data-start=\"784\" data-end=\"838\"><strong data-start=\"784\" data-end=\"808\">Sanfte t\u00e4gliche Formel<\/strong> f\u00fcr alle Hauttypen geeignet<\/p>\n<\/li>\n<li data-start=\"839\" data-end=\"908\">\n<p data-start=\"841\" data-end=\"908\">Entfernt <strong data-start=\"849\" data-end=\"868\">hartn\u00e4ckiges Make-up<\/strong>\u00dcbersch\u00fcssiges \u00d6l und porenverstopfende Ablagerungen<\/p>\n<\/li>\n<li data-start=\"909\" data-end=\"989\">\n<p data-start=\"911\" data-end=\"989\">L\u00f6st sich auf <strong data-start=\"921\" data-end=\"935\">Mitesser<\/strong>Talgpfropfen und Unreinheiten aus der Tiefe der Poren<\/p>\n<\/li>\n<li data-start=\"990\" data-end=\"1044\">\n<p data-start=\"992\" data-end=\"1044\">Hilft <strong data-start=\"998\" data-end=\"1014\">Poren verfeinern<\/strong> und reduzieren ihre Sichtbarkeit<\/p>\n<\/li>\n<li data-start=\"1045\" data-end=\"1124\">\n<p data-start=\"1047\" data-end=\"1124\"><strong data-start=\"1047\" data-end=\"1055\">Zink<\/strong> kontrolliert die \u00d6lproduktion und hinterl\u00e4sst einen <strong data-start=\"1093\" data-end=\"1122\">lang anhaltende matte Oberfl\u00e4che<\/strong><\/p>\n<\/li>\n<li data-start=\"1125\" data-end=\"1201\">\n<p data-start=\"1127\" data-end=\"1201\"><strong data-start=\"1127\" data-end=\"1142\">Niacinamid<\/strong> lindert Reizungen, reduziert R\u00f6tungen und gleicht den Hautton aus<\/p>\n<\/li>\n<li data-start=\"1202\" data-end=\"1264\">\n<p data-start=\"1204\" data-end=\"1264\"><strong data-start=\"1204\" data-end=\"1217\">Panthenol<\/strong> unterst\u00fctzt die Regeneration der Haut und die Wundheilung<\/p>\n<\/li>\n<li data-start=\"1265\" data-end=\"1331\">\n<p data-start=\"1267\" data-end=\"1331\"><strong data-start=\"1267\" data-end=\"1286\">Hyalurons\u00e4ure<\/strong> stellt die Feuchtigkeit wieder her und verhindert das Austrocknen<\/p>\n<\/li>\n<li data-start=\"1332\" data-end=\"1401\">\n<p data-start=\"1334\" data-end=\"1401\">Bek\u00e4mpft aktiv Stumpfheit, raue Textur und kleine Unvollkommenheiten<\/p>\n<\/li>\n<li data-start=\"1402\" data-end=\"1453\">\n<p data-start=\"1404\" data-end=\"1453\">Hinterl\u00e4sst ein gutes Hautgef\u00fchl <strong data-start=\"1424\" data-end=\"1453\">k\u00fchl, ruhig und erfrischt<\/strong><\/p>\n<\/li>\n<\/ul>","protected":false},"excerpt":{"rendered":"<p>COSRX Low pH Niacinamide Micellar Cleansing Water Gentle. Effective. Balancing.A micellar water that not only removes makeup \u2013 it restores<\/p>","protected":false},"featured_media":3061,"comment_status":"open","ping_status":"closed","template":"","meta":[],"product_brand":[],"product_cat":[17,49,15],"product_tag":[],"class_list":{"0":"post-2085","1":"product","2":"type-product","3":"status-publish","4":"has-post-thumbnail","6":"product_cat-cleanser","7":"product_cat-for-men","8":"product_cat-korean-routine","10":"first","11":"instock","12":"purchasable","13":"product-type-simple"},"_links":{"self":[{"href":"https:\/\/yukibeauty.ch\/de\/wp-json\/wp\/v2\/product\/2085","targetHints":{"allow":["GET"]}}],"collection":[{"href":"https:\/\/yukibeauty.ch\/de\/wp-json\/wp\/v2\/product"}],"about":[{"href":"https:\/\/yukibeauty.ch\/de\/wp-json\/wp\/v2\/types\/product"}],"replies":[{"embeddable":true,"href":"https:\/\/yukibeauty.ch\/de\/wp-json\/wp\/v2\/comments?post=2085"}],"wp:featuredmedia":[{"embeddable":true,"href":"https:\/\/yukibeauty.ch\/de\/wp-json\/wp\/v2\/media\/3061"}],"wp:attachment":[{"href":"https:\/\/yukibeauty.ch\/de\/wp-json\/wp\/v2\/media?parent=2085"}],"wp:term":[{"taxonomy":"product_brand","embeddable":true,"href":"https:\/\/yukibeauty.ch\/de\/wp-json\/wp\/v2\/product_brand?post=2085"},{"taxonomy":"product_cat","embeddable":true,"href":"https:\/\/yukibeauty.ch\/de\/wp-json\/wp\/v2\/product_cat?post=2085"},{"taxonomy":"product_tag","embeddable":true,"href":"https:\/\/yukibeauty.ch\/de\/wp-json\/wp\/v2\/product_tag?post=2085"}],"curies":[{"name":"wp","href":"https:\/\/api.w.org\/{rel}","templated":true}]}}