{"id":2086,"date":"2025-07-08T14:59:32","date_gmt":"2025-07-08T12:59:32","guid":{"rendered":"https:\/\/yukibeauty.ch\/product\/low-ph-good-morning-gel-cleanser\/"},"modified":"2025-09-17T13:11:36","modified_gmt":"2025-09-17T11:11:36","slug":"low-ph-good-morning-gel-cleanser","status":"publish","type":"product","link":"https:\/\/yukibeauty.ch\/de\/shop\/korean-routine\/cleanser\/low-ph-good-morning-gel-cleanser\/","title":{"rendered":"Low pH Good Morning Gel Cleanser"},"content":{"rendered":"<h3 data-start=\"191\" data-end=\"233\"><strong data-start=\"195\" data-end=\"231\">Low pH Good Morning Gel Cleanser<\/strong><\/h3>\n<p data-start=\"234\" data-end=\"584\">Sanft. Ausgewogen. Erfrischend.<br data-start=\"267\" data-end=\"270\" \/>Beginnen Sie Ihren Tag mit einer Haut, die sich sauber, ruhig und perfekt ausgeglichen anf\u00fchlt. Dieses Gel-Reinigungsmittel mit niedrigem pH-Wert von COSRX entfernt Unreinheiten, ohne die Haut zu beschmutzen, und unterst\u00fctzt gleichzeitig die nat\u00fcrliche Barriere Ihrer Haut. Er ist f\u00fcr alle Hauttypen geeignet - auch f\u00fcr empfindliche - und ist die perfekte Art, Ihr Gesicht aufzuwecken und Ihren Teint zu erfrischen.<\/p>\n<h3 data-start=\"591\" data-end=\"620\"><strong data-start=\"598\" data-end=\"620\">Warum Sie es lieben werden<\/strong><\/h3>\n<ul data-start=\"622\" data-end=\"1149\">\n<li data-start=\"622\" data-end=\"690\">\n<p data-start=\"624\" data-end=\"690\">pH-ausgeglichen (5,3 \u00b1 1,0), um dem nat\u00fcrlichen S\u00e4uregehalt Ihrer Haut zu entsprechen<\/p>\n<\/li>\n<li data-start=\"691\" data-end=\"745\">\n<p data-start=\"693\" data-end=\"745\">Reinigt gr\u00fcndlich und bewahrt gleichzeitig die Hydratation<\/p>\n<\/li>\n<li data-start=\"746\" data-end=\"811\">\n<p data-start=\"748\" data-end=\"811\">Reduziert \u00fcbersch\u00fcssiges \u00d6l und verstopft die Poren ohne Irritationen<\/p>\n<\/li>\n<li data-start=\"812\" data-end=\"864\">\n<p data-start=\"814\" data-end=\"864\">Beruhigt und reinigt mit Teebaum\u00f6l &amp; BHA<\/p>\n<\/li>\n<li data-start=\"865\" data-end=\"938\">\n<p data-start=\"867\" data-end=\"938\">F\u00f6rdert die Hauterneuerung dank Betainsalicylat und Pflanzenextrakten<\/p>\n<\/li>\n<li data-start=\"939\" data-end=\"1037\">\n<p data-start=\"941\" data-end=\"1037\">Frei von sch\u00e4dlichen Zusatzstoffen: keine Sulfate, Silikone, Parabene, k\u00fcnstliche Duft- oder Farbstoffe<\/p>\n<\/li>\n<li data-start=\"1038\" data-end=\"1088\">\n<p data-start=\"1040\" data-end=\"1088\">Kr\u00e4uterduft mit einem leichten, erfrischenden Gef\u00fchl<\/p>\n<\/li>\n<li data-start=\"1089\" data-end=\"1149\">\n<p data-start=\"1091\" data-end=\"1149\">Hinterl\u00e4sst eine glatte, weiche und frische Haut, die nicht spannt<\/p>\n<\/li>\n<\/ul>\n<h3 data-start=\"1156\" data-end=\"1182\"><strong data-start=\"1163\" data-end=\"1182\">Wichtige Inhaltsstoffe<\/strong><\/h3>\n<ul data-start=\"1184\" data-end=\"1401\">\n<li data-start=\"1184\" data-end=\"1232\">\n<p data-start=\"1186\" data-end=\"1232\">Teebaum\u00f6l - Antibakteriell und beruhigend<\/p>\n<\/li>\n<li data-start=\"1233\" data-end=\"1298\">\n<p data-start=\"1235\" data-end=\"1298\">Betain Salicylate (BHA) - Sanftes Peeling &amp; Porenpflege<\/p>\n<\/li>\n<li data-start=\"1299\" data-end=\"1356\">\n<p data-start=\"1301\" data-end=\"1356\">Allantoin - Beruhigt und sch\u00fctzt die Hautbarriere<\/p>\n<\/li>\n<li data-start=\"1357\" data-end=\"1401\">\n<p data-start=\"1359\" data-end=\"1401\">Botanische Extrakte - entgiften und n\u00e4hren<\/p>\n<\/li>\n<\/ul>\n<h3 data-start=\"1408\" data-end=\"1430\"><strong data-start=\"1414\" data-end=\"1430\">Perfekt f\u00fcr:<\/strong><\/h3>\n<p data-start=\"1432\" data-end=\"1620\">- Alle Hauttypen, auch empfindliche<br data-start=\"1470\" data-end=\"1473\" \/>- Fettige Haut oder Mischhaut mit gelegentlichen Ausbr\u00fcchen<br data-start=\"1526\" data-end=\"1529\" \/>- Reinigungsroutinen morgens und abends<br data-start=\"1568\" data-end=\"1571\" \/>- Vorbereitung der Haut auf Behandlungen ohne Stripping<\/p>\n<p data-start=\"1432\" data-end=\"1620\"><strong data-start=\"1873\" data-end=\"1906\">Nicht umsonst ist sie ein Kultobjekt.<\/strong><br data-start=\"1906\" data-end=\"1909\" \/>Mild, wirksam und pH-perfekt - dieser Reiniger gibt Ihrer Haut den sauberen Start, den sie verdient.<\/p>","protected":false},"excerpt":{"rendered":"<p>Low pH Good Morning Gel Cleanser Gentle. Balanced. Refreshing.Start your day with skin that feels clean, calm, and perfectly balanced.<\/p>","protected":false},"featured_media":3070,"comment_status":"open","ping_status":"closed","template":"","meta":[],"product_brand":[],"product_cat":[17,49,15],"product_tag":[],"class_list":{"0":"post-2086","1":"product","2":"type-product","3":"status-publish","4":"has-post-thumbnail","6":"product_cat-cleanser","7":"product_cat-for-men","8":"product_cat-korean-routine","10":"first","11":"outofstock","12":"purchasable","13":"product-type-simple"},"_links":{"self":[{"href":"https:\/\/yukibeauty.ch\/de\/wp-json\/wp\/v2\/product\/2086","targetHints":{"allow":["GET"]}}],"collection":[{"href":"https:\/\/yukibeauty.ch\/de\/wp-json\/wp\/v2\/product"}],"about":[{"href":"https:\/\/yukibeauty.ch\/de\/wp-json\/wp\/v2\/types\/product"}],"replies":[{"embeddable":true,"href":"https:\/\/yukibeauty.ch\/de\/wp-json\/wp\/v2\/comments?post=2086"}],"wp:featuredmedia":[{"embeddable":true,"href":"https:\/\/yukibeauty.ch\/de\/wp-json\/wp\/v2\/media\/3070"}],"wp:attachment":[{"href":"https:\/\/yukibeauty.ch\/de\/wp-json\/wp\/v2\/media?parent=2086"}],"wp:term":[{"taxonomy":"product_brand","embeddable":true,"href":"https:\/\/yukibeauty.ch\/de\/wp-json\/wp\/v2\/product_brand?post=2086"},{"taxonomy":"product_cat","embeddable":true,"href":"https:\/\/yukibeauty.ch\/de\/wp-json\/wp\/v2\/product_cat?post=2086"},{"taxonomy":"product_tag","embeddable":true,"href":"https:\/\/yukibeauty.ch\/de\/wp-json\/wp\/v2\/product_tag?post=2086"}],"curies":[{"name":"wp","href":"https:\/\/api.w.org\/{rel}","templated":true}]}}