{"id":2089,"date":"2025-07-08T14:59:32","date_gmt":"2025-07-08T12:59:32","guid":{"rendered":"https:\/\/yukibeauty.ch\/product\/anua-heartleaf-77-clear-pad\/"},"modified":"2025-12-23T17:36:07","modified_gmt":"2025-12-23T16:36:07","slug":"anua-heartleaf-77-clear-pad","status":"publish","type":"product","link":"https:\/\/yukibeauty.ch\/de\/shop\/fur-manner\/cleanser-for-men\/anua-heartleaf-77-clear-pad\/","title":{"rendered":"Anua Heartleaf 77 Clear Pad"},"content":{"rendered":"<h2 data-start=\"148\" data-end=\"181\">Anua Heartleaf 77% Clear Pad [70 St\u00fcck]<\/h2>\n<p data-start=\"182\" data-end=\"244\"><strong data-start=\"182\" data-end=\"244\">Beruhigende Toner-Pads f\u00fcr eine klarere, ruhigere und glattere Haut<\/strong><\/p>\n<p data-start=\"246\" data-end=\"610\">Verbessern Sie Ihre Hautpflegeroutine mit <strong data-start=\"281\" data-end=\"314\">Anua Heartleaf 77% Klare Pads<\/strong> - Multitasking-Tonerkissen, getr\u00e4nkt mit 77% <strong data-start=\"355\" data-end=\"383\">Heartleaf Beruhigendes Gesichtswasser<\/strong>Sie spenden Feuchtigkeit, beruhigen Irritationen und verfeinern das Hautbild. Diese Pads mit doppelter Textur bieten ein sanftes Peeling, entfernen Unreinheiten und helfen, den Talgspiegel auszugleichen - ein Muss f\u00fcr sensible und zu Akne neigende Haut.<\/p>\n<h2 data-start=\"612\" data-end=\"631\">Wichtigste Vorteile<\/h2>\n<ul data-start=\"633\" data-end=\"1220\">\n<li data-start=\"633\" data-end=\"749\">\n<p data-start=\"635\" data-end=\"749\"><strong data-start=\"635\" data-end=\"694\">Infundiert mit 77% Herzblattextrakt (Houttuynia Cordata)<\/strong> zur Beruhigung von R\u00f6tungen und zur Beruhigung empfindlicher, gereizter Haut<\/p>\n<\/li>\n<li data-start=\"750\" data-end=\"828\">\n<p data-start=\"752\" data-end=\"828\"><strong data-start=\"752\" data-end=\"789\">Spendet Feuchtigkeit und peelt sanft<\/strong> abgestorbene Hautzellen und Ablagerungen<\/p>\n<\/li>\n<li data-start=\"829\" data-end=\"989\">\n<p data-start=\"831\" data-end=\"989\"><strong data-start=\"831\" data-end=\"855\">Anti-Talg-Komplex P<\/strong> (Pinus Palustris Leaf, Evening Primrose, Ulmus Root, Pueraria Root Extracts) hilft <strong data-start=\"939\" data-end=\"956\">Poren verengen<\/strong> und <strong data-start=\"961\" data-end=\"987\">die \u00d6lf\u00f6rderung zu kontrollieren<\/strong><\/p>\n<\/li>\n<li data-start=\"990\" data-end=\"1071\">\n<p data-start=\"992\" data-end=\"1071\"><strong data-start=\"992\" data-end=\"1009\">Gepr\u00e4gte Seite<\/strong> entfernt Unreinheiten und abgestorbene Hautzellen f\u00fcr eine glattere Textur<\/p>\n<\/li>\n<li data-start=\"1072\" data-end=\"1153\">\n<p data-start=\"1074\" data-end=\"1153\"><strong data-start=\"1074\" data-end=\"1087\">Weiche Seite<\/strong> tonisiert die Haut und bereitet sie auf eine bessere Aufnahme von Seren und Cremes vor<\/p>\n<\/li>\n<li data-start=\"1154\" data-end=\"1220\">\n<p data-start=\"1156\" data-end=\"1220\"><strong data-start=\"1156\" data-end=\"1177\">Mehrzweckformel<\/strong> - kann auch als beruhigende Fleckenmaske verwendet werden<\/p>\n<\/li>\n<\/ul>\n<h2 data-start=\"1222\" data-end=\"1237\">Ideal f\u00fcr<\/h2>\n<ul data-start=\"1239\" data-end=\"1362\">\n<li data-start=\"1239\" data-end=\"1270\">\n<p data-start=\"1241\" data-end=\"1270\">Empfindliche oder gereizte Haut<\/p>\n<\/li>\n<li data-start=\"1271\" data-end=\"1300\">\n<p data-start=\"1273\" data-end=\"1300\">Fettige Haut und Mischhaut<\/p>\n<\/li>\n<li data-start=\"1301\" data-end=\"1326\">\n<p data-start=\"1303\" data-end=\"1326\">Stumpfe oder raue Textur<\/p>\n<\/li>\n<li data-start=\"1327\" data-end=\"1362\">\n<p data-start=\"1329\" data-end=\"1362\">Vergr\u00f6\u00dferte Poren oder \u00fcberm\u00e4\u00dfiger Talg<\/p>\n<\/li>\n<\/ul>","protected":false},"excerpt":{"rendered":"<p>Anua Heartleaf 77% Clear Pad [70pcs] Soothing toner pads for clearer, calmer, and smoother skin Elevate your skincare routine with<\/p>","protected":false},"featured_media":3113,"comment_status":"open","ping_status":"closed","template":"","meta":[],"product_brand":[],"product_cat":[313,17,49,15,314,19],"product_tag":[],"class_list":{"0":"post-2089","1":"product","2":"type-product","3":"status-publish","4":"has-post-thumbnail","6":"product_cat-cleanser-for-men","7":"product_cat-cleanser","8":"product_cat-for-men","9":"product_cat-korean-routine","10":"product_cat-toner-for-men","11":"product_cat-toner","13":"first","14":"instock","15":"purchasable","16":"product-type-simple"},"_links":{"self":[{"href":"https:\/\/yukibeauty.ch\/de\/wp-json\/wp\/v2\/product\/2089","targetHints":{"allow":["GET"]}}],"collection":[{"href":"https:\/\/yukibeauty.ch\/de\/wp-json\/wp\/v2\/product"}],"about":[{"href":"https:\/\/yukibeauty.ch\/de\/wp-json\/wp\/v2\/types\/product"}],"replies":[{"embeddable":true,"href":"https:\/\/yukibeauty.ch\/de\/wp-json\/wp\/v2\/comments?post=2089"}],"wp:featuredmedia":[{"embeddable":true,"href":"https:\/\/yukibeauty.ch\/de\/wp-json\/wp\/v2\/media\/3113"}],"wp:attachment":[{"href":"https:\/\/yukibeauty.ch\/de\/wp-json\/wp\/v2\/media?parent=2089"}],"wp:term":[{"taxonomy":"product_brand","embeddable":true,"href":"https:\/\/yukibeauty.ch\/de\/wp-json\/wp\/v2\/product_brand?post=2089"},{"taxonomy":"product_cat","embeddable":true,"href":"https:\/\/yukibeauty.ch\/de\/wp-json\/wp\/v2\/product_cat?post=2089"},{"taxonomy":"product_tag","embeddable":true,"href":"https:\/\/yukibeauty.ch\/de\/wp-json\/wp\/v2\/product_tag?post=2089"}],"curies":[{"name":"wp","href":"https:\/\/api.w.org\/{rel}","templated":true}]}}