{"id":2090,"date":"2025-07-08T14:59:32","date_gmt":"2025-07-08T12:59:32","guid":{"rendered":"https:\/\/yukibeauty.ch\/product\/zero-pore-pad-2-0\/"},"modified":"2025-12-23T18:05:29","modified_gmt":"2025-12-23T17:05:29","slug":"zero-pore-pad-2","status":"publish","type":"product","link":"https:\/\/yukibeauty.ch\/de\/shop\/fur-manner\/cleanser-for-men\/zero-pore-pad-2\/","title":{"rendered":"Porenfreies Pad 2.0"},"content":{"rendered":"<h2 data-section-id=\"1y4jz79\" data-start=\"175\" data-end=\"198\">Porenfreies Pad 2.0<\/h2>\n<p data-start=\"199\" data-end=\"238\">T\u00e4gliche Porenpflege mit sanfter Exfoliation<\/p>\n<p data-start=\"240\" data-end=\"585\">Medicube Zero Pore Pad 2.0 ist ein Reinigungspad mit doppelter Textur, das die Poren sichtbar verkleinert, Mitesser entfernt und die Hautstruktur verbessert - und das alles, w\u00e4hrend die Haut beruhigt und mit Feuchtigkeit versorgt wird. Mit Salicyls\u00e4ure, Milchs\u00e4ure und einer Mischung aus Pflanzenextrakten peelen und kl\u00e4ren diese Pads die Haut sanft und sorgen f\u00fcr ein verfeinertes, ebenm\u00e4\u00dfiges Aussehen.<\/p>\n<h2 data-section-id=\"14o11cl\" data-start=\"587\" data-end=\"605\"><strong>Wichtigste Vorteile<\/strong><\/h2>\n<ul data-start=\"606\" data-end=\"842\">\n<li data-start=\"606\" data-end=\"648\">\n<p data-start=\"608\" data-end=\"648\">Hilft, das Erscheinungsbild von Poren zu minimieren<\/p>\n<\/li>\n<li data-start=\"649\" data-end=\"698\">\n<p data-start=\"651\" data-end=\"698\">Exfoliert abgestorbene Hautzellen ohne Reizung<\/p>\n<\/li>\n<li data-start=\"699\" data-end=\"741\">\n<p data-start=\"701\" data-end=\"741\">Beseitigt Mitesser und \u00fcbersch\u00fcssigen Talg<\/p>\n<\/li>\n<li data-start=\"742\" data-end=\"790\">\n<p data-start=\"744\" data-end=\"790\">Beruhigt und spendet Feuchtigkeit mit Pflanzenextrakten<\/p>\n<\/li>\n<li data-start=\"791\" data-end=\"842\">\n<p data-start=\"793\" data-end=\"842\">F\u00f6rdert ein glatteres, ausgeglicheneres Hautbild<\/p>\n<\/li>\n<\/ul>\n<h2 data-section-id=\"ppgvpt\" data-start=\"844\" data-end=\"873\"><strong>Dual-Action-Leistung<\/strong><\/h2>\n<p data-start=\"874\" data-end=\"928\">Diese Pads haben zwei Seiten f\u00fcr die mehrstufige Reinigung:<\/p>\n<ul data-start=\"929\" data-end=\"1040\">\n<li data-start=\"929\" data-end=\"990\">\n<p data-start=\"931\" data-end=\"990\">Eine strukturierte Seite zum Entfernen von abgestorbenen Zellen, \u00d6l und Ablagerungen<\/p>\n<\/li>\n<li data-start=\"991\" data-end=\"1040\">\n<p data-start=\"993\" data-end=\"1040\">Eine glatte Seite zum Polieren und Vorbereiten der Haut<\/p>\n<\/li>\n<\/ul>\n<p data-start=\"1042\" data-end=\"1201\">Die Formel dringt tief in die Poren ein, um Unreinheiten zu beseitigen und k\u00fcnftigen Ausbr\u00fcchen vorzubeugen - ideal f\u00fcr fettige, zu Akne neigende Haut oder Mischhauttypen.<\/p>\n<h2 data-section-id=\"4kk39g\" data-start=\"1203\" data-end=\"1241\"><strong>Sanfte und dennoch wirksame Inhaltsstoffe<\/strong><\/h2>\n<ul data-start=\"1242\" data-end=\"1487\">\n<li data-start=\"1242\" data-end=\"1307\">\n<p data-start=\"1244\" data-end=\"1307\">Salicyls\u00e4ure (BHA): Verstopft die Poren und reduziert Ausbr\u00fcche<\/p>\n<\/li>\n<li data-start=\"1308\" data-end=\"1377\">\n<p data-start=\"1310\" data-end=\"1377\">Milchs\u00e4ure (AHA): Gl\u00e4ttet das Hautbild und l\u00e4sst die Haut sanft aufleben<\/p>\n<\/li>\n<li data-start=\"1378\" data-end=\"1434\">\n<p data-start=\"1380\" data-end=\"1434\">Botanische Extrakte: Beruhigen und befeuchten die Haut<\/p>\n<\/li>\n<li data-start=\"1435\" data-end=\"1487\">\n<p data-start=\"1437\" data-end=\"1487\">Nat\u00fcrliche \u00d6le: N\u00e4hren, ohne die Poren zu verstopfen<\/p>\n<\/li>\n<\/ul>\n<p data-start=\"1489\" data-end=\"1613\">Das Zero Pore Pad 2.0 h\u00e4lt die Balance zwischen Tiefenreinigung und Hautkomfort, so dass es auch f\u00fcr empfindliche Haut geeignet ist.<\/p>\n<h2 data-section-id=\"12hbm0p\" data-start=\"1872\" data-end=\"1889\">Vorsichtsma\u00dfnahmen<\/h2>\n<ul data-start=\"1890\" data-end=\"2122\">\n<li data-start=\"1890\" data-end=\"1915\">\n<p data-start=\"1892\" data-end=\"1915\">Nur zur externen Verwendung<\/p>\n<\/li>\n<li data-start=\"1916\" data-end=\"1950\">\n<p data-start=\"1918\" data-end=\"1950\">Direkter Kontakt mit den Augen ist zu vermeiden<\/p>\n<\/li>\n<li data-start=\"1951\" data-end=\"2008\">\n<p data-start=\"1953\" data-end=\"2008\">Brechen Sie die Anwendung ab, wenn R\u00f6tungen, Reizungen oder Unwohlsein auftreten.<\/p>\n<\/li>\n<li data-start=\"2009\" data-end=\"2057\">\n<p data-start=\"2011\" data-end=\"2057\">Vor der vollst\u00e4ndigen Anwendung einen Patch-Test durchf\u00fchren<\/p>\n<\/li>\n<li data-start=\"2058\" data-end=\"2122\">\n<p data-start=\"2060\" data-end=\"2122\">K\u00fchl und trocken lagern und au\u00dferhalb der Reichweite von Kindern aufbewahren<\/p>\n<\/li>\n<\/ul>","protected":false},"excerpt":{"rendered":"<p>Zero Pore Pad 2.0 Daily Pore-Care with Gentle Exfoliation Medicube Zero Pore Pad 2.0 is a dual-textured cleansing pad that<\/p>","protected":false},"featured_media":3152,"comment_status":"open","ping_status":"closed","template":"","meta":[],"product_brand":[],"product_cat":[313,17,49,15,314,19],"product_tag":[],"class_list":{"0":"post-2090","1":"product","2":"type-product","3":"status-publish","4":"has-post-thumbnail","6":"product_cat-cleanser-for-men","7":"product_cat-cleanser","8":"product_cat-for-men","9":"product_cat-korean-routine","10":"product_cat-toner-for-men","11":"product_cat-toner","13":"first","14":"outofstock","15":"purchasable","16":"product-type-simple"},"_links":{"self":[{"href":"https:\/\/yukibeauty.ch\/de\/wp-json\/wp\/v2\/product\/2090","targetHints":{"allow":["GET"]}}],"collection":[{"href":"https:\/\/yukibeauty.ch\/de\/wp-json\/wp\/v2\/product"}],"about":[{"href":"https:\/\/yukibeauty.ch\/de\/wp-json\/wp\/v2\/types\/product"}],"replies":[{"embeddable":true,"href":"https:\/\/yukibeauty.ch\/de\/wp-json\/wp\/v2\/comments?post=2090"}],"wp:featuredmedia":[{"embeddable":true,"href":"https:\/\/yukibeauty.ch\/de\/wp-json\/wp\/v2\/media\/3152"}],"wp:attachment":[{"href":"https:\/\/yukibeauty.ch\/de\/wp-json\/wp\/v2\/media?parent=2090"}],"wp:term":[{"taxonomy":"product_brand","embeddable":true,"href":"https:\/\/yukibeauty.ch\/de\/wp-json\/wp\/v2\/product_brand?post=2090"},{"taxonomy":"product_cat","embeddable":true,"href":"https:\/\/yukibeauty.ch\/de\/wp-json\/wp\/v2\/product_cat?post=2090"},{"taxonomy":"product_tag","embeddable":true,"href":"https:\/\/yukibeauty.ch\/de\/wp-json\/wp\/v2\/product_tag?post=2090"}],"curies":[{"name":"wp","href":"https:\/\/api.w.org\/{rel}","templated":true}]}}