{"id":2095,"date":"2025-07-08T14:59:00","date_gmt":"2025-07-08T12:59:00","guid":{"rendered":"https:\/\/yukibeauty.ch\/product\/medicube-deep-vita-c-capsule-cream\/"},"modified":"2026-02-10T10:05:03","modified_gmt":"2026-02-10T09:05:03","slug":"medicube-deep-vita-c-capsule-cream","status":"publish","type":"product","link":"https:\/\/yukibeauty.ch\/de\/shop\/korean-routine\/cream\/medicube-deep-vita-c-capsule-cream\/","title":{"rendered":"Medicube - Deep Vita C Kapsel Creme"},"content":{"rendered":"<h2 data-section-id=\"16nx2tm\" data-start=\"205\" data-end=\"245\">Medicube Deep Vita C Capsule Creme<\/h2>\n<p data-start=\"246\" data-end=\"292\">Aufhellende und feuchtigkeitsspendende Dual-Textur-Creme<\/p>\n<p data-start=\"294\" data-end=\"641\">Medicube Deep Vita C Capsule Cream ist eine hochwirksame Gesichtscreme, die intensive Feuchtigkeit spendet, den Hautton ausgleicht und die nat\u00fcrliche Ausstrahlung wiederherstellt. Mit eingekapseltem Vitamin C, Niacinamid und Hyalurons\u00e4ure hilft sie, die Pigmentierung zu reduzieren, verbessert die Elastizit\u00e4t und sch\u00fctzt die Haut vor oxidativem Stress und fr\u00fchen Anzeichen der Hautalterung.<\/p>\n<h3 data-section-id=\"14o11cl\" data-start=\"643\" data-end=\"661\">Wichtigste Vorteile<\/h3>\n<ul data-start=\"662\" data-end=\"932\">\n<li data-start=\"662\" data-end=\"703\">\n<p data-start=\"664\" data-end=\"703\">Hellt die Haut auf und reduziert dunkle Flecken<\/p>\n<\/li>\n<li data-start=\"704\" data-end=\"739\">\n<p data-start=\"706\" data-end=\"739\">Gleicht den Hautton und die Textur aus<\/p>\n<\/li>\n<li data-start=\"740\" data-end=\"782\">\n<p data-start=\"742\" data-end=\"782\">Spendet intensiv Feuchtigkeit ohne fettige R\u00fcckst\u00e4nde<\/p>\n<\/li>\n<li data-start=\"783\" data-end=\"829\">\n<p data-start=\"785\" data-end=\"829\">Verbessert die Elastizit\u00e4t und reduziert feine Linien<\/p>\n<\/li>\n<li data-start=\"830\" data-end=\"874\">\n<p data-start=\"832\" data-end=\"874\">Sch\u00fctzt vor Umweltstressoren<\/p>\n<\/li>\n<li data-start=\"875\" data-end=\"932\">\n<p data-start=\"877\" data-end=\"932\">Geeignet f\u00fcr alle Hauttypen, auch f\u00fcr empfindliche Haut<\/p>\n<\/li>\n<\/ul>\n<p data-section-id=\"16amke5\" data-start=\"934\" data-end=\"973\"><strong>Innovatives verkapseltes Vitamin C<\/strong><\/p>\n<p data-start=\"974\" data-end=\"1280\">Die einzigartige Formel enth\u00e4lt Vitamin-C-Kapseln, die bei der Anwendung aktiviert werden und f\u00fcr Frische und maximale Wirksamkeit sorgen. Die Verkapselungstechnologie sch\u00fctzt das Vitamin C vor Oxidation, erm\u00f6glicht eine allm\u00e4hliche Freisetzung und l\u00e4sst es tief in die Haut eindringen, um die Aufhellung und Anti-Aging-Wirkung zu verst\u00e4rken.<\/p>\n<p data-section-id=\"1u1mu9m\" data-start=\"1282\" data-end=\"1307\"><strong>Zwei-Textur-Design<\/strong><\/p>\n<p data-start=\"1308\" data-end=\"1603\">Die Creme kombiniert ein feuchtigkeitsspendendes transparentes Gel mit vitaminreichen Kapseln. Sie k\u00f6nnen das Verh\u00e4ltnis von Creme und Gel individuell an die t\u00e4glichen Bed\u00fcrfnisse Ihrer Haut anpassen. Jede Kapsel enth\u00e4lt 50% Sanddornextrakt, 5% Niacinamid und reines Vitamin C, die den Teint aufhellen und den Hautton ausgleichen.<\/p>\n<p data-section-id=\"1la7ihf\" data-start=\"1605\" data-end=\"1652\"><strong>Tiefgreifende Hydratation und Antioxidantienschutz<\/strong><\/p>\n<p data-start=\"1653\" data-end=\"1881\">Die klare Gelkomponente ist mit Ferulas\u00e4ure und den Vitaminen E, Q und P angereichert, die einen antioxidativen Schutz und lang anhaltende Feuchtigkeit bieten. Sie beruhigt und hydratisiert die Haut, ohne sie zu reizen, und macht sie weich, glatt und strahlend.<\/p>\n<p data-section-id=\"znc8ll\" data-start=\"1883\" data-end=\"1913\"><strong>Sanft und hautvertr\u00e4glich<\/strong><\/p>\n<p data-start=\"1914\" data-end=\"2171\">Diese dermatologisch getestete und als reizarm zertifizierte Creme ist ideal f\u00fcr die t\u00e4gliche Anwendung. Frei von k\u00fcnstlichen Farbstoffen und in einer umweltbewussten Verpackung bietet sie wirksame Aufhellung und Feuchtigkeitszufuhr und schont dabei die Haut und die Umwelt.<\/p>\n<h3 data-section-id=\"a7idu5\" data-start=\"2529\" data-end=\"2542\">Vorsicht<\/h3>\n<ul data-start=\"2543\" data-end=\"2803\">\n<li data-start=\"2543\" data-end=\"2568\">\n<p data-start=\"2545\" data-end=\"2568\">Nur zur externen Verwendung<\/p>\n<\/li>\n<li data-start=\"2569\" data-end=\"2596\">\n<p data-start=\"2571\" data-end=\"2596\">Vermeiden Sie den Kontakt mit den Augen<\/p>\n<\/li>\n<li data-start=\"2597\" data-end=\"2696\">\n<p data-start=\"2599\" data-end=\"2696\">Brechen Sie die Anwendung ab, wenn Reizungen, R\u00f6tungen oder Ausschlag auftreten. Konsultieren Sie einen Arzt, wenn die Symptome anhalten<\/p>\n<\/li>\n<li data-start=\"2697\" data-end=\"2738\">\n<p data-start=\"2699\" data-end=\"2738\">Vor der ersten Anwendung einen Patch-Test durchf\u00fchren<\/p>\n<\/li>\n<li data-start=\"2739\" data-end=\"2769\">\n<p data-start=\"2741\" data-end=\"2769\">An einem k\u00fchlen, trockenen Ort aufbewahren<\/p>\n<\/li>\n<li data-start=\"2770\" data-end=\"2803\">\n<p data-start=\"2772\" data-end=\"2803\">Au\u00dferhalb der Reichweite von Kindern aufbewahren<\/p>\n<\/li>\n<\/ul>","protected":false},"excerpt":{"rendered":"<p>Medicube Deep Vita C Capsule Cream Brightening and Hydrating Dual-Texture Cream Medicube Deep Vita C Capsule Cream is a high-performance<\/p>","protected":false},"featured_media":3171,"comment_status":"open","ping_status":"closed","template":"","meta":[],"product_brand":[],"product_cat":[310,23,49,15],"product_tag":[],"class_list":{"0":"post-2095","1":"product","2":"type-product","3":"status-publish","4":"has-post-thumbnail","6":"product_cat-cream","7":"product_cat-face-cream","8":"product_cat-for-men","9":"product_cat-korean-routine","11":"first","12":"outofstock","13":"featured","14":"purchasable","15":"product-type-simple"},"_links":{"self":[{"href":"https:\/\/yukibeauty.ch\/de\/wp-json\/wp\/v2\/product\/2095","targetHints":{"allow":["GET"]}}],"collection":[{"href":"https:\/\/yukibeauty.ch\/de\/wp-json\/wp\/v2\/product"}],"about":[{"href":"https:\/\/yukibeauty.ch\/de\/wp-json\/wp\/v2\/types\/product"}],"replies":[{"embeddable":true,"href":"https:\/\/yukibeauty.ch\/de\/wp-json\/wp\/v2\/comments?post=2095"}],"wp:featuredmedia":[{"embeddable":true,"href":"https:\/\/yukibeauty.ch\/de\/wp-json\/wp\/v2\/media\/3171"}],"wp:attachment":[{"href":"https:\/\/yukibeauty.ch\/de\/wp-json\/wp\/v2\/media?parent=2095"}],"wp:term":[{"taxonomy":"product_brand","embeddable":true,"href":"https:\/\/yukibeauty.ch\/de\/wp-json\/wp\/v2\/product_brand?post=2095"},{"taxonomy":"product_cat","embeddable":true,"href":"https:\/\/yukibeauty.ch\/de\/wp-json\/wp\/v2\/product_cat?post=2095"},{"taxonomy":"product_tag","embeddable":true,"href":"https:\/\/yukibeauty.ch\/de\/wp-json\/wp\/v2\/product_tag?post=2095"}],"curies":[{"name":"wp","href":"https:\/\/api.w.org\/{rel}","templated":true}]}}