{"id":2096,"date":"2025-07-08T14:59:32","date_gmt":"2025-07-08T12:59:32","guid":{"rendered":"https:\/\/yukibeauty.ch\/product\/jelly-brush\/"},"modified":"2025-12-16T21:39:22","modified_gmt":"2025-12-16T20:39:22","slug":"jelly-brush","status":"publish","type":"product","link":"https:\/\/yukibeauty.ch\/de\/shop\/korean-routine\/cream\/jelly-brush\/","title":{"rendered":"Gelee-B\u00fcrste"},"content":{"rendered":"<h2 data-section-id=\"hfcju6\" data-start=\"83\" data-end=\"100\">Gelee-B\u00fcrste<\/h2>\n<p data-start=\"101\" data-end=\"134\">Gleichm\u00e4\u00dfige, hygienische Maskenanwendung<\/p>\n<p data-start=\"136\" data-end=\"390\">Genie\u00dfen Sie das volle Potenzial Ihrer Maske mit dem Jelly Brush von Medicube. Er wurde entwickelt, um Ihnen zu helfen, eine gleichm\u00e4\u00dfige, d\u00fcnne Schicht auf Ihr gesamtes Gesicht aufzutragen - auch auf schwierige Stellen. Er sorgt daf\u00fcr, dass Ihre Maske gleichm\u00e4\u00dfig trocknet, um ihre Wirkung zu maximieren und die Wartezeit zu minimieren.<\/p>\n<h2 data-section-id=\"14o11cl\" data-start=\"392\" data-end=\"410\">Wichtigste Vorteile<\/h2>\n<ul data-start=\"411\" data-end=\"635\">\n<li data-start=\"411\" data-end=\"470\">\n<p data-start=\"413\" data-end=\"470\">Erm\u00f6glicht ein sanftes und gleichm\u00e4\u00dfiges Auftragen von Hautpflegeprodukten<\/p>\n<\/li>\n<li data-start=\"471\" data-end=\"521\">\n<p data-start=\"473\" data-end=\"521\">Erreicht m\u00fchelos Gesichtskonturen und -spalten<\/p>\n<\/li>\n<li data-start=\"522\" data-end=\"568\">\n<p data-start=\"524\" data-end=\"568\">Verhindert Produktverluste und ungleichm\u00e4\u00dfiges Trocknen<\/p>\n<\/li>\n<li data-start=\"569\" data-end=\"599\">\n<p data-start=\"571\" data-end=\"599\">Hygienisch und leicht zu reinigen<\/p>\n<\/li>\n<li data-start=\"600\" data-end=\"635\">\n<p data-start=\"602\" data-end=\"635\">Leicht und reisefreundlich<\/p>\n<\/li>\n<\/ul>\n<h2 data-section-id=\"1lz4h31\" data-start=\"637\" data-end=\"656\">Anmerkung der Redaktion<\/h2>\n<p data-start=\"657\" data-end=\"803\">Dieser hochwertige Silikonpinsel hilft dabei, Masken und Hautpflegeprodukte gleichm\u00e4\u00dfig und hygienisch aufzutragen, so dass sie besser einziehen und die Routine sauberer wird.<\/p>\n<h2 data-section-id=\"1qc8btb\" data-start=\"805\" data-end=\"826\">Details zum Produkt<\/h2>\n<ul data-start=\"827\" data-end=\"984\">\n<li data-start=\"827\" data-end=\"840\">\n<p data-start=\"829\" data-end=\"840\">Gr\u00f6\u00dfe: 20g<\/p>\n<\/li>\n<li data-start=\"841\" data-end=\"892\">\n<p data-start=\"843\" data-end=\"892\">Material: Silikonkopf mit komfortablem Griff<\/p>\n<\/li>\n<li data-start=\"893\" data-end=\"944\">\n<p data-start=\"895\" data-end=\"944\">Wiederverwendbar und leicht mit Wasser oder T\u00fcchern zu reinigen<\/p>\n<\/li>\n<li data-start=\"945\" data-end=\"984\">\n<p data-start=\"947\" data-end=\"984\">Semi-permanente Verwendung bei richtiger Pflege<\/p>\n<\/li>\n<\/ul>\n<p data-start=\"986\" data-end=\"1108\">Ideal f\u00fcr die Verwendung mit Gelmasken, Crememasken oder anderen Hautpflegeprodukten. Ein unverzichtbares Hilfsmittel f\u00fcr m\u00fcheloses, unauff\u00e4lliges Abdecken.<\/p>","protected":false},"excerpt":{"rendered":"<p>Jelly Brush Even, Hygienic Mask Application Enjoy the full potential of your mask with the Jelly Brush from Medicube. Designed<\/p>","protected":false},"featured_media":3173,"comment_status":"open","ping_status":"closed","template":"","meta":[],"product_brand":[],"product_cat":[26,310,23,49],"product_tag":[],"class_list":{"0":"post-2096","1":"product","2":"type-product","3":"status-publish","4":"has-post-thumbnail","6":"product_cat-beauty-tools","7":"product_cat-cream","8":"product_cat-face-cream","9":"product_cat-for-men","11":"first","12":"instock","13":"purchasable","14":"product-type-simple"},"_links":{"self":[{"href":"https:\/\/yukibeauty.ch\/de\/wp-json\/wp\/v2\/product\/2096","targetHints":{"allow":["GET"]}}],"collection":[{"href":"https:\/\/yukibeauty.ch\/de\/wp-json\/wp\/v2\/product"}],"about":[{"href":"https:\/\/yukibeauty.ch\/de\/wp-json\/wp\/v2\/types\/product"}],"replies":[{"embeddable":true,"href":"https:\/\/yukibeauty.ch\/de\/wp-json\/wp\/v2\/comments?post=2096"}],"wp:featuredmedia":[{"embeddable":true,"href":"https:\/\/yukibeauty.ch\/de\/wp-json\/wp\/v2\/media\/3173"}],"wp:attachment":[{"href":"https:\/\/yukibeauty.ch\/de\/wp-json\/wp\/v2\/media?parent=2096"}],"wp:term":[{"taxonomy":"product_brand","embeddable":true,"href":"https:\/\/yukibeauty.ch\/de\/wp-json\/wp\/v2\/product_brand?post=2096"},{"taxonomy":"product_cat","embeddable":true,"href":"https:\/\/yukibeauty.ch\/de\/wp-json\/wp\/v2\/product_cat?post=2096"},{"taxonomy":"product_tag","embeddable":true,"href":"https:\/\/yukibeauty.ch\/de\/wp-json\/wp\/v2\/product_tag?post=2096"}],"curies":[{"name":"wp","href":"https:\/\/api.w.org\/{rel}","templated":true}]}}