{"id":2097,"date":"2025-07-08T14:59:32","date_gmt":"2025-07-08T12:59:32","guid":{"rendered":"https:\/\/yukibeauty.ch\/product\/pdrn-pink-collagen-capsule-cream\/"},"modified":"2025-09-17T13:11:39","modified_gmt":"2025-09-17T11:11:39","slug":"pdrn-pink-collagen-capsule-cream","status":"publish","type":"product","link":"https:\/\/yukibeauty.ch\/de\/shop\/korean-routine\/cream\/pdrn-pink-collagen-capsule-cream\/","title":{"rendered":"PDRN Rosa Kollagen-Kapsel-Creme"},"content":{"rendered":"<h3 data-section-id=\"146u5g6\" data-start=\"138\" data-end=\"176\">PDRN Rosa Kollagen-Kapsel-Creme<\/h3>\n<p data-start=\"177\" data-end=\"226\"><strong data-start=\"177\" data-end=\"224\">Glasgl\u00fchende Hydratation mit eingekapseltem PDRN<\/strong><\/p>\n<p data-start=\"228\" data-end=\"469\">Die Medicube PDRN Pink Collagen Capsule Cream ist eine leichte, nicht klebende Feuchtigkeitspflege mit Lachs-DNA PDRN und niedermolekularem Kollagen f\u00fcr sichtbare Festigkeit, Feuchtigkeit und Ausstrahlung.<\/p>\n<h3 data-section-id=\"ycgkk5\" data-start=\"471\" data-end=\"487\">Wichtigste Vorteile<\/h3>\n<ul data-start=\"489\" data-end=\"1330\">\n<li data-start=\"489\" data-end=\"723\">\n<p data-start=\"491\" data-end=\"723\"><strong>Gekapselte PDRN f\u00fcr maximale Effektivit\u00e4t<\/strong><br data-start=\"538\" data-end=\"541\" \/>Das hochwertige Lachs-PDRN ist in rosafarbenen Kapseln gesch\u00fctzt, die beim Auftragen platzen und intensive Straffung und Tiefenhydratation liefern. Verbessert die Elastizit\u00e4t, den Tonus und die Textur der Haut.<\/p>\n<\/li>\n<li data-start=\"725\" data-end=\"953\">\n<p data-start=\"727\" data-end=\"953\"><strong>Anpassbare Textur f\u00fcr die Bed\u00fcrfnisse Ihrer Haut<\/strong><br data-start=\"773\" data-end=\"776\" \/>Mit der einzigartigen Kapsel-Gel-Formel k\u00f6nnen Sie die Mischung an Ihre Haut anpassen. Das leichte Gel zieht leicht ein und bildet eine nicht fettende Feuchtigkeitsbarriere ohne klebriges Finish.<\/p>\n<\/li>\n<li data-start=\"955\" data-end=\"1148\">\n<p data-start=\"957\" data-end=\"1148\"><strong>Sichtbares Gl\u00fchen und Festigkeit<\/strong><br data-start=\"986\" data-end=\"989\" \/>Diese Creme wurde entwickelt, um fahle, schlaffe Haut wiederzubeleben und die nat\u00fcrliche Ausstrahlung zu verbessern. Sie unterst\u00fctzt die Kollagenproduktion und verbessert die Elastizit\u00e4t der Haut bei regelm\u00e4\u00dfiger Anwendung.<\/p>\n<\/li>\n<li data-start=\"1150\" data-end=\"1330\">\n<p data-start=\"1152\" data-end=\"1330\"><strong>Sanfte t\u00e4gliche Pflege f\u00fcr alle Hauttypen<\/strong><br data-start=\"1192\" data-end=\"1195\" \/>Die milde, nicht reizende Formel ist ideal f\u00fcr empfindliche Haut und bietet t\u00e4gliche Feuchtigkeitszufuhr und Anti-Ageing-Unterst\u00fctzung in einem Schritt.<\/p>\n<\/li>\n<\/ul>","protected":false},"excerpt":{"rendered":"<p>PDRN Pink Collagen Capsule Cream Glass Glow Hydration with Encapsulated PDRN Achieve that coveted Korean glass skin glow with Medicube<\/p>","protected":false},"featured_media":3183,"comment_status":"open","ping_status":"closed","template":"","meta":[],"product_brand":[],"product_cat":[310,23,49,15],"product_tag":[],"class_list":{"0":"post-2097","1":"product","2":"type-product","3":"status-publish","4":"has-post-thumbnail","6":"product_cat-cream","7":"product_cat-face-cream","8":"product_cat-for-men","9":"product_cat-korean-routine","11":"first","12":"outofstock","13":"purchasable","14":"product-type-simple"},"_links":{"self":[{"href":"https:\/\/yukibeauty.ch\/de\/wp-json\/wp\/v2\/product\/2097","targetHints":{"allow":["GET"]}}],"collection":[{"href":"https:\/\/yukibeauty.ch\/de\/wp-json\/wp\/v2\/product"}],"about":[{"href":"https:\/\/yukibeauty.ch\/de\/wp-json\/wp\/v2\/types\/product"}],"replies":[{"embeddable":true,"href":"https:\/\/yukibeauty.ch\/de\/wp-json\/wp\/v2\/comments?post=2097"}],"wp:featuredmedia":[{"embeddable":true,"href":"https:\/\/yukibeauty.ch\/de\/wp-json\/wp\/v2\/media\/3183"}],"wp:attachment":[{"href":"https:\/\/yukibeauty.ch\/de\/wp-json\/wp\/v2\/media?parent=2097"}],"wp:term":[{"taxonomy":"product_brand","embeddable":true,"href":"https:\/\/yukibeauty.ch\/de\/wp-json\/wp\/v2\/product_brand?post=2097"},{"taxonomy":"product_cat","embeddable":true,"href":"https:\/\/yukibeauty.ch\/de\/wp-json\/wp\/v2\/product_cat?post=2097"},{"taxonomy":"product_tag","embeddable":true,"href":"https:\/\/yukibeauty.ch\/de\/wp-json\/wp\/v2\/product_tag?post=2097"}],"curies":[{"name":"wp","href":"https:\/\/api.w.org\/{rel}","templated":true}]}}