{"id":2099,"date":"2025-07-08T14:59:40","date_gmt":"2025-07-08T12:59:40","guid":{"rendered":"https:\/\/yukibeauty.ch\/product\/retinol-intense-daily-mask\/"},"modified":"2025-09-17T13:11:42","modified_gmt":"2025-09-17T11:11:42","slug":"retinol-intense-daily-mask","status":"publish","type":"product","link":"https:\/\/yukibeauty.ch\/de\/shop\/korean-routine\/masks\/retinol-intense-daily-mask\/","title":{"rendered":"T\u00e4gliche Retinol-Intensiv-Maske"},"content":{"rendered":"<h3 data-section-id=\"1on3cu2\" data-start=\"135\" data-end=\"184\"><strong data-start=\"139\" data-end=\"182\">Some By Mi - Retinol Intensive T\u00e4gliche Maske<\/strong><\/h3>\n<p data-start=\"185\" data-end=\"227\"><strong data-start=\"185\" data-end=\"227\">Veganes 30-Tage-Anti-Aging-Masken-Set<\/strong><\/p>\n<p data-start=\"229\" data-end=\"527\">Ein einfaches t\u00e4gliches Pflegeritual - dieses vegane Set enth\u00e4lt 30 einzeln getr\u00e4nkte Masken mit einem leistungsstarken Retinol-Komplex (Retinol + Retinal + Bakuchiol), der die sichtbaren Zeichen der Hautalterung mindert, die Elastizit\u00e4t verbessert und f\u00fcr einen strahlenden, gleichm\u00e4\u00dfigen Hautton sorgt.<\/p>\n<h3 data-section-id=\"5bvlsm\" data-start=\"534\" data-end=\"557\"><strong data-start=\"541\" data-end=\"557\">Wichtigste Vorteile<\/strong><\/h3>\n<ul>\n<li data-start=\"559\" data-end=\"805\"><strong>T\u00e4gliche Anti-Aging-Pflege mit Retinol-Komplex<\/strong><br data-start=\"607\" data-end=\"610\" \/>Jede Maske ist mit Retinol, Retinal und Bakuchiol - einer pflanzlichen Alternative zu Retinol - angereichert, um die Kollagenproduktion zu unterst\u00fctzen, feine Linien zu gl\u00e4tten, Poren zu verkleinern und die Hautstruktur zu verbessern.<\/li>\n<li data-start=\"807\" data-end=\"1085\"><strong>Tiefenhydration mit 8 Arten von Hyalurons\u00e4ure<\/strong><br data-start=\"859\" data-end=\"862\" \/>Die Formel enth\u00e4lt einen Komplex aus Hyalurons\u00e4ure-Derivaten (einschlie\u00dflich Natrium- und Kaliumhyaluronat) und Arginin, der die Haut lang anhaltend mit Feuchtigkeit versorgt und sie prall, erfrischt und ausgeglichen h\u00e4lt.<\/li>\n<li data-start=\"1087\" data-end=\"1296\"><strong>Aufhellung und antioxidativer Schutz<\/strong><br data-start=\"1131\" data-end=\"1134\" \/>Niacinamid tr\u00e4gt dazu bei, Pigmentierungen zu vermindern, ungleichm\u00e4\u00dfige Hautt\u00f6ne zu verbessern und die Ausstrahlung zu verst\u00e4rken - und bietet gleichzeitig eine starke antioxidative Unterst\u00fctzung gegen Umweltbelastungen.<\/li>\n<li data-start=\"1298\" data-end=\"1467\"><strong>Schnelle Absorption, keine Klebrigkeit<\/strong><br data-start=\"1335\" data-end=\"1338\" \/>Die leichte und schnell einziehende Essenz hinterl\u00e4sst keine fettigen oder klebrigen R\u00fcckst\u00e4nde und eignet sich daher auch als Pflegeschritt vor dem Make-up.<\/li>\n<li data-start=\"1469\" data-end=\"1634\"><strong>Vegan und hypoallergen<\/strong><br data-start=\"1499\" data-end=\"1502\" \/>Bew\u00e4hrt sanft und sicher f\u00fcr die t\u00e4gliche Anwendung, auch bei empfindlicher Haut. Frei von Inhaltsstoffen tierischen Ursprungs und mit Sorgfalt formuliert.<\/li>\n<\/ul>\n<h3 data-section-id=\"lmnu7x\" data-start=\"1641\" data-end=\"1667\"><strong data-start=\"1648\" data-end=\"1667\">Wichtige Inhaltsstoffe<\/strong><\/h3>\n<ul data-start=\"1669\" data-end=\"2042\">\n<li data-start=\"1669\" data-end=\"1758\">\n<p data-start=\"1671\" data-end=\"1758\"><strong data-start=\"1671\" data-end=\"1692\">Retinol + Netzhaut<\/strong> - unterst\u00fctzt den Zellwechsel der Haut, reduziert Falten und verfeinert die Poren<\/p>\n<\/li>\n<li data-start=\"1759\" data-end=\"1850\">\n<p data-start=\"1761\" data-end=\"1850\"><strong data-start=\"1761\" data-end=\"1774\">Bakuchiol<\/strong> - Pflanzliche Retinol-Alternative mit gl\u00e4ttenden und aufhellenden Eigenschaften<\/p>\n<\/li>\n<li data-start=\"1851\" data-end=\"1931\">\n<p data-start=\"1853\" data-end=\"1931\"><strong data-start=\"1853\" data-end=\"1883\">8 Arten von Hyalurons\u00e4ure<\/strong> - Mehrschichtige Hydratation f\u00fcr anhaltende F\u00fclle<\/p>\n<\/li>\n<li data-start=\"1932\" data-end=\"1983\">\n<p data-start=\"1934\" data-end=\"1983\"><strong data-start=\"1934\" data-end=\"1949\">Niacinamid<\/strong> - hellt die Haut auf und gleicht den Hautton aus<\/p>\n<\/li>\n<li data-start=\"1984\" data-end=\"2042\">\n<p data-start=\"1986\" data-end=\"2042\"><strong data-start=\"1986\" data-end=\"1998\">Arginin<\/strong> - spendet Feuchtigkeit und unterst\u00fctzt die Hautbarriere<\/p>\n<\/li>\n<\/ul>\n<h3 data-section-id=\"1k2c371\" data-start=\"2049\" data-end=\"2076\"><strong data-start=\"2055\" data-end=\"2074\">Empfohlen f\u00fcr<\/strong><\/h3>\n<ul>\n<li data-start=\"2078\" data-end=\"2313\">Fahle, m\u00fcde oder dehydrierte Haut<\/li>\n<li data-start=\"2078\" data-end=\"2313\">Haut mit feinen Linien, vergr\u00f6\u00dferten Poren oder unebener Textur<\/li>\n<li data-start=\"2078\" data-end=\"2313\">Trockene oder reife Haut, die t\u00e4gliche Pflege ben\u00f6tigt<\/li>\n<li data-start=\"2078\" data-end=\"2313\">Alle, die eine sanfte, nicht reizende Pflege auf Retinolbasis suchen<\/li>\n<\/ul>\n<h3 data-section-id=\"sxy2e7\" data-start=\"2320\" data-end=\"2346\"><strong data-start=\"2327\" data-end=\"2344\">Was drin ist<\/strong><\/h3>\n<p data-start=\"2347\" data-end=\"2497\">30 einzeln geschichtete Blattmasken in einem praktischen Ausziehbeh\u00e4lter mit hygienischer Pinzette. Nach dem \u00d6ffnen innerhalb von 3 Monaten aufbrauchen, um optimale Frische zu gew\u00e4hrleisten.<\/p>","protected":false},"excerpt":{"rendered":"<p>Some By Mi \u2013 Retinol Intense Daily Mask 30-Day Anti-Aging Vegan Sheet Mask Set A daily skincare ritual made simple<\/p>","protected":false},"featured_media":2245,"comment_status":"open","ping_status":"closed","template":"","meta":[],"product_brand":[],"product_cat":[49,15,21],"product_tag":[],"class_list":{"0":"post-2099","1":"product","2":"type-product","3":"status-publish","4":"has-post-thumbnail","6":"product_cat-for-men","7":"product_cat-korean-routine","8":"product_cat-masks","9":"pa_type-of-face-mask-sheet-mask","11":"first","12":"outofstock","13":"purchasable","14":"product-type-simple"},"_links":{"self":[{"href":"https:\/\/yukibeauty.ch\/de\/wp-json\/wp\/v2\/product\/2099","targetHints":{"allow":["GET"]}}],"collection":[{"href":"https:\/\/yukibeauty.ch\/de\/wp-json\/wp\/v2\/product"}],"about":[{"href":"https:\/\/yukibeauty.ch\/de\/wp-json\/wp\/v2\/types\/product"}],"replies":[{"embeddable":true,"href":"https:\/\/yukibeauty.ch\/de\/wp-json\/wp\/v2\/comments?post=2099"}],"wp:featuredmedia":[{"embeddable":true,"href":"https:\/\/yukibeauty.ch\/de\/wp-json\/wp\/v2\/media\/2245"}],"wp:attachment":[{"href":"https:\/\/yukibeauty.ch\/de\/wp-json\/wp\/v2\/media?parent=2099"}],"wp:term":[{"taxonomy":"product_brand","embeddable":true,"href":"https:\/\/yukibeauty.ch\/de\/wp-json\/wp\/v2\/product_brand?post=2099"},{"taxonomy":"product_cat","embeddable":true,"href":"https:\/\/yukibeauty.ch\/de\/wp-json\/wp\/v2\/product_cat?post=2099"},{"taxonomy":"product_tag","embeddable":true,"href":"https:\/\/yukibeauty.ch\/de\/wp-json\/wp\/v2\/product_tag?post=2099"}],"curies":[{"name":"wp","href":"https:\/\/api.w.org\/{rel}","templated":true}]}}