{"id":2102,"date":"2025-07-08T14:59:40","date_gmt":"2025-07-08T12:59:40","guid":{"rendered":"https:\/\/yukibeauty.ch\/product\/aha-bha-pha-30-days-miracle-cream-60g\/"},"modified":"2025-12-23T18:00:55","modified_gmt":"2025-12-23T17:00:55","slug":"aha-bha-pha-30-days-miracle-cream-60g","status":"publish","type":"product","link":"https:\/\/yukibeauty.ch\/de\/shop\/korean-routine\/cream\/aha-bha-pha-30-days-miracle-cream-60g\/","title":{"rendered":"Some By Mi - AHA BHA PHA 30 Days Miracle Cream 60g"},"content":{"rendered":"<h2 data-section-id=\"pyicji\" data-start=\"140\" data-end=\"194\"><strong data-start=\"144\" data-end=\"192\">Some By Mi AHA, BHA, PHA 30 Days Miracle Cream<\/strong><\/h2>\n<p data-start=\"195\" data-end=\"258\"><strong data-start=\"195\" data-end=\"258\">Beruhigende &amp; aufbauende Creme f\u00fcr akneanf\u00e4llige, empfindliche Haut<\/strong><\/p>\n<p data-start=\"260\" data-end=\"632\">Diese leichte, schnell einziehende Creme liefert <strong data-start=\"308\" data-end=\"377\">Intensivpflege f\u00fcr problematische, gereizte und zu Unreinheiten neigende Haut<\/strong>. Mit peelenden S\u00e4uren, beruhigenden Pflanzenextrakten und einem hautreparierenden Komplex hilft es, die <strong data-start=\"475\" data-end=\"523\">Akne reduzieren, R\u00f6tungen lindern, Gleichgewicht wiederherstellen<\/strong>und <strong data-start=\"529\" data-end=\"560\">die Hautbarriere zu st\u00e4rken<\/strong> - und hinterl\u00e4sst die Haut frisch und hydratisiert, ohne zu kleben.<\/p>\n<h2 data-section-id=\"5bvlsm\" data-start=\"639\" data-end=\"662\"><strong data-start=\"646\" data-end=\"662\">Wichtigste Vorteile<\/strong><\/h2>\n<ul data-start=\"664\" data-end=\"1904\">\n<li data-start=\"664\" data-end=\"1043\">\n<p data-start=\"666\" data-end=\"1043\"><strong data-start=\"666\" data-end=\"703\">Beruhigt, heilt und beugt Ausbr\u00fcchen vor<\/strong><br data-start=\"703\" data-end=\"706\" \/>Mit 700.000 ppm Centella-Asiatica-Extrakt und dem 4-Cica-Care-Komplex (Asias\u00e4ure, Madecas\u00e4ure, Asiaticosid, Madecasosid) beruhigt diese Creme Entz\u00fcndungen, unterst\u00fctzt die Regeneration der Haut und mildert Akne-R\u00fcckst\u00e4nde.<br data-start=\"947\" data-end=\"950\" \/>- Hilft bei Akne, Pickeln und R\u00f6tungen<br data-start=\"992\" data-end=\"995\" \/>- Verfeinert die Poren und st\u00e4rkt die Abwehrkr\u00e4fte der Haut<\/p>\n<\/li>\n<li data-start=\"1045\" data-end=\"1266\">\n<p data-start=\"1047\" data-end=\"1266\"><strong data-start=\"1047\" data-end=\"1086\">Exfoliert und gl\u00e4ttet die Hauttextur<\/strong><br data-start=\"1086\" data-end=\"1089\" \/>Mit AHA, BHA und PHA entfernt die Creme sanft abgestorbene Hautzellen, gleicht die Talgproduktion aus und hilft, verstopfte Poren zu verhindern - f\u00fcr eine glatte, klare und strahlende Haut.<\/p>\n<\/li>\n<li data-start=\"1268\" data-end=\"1489\">\n<p data-start=\"1270\" data-end=\"1489\"><strong data-start=\"1270\" data-end=\"1300\">Hydratisiert ohne zu beschweren<\/strong><br data-start=\"1300\" data-end=\"1303\" \/>Die leichte Gel-Creme-Textur verschmilzt mit der Haut und spendet tiefenwirksame Feuchtigkeit, ohne die Poren zu verstopfen oder einen fettigen Film zu hinterlassen.<br data-start=\"1433\" data-end=\"1436\" \/>- Perfekt f\u00fcr fettige, Mischhaut oder zu Akne neigende Haut<\/p>\n<\/li>\n<li data-start=\"1491\" data-end=\"1662\">\n<p data-start=\"1493\" data-end=\"1662\"><strong data-start=\"1493\" data-end=\"1535\">Erhellt und verbessert die Elastizit\u00e4t der Haut<\/strong><br data-start=\"1535\" data-end=\"1538\" \/>Angereichert mit Niacinamid, das fahle Haut aufhellt, und Adenosin, das feine Linien mildert und die Festigkeit der Haut langfristig verbessert.<\/p>\n<\/li>\n<li data-start=\"1664\" data-end=\"1904\">\n<p data-start=\"1666\" data-end=\"1904\"><strong data-start=\"1666\" data-end=\"1693\">Sicher f\u00fcr empfindliche Haut<\/strong><br data-start=\"1693\" data-end=\"1696\" \/>Enth\u00e4lt 10.000 ppm Teebaumblattextrakt zur Beruhigung von Reizungen.<br data-start=\"1766\" data-end=\"1769\" \/>Frei von 20 sch\u00e4dlichen Inhaltsstoffen (keine Parabene, k\u00fcnstliche Duftstoffe usw.), daher f\u00fcr die t\u00e4gliche Anwendung auch bei empfindlicher Haut geeignet.<\/p>\n<\/li>\n<\/ul>\n<h2 data-section-id=\"1h1gwk3\" data-start=\"1911\" data-end=\"1939\"><strong data-start=\"1918\" data-end=\"1937\">Wichtige Inhaltsstoffe<\/strong><\/h2>\n<ul data-start=\"1941\" data-end=\"2206\">\n<li data-start=\"1941\" data-end=\"1994\">\n<p data-start=\"1943\" data-end=\"1994\"><strong data-start=\"1943\" data-end=\"1963\">AHA \/ BHA \/ PHA:<\/strong> Peeling und Verfeinerung der Textur<\/p>\n<\/li>\n<li data-start=\"1995\" data-end=\"2053\">\n<p data-start=\"1997\" data-end=\"2053\"><strong data-start=\"1997\" data-end=\"2033\">Centella Asiatica &amp; 4-Cica Pflege:<\/strong> Reparieren und beruhigen<\/p>\n<\/li>\n<li data-start=\"2054\" data-end=\"2114\">\n<p data-start=\"2056\" data-end=\"2114\"><strong data-start=\"2056\" data-end=\"2077\">Teebaum-Extrakt:<\/strong> Beruhigt und reinigt zu Akne neigende Haut<\/p>\n<\/li>\n<li data-start=\"2115\" data-end=\"2158\">\n<p data-start=\"2117\" data-end=\"2158\"><strong data-start=\"2117\" data-end=\"2133\">Niacinamid:<\/strong> Hellt auf und gleicht aus<\/p>\n<\/li>\n<li data-start=\"2159\" data-end=\"2206\">\n<p data-start=\"2161\" data-end=\"2206\"><strong data-start=\"2161\" data-end=\"2175\">Adenosin:<\/strong> Mittel gegen Falten und zur Straffung<\/p>\n<\/li>\n<\/ul>\n<h2 data-section-id=\"3ng22f\" data-start=\"2213\" data-end=\"2241\"><strong data-start=\"2219\" data-end=\"2239\">Empfohlen f\u00fcr:<\/strong><\/h2>\n<ul data-start=\"2243\" data-end=\"2384\">\n<li data-start=\"2243\" data-end=\"2272\">\n<p data-start=\"2245\" data-end=\"2272\">Fettige Haut und Mischhaut<\/p>\n<\/li>\n<li data-start=\"2273\" data-end=\"2306\">\n<p data-start=\"2275\" data-end=\"2306\">Akneanf\u00e4llige und empfindliche Haut<\/p>\n<\/li>\n<li data-start=\"2307\" data-end=\"2350\">\n<p data-start=\"2309\" data-end=\"2350\">Vergr\u00f6\u00dferte Poren, R\u00f6tungen und Reizungen<\/p>\n<\/li>\n<li data-start=\"2351\" data-end=\"2384\">\n<p data-start=\"2353\" data-end=\"2384\">Ungleichm\u00e4\u00dfiger Hautton und postakneale Flecken<\/p>\n<\/li>\n<\/ul>","protected":false},"excerpt":{"rendered":"<p>Some By Mi AHA, BHA, PHA 30 Days Miracle Cream Soothing &amp; Restorative Cream for Acne-Prone, Sensitive Skin This lightweight,<\/p>","protected":false},"featured_media":3238,"comment_status":"open","ping_status":"closed","template":"","meta":[],"product_brand":[],"product_cat":[310,23,49,15],"product_tag":[],"class_list":{"0":"post-2102","1":"product","2":"type-product","3":"status-publish","4":"has-post-thumbnail","6":"product_cat-cream","7":"product_cat-face-cream","8":"product_cat-for-men","9":"product_cat-korean-routine","11":"first","12":"instock","13":"purchasable","14":"product-type-simple"},"_links":{"self":[{"href":"https:\/\/yukibeauty.ch\/de\/wp-json\/wp\/v2\/product\/2102","targetHints":{"allow":["GET"]}}],"collection":[{"href":"https:\/\/yukibeauty.ch\/de\/wp-json\/wp\/v2\/product"}],"about":[{"href":"https:\/\/yukibeauty.ch\/de\/wp-json\/wp\/v2\/types\/product"}],"replies":[{"embeddable":true,"href":"https:\/\/yukibeauty.ch\/de\/wp-json\/wp\/v2\/comments?post=2102"}],"wp:featuredmedia":[{"embeddable":true,"href":"https:\/\/yukibeauty.ch\/de\/wp-json\/wp\/v2\/media\/3238"}],"wp:attachment":[{"href":"https:\/\/yukibeauty.ch\/de\/wp-json\/wp\/v2\/media?parent=2102"}],"wp:term":[{"taxonomy":"product_brand","embeddable":true,"href":"https:\/\/yukibeauty.ch\/de\/wp-json\/wp\/v2\/product_brand?post=2102"},{"taxonomy":"product_cat","embeddable":true,"href":"https:\/\/yukibeauty.ch\/de\/wp-json\/wp\/v2\/product_cat?post=2102"},{"taxonomy":"product_tag","embeddable":true,"href":"https:\/\/yukibeauty.ch\/de\/wp-json\/wp\/v2\/product_tag?post=2102"}],"curies":[{"name":"wp","href":"https:\/\/api.w.org\/{rel}","templated":true}]}}