{"id":2103,"date":"2025-07-08T14:59:00","date_gmt":"2025-07-08T12:59:00","guid":{"rendered":"https:\/\/yukibeauty.ch\/product\/advanced-snail-92-all-in-one-cream\/"},"modified":"2026-02-10T10:00:12","modified_gmt":"2026-02-10T09:00:12","slug":"advanced-snail-92-all-in-one-cream","status":"publish","type":"product","link":"https:\/\/yukibeauty.ch\/de\/shop\/korean-routine\/cream\/advanced-snail-92-all-in-one-cream\/","title":{"rendered":"Advanced Snail 92 All-in-One-Creme"},"content":{"rendered":"<h2 data-start=\"117\" data-end=\"161\"><strong data-start=\"121\" data-end=\"159\">Advanced Snail 92 - All-in-One-Creme<\/strong><\/h2>\n<p data-start=\"162\" data-end=\"205\"><strong data-start=\"162\" data-end=\"205\">T\u00e4gliche Reparaturcreme mit 92% Schneckenschleim<\/strong><\/p>\n<p data-start=\"207\" data-end=\"459\">Eine kultige Feuchtigkeitscreme, die durch <strong data-start=\"246\" data-end=\"265\">92% Schneckenschleim<\/strong> um die Haut mit Feuchtigkeit zu versorgen, zu reparieren und wiederherzustellen, ohne sie zu beschweren oder zu verkleben. Diese Multil\u00f6sungs-Creme bek\u00e4mpft Anzeichen von Sch\u00e4den, lindert Irritationen nach Ausbr\u00fcchen und verbessert sichtbar Textur und Tonus.<\/p>\n<p data-start=\"461\" data-end=\"585\">Sie ist ideal f\u00fcr die t\u00e4gliche Anwendung, gleitet mit einem leichten, gelartigen Gef\u00fchl \u00fcber die Haut und schlie\u00dft die Feuchtigkeit ein, w\u00e4hrend sie die Hautbarriere st\u00e4rkt.<\/p>\n<h2 data-start=\"592\" data-end=\"610\">Wichtigste Vorteile<\/h2>\n<ul data-start=\"612\" data-end=\"929\">\n<li data-start=\"612\" data-end=\"656\">\n<p data-start=\"614\" data-end=\"656\">Spendet intensiv und lang anhaltend Feuchtigkeit<\/p>\n<\/li>\n<li data-start=\"657\" data-end=\"711\">\n<p data-start=\"659\" data-end=\"711\">Gl\u00e4ttet sichtbar feine Linien und verbessert die Elastizit\u00e4t<\/p>\n<\/li>\n<li data-start=\"712\" data-end=\"762\">\n<p data-start=\"714\" data-end=\"762\">Beruhigt R\u00f6tungen, Reizungen und Aknenarben<\/p>\n<\/li>\n<li data-start=\"763\" data-end=\"808\">\n<p data-start=\"765\" data-end=\"808\">Unterst\u00fctzt die Hautregeneration und gleicht den Hautton aus<\/p>\n<\/li>\n<li data-start=\"809\" data-end=\"865\">\n<p data-start=\"811\" data-end=\"865\">St\u00e4rkt die Hautbarriere, um zuk\u00fcnftigen Sch\u00e4den vorzubeugen<\/p>\n<\/li>\n<li data-start=\"866\" data-end=\"929\">\n<p data-start=\"868\" data-end=\"929\">Leichte, nicht fettende Textur, f\u00fcr alle Hauttypen geeignet<\/p>\n<\/li>\n<\/ul>\n<h2 data-start=\"936\" data-end=\"958\">Wichtige Inhaltsstoffe<\/h2>\n<ul data-start=\"960\" data-end=\"1292\">\n<li data-start=\"960\" data-end=\"1097\">\n<p data-start=\"962\" data-end=\"1097\"><strong data-start=\"962\" data-end=\"996\">Schneckensekretionsfiltrat (92%)<\/strong>: Eine kraftvolle Zutat, reich an <em data-start=\"1030\" data-end=\"1037\">Muzin<\/em>das die Haut intensiv mit Feuchtigkeit versorgt, sie beruhigt und ihre Regeneration f\u00f6rdert<\/p>\n<\/li>\n<li data-start=\"1098\" data-end=\"1160\">\n<p data-start=\"1100\" data-end=\"1160\"><strong data-start=\"1100\" data-end=\"1119\">Hyalurons\u00e4ure<\/strong>: Schlie\u00dft die Feuchtigkeit ein und polstert die Haut auf<\/p>\n<\/li>\n<li data-start=\"1161\" data-end=\"1226\">\n<p data-start=\"1163\" data-end=\"1226\"><strong data-start=\"1163\" data-end=\"1186\">Panthenol &amp; Betain<\/strong>: Beruhigt und st\u00e4rkt die Hautbarriere<\/p>\n<\/li>\n<li data-start=\"1227\" data-end=\"1292\">\n<p data-start=\"1229\" data-end=\"1292\"><strong data-start=\"1229\" data-end=\"1242\">Adenosin<\/strong>: Wirkt den Zeichen der Hautalterung entgegen und hellt den Hautton auf<\/p>\n<\/li>\n<li data-start=\"1227\" data-end=\"1292\">\n<p data-start=\"1229\" data-end=\"1292\"><strong data-start=\"1299\" data-end=\"1334\">Ethisch geerntetes Schneckenschleim<\/strong>: Es werden keine Schnecken gesch\u00e4digt. Das Mucin wird in einer stressfreien, nat\u00fcrlichen Umgebung gesammelt.<\/p>\n<\/li>\n<\/ul>\n<h2 data-start=\"1426\" data-end=\"1449\">Textur &amp; Oberfl\u00e4che<\/h2>\n<p data-start=\"1451\" data-end=\"1562\">Weiche, seidige Gel-Creme, die mit der Haut verschmilzt und ein frisches, hydratisiertes Strahlen hinterl\u00e4sst - ohne zu fetten oder zu beschweren.<\/p>\n<h2 data-start=\"1805\" data-end=\"1824\">Geeignet f\u00fcr<\/h2>\n<p data-start=\"1826\" data-end=\"1969\">- Dehydrierte &amp; fahle Haut<br data-start=\"1851\" data-end=\"1854\" \/>- Erholung nach Akne<br data-start=\"1875\" data-end=\"1878\" \/>- Empfindliche oder gereizte Haut<br data-start=\"1908\" data-end=\"1911\" \/>- Feine Linien und ungleichm\u00e4\u00dfiger Ton<br data-start=\"1940\" data-end=\"1943\" \/>- T\u00e4gliche Unterst\u00fctzung der Barriere<\/p>","protected":false},"excerpt":{"rendered":"<p>Advanced Snail 92 &#8211; All In One Cream Daily Repair Cream with 92% Snail Mucin A cult-favorite moisturizer powered by<\/p>","protected":false},"featured_media":3531,"comment_status":"open","ping_status":"closed","template":"","meta":[],"product_brand":[],"product_cat":[310,23,49,15],"product_tag":[],"class_list":{"0":"post-2103","1":"product","2":"type-product","3":"status-publish","4":"has-post-thumbnail","6":"product_cat-cream","7":"product_cat-face-cream","8":"product_cat-for-men","9":"product_cat-korean-routine","11":"first","12":"instock","13":"purchasable","14":"product-type-simple"},"_links":{"self":[{"href":"https:\/\/yukibeauty.ch\/de\/wp-json\/wp\/v2\/product\/2103","targetHints":{"allow":["GET"]}}],"collection":[{"href":"https:\/\/yukibeauty.ch\/de\/wp-json\/wp\/v2\/product"}],"about":[{"href":"https:\/\/yukibeauty.ch\/de\/wp-json\/wp\/v2\/types\/product"}],"replies":[{"embeddable":true,"href":"https:\/\/yukibeauty.ch\/de\/wp-json\/wp\/v2\/comments?post=2103"}],"wp:featuredmedia":[{"embeddable":true,"href":"https:\/\/yukibeauty.ch\/de\/wp-json\/wp\/v2\/media\/3531"}],"wp:attachment":[{"href":"https:\/\/yukibeauty.ch\/de\/wp-json\/wp\/v2\/media?parent=2103"}],"wp:term":[{"taxonomy":"product_brand","embeddable":true,"href":"https:\/\/yukibeauty.ch\/de\/wp-json\/wp\/v2\/product_brand?post=2103"},{"taxonomy":"product_cat","embeddable":true,"href":"https:\/\/yukibeauty.ch\/de\/wp-json\/wp\/v2\/product_cat?post=2103"},{"taxonomy":"product_tag","embeddable":true,"href":"https:\/\/yukibeauty.ch\/de\/wp-json\/wp\/v2\/product_tag?post=2103"}],"curies":[{"name":"wp","href":"https:\/\/api.w.org\/{rel}","templated":true}]}}