{"id":2104,"date":"2025-07-08T14:59:40","date_gmt":"2025-07-08T12:59:40","guid":{"rendered":"https:\/\/yukibeauty.ch\/product\/hyaluronic-acid-intensive-cream\/"},"modified":"2025-12-23T17:35:25","modified_gmt":"2025-12-23T16:35:25","slug":"hyaluronic-acid-intensive-cream","status":"publish","type":"product","link":"https:\/\/yukibeauty.ch\/de\/shop\/korean-routine\/cream\/hyaluronic-acid-intensive-cream\/","title":{"rendered":"Hyalurons\u00e4ure-Intensiv-Creme"},"content":{"rendered":"<h2 data-start=\"119\" data-end=\"160\"><strong data-start=\"123\" data-end=\"158\">Hyalurons\u00e4ure-Intensiv-Creme Yuki Beauty<\/strong><\/h2>\n<p data-start=\"161\" data-end=\"194\"><strong data-start=\"161\" data-end=\"194\">Der Feuchtigkeitsretter f\u00fcr Ihre Haut!<\/strong><\/p>\n<p data-start=\"196\" data-end=\"476\">Eine stark feuchtigkeitsspendende und dennoch leichte Creme, die trockene und empfindliche Haut beruhigt. Die Formel mit 3.000 ppm Natriumhyaluronat und 57,8% Sanddornwasser spendet sofort und lang anhaltend Feuchtigkeit und macht die Haut glatt, prall und angenehm gepflegt.<\/p>\n<p data-start=\"478\" data-end=\"631\">Perfekt f\u00fcr alle, die mit Trockenheit, Spannungsgef\u00fchlen oder einem fahlen Teint zu k\u00e4mpfen haben - diese Creme hilft, die Hautbarriere wiederherzustellen und den ganzen Tag \u00fcber Feuchtigkeit zu speichern.<\/p>\n<h2 data-start=\"638\" data-end=\"656\">Wichtigste Vorteile<\/h2>\n<ul data-start=\"658\" data-end=\"900\">\n<li data-start=\"658\" data-end=\"713\">\n<p data-start=\"660\" data-end=\"713\">Intensive Feuchtigkeitszufuhr f\u00fcr feuchtigkeitsarme und empfindliche Haut<\/p>\n<\/li>\n<li data-start=\"714\" data-end=\"756\">\n<p data-start=\"716\" data-end=\"756\">Erweicht und gl\u00e4ttet raue, schuppige Stellen<\/p>\n<\/li>\n<li data-start=\"757\" data-end=\"791\">\n<p data-start=\"759\" data-end=\"791\">Lindert R\u00f6tungen und Reizungen<\/p>\n<\/li>\n<li data-start=\"792\" data-end=\"829\">\n<p data-start=\"794\" data-end=\"829\">Hilft, die Hautbarriere zu st\u00e4rken<\/p>\n<\/li>\n<li data-start=\"830\" data-end=\"867\">\n<p data-start=\"832\" data-end=\"867\">Hinterl\u00e4sst ein frisches, nicht fettendes Finish<\/p>\n<\/li>\n<li data-start=\"868\" data-end=\"900\">\n<p data-start=\"870\" data-end=\"900\">Ideal f\u00fcr den t\u00e4glichen Gebrauch, AM &amp; PM<\/p>\n<\/li>\n<\/ul>\n<h2 data-start=\"907\" data-end=\"929\">Wichtige Inhaltsstoffe<\/h2>\n<ul data-start=\"931\" data-end=\"1291\">\n<li data-start=\"931\" data-end=\"1017\">\n<p data-start=\"933\" data-end=\"1017\">Natriumhyaluronat (3.000 ppm): Versorgt die Haut intensiv mit Feuchtigkeit und bindet diese in der Haut<\/p>\n<\/li>\n<li data-start=\"1018\" data-end=\"1134\">\n<p data-start=\"1020\" data-end=\"1134\">Hippophae Rhamnoides (Sanddorn) Wasser (57.8%): Reich an Vitaminen und Antioxidantien zur Beruhigung und Revitalisierung<\/p>\n<\/li>\n<li data-start=\"1135\" data-end=\"1231\">\n<p data-start=\"1137\" data-end=\"1231\">Sonnenblumenkern\u00f6l &amp; Macadamia-Samen\u00f6l: N\u00e4hren und unterst\u00fctzen die Schutzschicht der Haut<\/p>\n<\/li>\n<li data-start=\"1232\" data-end=\"1291\">\n<p data-start=\"1234\" data-end=\"1291\">Panthenol und Allantoin: Beruhigen und reduzieren Reizungen<\/p>\n<\/li>\n<\/ul>\n<h2 data-start=\"1298\" data-end=\"1321\">Textur &amp; Oberfl\u00e4che<\/h2>\n<p data-start=\"1323\" data-end=\"1458\">Leichte Cremetextur, die schnell einzieht, ohne zu beschweren oder zu kleben. Eignet sich gut als eigenst\u00e4ndige Creme oder unter dem Make-up.<\/p>\n<h2 data-start=\"1699\" data-end=\"1718\">Geeignet f\u00fcr<\/h2>\n<p data-start=\"1720\" data-end=\"1876\">- Trockene und dehydrierte Haut<br data-start=\"1744\" data-end=\"1747\" \/>- Empfindliche oder reaktive Haut<br data-start=\"1776\" data-end=\"1779\" \/>- Raue Textur &amp; Schuppigkeit<br data-start=\"1807\" data-end=\"1810\" \/>- Beeintr\u00e4chtigte Feuchtigkeitsbarriere<br data-start=\"1841\" data-end=\"1844\" \/>- Leichte t\u00e4gliche Fl\u00fcssigkeitszufuhr<\/p>","protected":false},"excerpt":{"rendered":"<p>Hyaluronic Acid Intensive Cream Yuki Beauty Your Skin\u2019s Moisture Saviour! A deeply hydrating, yet lightweight cream designed to quench dry<\/p>","protected":false},"featured_media":3530,"comment_status":"open","ping_status":"closed","template":"","meta":[],"product_brand":[],"product_cat":[310,23,49,15],"product_tag":[],"class_list":{"0":"post-2104","1":"product","2":"type-product","3":"status-publish","4":"has-post-thumbnail","6":"product_cat-cream","7":"product_cat-face-cream","8":"product_cat-for-men","9":"product_cat-korean-routine","11":"first","12":"instock","13":"sale","14":"purchasable","15":"product-type-simple"},"_links":{"self":[{"href":"https:\/\/yukibeauty.ch\/de\/wp-json\/wp\/v2\/product\/2104","targetHints":{"allow":["GET"]}}],"collection":[{"href":"https:\/\/yukibeauty.ch\/de\/wp-json\/wp\/v2\/product"}],"about":[{"href":"https:\/\/yukibeauty.ch\/de\/wp-json\/wp\/v2\/types\/product"}],"replies":[{"embeddable":true,"href":"https:\/\/yukibeauty.ch\/de\/wp-json\/wp\/v2\/comments?post=2104"}],"wp:featuredmedia":[{"embeddable":true,"href":"https:\/\/yukibeauty.ch\/de\/wp-json\/wp\/v2\/media\/3530"}],"wp:attachment":[{"href":"https:\/\/yukibeauty.ch\/de\/wp-json\/wp\/v2\/media?parent=2104"}],"wp:term":[{"taxonomy":"product_brand","embeddable":true,"href":"https:\/\/yukibeauty.ch\/de\/wp-json\/wp\/v2\/product_brand?post=2104"},{"taxonomy":"product_cat","embeddable":true,"href":"https:\/\/yukibeauty.ch\/de\/wp-json\/wp\/v2\/product_cat?post=2104"},{"taxonomy":"product_tag","embeddable":true,"href":"https:\/\/yukibeauty.ch\/de\/wp-json\/wp\/v2\/product_tag?post=2104"}],"curies":[{"name":"wp","href":"https:\/\/api.w.org\/{rel}","templated":true}]}}