{"id":2105,"date":"2025-07-08T14:59:00","date_gmt":"2025-07-08T12:59:00","guid":{"rendered":"https:\/\/yukibeauty.ch\/product\/aha-bha-pha-miracle-calming-body-lotion\/"},"modified":"2026-03-04T13:00:59","modified_gmt":"2026-03-04T12:00:59","slug":"aha-bha-pha-miracle-calming-body-lotion","status":"publish","type":"product","link":"https:\/\/yukibeauty.ch\/de\/shop\/korean-routine\/cream\/aha-bha-pha-miracle-calming-body-lotion\/","title":{"rendered":"AHA, BHA, PHA Miracle Calming Body Lotion"},"content":{"rendered":"<h2 data-section-id=\"1hhdger\" data-start=\"140\" data-end=\"192\">Some By Mi Beruhigende K\u00f6rperlotion mit S\u00e4uren<\/h2>\n<p data-start=\"193\" data-end=\"253\">Intensivpflege bei K\u00f6rperakne, Pigmentierung und unebener Haut<\/p>\n<p data-start=\"255\" data-end=\"571\">Diese leichte und dennoch leistungsstarke K\u00f6rperlotion wurde entwickelt, um Akne, raue Textur und Verf\u00e4rbungen zu bek\u00e4mpfen, insbesondere auf R\u00fccken, Brust und Schultern. Durch die Kombination von Peeling-S\u00e4uren mit beruhigenden und feuchtigkeitsspendenden Inhaltsstoffen hilft sie, Poren zu kl\u00e4ren, die Haut zu gl\u00e4tten und Ausbr\u00fcche zu reduzieren - und das alles ohne Reizungen.<\/p>\n<h2 data-section-id=\"1kr27hh\" data-start=\"578\" data-end=\"600\">Wichtigste Vorteile<\/h2>\n<ul data-start=\"602\" data-end=\"1436\">\n<li data-start=\"602\" data-end=\"862\">\n<p data-start=\"604\" data-end=\"862\"><strong>Mildes Peeling f\u00fcr glattere Haut<\/strong><br data-start=\"642\" data-end=\"645\" \/>Angereichert mit AHA, BHA, PHA und LHA entfernt die Formel sanft abgestorbene Hautzellen, \u00fcbersch\u00fcssigen Talg und Unreinheiten.<br data-start=\"762\" data-end=\"765\" \/>- Gl\u00e4ttet raue Haut<br data-start=\"787\" data-end=\"790\" \/>- Hilft, dunkle Flecken und Pigmentierungen zu verblassen<br data-start=\"832\" data-end=\"835\" \/>- Verringert verstopfte Poren<\/p>\n<\/li>\n<li data-start=\"864\" data-end=\"1167\">\n<p data-start=\"866\" data-end=\"1167\"><strong>Beruhigende Pflege f\u00fcr gereizte &amp; empfindliche Haut<\/strong><br data-start=\"913\" data-end=\"916\" \/>Eine beruhigende Mischung aus Teebaumblatt, Centella Asiatica, Chamaecyparis Obtusa Wasser und Houttuynia Cordata beruhigt R\u00f6tungen und unterst\u00fctzt die Hautregeneration.<br data-start=\"1076\" data-end=\"1079\" \/>- Ideal f\u00fcr entz\u00fcndete oder zu Akne neigende Haut<br data-start=\"1120\" data-end=\"1123\" \/>- Lindert Beschwerden und stellt das Gleichgewicht wieder her<\/p>\n<\/li>\n<li data-start=\"1169\" data-end=\"1436\">\n<p data-start=\"1171\" data-end=\"1436\">Tiefe Hydratation &amp; Unterst\u00fctzung der Hautbarriere<br data-start=\"1212\" data-end=\"1215\" \/>Mit einem Feuchtigkeitsgehalt von 96% spendet die Lotion tiefenwirksam Feuchtigkeit, hilft Feuchtigkeit zu speichern und unterst\u00fctzt die nat\u00fcrliche Schutzbarriere der Haut.<br data-start=\"1354\" data-end=\"1357\" \/>- Leichte, schnell einziehende Textur<br data-start=\"1396\" data-end=\"1399\" \/>- Hinterl\u00e4sst ein erfrischendes, k\u00fchlendes Gef\u00fchl<\/p>\n<\/li>\n<\/ul>\n<h2 data-section-id=\"1h1gwk3\" data-start=\"1443\" data-end=\"1471\">Wichtige Inhaltsstoffe<\/h2>\n<ul data-start=\"1473\" data-end=\"1836\">\n<li data-start=\"1473\" data-end=\"1546\">\n<p data-start=\"1475\" data-end=\"1546\">Salicyls\u00e4ure (BHA): Exfoliert, kl\u00e4rt die Poren und verbessert den Hautton<\/p>\n<\/li>\n<li data-start=\"1547\" data-end=\"1611\">\n<p data-start=\"1549\" data-end=\"1611\">Gluconolacton (PHA): Macht die Haut sanft wieder weich und geschmeidig<\/p>\n<\/li>\n<li data-start=\"1612\" data-end=\"1693\">\n<p data-start=\"1614\" data-end=\"1693\">Niacinamid (Vitamin B3): Hellt auf, beruhigt und gleicht die \u00d6lproduktion aus<\/p>\n<\/li>\n<li data-start=\"1694\" data-end=\"1767\">\n<p data-start=\"1696\" data-end=\"1767\">Centella Asiatica-Extrakte: Beruhigen Entz\u00fcndungen und unterst\u00fctzen die Heilung<\/p>\n<\/li>\n<li data-start=\"1768\" data-end=\"1836\">\n<p data-start=\"1770\" data-end=\"1836\">Teebaumextrakt: Bietet antibakterielle und erfrischende Eigenschaften<\/p>\n<\/li>\n<\/ul>","protected":false},"excerpt":{"rendered":"<p>Some By Mi Soothing Body Lotion with Acids Intensive Care for Body Acne, Pigmentation &amp; Uneven Skin This lightweight yet<\/p>","protected":false},"featured_media":3264,"comment_status":"open","ping_status":"closed","template":"","meta":[],"product_brand":[],"product_cat":[310,23,49,15],"product_tag":[],"class_list":{"0":"post-2105","1":"product","2":"type-product","3":"status-publish","4":"has-post-thumbnail","6":"product_cat-cream","7":"product_cat-face-cream","8":"product_cat-for-men","9":"product_cat-korean-routine","11":"first","12":"instock","13":"purchasable","14":"product-type-simple"},"_links":{"self":[{"href":"https:\/\/yukibeauty.ch\/de\/wp-json\/wp\/v2\/product\/2105","targetHints":{"allow":["GET"]}}],"collection":[{"href":"https:\/\/yukibeauty.ch\/de\/wp-json\/wp\/v2\/product"}],"about":[{"href":"https:\/\/yukibeauty.ch\/de\/wp-json\/wp\/v2\/types\/product"}],"replies":[{"embeddable":true,"href":"https:\/\/yukibeauty.ch\/de\/wp-json\/wp\/v2\/comments?post=2105"}],"wp:featuredmedia":[{"embeddable":true,"href":"https:\/\/yukibeauty.ch\/de\/wp-json\/wp\/v2\/media\/3264"}],"wp:attachment":[{"href":"https:\/\/yukibeauty.ch\/de\/wp-json\/wp\/v2\/media?parent=2105"}],"wp:term":[{"taxonomy":"product_brand","embeddable":true,"href":"https:\/\/yukibeauty.ch\/de\/wp-json\/wp\/v2\/product_brand?post=2105"},{"taxonomy":"product_cat","embeddable":true,"href":"https:\/\/yukibeauty.ch\/de\/wp-json\/wp\/v2\/product_cat?post=2105"},{"taxonomy":"product_tag","embeddable":true,"href":"https:\/\/yukibeauty.ch\/de\/wp-json\/wp\/v2\/product_tag?post=2105"}],"curies":[{"name":"wp","href":"https:\/\/api.w.org\/{rel}","templated":true}]}}