{"id":2107,"date":"2025-07-08T14:59:40","date_gmt":"2025-07-08T12:59:40","guid":{"rendered":"https:\/\/yukibeauty.ch\/product\/water-bank-blue-hyaluronic-moisture-cream-50ml\/"},"modified":"2025-12-16T21:17:17","modified_gmt":"2025-12-16T20:17:17","slug":"laneige-water-bank-blue-hyaluronic-cream","status":"publish","type":"product","link":"https:\/\/yukibeauty.ch\/de\/shop\/korean-routine\/cream\/laneige-water-bank-blue-hyaluronic-cream\/","title":{"rendered":"Wasserbank Blaue Hyalurons\u00e4ure-Feuchtigkeitscreme 50ml"},"content":{"rendered":"<h2 data-start=\"208\" data-end=\"270\"><strong data-start=\"212\" data-end=\"268\">LANEIGE Water Bank Blue Hyaluronic Cream Feuchtigkeitscreme<\/strong><\/h2>\n<p data-start=\"271\" data-end=\"364\"><strong data-start=\"271\" data-end=\"322\">Klinisch erwiesene Feuchtigkeitszufuhr f\u00fcr bis zu 100 Stunden<\/strong><br data-start=\"322\" data-end=\"325\" \/><em data-start=\"325\" data-end=\"364\">Angetrieben von koreanischer Hautpflege-Innovation<\/em><\/p>\n<h2 data-start=\"371\" data-end=\"402\"><strong data-start=\"378\" data-end=\"400\">Warum Sie es lieben werden<\/strong><\/h2>\n<p data-start=\"403\" data-end=\"581\">Eine leichte, barrierest\u00e4rkende Creme f\u00fcr normale bis trockene Haut, die bis zu 100 Stunden lang Feuchtigkeit spendet. Ideal f\u00fcr die t\u00e4gliche Anwendung - auch unter Make-up.<\/p>\n<ul data-start=\"583\" data-end=\"911\">\n<li data-start=\"583\" data-end=\"674\">\n<p data-start=\"585\" data-end=\"674\">Klinisch gesicherte Formel, die Feuchtigkeit spendet, die Haut beruhigt und die Hautbarriere st\u00e4rkt.<\/p>\n<\/li>\n<li data-start=\"675\" data-end=\"767\">\n<p data-start=\"677\" data-end=\"767\">Reduziert R\u00f6tungen, schuppige Haut, Spannungsgef\u00fchle und Anzeichen von Trockenheit bereits bei der ersten Anwendung.<\/p>\n<\/li>\n<li data-start=\"768\" data-end=\"849\">\n<p data-start=\"770\" data-end=\"849\">Hypoallergen, hautvertr\u00e4glich und frei von aggressiven Inhaltsstoffen.<\/p>\n<\/li>\n<li data-start=\"850\" data-end=\"911\">\n<p data-start=\"852\" data-end=\"911\">Wird in einem nachf\u00fcllbaren Beh\u00e4lter geliefert, der den Plastikverbrauch um 70% reduziert.<\/p>\n<\/li>\n<\/ul>\n<h2 data-start=\"918\" data-end=\"944\"><strong data-start=\"925\" data-end=\"944\">Wichtige Inhaltsstoffe<\/strong><\/h2>\n<ul data-start=\"946\" data-end=\"1279\">\n<li data-start=\"946\" data-end=\"1068\">\n<p data-start=\"948\" data-end=\"1068\">Blaue Hyalurons\u00e4ure (HA):<br data-start=\"978\" data-end=\"981\" \/>Die mikroskopisch kleinen Molek\u00fcle dringen tief ein und sorgen f\u00fcr eine schnelle, wirksame und lang anhaltende Feuchtigkeitszufuhr.<\/p>\n<\/li>\n<li data-start=\"1070\" data-end=\"1188\">\n<p data-start=\"1072\" data-end=\"1188\">Pepta-Panthenol-Komplex\u2122:<br data-start=\"1101\" data-end=\"1104\" \/>Eine Mischung, die die Haut strafft, beruhigt und die Schutzbarriere der Haut st\u00e4rkt.<\/p>\n<\/li>\n<li data-start=\"1190\" data-end=\"1279\">\n<p data-start=\"1192\" data-end=\"1279\">Squalan:<br data-start=\"1205\" data-end=\"1208\" \/>Ahmt die nat\u00fcrlichen Hautlipide nach, um die Haut weich zu machen, zu pflegen und ihr Komfort zu verleihen.<\/p>\n<\/li>\n<\/ul>\n<h2 data-start=\"1286\" data-end=\"1318\"><strong data-start=\"1293\" data-end=\"1318\">Textur und Anwendung<\/strong><\/h2>\n<ul data-start=\"1319\" data-end=\"1511\">\n<li data-start=\"1319\" data-end=\"1357\">\n<p data-start=\"1321\" data-end=\"1357\">Formulierung: Leichte Creme<\/p>\n<\/li>\n<li data-start=\"1358\" data-end=\"1426\">\n<p data-start=\"1360\" data-end=\"1426\">Anwendung: Morgens und abends nach dem Serum auf Gesicht und Hals auftragen.<\/p>\n<\/li>\n<li data-start=\"1427\" data-end=\"1511\">\n<p data-start=\"1429\" data-end=\"1511\">Wirkt wunderbar unter dem Make-up und als Teil Ihrer t\u00e4glichen oder n\u00e4chtlichen Routine.<\/p>\n<\/li>\n<\/ul>\n<h2 data-start=\"1518\" data-end=\"1554\"><strong data-start=\"1525\" data-end=\"1554\">Klinisch nachgewiesene Ergebnisse<\/strong><\/h2>\n<p data-start=\"1556\" data-end=\"1578\">Nach 30 Minuten<\/p>\n<ul data-start=\"1579\" data-end=\"1631\">\n<li data-start=\"1579\" data-end=\"1631\">\n<p data-start=\"1581\" data-end=\"1631\">Sofortige provisorische Reparatur der Feuchtigkeitssperre<\/p>\n<\/li>\n<\/ul>\n<p data-start=\"1633\" data-end=\"1658\">Nach 1 Anwendung<\/p>\n<ul data-start=\"1659\" data-end=\"1740\">\n<li data-start=\"1659\" data-end=\"1707\">\n<p data-start=\"1661\" data-end=\"1707\">Die Hautfeuchtigkeit dringt 10 Schichten tief ein<\/p>\n<\/li>\n<li data-start=\"1708\" data-end=\"1740\">\n<p data-start=\"1710\" data-end=\"1740\">Elastizit\u00e4t verbessert sich durch 11%<\/p>\n<\/li>\n<\/ul>\n<p data-start=\"1742\" data-end=\"1761\">Nach 4 Wochen<\/p>\n<ul data-start=\"1762\" data-end=\"1921\">\n<li data-start=\"1762\" data-end=\"1795\">\n<p data-start=\"1764\" data-end=\"1795\">Bew\u00e4hrte 100-Stunden-Hydratation<\/p>\n<\/li>\n<li data-start=\"1796\" data-end=\"1828\">\n<p data-start=\"1798\" data-end=\"1828\">100% sagte, die Haut f\u00fchle sich repariert an<\/p>\n<\/li>\n<li data-start=\"1829\" data-end=\"1867\">\n<p data-start=\"1831\" data-end=\"1867\">100% bemerkt weichere, glattere Haut<\/p>\n<\/li>\n<li data-start=\"1868\" data-end=\"1921\">\n<p data-start=\"1870\" data-end=\"1921\">96% sagte, dass die Haut revitalisiert und widerstandsf\u00e4higer aussieht<\/p>\n<\/li>\n<\/ul>\n<h2 data-start=\"1928\" data-end=\"1953\"><strong data-start=\"1936\" data-end=\"1953\">Saubere Formel<\/strong><\/h2>\n<p data-start=\"1954\" data-end=\"2169\">Frei von:<br data-start=\"1962\" data-end=\"1965\" \/>Parabene, Phthalate, Mineral\u00f6l, Sulfate (SLS &amp; SLES), synthetische Duftstoffe (&lt;1%), Formaldehyd, Oxybenzon, Kohlenteer und mehr. Au\u00dferdem <strong data-start=\"2103\" data-end=\"2118\">glutenfrei<\/strong>, <strong data-start=\"2120\" data-end=\"2144\">Dermatologisch getestet<\/strong>und <strong data-start=\"2150\" data-end=\"2168\">hypoallergen<\/strong>.<\/p>\n<p data-start=\"2176\" data-end=\"2274\"><strong data-start=\"2179\" data-end=\"2208\">50ml Nachf\u00fcllpackung<\/strong><br data-start=\"2208\" data-end=\"2211\" \/>Helfen Sie mit, Plastikm\u00fcll zu reduzieren, ohne auf luxuri\u00f6se Hautpflege zu verzichten.<\/p>","protected":false},"excerpt":{"rendered":"<p>LANEIGE Water Bank Blue Hyaluronic Cream Moisturizer Clinically proven hydration for up to 100 hoursPowered by Korean skincare innovation Why<\/p>","protected":false},"featured_media":3279,"comment_status":"open","ping_status":"closed","template":"","meta":[],"product_brand":[],"product_cat":[310,23,49,15],"product_tag":[],"class_list":{"0":"post-2107","1":"product","2":"type-product","3":"status-publish","4":"has-post-thumbnail","6":"product_cat-cream","7":"product_cat-face-cream","8":"product_cat-for-men","9":"product_cat-korean-routine","11":"first","12":"outofstock","13":"featured","14":"purchasable","15":"product-type-simple"},"_links":{"self":[{"href":"https:\/\/yukibeauty.ch\/de\/wp-json\/wp\/v2\/product\/2107","targetHints":{"allow":["GET"]}}],"collection":[{"href":"https:\/\/yukibeauty.ch\/de\/wp-json\/wp\/v2\/product"}],"about":[{"href":"https:\/\/yukibeauty.ch\/de\/wp-json\/wp\/v2\/types\/product"}],"replies":[{"embeddable":true,"href":"https:\/\/yukibeauty.ch\/de\/wp-json\/wp\/v2\/comments?post=2107"}],"wp:featuredmedia":[{"embeddable":true,"href":"https:\/\/yukibeauty.ch\/de\/wp-json\/wp\/v2\/media\/3279"}],"wp:attachment":[{"href":"https:\/\/yukibeauty.ch\/de\/wp-json\/wp\/v2\/media?parent=2107"}],"wp:term":[{"taxonomy":"product_brand","embeddable":true,"href":"https:\/\/yukibeauty.ch\/de\/wp-json\/wp\/v2\/product_brand?post=2107"},{"taxonomy":"product_cat","embeddable":true,"href":"https:\/\/yukibeauty.ch\/de\/wp-json\/wp\/v2\/product_cat?post=2107"},{"taxonomy":"product_tag","embeddable":true,"href":"https:\/\/yukibeauty.ch\/de\/wp-json\/wp\/v2\/product_tag?post=2107"}],"curies":[{"name":"wp","href":"https:\/\/api.w.org\/{rel}","templated":true}]}}