{"id":2112,"date":"2025-07-08T14:59:00","date_gmt":"2025-07-08T12:59:00","guid":{"rendered":"https:\/\/yukibeauty.ch\/product\/advanced-snail96-mucin-power-essence\/"},"modified":"2025-10-30T21:48:49","modified_gmt":"2025-10-30T20:48:49","slug":"advanced-snail96-mucin-power-essence","status":"publish","type":"product","link":"https:\/\/yukibeauty.ch\/de\/shop\/korean-routine\/essence\/advanced-snail96-mucin-power-essence\/","title":{"rendered":"Erweiterte Schnecke 96 Mucin Power Essenz"},"content":{"rendered":"<h3 data-start=\"219\" data-end=\"266\"><strong data-start=\"223\" data-end=\"264\">Erweiterte Schnecke 96 Mucin Power Essenz<\/strong><\/h3>\n<p data-start=\"267\" data-end=\"321\">Revitalisierende Essenz mit 96% Schneckenschleim-Filtrat<\/p>\n<p data-start=\"323\" data-end=\"696\">Diese kultige Essenz von <strong data-start=\"355\" data-end=\"364\">COSRX<\/strong> spendet intensive Feuchtigkeit und repariert die Haut sichtbar mit <strong data-start=\"422\" data-end=\"441\">96% Schneckenschleim<\/strong>, ein leistungsstarker Inhaltsstoff, der f\u00fcr seine regenerierenden und beruhigenden Eigenschaften bekannt ist. Diese leichte Formel, die von Millionen von Menschen geliebt wird, hilft, gesch\u00e4digte Haut wiederherzustellen, Tonus und Textur auszugleichen und einen gesunden, strahlenden Teint zu f\u00f6rdern - und das alles ohne Reizungen oder R\u00fcckst\u00e4nde.<\/p>\n<h3 data-start=\"703\" data-end=\"730\"><strong data-start=\"710\" data-end=\"730\">Warum Schneckenschleim?<\/strong><\/h3>\n<p data-start=\"732\" data-end=\"1001\">Die Vorteile von Schneckenschleim wurden unerwartet entdeckt, als Arbeiter, die Schnecken ernteten, feststellten, dass ihre H\u00e4nde trotz m\u00fchsamer Arbeit weich, glatt und jugendlich blieben. COSRX machte sich dieses nat\u00fcrliche Wunder zunutze und perfektionierte es zu einem sanften, leistungsstarken Hautpflegeprodukt.<\/p>\n<h3 data-start=\"1008\" data-end=\"1030\"><strong data-start=\"1014\" data-end=\"1030\">Wichtigste Vorteile<\/strong><\/h3>\n<ul data-start=\"1032\" data-end=\"1329\">\n<li data-start=\"1032\" data-end=\"1080\">\n<p data-start=\"1034\" data-end=\"1080\">Repariert und st\u00e4rkt die Hautbarriere<\/p>\n<\/li>\n<li data-start=\"1081\" data-end=\"1122\">\n<p data-start=\"1083\" data-end=\"1122\">Spendet intensiv Feuchtigkeit, ohne zu beschweren<\/p>\n<\/li>\n<li data-start=\"1123\" data-end=\"1171\">\n<p data-start=\"1125\" data-end=\"1171\">Reduziert R\u00f6tungen, Schuppenbildung und Reizungen<\/p>\n<\/li>\n<li data-start=\"1172\" data-end=\"1219\">\n<p data-start=\"1174\" data-end=\"1219\">Verbessert die Elastizit\u00e4t und Geschmeidigkeit der Haut<\/p>\n<\/li>\n<li data-start=\"1220\" data-end=\"1266\">\n<p data-start=\"1222\" data-end=\"1266\">Minimiert das Erscheinungsbild von feinen Linien<\/p>\n<\/li>\n<li data-start=\"1267\" data-end=\"1329\">\n<p data-start=\"1269\" data-end=\"1329\">Kontrolliert \u00fcbersch\u00fcssiges \u00d6l und unterst\u00fctzt einen ausgeglichenen Teint<\/p>\n<\/li>\n<\/ul>\n<h3 data-start=\"1336\" data-end=\"1367\"><strong data-start=\"1343\" data-end=\"1367\">Sauber &amp; grausam-frei<\/strong><\/h3>\n<p data-start=\"1369\" data-end=\"1557\">Dabei werden keine Schnecken gesch\u00e4digt. Sie bewegen sich frei auf einem Netz in einer ruhigen, dunklen Umgebung, in der Schleim auf nat\u00fcrliche und humane Weise gesammelt wird - ohne jegliche \u00e4u\u00dfere Gewalt oder Stress.<\/p>\n<h3 data-start=\"1564\" data-end=\"1585\">Textur &amp; Gef\u00fchl<\/h3>\n<p data-start=\"1587\" data-end=\"1761\">Eine klare, leichte Essenz, die schnell in die Haut einzieht, ohne zu kleben. Hinterl\u00e4sst Ihre Haut prall, hydratisiert und strahlend - perfekt zum Auftragen oder zur alleinigen Anwendung.<\/p>\n<h3 data-start=\"1768\" data-end=\"1786\">Geeignet f\u00fcr<\/h3>\n<p data-start=\"1788\" data-end=\"1939\">- Alle Hauttypen, einschlie\u00dflich empfindlicher und zu Akne neigender Haut<br data-start=\"1841\" data-end=\"1844\" \/>- Dehydrierte, gereizte oder schuppige Haut<br data-start=\"1883\" data-end=\"1886\" \/>- Haut mit Anzeichen von Stress, Alterung oder Fahlheit<\/p>","protected":false},"excerpt":{"rendered":"<p>Advanced Snail 96 Mucin Power Essence Revitalizing Essence with 96% Snail Mucin Filtrate This cult-favorite essence from COSRX delivers intense<\/p>","protected":false},"featured_media":3334,"comment_status":"open","ping_status":"closed","template":"","meta":[],"product_brand":[],"product_cat":[20,49,15],"product_tag":[],"class_list":{"0":"post-2112","1":"product","2":"type-product","3":"status-publish","4":"has-post-thumbnail","6":"product_cat-essence","7":"product_cat-for-men","8":"product_cat-korean-routine","10":"first","11":"outofstock","12":"purchasable","13":"product-type-simple"},"_links":{"self":[{"href":"https:\/\/yukibeauty.ch\/de\/wp-json\/wp\/v2\/product\/2112","targetHints":{"allow":["GET"]}}],"collection":[{"href":"https:\/\/yukibeauty.ch\/de\/wp-json\/wp\/v2\/product"}],"about":[{"href":"https:\/\/yukibeauty.ch\/de\/wp-json\/wp\/v2\/types\/product"}],"replies":[{"embeddable":true,"href":"https:\/\/yukibeauty.ch\/de\/wp-json\/wp\/v2\/comments?post=2112"}],"wp:featuredmedia":[{"embeddable":true,"href":"https:\/\/yukibeauty.ch\/de\/wp-json\/wp\/v2\/media\/3334"}],"wp:attachment":[{"href":"https:\/\/yukibeauty.ch\/de\/wp-json\/wp\/v2\/media?parent=2112"}],"wp:term":[{"taxonomy":"product_brand","embeddable":true,"href":"https:\/\/yukibeauty.ch\/de\/wp-json\/wp\/v2\/product_brand?post=2112"},{"taxonomy":"product_cat","embeddable":true,"href":"https:\/\/yukibeauty.ch\/de\/wp-json\/wp\/v2\/product_cat?post=2112"},{"taxonomy":"product_tag","embeddable":true,"href":"https:\/\/yukibeauty.ch\/de\/wp-json\/wp\/v2\/product_tag?post=2112"}],"curies":[{"name":"wp","href":"https:\/\/api.w.org\/{rel}","templated":true}]}}