{"id":2113,"date":"2025-07-08T14:59:40","date_gmt":"2025-07-08T12:59:40","guid":{"rendered":"https:\/\/yukibeauty.ch\/product\/bean-essence-50ml\/"},"modified":"2025-09-17T13:11:28","modified_gmt":"2025-09-17T11:11:28","slug":"bean-essence-50ml","status":"publish","type":"product","link":"https:\/\/yukibeauty.ch\/de\/shop\/korean-routine\/essence\/bean-essence-50ml\/","title":{"rendered":"Bohnen-Essenz 50ml"},"content":{"rendered":"<h3 data-start=\"129\" data-end=\"166\"><strong data-start=\"133\" data-end=\"164\">Mixsoon Bohnen-Essenz (50ml)<\/strong><\/h3>\n<p data-start=\"167\" data-end=\"351\">Eine Multitasking-Essenz, die die Haut mit der Kraft fermentierter Sojabohnen hydratisiert, exfoliert und revitalisiert. Leicht, nicht klebend und ideal f\u00fcr alle Hauttypen - auch f\u00fcr empfindliche.<\/p>\n<p data-start=\"358\" data-end=\"516\"><strong data-start=\"358\" data-end=\"375\">Wichtigste Vorteile:<\/strong><\/p>\n<p>Fermentierter Sojabohnenextrakt:<br data-start=\"411\" data-end=\"414\" \/>Reich an Aminos\u00e4uren, Vitaminen und Kalzium - spendet tief Feuchtigkeit, n\u00e4hrt \u0442\u0430 \u0437\u0430\u0445\u0438\u0449\u0430\u0454 \u0432\u0456\u0434 \u0437\u043d\u0435\u0432\u043e\u0434\u043d\u0435\u043d\u043d\u044f.<\/p>\n<p data-start=\"518\" data-end=\"687\">Verfeinert die Textur und minimiert die Poren:<br data-start=\"558\" data-end=\"561\" \/>Entfernt sanftes Peeling, Unreinheiten, verstopfte Poren, kontrolliert den Talg und reduziert \u00f6ligen Glanz - f\u00fcr einen glatten, klaren Teint.<\/p>\n<p data-start=\"689\" data-end=\"817\">Anti-Aging &amp; Hautreparatur:<br data-start=\"722\" data-end=\"725\" \/>Verbessert die Elastizit\u00e4t, mildert feine Linien und f\u00f6rdert die Regeneration der Haut auf zellul\u00e4rer Ebene.<\/p>\n<p data-start=\"819\" data-end=\"863\">Zweifacher Nutzen - Hydratation und Peeling:<\/p>\n<ul data-start=\"864\" data-end=\"1008\">\n<li data-start=\"864\" data-end=\"931\">\n<p data-start=\"866\" data-end=\"931\">Als feuchtigkeitsspendende Essenz - t\u00e4gliche Anwendung f\u00fcr pralle, strahlende Haut.<\/p>\n<\/li>\n<li data-start=\"932\" data-end=\"1008\">\n<p data-start=\"934\" data-end=\"1008\">Als Peeling-Essenz - 2-3 Mal pro Woche zum Gl\u00e4tten und Aufhellen.<\/p>\n<\/li>\n<\/ul>\n<p data-start=\"1010\" data-end=\"1159\">Leicht und nicht klebend:<br data-start=\"1042\" data-end=\"1045\" \/>Zieht schnell ein, ohne fettige R\u00fcckst\u00e4nde zu hinterlassen, und sorgt f\u00fcr ein frisches Finish, das sich gut unter jede Hautpflege legt.<\/p>\n<p data-start=\"1010\" data-end=\"1159\"><strong data-start=\"1487\" data-end=\"1501\">Hauttyp:<\/strong> Alle - auch empfindliche<br data-start=\"1527\" data-end=\"1530\" \/><strong data-start=\"1530\" data-end=\"1542\">Textur:<\/strong> Leichte, w\u00e4ssrige Essenz<br data-start=\"1570\" data-end=\"1573\" \/><strong data-start=\"1573\" data-end=\"1584\">Beenden:<\/strong> Frisch, weich, nicht klebrig<\/p>","protected":false},"excerpt":{"rendered":"<p>Mixsoon Bean Essence (50ml) A multitasking essence that hydrates, exfoliates, and revitalizes the skin with the power of fermented soybeans.<\/p>","protected":false},"featured_media":3340,"comment_status":"open","ping_status":"closed","template":"","meta":[],"product_brand":[],"product_cat":[20,49,15],"product_tag":[],"class_list":{"0":"post-2113","1":"product","2":"type-product","3":"status-publish","4":"has-post-thumbnail","6":"product_cat-essence","7":"product_cat-for-men","8":"product_cat-korean-routine","10":"first","11":"outofstock","12":"purchasable","13":"product-type-simple"},"_links":{"self":[{"href":"https:\/\/yukibeauty.ch\/de\/wp-json\/wp\/v2\/product\/2113","targetHints":{"allow":["GET"]}}],"collection":[{"href":"https:\/\/yukibeauty.ch\/de\/wp-json\/wp\/v2\/product"}],"about":[{"href":"https:\/\/yukibeauty.ch\/de\/wp-json\/wp\/v2\/types\/product"}],"replies":[{"embeddable":true,"href":"https:\/\/yukibeauty.ch\/de\/wp-json\/wp\/v2\/comments?post=2113"}],"wp:featuredmedia":[{"embeddable":true,"href":"https:\/\/yukibeauty.ch\/de\/wp-json\/wp\/v2\/media\/3340"}],"wp:attachment":[{"href":"https:\/\/yukibeauty.ch\/de\/wp-json\/wp\/v2\/media?parent=2113"}],"wp:term":[{"taxonomy":"product_brand","embeddable":true,"href":"https:\/\/yukibeauty.ch\/de\/wp-json\/wp\/v2\/product_brand?post=2113"},{"taxonomy":"product_cat","embeddable":true,"href":"https:\/\/yukibeauty.ch\/de\/wp-json\/wp\/v2\/product_cat?post=2113"},{"taxonomy":"product_tag","embeddable":true,"href":"https:\/\/yukibeauty.ch\/de\/wp-json\/wp\/v2\/product_tag?post=2113"}],"curies":[{"name":"wp","href":"https:\/\/api.w.org\/{rel}","templated":true}]}}