{"id":2114,"date":"2025-07-08T14:59:40","date_gmt":"2025-07-08T12:59:40","guid":{"rendered":"https:\/\/yukibeauty.ch\/product\/the-6-peptide-skin-booster\/"},"modified":"2026-02-10T10:02:34","modified_gmt":"2026-02-10T09:02:34","slug":"6-peptide-skin-booster","status":"publish","type":"product","link":"https:\/\/yukibeauty.ch\/de\/shop\/korean-routine\/essence\/6-peptide-skin-booster\/","title":{"rendered":"Der 6 Peptide Skin Booster"},"content":{"rendered":"<h2 data-start=\"164\" data-end=\"206\"><strong data-start=\"168\" data-end=\"204\">Das 6 Peptide Skin Booster Serum<\/strong><\/h2>\n<p data-start=\"207\" data-end=\"266\">Ihr erster Schritt zu einer ges\u00fcnderen, glatteren und strafferen Haut<\/p>\n<p data-start=\"268\" data-end=\"564\">Dieses leichte, schnell einziehende Serum enth\u00e4lt 6 hautverbessernde Peptide, die Ihre Haut vom ersten Schritt Ihrer Pflege an umfassend verbessern. Es bek\u00e4mpft eine Vielzahl von Problemen - von vergr\u00f6\u00dferten Poren und \u00fcbersch\u00fcssigem Talg bis hin zu ungleichm\u00e4\u00dfigem Hautton, rauer Textur, feinen Linien und Empfindlichkeit.<\/p>\n<h2 data-start=\"905\" data-end=\"944\"><strong data-start=\"912\" data-end=\"944\">6 klinisch erprobte Peptide<\/strong><\/h2>\n<ul data-start=\"946\" data-end=\"1376\">\n<li data-start=\"946\" data-end=\"1004\">\n<p data-start=\"948\" data-end=\"1004\">SH-Polypeptid-121 - F\u00f6rdert Kollagen und strafft die Haut<\/p>\n<\/li>\n<li data-start=\"1005\" data-end=\"1076\">\n<p data-start=\"1007\" data-end=\"1076\">Copper Tripeptide-1 - Verfeinert die Textur und unterst\u00fctzt die Hauterneuerung<\/p>\n<\/li>\n<li data-start=\"1077\" data-end=\"1168\">\n<p data-start=\"1079\" data-end=\"1168\">Dipeptid Diaminobutyroyl Benzylamide Diacetate - Reguliert den Talg und minimiert die Poren<\/p>\n<\/li>\n<li data-start=\"1169\" data-end=\"1228\">\n<p data-start=\"1171\" data-end=\"1228\">Oligopeptid-68 - hellt die Haut auf und gleicht den Hautton aus<\/p>\n<\/li>\n<li data-start=\"1229\" data-end=\"1298\">\n<p data-start=\"1231\" data-end=\"1298\">Palmitoyl Tripeptide-8 - Beruhigt und reduziert die Hautempfindlichkeit<\/p>\n<\/li>\n<li data-start=\"1299\" data-end=\"1376\">\n<p data-start=\"1301\" data-end=\"1376\">Acetyl Hexapeptide-8 - Strafft und mildert das Erscheinungsbild von feinen Linien<\/p>\n<\/li>\n<\/ul>\n<h2 data-start=\"571\" data-end=\"594\"><strong data-start=\"578\" data-end=\"594\">Was es bewirkt<\/strong><\/h2>\n<ul data-start=\"596\" data-end=\"898\">\n<li data-start=\"596\" data-end=\"653\">\n<p data-start=\"598\" data-end=\"653\">Verbessert die Festigkeit, Textur, Spannkraft und Elastizit\u00e4t der Haut<\/p>\n<\/li>\n<li data-start=\"654\" data-end=\"701\">\n<p data-start=\"656\" data-end=\"701\">Verfeinert die Poren und gleicht die Talgproduktion aus<\/p>\n<\/li>\n<li data-start=\"702\" data-end=\"742\">\n<p data-start=\"704\" data-end=\"742\">Gl\u00e4ttet feine Linien und raue Flecken<\/p>\n<\/li>\n<li data-start=\"743\" data-end=\"798\">\n<p data-start=\"745\" data-end=\"798\">Beruhigt Reizungen und st\u00e4rkt die Hautbarriere<\/p>\n<\/li>\n<li data-start=\"799\" data-end=\"848\">\n<p data-start=\"801\" data-end=\"848\">Macht die Haut weich, ebenm\u00e4\u00dfig und nat\u00fcrlich strahlend<\/p>\n<\/li>\n<li data-start=\"799\" data-end=\"848\">\n<p data-start=\"801\" data-end=\"848\">Zieht schnell ein, ohne zu kleben oder R\u00fcckst\u00e4nde zu hinterlassen<\/p>\n<\/li>\n<\/ul>\n<h2 data-start=\"1383\" data-end=\"1416\"><strong data-start=\"1389\" data-end=\"1416\">Perfekt f\u00fcr Sie, wenn Sie:<\/strong><\/h2>\n<p data-start=\"1418\" data-end=\"1683\">- mehrere Hautprobleme haben (Textur, Tonus, Festigkeit, Poren)<br data-start=\"1481\" data-end=\"1484\" \/>- Sie m\u00f6chten ein einziges Produkt, um eine allgemeine Hautverbesserung einzuleiten<br data-start=\"1546\" data-end=\"1549\" \/>- Bevorzugen Sie leichte, nicht fettende Formeln, die gut auftragen<br data-start=\"1607\" data-end=\"1610\" \/>- Sie ben\u00f6tigen ein sanftes Serum f\u00fcr den ersten Schritt, das sich gut mit anderen Behandlungen kombinieren l\u00e4sst<\/p>","protected":false},"excerpt":{"rendered":"<p>The 6 Peptide Skin Booster Serum Your First Step Toward Healthier, Smoother, Firmer Skin This lightweight, fast-absorbing serum is powered<\/p>","protected":false},"featured_media":3346,"comment_status":"open","ping_status":"closed","template":"","meta":[],"product_brand":[],"product_cat":[20,49,15],"product_tag":[],"class_list":{"0":"post-2114","1":"product","2":"type-product","3":"status-publish","4":"has-post-thumbnail","6":"product_cat-essence","7":"product_cat-for-men","8":"product_cat-korean-routine","10":"first","11":"instock","12":"purchasable","13":"product-type-simple"},"_links":{"self":[{"href":"https:\/\/yukibeauty.ch\/de\/wp-json\/wp\/v2\/product\/2114","targetHints":{"allow":["GET"]}}],"collection":[{"href":"https:\/\/yukibeauty.ch\/de\/wp-json\/wp\/v2\/product"}],"about":[{"href":"https:\/\/yukibeauty.ch\/de\/wp-json\/wp\/v2\/types\/product"}],"replies":[{"embeddable":true,"href":"https:\/\/yukibeauty.ch\/de\/wp-json\/wp\/v2\/comments?post=2114"}],"wp:featuredmedia":[{"embeddable":true,"href":"https:\/\/yukibeauty.ch\/de\/wp-json\/wp\/v2\/media\/3346"}],"wp:attachment":[{"href":"https:\/\/yukibeauty.ch\/de\/wp-json\/wp\/v2\/media?parent=2114"}],"wp:term":[{"taxonomy":"product_brand","embeddable":true,"href":"https:\/\/yukibeauty.ch\/de\/wp-json\/wp\/v2\/product_brand?post=2114"},{"taxonomy":"product_cat","embeddable":true,"href":"https:\/\/yukibeauty.ch\/de\/wp-json\/wp\/v2\/product_cat?post=2114"},{"taxonomy":"product_tag","embeddable":true,"href":"https:\/\/yukibeauty.ch\/de\/wp-json\/wp\/v2\/product_tag?post=2114"}],"curies":[{"name":"wp","href":"https:\/\/api.w.org\/{rel}","templated":true}]}}