{"id":2118,"date":"2025-07-08T14:59:40","date_gmt":"2025-07-08T12:59:40","guid":{"rendered":"https:\/\/yukibeauty.ch\/product\/heartleaf-lha-moisture-peeling-gel-120ml\/"},"modified":"2026-02-10T10:01:14","modified_gmt":"2026-02-10T09:01:14","slug":"anua-heartleaf-peeling","status":"publish","type":"product","link":"https:\/\/yukibeauty.ch\/de\/shop\/fur-manner\/cleanser-for-men\/anua-heartleaf-peeling\/","title":{"rendered":"Heartleaf LHA-Feuchtigkeits-Peeling-Gel [120ml]"},"content":{"rendered":"<h2 data-start=\"198\" data-end=\"250\">Anua Heartleaf LHA Feuchtigkeits-Peeling-Gel - 120ml<\/h2>\n<p data-start=\"251\" data-end=\"331\"><strong data-start=\"251\" data-end=\"331\">Sanftes Peeling trifft auf tiefe Feuchtigkeit - f\u00fcr eine glatte, strahlende und ruhige Haut<\/strong><\/p>\n<p data-start=\"333\" data-end=\"720\">Entfalten Sie die nat\u00fcrliche Ausstrahlung Ihrer Haut mit dem <strong data-start=\"374\" data-end=\"417\">Anua Heartleaf LHA-Feuchtigkeits-Peeling-Gel<\/strong>, ein sanftes Peeling, angetrieben durch <strong data-start=\"450\" data-end=\"476\">LHA (Lipohydroxys\u00e4ure)<\/strong> und <strong data-start=\"481\" data-end=\"511\">beruhigender Herzblattextrakt<\/strong>. Dieses Peeling-Gel, das t\u00e4glich oder w\u00f6chentlich angewendet werden kann, entfernt effektiv abgestorbene Hautzellen, befreit die Poren und erfrischt den Teint - und das alles, w\u00e4hrend es die nat\u00fcrliche Hautbarriere sch\u00fctzt und den Feuchtigkeitsgehalt der Haut erh\u00f6ht.<\/p>\n<h2 data-start=\"727\" data-end=\"746\">Wichtigste Vorteile<\/h2>\n<ul data-start=\"748\" data-end=\"1235\">\n<li data-start=\"748\" data-end=\"835\">\n<p data-start=\"750\" data-end=\"835\"><strong data-start=\"750\" data-end=\"771\">Sch\u00e4lt sanft die Haut<\/strong> mit LHA - einem milden, hautfreundlichen Derivat der Salicyls\u00e4ure<\/p>\n<\/li>\n<li data-start=\"836\" data-end=\"920\">\n<p data-start=\"838\" data-end=\"920\"><strong data-start=\"838\" data-end=\"854\">Kl\u00e4rt die Poren<\/strong>gl\u00e4ttet das Hautbild und reduziert Komedonen ohne Irritationen<\/p>\n<\/li>\n<li data-start=\"921\" data-end=\"994\">\n<p data-start=\"923\" data-end=\"994\"><strong data-start=\"923\" data-end=\"944\">Bes\u00e4nftigt und beruhigt<\/strong> mit <strong data-start=\"950\" data-end=\"984\">Houttuynia Cordata (Herzblatt)<\/strong> Auszug<\/p>\n<\/li>\n<li data-start=\"995\" data-end=\"1082\">\n<p data-start=\"997\" data-end=\"1082\"><strong data-start=\"997\" data-end=\"1023\">N\u00e4hrt und spendet Feuchtigkeit<\/strong> mit <strong data-start=\"1029\" data-end=\"1051\">Natriumhyaluronat<\/strong> und Antioxidantien auf pflanzlicher Basis<\/p>\n<\/li>\n<li data-start=\"1083\" data-end=\"1167\">\n<p data-start=\"1085\" data-end=\"1167\"><strong data-start=\"1085\" data-end=\"1121\">Sch\u00fctzt vor vorzeitiger Alterung<\/strong> mit <strong data-start=\"1127\" data-end=\"1147\">Brokkoli-Extrakt<\/strong> und <strong data-start=\"1152\" data-end=\"1165\">Quercetin<\/strong><\/p>\n<\/li>\n<li data-start=\"1168\" data-end=\"1235\">\n<p data-start=\"1170\" data-end=\"1235\">Hinterl\u00e4sst ein gutes Hautgef\u00fchl <strong data-start=\"1190\" data-end=\"1235\">erfrischt, weich und angenehm hydratisiert<\/strong><\/p>\n<\/li>\n<\/ul>\n<h2 data-start=\"1242\" data-end=\"1264\">Star-Inhaltsstoffe<\/h2>\n<ul data-start=\"1266\" data-end=\"1821\">\n<li data-start=\"1266\" data-end=\"1387\">\n<p data-start=\"1268\" data-end=\"1387\"><strong data-start=\"1268\" data-end=\"1294\">LHA (Lipohydroxys\u00e4ure)<\/strong> - Ein sanftes Peeling, das abgestorbene Hautzellen entfernt, die Poren \u00f6ffnet und das Hautbild verfeinert<\/p>\n<\/li>\n<li data-start=\"1388\" data-end=\"1498\">\n<p data-start=\"1390\" data-end=\"1498\"><strong data-start=\"1390\" data-end=\"1420\">Houttuynia Cordata-Extrakt<\/strong> - Lindert Entz\u00fcndungen, reduziert R\u00f6tungen und bietet antibakterielle Unterst\u00fctzung<\/p>\n<\/li>\n<li data-start=\"1499\" data-end=\"1565\">\n<p data-start=\"1501\" data-end=\"1565\"><strong data-start=\"1501\" data-end=\"1523\">Natriumhyaluronat<\/strong> - Spendet tiefenwirksam Feuchtigkeit und schlie\u00dft sie ein<\/p>\n<\/li>\n<li data-start=\"1566\" data-end=\"1653\">\n<p data-start=\"1568\" data-end=\"1653\"><strong data-start=\"1568\" data-end=\"1588\">Brokkoli-Extrakt<\/strong> - Reich an Antioxidantien zum Schutz vor Umweltsch\u00e4den<\/p>\n<\/li>\n<li data-start=\"1654\" data-end=\"1733\">\n<p data-start=\"1656\" data-end=\"1733\"><strong data-start=\"1656\" data-end=\"1669\">Allantoin<\/strong> - Unterst\u00fctzt die Regeneration der Haut und hilft bei der Heilung von Mikro-Reizungen<\/p>\n<\/li>\n<li data-start=\"1734\" data-end=\"1821\">\n<p data-start=\"1736\" data-end=\"1821\"><strong data-start=\"1736\" data-end=\"1749\">Quercetin<\/strong> - Ein nat\u00fcrliches Bioflavonoid, das Entz\u00fcndungen reduziert und Reizungen lindert<\/p>\n<\/li>\n<\/ul>\n<h2 data-start=\"1828\" data-end=\"1854\">Textur &amp; Hauttyp<\/h2>\n<ul data-start=\"1856\" data-end=\"2069\">\n<li data-start=\"1856\" data-end=\"1918\">\n<p data-start=\"1858\" data-end=\"1918\">Leichtgewicht <strong data-start=\"1870\" data-end=\"1885\">Gel-Textur<\/strong> die sich w\u00e4hrend der Massage verwandelt<\/p>\n<\/li>\n<li data-start=\"1919\" data-end=\"2013\">\n<p data-start=\"1921\" data-end=\"2013\">Geeignet f\u00fcr <strong data-start=\"1934\" data-end=\"1952\">alle Hauttypen<\/strong>insbesondere <strong data-start=\"1965\" data-end=\"1978\">empfindlich<\/strong>, <strong data-start=\"1980\" data-end=\"1988\">langweilig<\/strong>, oder <strong data-start=\"1993\" data-end=\"2011\">verstopfte Haut<\/strong><\/p>\n<\/li>\n<li data-start=\"2014\" data-end=\"2069\">\n<p data-start=\"2016\" data-end=\"2069\">Nicht abf\u00e4rbend, nicht scheuernd und sicher f\u00fcr den regelm\u00e4\u00dfigen Gebrauch<\/p>\n<\/li>\n<\/ul>\n<p><em data-start=\"2756\" data-end=\"2884\">Ein mildes, aber wirksames Peeling-Gel, das die Hautbarriere respektiert und die Haut glatter, ruhiger und ges\u00fcnder aussehen l\u00e4sst.<\/em><\/p>","protected":false},"excerpt":{"rendered":"<p>Anua Heartleaf LHA Moisture Peeling Gel \u2013 120ml Gentle exfoliation meets deep hydration \u2014 for smooth, radiant, and calm skin<\/p>","protected":false},"featured_media":3366,"comment_status":"open","ping_status":"closed","template":"","meta":[],"product_brand":[],"product_cat":[313,18,49,15],"product_tag":[],"class_list":{"0":"post-2118","1":"product","2":"type-product","3":"status-publish","4":"has-post-thumbnail","6":"product_cat-cleanser-for-men","7":"product_cat-exfoliatiors","8":"product_cat-for-men","9":"product_cat-korean-routine","10":"pa_peeling-type-peeling-gel","12":"first","13":"instock","14":"sale","15":"purchasable","16":"product-type-simple"},"_links":{"self":[{"href":"https:\/\/yukibeauty.ch\/de\/wp-json\/wp\/v2\/product\/2118","targetHints":{"allow":["GET"]}}],"collection":[{"href":"https:\/\/yukibeauty.ch\/de\/wp-json\/wp\/v2\/product"}],"about":[{"href":"https:\/\/yukibeauty.ch\/de\/wp-json\/wp\/v2\/types\/product"}],"replies":[{"embeddable":true,"href":"https:\/\/yukibeauty.ch\/de\/wp-json\/wp\/v2\/comments?post=2118"}],"wp:featuredmedia":[{"embeddable":true,"href":"https:\/\/yukibeauty.ch\/de\/wp-json\/wp\/v2\/media\/3366"}],"wp:attachment":[{"href":"https:\/\/yukibeauty.ch\/de\/wp-json\/wp\/v2\/media?parent=2118"}],"wp:term":[{"taxonomy":"product_brand","embeddable":true,"href":"https:\/\/yukibeauty.ch\/de\/wp-json\/wp\/v2\/product_brand?post=2118"},{"taxonomy":"product_cat","embeddable":true,"href":"https:\/\/yukibeauty.ch\/de\/wp-json\/wp\/v2\/product_cat?post=2118"},{"taxonomy":"product_tag","embeddable":true,"href":"https:\/\/yukibeauty.ch\/de\/wp-json\/wp\/v2\/product_tag?post=2118"}],"curies":[{"name":"wp","href":"https:\/\/api.w.org\/{rel}","templated":true}]}}