{"id":2119,"date":"2025-07-08T14:59:47","date_gmt":"2025-07-08T12:59:47","guid":{"rendered":"https:\/\/yukibeauty.ch\/product\/retinol-intense-advanced-triple-action-eye-cream\/"},"modified":"2025-12-18T20:27:17","modified_gmt":"2025-12-18T19:27:17","slug":"retinol-intense-eye-cream","status":"publish","type":"product","link":"https:\/\/yukibeauty.ch\/de\/shop\/korean-routine\/eye-cream\/retinol-intense-eye-cream\/","title":{"rendered":"Retinol Intense Advanced Triple Action Augencreme"},"content":{"rendered":"<h2 data-section-id=\"1cm7uxs\" data-start=\"166\" data-end=\"237\"><strong data-start=\"170\" data-end=\"235\">Some By Mi - Retinol Intense Advanced Triple Action Augencreme<\/strong><\/h2>\n<p data-start=\"238\" data-end=\"313\"><strong data-start=\"238\" data-end=\"313\">Gezielte Anti-Aging-Augenbehandlung gegen Falten, dunkle Augenringe und Straffheit<\/strong><\/p>\n<p data-start=\"315\" data-end=\"656\">Eine fortschrittliche, dreifach wirkende L\u00f6sung f\u00fcr empfindliche Hautpartien, die f\u00fcr die ersten Anzeichen der Hautalterung anf\u00e4llig sind - einschlie\u00dflich Augen, Stirn, Lippen und Hals. Diese Retinol-Augencreme nutzt die Kraft von Retinol (0,1%), Retinal, Peptiden und pflanzlichem Kollagen, um feine Linien sichtbar zu gl\u00e4tten, Augenringe aufzuhellen und die Festigkeit der Haut wiederherzustellen.<\/p>\n<h2 data-section-id=\"3u00wt\" data-start=\"663\" data-end=\"685\"><strong data-start=\"669\" data-end=\"685\">Wichtigste Vorteile<\/strong><\/h2>\n<p data-start=\"687\" data-end=\"887\">- <strong data-start=\"689\" data-end=\"737\">Dreifachwirkungsformel mit Retinol &amp; Retinal<\/strong><br data-start=\"737\" data-end=\"740\" \/>Wirkt effektiv gegen Falten, Hauterschlaffung und Mattheit mit einer wirksamen und dennoch sanften Mischung aus Retinoiden, die die Zellerneuerung und Elastizit\u00e4t der Haut f\u00f6rdert.<\/p>\n<p data-start=\"889\" data-end=\"1077\">- <strong data-start=\"891\" data-end=\"922\">Strafft und hellt sichtbar auf<\/strong><br data-start=\"922\" data-end=\"925\" \/>Angereichert mit Niacinamid, um Pigmentierung, Verf\u00e4rbungen und Augenringe zu reduzieren, w\u00e4hrend Kollagen das Mikrorelief der Haut auff\u00fcllt und gl\u00e4ttet.<\/p>\n<p data-start=\"1079\" data-end=\"1236\">- <strong data-start=\"1081\" data-end=\"1110\">Tiefenhydratisierung und Reparatur<\/strong><br data-start=\"1110\" data-end=\"1113\" \/>Hyalurons\u00e4ure und Gletscherwasser spenden lang anhaltende Feuchtigkeit, lindern Trockenheit und st\u00e4rken die Hautbarriere.<\/p>\n<p data-start=\"1238\" data-end=\"1442\">- <strong data-start=\"1240\" data-end=\"1279\">Beruhigt und sch\u00fctzt empfindliche Haut<\/strong><br data-start=\"1279\" data-end=\"1282\" \/>Mit beruhigendem Centella Asiatica, Panthenol und einer hypoallergenen Formel ist diese Augencreme selbst f\u00fcr die empfindlichsten und reaktivsten Hauttypen ideal.<\/p>\n<h2 data-section-id=\"1cu2wuc\" data-start=\"1449\" data-end=\"1475\"><strong data-start=\"1456\" data-end=\"1475\">Wichtige Inhaltsstoffe<\/strong><\/h2>\n<ul data-start=\"1477\" data-end=\"1939\">\n<li data-start=\"1477\" data-end=\"1559\">\n<p data-start=\"1479\" data-end=\"1559\"><strong data-start=\"1479\" data-end=\"1505\">0.1% Retinol + Retinal<\/strong> - f\u00f6rdern die Hauterneuerung, reduzieren Falten und Erschlaffung<\/p>\n<\/li>\n<li data-start=\"1560\" data-end=\"1636\">\n<p data-start=\"1562\" data-end=\"1636\"><strong data-start=\"1562\" data-end=\"1597\">Peptide und Kollagen auf Pflanzenbasis<\/strong> - strafft die Haut und erh\u00f6ht die Elastizit\u00e4t<\/p>\n<\/li>\n<li data-start=\"1637\" data-end=\"1712\">\n<p data-start=\"1639\" data-end=\"1712\"><strong data-start=\"1639\" data-end=\"1654\">Niacinamid<\/strong> - hellt dunkle Augenringe und ungleichm\u00e4\u00dfige Hautt\u00f6ne auf<\/p>\n<\/li>\n<li data-start=\"1713\" data-end=\"1807\">\n<p data-start=\"1715\" data-end=\"1807\"><strong data-start=\"1715\" data-end=\"1750\">Hyalurons\u00e4ure + Gletscherwasser<\/strong> - spendet intensiv Feuchtigkeit und st\u00e4rkt die Feuchtigkeitsbarriere<\/p>\n<\/li>\n<li data-start=\"1808\" data-end=\"1872\">\n<p data-start=\"1810\" data-end=\"1872\"><strong data-start=\"1810\" data-end=\"1839\">Centella Asiatica-Extrakt<\/strong> - lindert und beruhigt die Reizung<\/p>\n<\/li>\n<li data-start=\"1873\" data-end=\"1939\">\n<p data-start=\"1875\" data-end=\"1939\"><strong data-start=\"1875\" data-end=\"1888\">Panthenol<\/strong> - f\u00f6rdert die Regeneration und sch\u00fctzt die empfindliche Haut<\/p>\n<\/li>\n<\/ul>\n<h2 data-section-id=\"1k2c371\" data-start=\"1946\" data-end=\"1973\"><strong data-start=\"1952\" data-end=\"1971\">Empfohlen f\u00fcr<\/strong><\/h2>\n<ul>\n<li data-start=\"1974\" data-end=\"2200\">Feine Linien und Falten um die Augen, Lippen und Stirn<\/li>\n<li data-start=\"1974\" data-end=\"2200\">Dunkle Augenringe, Schwellungen und tr\u00fcbe Augenpartie<\/li>\n<li data-start=\"1974\" data-end=\"2200\">Die Haut verliert an Festigkeit und Elastizit\u00e4t<\/li>\n<li data-start=\"1974\" data-end=\"2200\">Empfindliche Haut, die eine sanfte, aber wirksame Anti-Aging-Pflege ben\u00f6tigt<\/li>\n<\/ul>","protected":false},"excerpt":{"rendered":"<p>Some By Mi \u2013 Retinol Intense Advanced Triple Action Eye Cream Targeted Anti-Aging Eye Treatment for Wrinkles, Dark Circles &amp;<\/p>","protected":false},"featured_media":3370,"comment_status":"open","ping_status":"closed","template":"","meta":[],"product_brand":[],"product_cat":[22,49,15],"product_tag":[],"class_list":{"0":"post-2119","1":"product","2":"type-product","3":"status-publish","4":"has-post-thumbnail","6":"product_cat-eye-cream","7":"product_cat-for-men","8":"product_cat-korean-routine","10":"first","11":"instock","12":"purchasable","13":"product-type-simple"},"_links":{"self":[{"href":"https:\/\/yukibeauty.ch\/de\/wp-json\/wp\/v2\/product\/2119","targetHints":{"allow":["GET"]}}],"collection":[{"href":"https:\/\/yukibeauty.ch\/de\/wp-json\/wp\/v2\/product"}],"about":[{"href":"https:\/\/yukibeauty.ch\/de\/wp-json\/wp\/v2\/types\/product"}],"replies":[{"embeddable":true,"href":"https:\/\/yukibeauty.ch\/de\/wp-json\/wp\/v2\/comments?post=2119"}],"wp:featuredmedia":[{"embeddable":true,"href":"https:\/\/yukibeauty.ch\/de\/wp-json\/wp\/v2\/media\/3370"}],"wp:attachment":[{"href":"https:\/\/yukibeauty.ch\/de\/wp-json\/wp\/v2\/media?parent=2119"}],"wp:term":[{"taxonomy":"product_brand","embeddable":true,"href":"https:\/\/yukibeauty.ch\/de\/wp-json\/wp\/v2\/product_brand?post=2119"},{"taxonomy":"product_cat","embeddable":true,"href":"https:\/\/yukibeauty.ch\/de\/wp-json\/wp\/v2\/product_cat?post=2119"},{"taxonomy":"product_tag","embeddable":true,"href":"https:\/\/yukibeauty.ch\/de\/wp-json\/wp\/v2\/product_tag?post=2119"}],"curies":[{"name":"wp","href":"https:\/\/api.w.org\/{rel}","templated":true}]}}