{"id":2120,"date":"2025-07-08T14:59:47","date_gmt":"2025-07-08T12:59:47","guid":{"rendered":"https:\/\/yukibeauty.ch\/product\/bean-hydrogel-eye-patch\/"},"modified":"2026-01-19T12:13:20","modified_gmt":"2026-01-19T11:13:20","slug":"mixsoon-eye-patch","status":"publish","type":"product","link":"https:\/\/yukibeauty.ch\/de\/shop\/korean-routine\/eye-cream\/mixsoon-eye-patch\/","title":{"rendered":"Bohne Hydrogel-Augenpflaster"},"content":{"rendered":"<h2 data-start=\"78\" data-end=\"119\"><strong data-start=\"82\" data-end=\"117\">Mixsoon Bohne Hydrogel Augenpflaster<\/strong><\/h2>\n<p data-start=\"120\" data-end=\"190\"><strong data-start=\"120\" data-end=\"190\">Hydrogel-Pflaster zur Aufhellung und Revitalisierung der Augenpartie<\/strong><\/p>\n<p data-start=\"192\" data-end=\"480\">Erfrischen Sie m\u00fcde Augen und lassen Sie sie wieder strahlen - mit dem Mixsoon Bean Hydrogel Eye Patch. Diese k\u00fchlenden Pflaster sind mit fermentiertem Bohnenextrakt, Niacinamid und Antioxidantien auf pflanzlicher Basis angereichert und bek\u00e4mpfen in einem einfachen Schritt Mattigkeit, feine Linien, Schwellungen und dunkle Augenringe.<\/p>\n<p data-start=\"482\" data-end=\"648\">Ihre Hydrogel-Textur sorgt f\u00fcr ein k\u00fchlendes, beruhigendes Gef\u00fchl und erm\u00f6glicht eine effektive Absorption der Wirkstoffe, w\u00e4hrend sie angenehm an der empfindlichen Augenpartie haftet.<\/p>\n<h2 data-start=\"655\" data-end=\"673\">Wichtigste Vorteile<\/h2>\n<ul data-start=\"675\" data-end=\"927\">\n<li data-start=\"675\" data-end=\"723\">\n<p data-start=\"677\" data-end=\"723\">Erhellt und revitalisiert die Augenpartie<\/p>\n<\/li>\n<li data-start=\"724\" data-end=\"770\">\n<p data-start=\"726\" data-end=\"770\">Reduziert sichtbar Augenringe und Schwellungen<\/p>\n<\/li>\n<li data-start=\"771\" data-end=\"825\">\n<p data-start=\"773\" data-end=\"825\">Gl\u00e4ttet das Erscheinungsbild von feinen Linien und F\u00e4ltchen<\/p>\n<\/li>\n<li data-start=\"826\" data-end=\"876\">\n<p data-start=\"828\" data-end=\"876\">Spendet tiefenwirksame Feuchtigkeit und wohltuende Frische<\/p>\n<\/li>\n<li data-start=\"877\" data-end=\"927\">\n<p data-start=\"879\" data-end=\"927\">L\u00e4sst die Haut strahlen, n\u00e4hrt sie und macht sie ausgeruht<\/p>\n<\/li>\n<\/ul>\n<h2 data-start=\"934\" data-end=\"956\">Wichtige Inhaltsstoffe<\/h2>\n<ul data-start=\"958\" data-end=\"1502\">\n<li data-start=\"958\" data-end=\"1092\">\n<p data-start=\"960\" data-end=\"1092\">Fermentierter Bohnenextrakt: Der charakteristische Inhaltsstoff von Mixsoon ist reich an Aminos\u00e4uren und N\u00e4hrstoffen, die der Haut Energie verleihen und sie straffen.<\/p>\n<\/li>\n<li data-start=\"1093\" data-end=\"1184\">\n<p data-start=\"1095\" data-end=\"1184\">Niacinamid: Reduziert die Melaninproduktion und verbessert das Erscheinungsbild von Augenringen<\/p>\n<\/li>\n<li data-start=\"1185\" data-end=\"1274\">\n<p data-start=\"1187\" data-end=\"1274\">Fermentierte Gerste, Granatapfel und Birne: Bieten antioxidativen Schutz und Feuchtigkeit<\/p>\n<\/li>\n<li data-start=\"1275\" data-end=\"1359\">\n<p data-start=\"1277\" data-end=\"1359\">Extrakte aus Sesam und Schwarzk\u00fcmmel: F\u00f6rdern die Mikrozirkulation und lindern Schwellungen<\/p>\n<\/li>\n<li data-start=\"1360\" data-end=\"1424\">\n<p data-start=\"1362\" data-end=\"1424\">Reis-Extrakt: Bietet antioxidative und aufhellende Wirkung<\/p>\n<\/li>\n<li data-start=\"1425\" data-end=\"1502\">\n<p data-start=\"1427\" data-end=\"1502\">Plazentaextrakt: F\u00f6rdert Kollagen und Elastin f\u00fcr eine glattere, straffere Haut<\/p>\n<\/li>\n<\/ul>","protected":false},"excerpt":{"rendered":"<p>Mixsoon Bean Hydrogel Eye Patch Hydrogel Patches for Brightening &amp; Revitalising the Under-Eye Area Refresh tired eyes and restore a<\/p>","protected":false},"featured_media":3377,"comment_status":"open","ping_status":"closed","template":"","meta":[],"product_brand":[],"product_cat":[22,49,15],"product_tag":[],"class_list":{"0":"post-2120","1":"product","2":"type-product","3":"status-publish","4":"has-post-thumbnail","6":"product_cat-eye-cream","7":"product_cat-for-men","8":"product_cat-korean-routine","9":"pa_type-of-face-mask-hydrogel","11":"first","12":"instock","13":"purchasable","14":"product-type-simple"},"_links":{"self":[{"href":"https:\/\/yukibeauty.ch\/de\/wp-json\/wp\/v2\/product\/2120","targetHints":{"allow":["GET"]}}],"collection":[{"href":"https:\/\/yukibeauty.ch\/de\/wp-json\/wp\/v2\/product"}],"about":[{"href":"https:\/\/yukibeauty.ch\/de\/wp-json\/wp\/v2\/types\/product"}],"replies":[{"embeddable":true,"href":"https:\/\/yukibeauty.ch\/de\/wp-json\/wp\/v2\/comments?post=2120"}],"wp:featuredmedia":[{"embeddable":true,"href":"https:\/\/yukibeauty.ch\/de\/wp-json\/wp\/v2\/media\/3377"}],"wp:attachment":[{"href":"https:\/\/yukibeauty.ch\/de\/wp-json\/wp\/v2\/media?parent=2120"}],"wp:term":[{"taxonomy":"product_brand","embeddable":true,"href":"https:\/\/yukibeauty.ch\/de\/wp-json\/wp\/v2\/product_brand?post=2120"},{"taxonomy":"product_cat","embeddable":true,"href":"https:\/\/yukibeauty.ch\/de\/wp-json\/wp\/v2\/product_cat?post=2120"},{"taxonomy":"product_tag","embeddable":true,"href":"https:\/\/yukibeauty.ch\/de\/wp-json\/wp\/v2\/product_tag?post=2120"}],"curies":[{"name":"wp","href":"https:\/\/api.w.org\/{rel}","templated":true}]}}