{"id":2122,"date":"2025-07-08T14:59:00","date_gmt":"2025-07-08T12:59:00","guid":{"rendered":"https:\/\/yukibeauty.ch\/product\/probioderm-3d-lifting-eye-wrinkle-cream-25ml-double-pack\/"},"modified":"2025-10-29T11:27:30","modified_gmt":"2025-10-29T10:27:30","slug":"probioderm-3d-lifting-eye-wrinkle-cream-25ml-double-pack","status":"publish","type":"product","link":"https:\/\/yukibeauty.ch\/de\/shop\/korean-routine\/eye-cream\/probioderm-3d-lifting-eye-wrinkle-cream-25ml-double-pack\/","title":{"rendered":"PROBIODERM 3D Lifting Augen- &amp; Faltencreme 25ml Doppelpack"},"content":{"rendered":"<h3 data-start=\"78\" data-end=\"141\"><strong data-start=\"82\" data-end=\"139\">BIOHEAL BOH Probioderm 3D Lifting Augen- und Faltencreme<\/strong><\/h3>\n<p data-start=\"142\" data-end=\"168\"><strong data-start=\"142\" data-end=\"168\">Doppelpack | 25ml \u00d7 2<\/strong><\/p>\n<p data-start=\"170\" data-end=\"476\">Diese fortschrittliche Augencreme wurde entwickelt, um die empfindliche Haut der Augenpartie zu straffen, zu festigen und aufzuhellen. Angereichert mit 17 Arten von Peptiden, EYESERYL und dem exklusiven Probioderm\u2122-Komplex der Marke hilft sie, Falten, Schwellungen und Augenringe zu reduzieren, w\u00e4hrend sie die Elastizit\u00e4t und Feuchtigkeit der Haut verbessert.<\/p>\n<p data-start=\"478\" data-end=\"690\">Die Formel enth\u00e4lt au\u00dferdem Ceramid NP, um die Hautbarriere zu st\u00e4rken, Niacinamid, um die Haut aufzuhellen, und Hyalurons\u00e4ure, um die Augenpartie intensiv mit Feuchtigkeit zu versorgen - f\u00fcr eine glatte, pralle und jugendlich aussehende Augenpartie.<\/p>\n<h3 data-start=\"697\" data-end=\"715\">Wichtigste Vorteile<\/h3>\n<ul data-start=\"717\" data-end=\"926\">\n<li data-start=\"717\" data-end=\"749\">\n<p data-start=\"719\" data-end=\"749\">Strafft und hebt die Augenpartie<\/p>\n<\/li>\n<li data-start=\"750\" data-end=\"789\">\n<p data-start=\"752\" data-end=\"789\">Gl\u00e4ttet feine Linien und Kr\u00e4henf\u00fc\u00dfe<\/p>\n<\/li>\n<li data-start=\"790\" data-end=\"838\">\n<p data-start=\"792\" data-end=\"838\">Reduziert Schwellungen und hellt Augenringe auf<\/p>\n<\/li>\n<li data-start=\"839\" data-end=\"887\">\n<p data-start=\"841\" data-end=\"887\">St\u00e4rkt die Hautbarriere und spendet tiefenwirksam Feuchtigkeit<\/p>\n<\/li>\n<li data-start=\"888\" data-end=\"926\">\n<p data-start=\"890\" data-end=\"926\">Leichte Textur, schnelle Absorption<\/p>\n<\/li>\n<\/ul>\n<h3 data-start=\"933\" data-end=\"955\">Wichtige Inhaltsstoffe<\/h3>\n<ul data-start=\"957\" data-end=\"1348\">\n<li data-start=\"957\" data-end=\"1090\">\n<p data-start=\"959\" data-end=\"1090\">Probioderm\u2122 Complex: Der patentierte probiotische Wirkstoff von BIOHEAL BOH, der die nat\u00fcrliche Spannkraft und Elastizit\u00e4t der Haut unterst\u00fctzt<\/p>\n<\/li>\n<li data-start=\"1091\" data-end=\"1167\">\n<p data-start=\"1093\" data-end=\"1167\">17 Peptide + EYESERYL: Verbessert die Festigkeit und reduziert Anzeichen von M\u00fcdigkeit<\/p>\n<\/li>\n<li data-start=\"1168\" data-end=\"1245\">\n<p data-start=\"1170\" data-end=\"1245\">Ceramide NP: St\u00e4rkt die Feuchtigkeitsbarriere und lindert die Empfindlichkeit<\/p>\n<\/li>\n<li data-start=\"1246\" data-end=\"1296\">\n<p data-start=\"1248\" data-end=\"1296\">Niacinamid: hellt den Hautton auf und gleicht ihn aus<\/p>\n<\/li>\n<li data-start=\"1297\" data-end=\"1348\">\n<p data-start=\"1299\" data-end=\"1348\">Hyalurons\u00e4ure: Hydratisiert und polstert die Haut<\/p>\n<\/li>\n<\/ul>\n<p><strong data-start=\"1546\" data-end=\"1559\">Enth\u00e4lt:<\/strong><br data-start=\"1559\" data-end=\"1562\" \/>2 \u00d7 Probioderm 3D Lifting Eye &amp; Wrinkle Cream 25ml (insgesamt 50ml)<\/p>","protected":false},"excerpt":{"rendered":"<p>BIOHEAL BOH Probioderm 3D Lifting Eye &amp; Wrinkle Cream Double Pack | 25ml \u00d7 2 This advanced eye cream is<\/p>","protected":false},"featured_media":3391,"comment_status":"open","ping_status":"closed","template":"","meta":[],"product_brand":[],"product_cat":[22,49,15],"product_tag":[],"class_list":{"0":"post-2122","1":"product","2":"type-product","3":"status-publish","4":"has-post-thumbnail","6":"product_cat-eye-cream","7":"product_cat-for-men","8":"product_cat-korean-routine","10":"first","11":"outofstock","12":"purchasable","13":"product-type-simple"},"_links":{"self":[{"href":"https:\/\/yukibeauty.ch\/de\/wp-json\/wp\/v2\/product\/2122","targetHints":{"allow":["GET"]}}],"collection":[{"href":"https:\/\/yukibeauty.ch\/de\/wp-json\/wp\/v2\/product"}],"about":[{"href":"https:\/\/yukibeauty.ch\/de\/wp-json\/wp\/v2\/types\/product"}],"replies":[{"embeddable":true,"href":"https:\/\/yukibeauty.ch\/de\/wp-json\/wp\/v2\/comments?post=2122"}],"wp:featuredmedia":[{"embeddable":true,"href":"https:\/\/yukibeauty.ch\/de\/wp-json\/wp\/v2\/media\/3391"}],"wp:attachment":[{"href":"https:\/\/yukibeauty.ch\/de\/wp-json\/wp\/v2\/media?parent=2122"}],"wp:term":[{"taxonomy":"product_brand","embeddable":true,"href":"https:\/\/yukibeauty.ch\/de\/wp-json\/wp\/v2\/product_brand?post=2122"},{"taxonomy":"product_cat","embeddable":true,"href":"https:\/\/yukibeauty.ch\/de\/wp-json\/wp\/v2\/product_cat?post=2122"},{"taxonomy":"product_tag","embeddable":true,"href":"https:\/\/yukibeauty.ch\/de\/wp-json\/wp\/v2\/product_tag?post=2122"}],"curies":[{"name":"wp","href":"https:\/\/api.w.org\/{rel}","templated":true}]}}