{"id":2123,"date":"2025-07-08T14:59:47","date_gmt":"2025-07-08T12:59:47","guid":{"rendered":"https:\/\/yukibeauty.ch\/product\/the-retinol-0-5-oil\/"},"modified":"2025-09-17T13:11:44","modified_gmt":"2025-09-17T11:11:44","slug":"the-retinol-0-5-oil","status":"publish","type":"product","link":"https:\/\/yukibeauty.ch\/de\/shop\/korean-routine\/eye-cream\/the-retinol-0-5-oil\/","title":{"rendered":"Das Retinol 0,5 \u00d6l"},"content":{"rendered":"<h3 data-start=\"122\" data-end=\"157\"><strong data-start=\"126\" data-end=\"155\">COSRX Das Retinol 0,5 \u00d6l<\/strong><\/h3>\n<p data-start=\"158\" data-end=\"237\"><strong data-start=\"158\" data-end=\"237\">Gezielte Anti-Aging-Behandlung mit reinem Retinol, Squalan und Super-Vitamin E<\/strong><\/p>\n<p data-start=\"239\" data-end=\"602\">Die Haut wird sichtbar straffer, glatter und ebenm\u00e4\u00dfiger mit The Retinol 0.5 Oil - einer leistungsstarken Nachtpflege mit 0,5% reinem Retinol, nicht dessen Derivaten. Dieses seidige \u00d6l ist ideal f\u00fcr alle, die bereits Erfahrung mit Retinoiden haben. Es bek\u00e4mpft feine Linien, Falten, vergr\u00f6\u00dferte Poren und Elastizit\u00e4tsverlust und verbessert gleichzeitig die allgemeine Hautstruktur und Ausstrahlung.<\/p>\n<p data-start=\"604\" data-end=\"820\">Die sanfte und dennoch wirksame Formel mit Squalan auf pflanzlicher Basis und Tocotrienol (Super-Vitamin E) spendet Feuchtigkeit, beruhigt und sch\u00fctzt die Haut, so dass sie selbst bei empfindlichen Hauttypen wirksam ist und nicht reizt.<\/p>\n<h3 data-start=\"827\" data-end=\"845\">Wichtigste Vorteile<\/h3>\n<ul data-start=\"847\" data-end=\"1104\">\n<li data-start=\"847\" data-end=\"878\">\n<p data-start=\"849\" data-end=\"878\">Gl\u00e4ttet tiefe und feine Linien<\/p>\n<\/li>\n<li data-start=\"879\" data-end=\"912\">\n<p data-start=\"881\" data-end=\"912\">Strafft und verbessert die Elastizit\u00e4t<\/p>\n<\/li>\n<li data-start=\"913\" data-end=\"955\">\n<p data-start=\"915\" data-end=\"955\">Verfeinert das Hautbild und reduziert die Poren<\/p>\n<\/li>\n<li data-start=\"956\" data-end=\"1007\">\n<p data-start=\"958\" data-end=\"1007\">Hellt ungleichm\u00e4\u00dfige Hautt\u00f6ne auf und mildert dunkle Flecken<\/p>\n<\/li>\n<li data-start=\"1008\" data-end=\"1054\">\n<p data-start=\"1010\" data-end=\"1054\">N\u00e4hrt und st\u00e4rkt die Hautbarriere<\/p>\n<\/li>\n<li data-start=\"1055\" data-end=\"1104\">\n<p data-start=\"1057\" data-end=\"1104\">Unterst\u00fctzt die Kollagenproduktion und die Hauterneuerung<\/p>\n<\/li>\n<\/ul>\n<h3 data-start=\"1111\" data-end=\"1133\">Wichtige Inhaltsstoffe<\/h3>\n<ul data-start=\"1135\" data-end=\"1450\">\n<li data-start=\"1135\" data-end=\"1236\">\n<p data-start=\"1137\" data-end=\"1236\">0,5% Reines Retinol - F\u00f6rdert das Kollagen, beschleunigt den Zellumsatz und verbessert sichtbar die F\u00e4ltchen<\/p>\n<\/li>\n<li data-start=\"1237\" data-end=\"1347\">\n<p data-start=\"1239\" data-end=\"1347\">Tocotrienol (Super-Vitamin E) - Starkes Antioxidans, das die Zeichen der Hautalterung und Sch\u00e4den durch freie Radikale bek\u00e4mpft<\/p>\n<\/li>\n<li data-start=\"1348\" data-end=\"1450\">\n<p data-start=\"1350\" data-end=\"1450\">Pflanzliches Squalan - Verhindert Feuchtigkeitsverlust, beruhigt die Haut und st\u00e4rkt die Barrierefunktion<\/p>\n<\/li>\n<\/ul>\n<h3 data-start=\"1457\" data-end=\"1484\">Textur und Absorption<\/h3>\n<p data-start=\"1486\" data-end=\"1630\">Leichte, seidig-weiche \u00d6ltextur, die m\u00fchelos gleitet und gut einzieht, ohne zu fetten - perfekt f\u00fcr eine n\u00e4hrende Nachtpflege.<\/p>\n<p data-start=\"1486\" data-end=\"1630\"><strong data-start=\"2519\" data-end=\"2539\">Empfohlen f\u00fcr:<\/strong><br data-start=\"2539\" data-end=\"2542\" \/>- Feine Linien und tiefe Falten<br data-start=\"2571\" data-end=\"2574\" \/>- Erschlaffte Haut und Elastizit\u00e4tsverlust<br data-start=\"2607\" data-end=\"2610\" \/>- Ungleichm\u00e4\u00dfige Textur oder Farbton<br data-start=\"2635\" data-end=\"2638\" \/>- Vergr\u00f6\u00dferte Poren<br data-start=\"2655\" data-end=\"2658\" \/>- Stumpfe oder trockene Haut<\/p>","protected":false},"excerpt":{"rendered":"<p>COSRX The Retinol 0.5 Oil Targeted Anti-Aging Treatment with Pure Retinol, Squalane &amp; Super Vitamin E Reveal visibly firmer, smoother,<\/p>","protected":false},"featured_media":3393,"comment_status":"open","ping_status":"closed","template":"","meta":[],"product_brand":[],"product_cat":[22,49,15],"product_tag":[],"class_list":{"0":"post-2123","1":"product","2":"type-product","3":"status-publish","4":"has-post-thumbnail","6":"product_cat-eye-cream","7":"product_cat-for-men","8":"product_cat-korean-routine","10":"first","11":"outofstock","12":"purchasable","13":"product-type-simple"},"_links":{"self":[{"href":"https:\/\/yukibeauty.ch\/de\/wp-json\/wp\/v2\/product\/2123","targetHints":{"allow":["GET"]}}],"collection":[{"href":"https:\/\/yukibeauty.ch\/de\/wp-json\/wp\/v2\/product"}],"about":[{"href":"https:\/\/yukibeauty.ch\/de\/wp-json\/wp\/v2\/types\/product"}],"replies":[{"embeddable":true,"href":"https:\/\/yukibeauty.ch\/de\/wp-json\/wp\/v2\/comments?post=2123"}],"wp:featuredmedia":[{"embeddable":true,"href":"https:\/\/yukibeauty.ch\/de\/wp-json\/wp\/v2\/media\/3393"}],"wp:attachment":[{"href":"https:\/\/yukibeauty.ch\/de\/wp-json\/wp\/v2\/media?parent=2123"}],"wp:term":[{"taxonomy":"product_brand","embeddable":true,"href":"https:\/\/yukibeauty.ch\/de\/wp-json\/wp\/v2\/product_brand?post=2123"},{"taxonomy":"product_cat","embeddable":true,"href":"https:\/\/yukibeauty.ch\/de\/wp-json\/wp\/v2\/product_cat?post=2123"},{"taxonomy":"product_tag","embeddable":true,"href":"https:\/\/yukibeauty.ch\/de\/wp-json\/wp\/v2\/product_tag?post=2123"}],"curies":[{"name":"wp","href":"https:\/\/api.w.org\/{rel}","templated":true}]}}