{"id":2124,"date":"2025-07-08T14:59:47","date_gmt":"2025-07-08T12:59:47","guid":{"rendered":"https:\/\/yukibeauty.ch\/product\/deep-lifting-peptide-eye-cream-for-face\/"},"modified":"2025-12-18T20:27:08","modified_gmt":"2025-12-18T19:27:08","slug":"medicube-deep-lifting-peptide-eye-cream","status":"publish","type":"product","link":"https:\/\/yukibeauty.ch\/de\/shop\/korean-routine\/eye-cream\/medicube-deep-lifting-peptide-eye-cream\/","title":{"rendered":"Tiefenstraffende Peptid-Augencreme"},"content":{"rendered":"<h2 data-section-id=\"11xa86f\" data-start=\"187\" data-end=\"232\">Tiefenstraffende Peptid-Augencreme<\/h2>\n<p data-start=\"233\" data-end=\"267\">Multi-Peptid-Lift f\u00fcr die Augen<\/p>\n<p data-start=\"269\" data-end=\"568\">Eine leistungsstarke Anti-Aging-Creme f\u00fcr die empfindliche Augenpartie - und dar\u00fcber hinaus. Die Medicube Deep Lifting Peptide Eye Cream spendet tiefenwirksam Feuchtigkeit, unterst\u00fctzt die Elastizit\u00e4t und sorgt f\u00fcr einen sichtbaren Lifting-Effekt dank ihres fortschrittlichen biomimetischen Peptidkomplexes, Kollagen, Hyalurons\u00e4ure und der 3D Tension Some-Technologie.<\/p>\n<h2 data-section-id=\"14o11cl\" data-start=\"570\" data-end=\"588\">Wichtigste Vorteile<\/h2>\n<ul data-start=\"589\" data-end=\"836\">\n<li data-start=\"589\" data-end=\"627\">\n<p data-start=\"591\" data-end=\"627\">Reduziert feine Linien und Kr\u00e4henf\u00fc\u00dfe<\/p>\n<\/li>\n<li data-start=\"628\" data-end=\"672\">\n<p data-start=\"630\" data-end=\"672\">Strafft schlaffe Haut und erh\u00f6ht die Elastizit\u00e4t<\/p>\n<\/li>\n<li data-start=\"673\" data-end=\"727\">\n<p data-start=\"675\" data-end=\"727\">Spendet intensiv Feuchtigkeit und gl\u00e4ttet trockene, empfindliche Stellen<\/p>\n<\/li>\n<li data-start=\"728\" data-end=\"776\">\n<p data-start=\"730\" data-end=\"776\">Hilft, den Hautton und die Barrierefunktion wiederherzustellen<\/p>\n<\/li>\n<li data-start=\"777\" data-end=\"836\">\n<p data-start=\"779\" data-end=\"836\">Leichte, nicht fettende Textur, ideal f\u00fcr Tag und Nacht<\/p>\n<\/li>\n<\/ul>\n<p data-section-id=\"1ka5ul6\" data-start=\"838\" data-end=\"860\"><strong>Dual-Use-Formel<\/strong><\/p>\n<p data-start=\"861\" data-end=\"1143\">Obwohl diese Creme f\u00fcr die Augenpartie entwickelt wurde, ist sie sanft und wirksam genug, um f\u00fcr das gesamte Gesicht oder jeden Bereich, der Anti-Aging-Pflege ben\u00f6tigt, verwendet zu werden. Ihre cremige Textur zieht leicht ein, ohne zu kleben oder zu beschweren, und eignet sich daher perfekt zum Auftragen unter dem Make-up oder als Nachtpflege.<\/p>\n<p data-section-id=\"zjfa7d\" data-start=\"1145\" data-end=\"1188\"><strong>Angetrieben durch einen 20.000 ppm Peptidkomplex<\/strong><\/p>\n<ul data-start=\"1189\" data-end=\"1488\">\n<li data-start=\"1189\" data-end=\"1344\">\n<p data-start=\"1191\" data-end=\"1224\">Enth\u00e4lt 4 biomimetische Peptide:<\/p>\n<ul data-start=\"1227\" data-end=\"1344\">\n<li data-start=\"1227\" data-end=\"1261\">\n<p data-start=\"1229\" data-end=\"1261\">Acetyl-Depeptid-1-Cetyl-Ester<\/p>\n<\/li>\n<li data-start=\"1264\" data-end=\"1290\">\n<p data-start=\"1266\" data-end=\"1290\">Palmitoyl-Tripeptid-5<\/p>\n<\/li>\n<li data-start=\"1293\" data-end=\"1317\">\n<p data-start=\"1295\" data-end=\"1317\">Acetyl Hexapeptid-1<\/p>\n<\/li>\n<li data-start=\"1320\" data-end=\"1344\">\n<p data-start=\"1322\" data-end=\"1344\">Acetyl-Octapeptid-3<\/p>\n<\/li>\n<\/ul>\n<\/li>\n<li data-start=\"1345\" data-end=\"1395\">\n<p data-start=\"1347\" data-end=\"1395\">Ahmt die nat\u00fcrlichen Regenerationssignale der Haut nach<\/p>\n<\/li>\n<li data-start=\"1396\" data-end=\"1440\">\n<p data-start=\"1398\" data-end=\"1440\">F\u00f6rdert die Produktion von Kollagen und Elastin<\/p>\n<\/li>\n<li data-start=\"1441\" data-end=\"1488\">\n<p data-start=\"1443\" data-end=\"1488\">Strafft und verj\u00fcngt schlaffe oder m\u00fcde Haut<\/p>\n<\/li>\n<\/ul>\n<p data-section-id=\"13ltj9j\" data-start=\"1490\" data-end=\"1522\"><strong>3D-Spannung Eine Technologie<\/strong><\/p>\n<p data-start=\"1523\" data-end=\"1781\">Dieses patentierte System verwendet hochmolekulare Polymere wie Kollagen, Elastin und Hyalurons\u00e4ure, um einen atmungsaktiven Lifting-Film auf der Haut zu bilden. Es strafft und gl\u00e4ttet die Haut sofort und hilft, das Erscheinungsbild von feinen Linien und Schwellungen zu reduzieren.<\/p>\n<p data-section-id=\"2uqobb\" data-start=\"1783\" data-end=\"1821\"><strong>Tiefenfeuchtigkeit und Barrierereparatur<\/strong><\/p>\n<ul data-start=\"1822\" data-end=\"2127\">\n<li data-start=\"1822\" data-end=\"1884\">\n<p data-start=\"1824\" data-end=\"1884\">7 Arten von Kollagen zur Wiederherstellung von Hautdichte und Spannkraft<\/p>\n<\/li>\n<li data-start=\"1885\" data-end=\"1968\">\n<p data-start=\"1887\" data-end=\"1968\">Hyalurons\u00e4ure mit 7 Molekulargewichten f\u00fcr tiefe Hydratation und Hautaufpolsterung<\/p>\n<\/li>\n<li data-start=\"1969\" data-end=\"2068\">\n<p data-start=\"1971\" data-end=\"2068\">Natural Moisturizing Factor (NMF) zur St\u00e4rkung der Barriere und zur Unterst\u00fctzung der langfristigen Feuchtigkeitsversorgung<\/p>\n<\/li>\n<li data-start=\"2069\" data-end=\"2127\">\n<p data-start=\"2071\" data-end=\"2127\">Squalan und Shea Butter n\u00e4hren und machen weich<\/p>\n<\/li>\n<\/ul>\n<h2 data-section-id=\"2ot5x8\" data-start=\"2350\" data-end=\"2372\">Zus\u00e4tzliche Hinweise<\/h2>\n<ul data-start=\"2373\" data-end=\"2545\">\n<li data-start=\"2373\" data-end=\"2443\">\n<p data-start=\"2375\" data-end=\"2443\">Klinisch getestet auf Anti-Falten-, Lifting- und Feuchtigkeitseffekte<\/p>\n<\/li>\n<li data-start=\"2444\" data-end=\"2490\">\n<p data-start=\"2446\" data-end=\"2490\">Dermatologisch getestet und hypoallergen<\/p>\n<\/li>\n<li data-start=\"2491\" data-end=\"2545\">\n<p data-start=\"2493\" data-end=\"2545\">Ideal f\u00fcr alle Hauttypen, auch f\u00fcr empfindliche Haut<\/p>\n<\/li>\n<\/ul>","protected":false},"excerpt":{"rendered":"<p>Deep Lifting Peptide Eye Cream Multi-Peptide Lift for Eyes A powerful anti-aging cream designed for the delicate eye area \u2014<\/p>","protected":false},"featured_media":3401,"comment_status":"open","ping_status":"closed","template":"","meta":[],"product_brand":[],"product_cat":[22,49,15],"product_tag":[],"class_list":{"0":"post-2124","1":"product","2":"type-product","3":"status-publish","4":"has-post-thumbnail","6":"product_cat-eye-cream","7":"product_cat-for-men","8":"product_cat-korean-routine","10":"first","11":"instock","12":"featured","13":"purchasable","14":"product-type-simple"},"_links":{"self":[{"href":"https:\/\/yukibeauty.ch\/de\/wp-json\/wp\/v2\/product\/2124","targetHints":{"allow":["GET"]}}],"collection":[{"href":"https:\/\/yukibeauty.ch\/de\/wp-json\/wp\/v2\/product"}],"about":[{"href":"https:\/\/yukibeauty.ch\/de\/wp-json\/wp\/v2\/types\/product"}],"replies":[{"embeddable":true,"href":"https:\/\/yukibeauty.ch\/de\/wp-json\/wp\/v2\/comments?post=2124"}],"wp:featuredmedia":[{"embeddable":true,"href":"https:\/\/yukibeauty.ch\/de\/wp-json\/wp\/v2\/media\/3401"}],"wp:attachment":[{"href":"https:\/\/yukibeauty.ch\/de\/wp-json\/wp\/v2\/media?parent=2124"}],"wp:term":[{"taxonomy":"product_brand","embeddable":true,"href":"https:\/\/yukibeauty.ch\/de\/wp-json\/wp\/v2\/product_brand?post=2124"},{"taxonomy":"product_cat","embeddable":true,"href":"https:\/\/yukibeauty.ch\/de\/wp-json\/wp\/v2\/product_cat?post=2124"},{"taxonomy":"product_tag","embeddable":true,"href":"https:\/\/yukibeauty.ch\/de\/wp-json\/wp\/v2\/product_tag?post=2124"}],"curies":[{"name":"wp","href":"https:\/\/api.w.org\/{rel}","templated":true}]}}