{"id":2131,"date":"2025-07-08T14:59:47","date_gmt":"2025-07-08T12:59:47","guid":{"rendered":"https:\/\/yukibeauty.ch\/product\/kose-clear-turn-eye-zone-mask\/"},"modified":"2025-10-25T08:52:50","modified_gmt":"2025-10-25T06:52:50","slug":"kose-clear-turn-eye-zone-mask","status":"publish","type":"product","link":"https:\/\/yukibeauty.ch\/de\/shop\/korean-routine\/masks\/kose-clear-turn-eye-zone-mask\/","title":{"rendered":"KOSE Clear Turn Augenpartie-Maske"},"content":{"rendered":"<h3 data-start=\"89\" data-end=\"137\"><strong data-start=\"93\" data-end=\"135\">KOSE Clear Turn Augenzonenmaske (32 St\u00fcck)<\/strong><\/h3>\n<p data-start=\"138\" data-end=\"167\">Aufpolstern. Hydratisieren. Aufhellen.<\/p>\n<p data-start=\"169\" data-end=\"429\">Erwecken Sie m\u00fcde Augen mit dieser intensiven japanischen Augenbehandlung wieder zum Leben. Jede Packung enth\u00e4lt 32 Augenmasken (16 Paare), die mit einer wirksamen Mischung aus Astaxanthin, Retinol und Hyalurons\u00e4ure angereichert sind - dem Goldstandard-Trio in Sachen Anti-Aging und Feuchtigkeitspflege.<\/p>\n<h3 data-start=\"436\" data-end=\"456\"><strong data-start=\"440\" data-end=\"456\">Wichtigste Vorteile<\/strong><\/h3>\n<p data-start=\"458\" data-end=\"618\">Anti-Aging-Kraft<br data-start=\"481\" data-end=\"484\" \/>Astaxanthin und Retinol wirken synergetisch, um feine Linien zu reduzieren, die Elastizit\u00e4t zu verbessern und die Festigkeit der Augenpartie zu erh\u00f6hen.<\/p>\n<p data-start=\"620\" data-end=\"749\">Tiefe Hydratation<br data-start=\"641\" data-end=\"644\" \/>Hyalurons\u00e4ure spendet langanhaltende Feuchtigkeit und belebt feuchtigkeitsarme und m\u00fcde aussehende Haut sofort.<\/p>\n<p data-start=\"751\" data-end=\"908\">Aufpolstern &amp; Aufhellen<br data-start=\"779\" data-end=\"782\" \/>Gl\u00e4ttet durch Trockenheit verursachte Kr\u00e4henf\u00fc\u00dfe und feine Linien und l\u00e4sst die Augenpartie voller, weicher und strahlender aussehen.<\/p>\n<p data-start=\"910\" data-end=\"946\">Sanfte, hautvertr\u00e4gliche Formel<\/p>\n<ul data-start=\"947\" data-end=\"1143\">\n<li data-start=\"947\" data-end=\"1047\">\n<p data-start=\"949\" data-end=\"1047\">Hergestellt aus Bemliese\u00ae - einem weichen, pflanzlichen Baumwolltuch, das nahtlos auf der Haut haftet<\/p>\n<\/li>\n<li data-start=\"1048\" data-end=\"1143\">\n<p data-start=\"1050\" data-end=\"1143\">Frei von Duft- und Farbstoffen, mineral\u00f6lfrei, mild s\u00e4urehaltig - ideal f\u00fcr empfindliche Haut<\/p>\n<\/li>\n<\/ul>\n<h3 data-start=\"1505\" data-end=\"1526\"><strong data-start=\"1509\" data-end=\"1526\">Was drin ist<\/strong><\/h3>\n<ul data-start=\"1528\" data-end=\"1716\">\n<li data-start=\"1528\" data-end=\"1564\">\n<p data-start=\"1530\" data-end=\"1564\">32 einzelne Augenklappen (16 Paare)<\/p>\n<\/li>\n<li data-start=\"1565\" data-end=\"1716\">\n<p data-start=\"1567\" data-end=\"1716\">Angereichert mit:<br data-start=\"1581\" data-end=\"1584\" \/>- Astaxanthin - ein starkes Antioxidans<br data-start=\"1629\" data-end=\"1632\" \/>- Retinol - gl\u00e4ttet und strafft<br data-start=\"1669\" data-end=\"1672\" \/>- Hyalurons\u00e4ure - spendet intensiv Feuchtigkeit<\/p>\n<\/li>\n<\/ul>\n<p data-start=\"1723\" data-end=\"1878\">Perfekt f\u00fcr: feine Linien - Trockenheit - Mattheit - M\u00fcdigkeit um die Augen<br data-start=\"1797\" data-end=\"1800\" \/>Erg\u00e4nzen Sie Ihre Hautpflegeroutine, um Ihre Augen jeden Tag strahlender und j\u00fcnger aussehen zu lassen.<\/p>","protected":false},"excerpt":{"rendered":"<p>KOSE Clear Turn Eye Zone Mask (32 pcs) Plump. Hydrate. Brighten. Bring tired eyes back to life with this intensive<\/p>","protected":false},"featured_media":3405,"comment_status":"open","ping_status":"closed","template":"","meta":[],"product_brand":[],"product_cat":[49,15,21],"product_tag":[],"class_list":{"0":"post-2131","1":"product","2":"type-product","3":"status-publish","4":"has-post-thumbnail","6":"product_cat-for-men","7":"product_cat-korean-routine","8":"product_cat-masks","10":"first","11":"outofstock","12":"purchasable","13":"product-type-simple"},"_links":{"self":[{"href":"https:\/\/yukibeauty.ch\/de\/wp-json\/wp\/v2\/product\/2131","targetHints":{"allow":["GET"]}}],"collection":[{"href":"https:\/\/yukibeauty.ch\/de\/wp-json\/wp\/v2\/product"}],"about":[{"href":"https:\/\/yukibeauty.ch\/de\/wp-json\/wp\/v2\/types\/product"}],"replies":[{"embeddable":true,"href":"https:\/\/yukibeauty.ch\/de\/wp-json\/wp\/v2\/comments?post=2131"}],"wp:featuredmedia":[{"embeddable":true,"href":"https:\/\/yukibeauty.ch\/de\/wp-json\/wp\/v2\/media\/3405"}],"wp:attachment":[{"href":"https:\/\/yukibeauty.ch\/de\/wp-json\/wp\/v2\/media?parent=2131"}],"wp:term":[{"taxonomy":"product_brand","embeddable":true,"href":"https:\/\/yukibeauty.ch\/de\/wp-json\/wp\/v2\/product_brand?post=2131"},{"taxonomy":"product_cat","embeddable":true,"href":"https:\/\/yukibeauty.ch\/de\/wp-json\/wp\/v2\/product_cat?post=2131"},{"taxonomy":"product_tag","embeddable":true,"href":"https:\/\/yukibeauty.ch\/de\/wp-json\/wp\/v2\/product_tag?post=2131"}],"curies":[{"name":"wp","href":"https:\/\/api.w.org\/{rel}","templated":true}]}}