{"id":2133,"date":"2025-07-08T14:59:47","date_gmt":"2025-07-08T12:59:47","guid":{"rendered":"https:\/\/yukibeauty.ch\/product\/biodance-collagen-mask\/"},"modified":"2025-10-25T08:54:00","modified_gmt":"2025-10-25T06:54:00","slug":"biodance-collagen-mask","status":"publish","type":"product","link":"https:\/\/yukibeauty.ch\/de\/shop\/korean-routine\/masks\/biodance-collagen-mask\/","title":{"rendered":"Biodance Kollagen-Maske"},"content":{"rendered":"<h2 data-start=\"141\" data-end=\"182\">Biodance Bio-Collagen Real Deep Maske<\/h2>\n<p data-start=\"183\" data-end=\"248\"><strong data-start=\"183\" data-end=\"248\">Hydrogel-Maske f\u00fcr tiefe Hydratation, Straffung und Ausstrahlung \u00fcber Nacht<\/strong><\/p>\n<p data-start=\"250\" data-end=\"554\">Wachen Sie auf mit sichtbar festerer, glatterer und strahlenderer Haut mit der Bio-Collagen Real Deep Mask von Biodance. Diese innovative, verfestigte Ampullenmaske verschmilzt \u00fcber Nacht mit Ihrer Haut und setzt eine leistungsstarke Mischung aus Kollagenpeptiden, Probiotika und tief eindringender Feuchtigkeit frei - f\u00fcr transformative Ergebnisse.<\/p>\n<h3 data-start=\"561\" data-end=\"579\">Wichtigste Vorteile<\/h3>\n<ul data-start=\"581\" data-end=\"1006\">\n<li data-start=\"581\" data-end=\"643\">\n<p data-start=\"583\" data-end=\"643\">Tiefenwirksame, mehrschichtige Hydratation mit Oligo-Hyalurons\u00e4ure<\/p>\n<\/li>\n<li data-start=\"644\" data-end=\"706\">\n<p data-start=\"646\" data-end=\"706\">Festigt und strafft die Haut mit ultra-niedermolekularem Kollagen<\/p>\n<\/li>\n<li data-start=\"707\" data-end=\"747\">\n<p data-start=\"709\" data-end=\"747\">Verfeinert die Poren und gl\u00e4ttet feine Linien<\/p>\n<\/li>\n<li data-start=\"748\" data-end=\"835\">\n<p data-start=\"750\" data-end=\"835\">Hellt den Hautton auf und gleicht ihn aus mit Niacinamid und Galaktomyces-Ferment<\/p>\n<\/li>\n<li data-start=\"836\" data-end=\"895\">\n<p data-start=\"838\" data-end=\"895\">St\u00e4rkt die Hautbarriere mit 3 Arten von Probiotika<\/p>\n<\/li>\n<li data-start=\"896\" data-end=\"953\">\n<p data-start=\"898\" data-end=\"953\">Transparente Oberfl\u00e4che - kein Durcheinander oder Verrutschen im Schlaf<\/p>\n<\/li>\n<li data-start=\"954\" data-end=\"1006\">\n<p data-start=\"956\" data-end=\"1006\">Hypoallergen und f\u00fcr empfindliche Haut geeignet<\/p>\n<\/li>\n<\/ul>\n<h3 data-start=\"1013\" data-end=\"1032\">Wie es funktioniert<\/h3>\n<ul data-start=\"1034\" data-end=\"1266\">\n<li data-start=\"1034\" data-end=\"1113\">\n<p data-start=\"1036\" data-end=\"1113\">Das verfestigte Ampullenhydrogel haftet wie eine zweite Schicht auf der Haut<\/p>\n<\/li>\n<li data-start=\"1114\" data-end=\"1197\">\n<p data-start=\"1116\" data-end=\"1197\">Schmilzt nach und nach \u00fcber Nacht und bringt die Wirkstoffe tief in die Haut ein<\/p>\n<\/li>\n<li data-start=\"1198\" data-end=\"1266\">\n<p data-start=\"1200\" data-end=\"1266\">Die Haut f\u00fchlt sich am Morgen prall, hydratisiert und strahlend an<\/p>\n<\/li>\n<\/ul>\n<h3 data-start=\"1273\" data-end=\"1296\">Wichtige Inhaltsstoffe<\/h3>\n<ul data-start=\"1298\" data-end=\"1646\">\n<li data-start=\"1298\" data-end=\"1371\">\n<p data-start=\"1300\" data-end=\"1371\">Niedermolekulare Kollagenpeptide - verbessern Elastizit\u00e4t und Festigkeit<\/p>\n<\/li>\n<li data-start=\"1372\" data-end=\"1442\">\n<p data-start=\"1374\" data-end=\"1442\">Oligo-Hyalurons\u00e4ure - bietet lang anhaltende, schichtweise Hydratation<\/p>\n<\/li>\n<li data-start=\"1443\" data-end=\"1513\">\n<p data-start=\"1445\" data-end=\"1513\">Galactomyces-Fermentfiltrat - hellt auf und verbessert die Textur<\/p>\n<\/li>\n<li data-start=\"1514\" data-end=\"1571\">\n<p data-start=\"1516\" data-end=\"1571\">Niacinamid - gleicht den Hautton aus und verleiht der Haut mehr Ausstrahlung<\/p>\n<\/li>\n<li data-start=\"1572\" data-end=\"1646\">\n<p data-start=\"1574\" data-end=\"1646\">Dreifach-Probiotika - st\u00e4rken die Hautbarriere und lindern Entz\u00fcndungen<\/p>\n<\/li>\n<\/ul>\n<p><em data-start=\"2177\" data-end=\"2243\">Ihre Abk\u00fcrzung \u00fcber Nacht f\u00fcr eine straffe, strahlende und tief mit Feuchtigkeit versorgte Haut.<\/em><\/p>","protected":false},"excerpt":{"rendered":"<p>Biodance Bio-Collagen Real Deep Mask Overnight hydrogel mask for deep hydration, firming, and glow Wake up to visibly firmer, smoother,<\/p>","protected":false},"featured_media":3429,"comment_status":"open","ping_status":"closed","template":"","meta":[],"product_brand":[],"product_cat":[49,15,21],"product_tag":[],"class_list":{"0":"post-2133","1":"product","2":"type-product","3":"status-publish","4":"has-post-thumbnail","6":"product_cat-for-men","7":"product_cat-korean-routine","8":"product_cat-masks","10":"first","11":"outofstock","12":"purchasable","13":"product-type-simple"},"_links":{"self":[{"href":"https:\/\/yukibeauty.ch\/de\/wp-json\/wp\/v2\/product\/2133","targetHints":{"allow":["GET"]}}],"collection":[{"href":"https:\/\/yukibeauty.ch\/de\/wp-json\/wp\/v2\/product"}],"about":[{"href":"https:\/\/yukibeauty.ch\/de\/wp-json\/wp\/v2\/types\/product"}],"replies":[{"embeddable":true,"href":"https:\/\/yukibeauty.ch\/de\/wp-json\/wp\/v2\/comments?post=2133"}],"wp:featuredmedia":[{"embeddable":true,"href":"https:\/\/yukibeauty.ch\/de\/wp-json\/wp\/v2\/media\/3429"}],"wp:attachment":[{"href":"https:\/\/yukibeauty.ch\/de\/wp-json\/wp\/v2\/media?parent=2133"}],"wp:term":[{"taxonomy":"product_brand","embeddable":true,"href":"https:\/\/yukibeauty.ch\/de\/wp-json\/wp\/v2\/product_brand?post=2133"},{"taxonomy":"product_cat","embeddable":true,"href":"https:\/\/yukibeauty.ch\/de\/wp-json\/wp\/v2\/product_cat?post=2133"},{"taxonomy":"product_tag","embeddable":true,"href":"https:\/\/yukibeauty.ch\/de\/wp-json\/wp\/v2\/product_tag?post=2133"}],"curies":[{"name":"wp","href":"https:\/\/api.w.org\/{rel}","templated":true}]}}