{"id":2134,"date":"2025-07-08T14:59:47","date_gmt":"2025-07-08T12:59:47","guid":{"rendered":"https:\/\/yukibeauty.ch\/product\/lip-sleeping-mask\/"},"modified":"2026-01-19T12:14:58","modified_gmt":"2026-01-19T11:14:58","slug":"lip-sleeping-mask","status":"publish","type":"product","link":"https:\/\/yukibeauty.ch\/de\/shop\/korean-routine\/masks\/lip-sleeping-mask\/","title":{"rendered":"Schlafmaske f\u00fcr die Lippen"},"content":{"rendered":"<h2 data-start=\"158\" data-end=\"193\">LANEIGE Lippen-Schlafmaske<\/h2>\n<p>LANEIGE Lippen-Schlafmaske<\/p>\n<p>Pflege \u00fcber Nacht f\u00fcr weiche, glatte und kussfertige Lippen<\/p>\n<h2>Warum Sie es lieben werden<\/h2>\n<ul>\n<li>Wachen Sie mit tiefenwirksam befeuchteten, geschmeidigen Lippen auf. Diese reichhaltige, balsamartige Maske f\u00fcr die Nacht l\u00e4sst abgestorbene Hautzellen schmelzen und versorgt Ihre Lippen im Schlaf mit intensiver Feuchtigkeit.<\/li>\n<li>Beeren-Mix-Komplex\u2122: Reich an Vitamin C und Antioxidantien aus Beerenextrakten, die trockene Lippen gl\u00e4tten und revitalisieren.<\/li>\n<li>Moisture Wrap\u2122 Technologie: Eine patentierte Beta-Glucan-Matrix mit Hydro-Ionen-Mineralwasser, Nachtkerzenwurzel- und Hunza-Aprikosen-Extrakten, die die Feuchtigkeit bis zu 8 Stunden lang einschlie\u00dft.<\/li>\n<li>Shea Butter &amp; Murumuru Butter: Pflegen die Lippen mit essentiellen Fetts\u00e4uren f\u00fcr lang anhaltende Weichheit.<\/li>\n<li>Perfekt f\u00fcr die Vorbereitung auf das Make-up: Macht die Lippen bis zum Morgen glatt und elastisch.<\/li>\n<li>S\u00fc\u00dfe und fruchtige D\u00fcfte, die Ihre n\u00e4chtliche Routine zu einem Vergn\u00fcgen machen.<\/li>\n<\/ul>\n<h2>Was drin ist<\/h2>\n<p>1 x Lippen-Schlafmaske (verschiedene D\u00fcfte)<\/p>\n<p>1 x Spatel f\u00fcr sauberes, einfaches Auftragen<\/p>","protected":false},"excerpt":{"rendered":"<p>LANEIGE Lip Sleeping Mask LANEIGE Lip Sleeping Mask Overnight care for soft, smooth, kissable lips Why You\u2019ll Love It Wake<\/p>","protected":false},"featured_media":3440,"comment_status":"open","ping_status":"closed","template":"","meta":[],"product_brand":[],"product_cat":[49,15,21],"product_tag":[],"class_list":{"0":"post-2134","1":"product","2":"type-product","3":"status-publish","4":"has-post-thumbnail","6":"product_cat-for-men","7":"product_cat-korean-routine","8":"product_cat-masks","10":"first","11":"instock","12":"purchasable","13":"product-type-simple"},"_links":{"self":[{"href":"https:\/\/yukibeauty.ch\/de\/wp-json\/wp\/v2\/product\/2134","targetHints":{"allow":["GET"]}}],"collection":[{"href":"https:\/\/yukibeauty.ch\/de\/wp-json\/wp\/v2\/product"}],"about":[{"href":"https:\/\/yukibeauty.ch\/de\/wp-json\/wp\/v2\/types\/product"}],"replies":[{"embeddable":true,"href":"https:\/\/yukibeauty.ch\/de\/wp-json\/wp\/v2\/comments?post=2134"}],"wp:featuredmedia":[{"embeddable":true,"href":"https:\/\/yukibeauty.ch\/de\/wp-json\/wp\/v2\/media\/3440"}],"wp:attachment":[{"href":"https:\/\/yukibeauty.ch\/de\/wp-json\/wp\/v2\/media?parent=2134"}],"wp:term":[{"taxonomy":"product_brand","embeddable":true,"href":"https:\/\/yukibeauty.ch\/de\/wp-json\/wp\/v2\/product_brand?post=2134"},{"taxonomy":"product_cat","embeddable":true,"href":"https:\/\/yukibeauty.ch\/de\/wp-json\/wp\/v2\/product_cat?post=2134"},{"taxonomy":"product_tag","embeddable":true,"href":"https:\/\/yukibeauty.ch\/de\/wp-json\/wp\/v2\/product_tag?post=2134"}],"curies":[{"name":"wp","href":"https:\/\/api.w.org\/{rel}","templated":true}]}}