{"id":2135,"date":"2025-07-08T14:59:00","date_gmt":"2025-07-08T12:59:00","guid":{"rendered":"https:\/\/yukibeauty.ch\/product\/pdrn-pink-collagen-gel-mask\/"},"modified":"2026-02-10T10:03:56","modified_gmt":"2026-02-10T09:03:56","slug":"pdrn-pink-collagen-mask","status":"publish","type":"product","link":"https:\/\/yukibeauty.ch\/de\/shop\/korean-routine\/masks\/pdrn-pink-collagen-mask\/","title":{"rendered":"PDRN Rosa Kollagen-Gel-Maske"},"content":{"rendered":"<h2 data-section-id=\"wnwhah\" data-start=\"185\" data-end=\"218\">PDRN Rosa Kollagen-Gel-Maske<\/h2>\n<p data-start=\"219\" data-end=\"247\">Festigkeit. Strahlen. Tiefenreparatur.<\/p>\n<p data-start=\"249\" data-end=\"486\">Die Medicube PDRN Pink Collagen Gel Mask bietet intensive Pflege mit einer einzigartigen geleeartigen Textur, die mit der Haut verschmilzt und ihre Elastizit\u00e4t, Spannkraft und Feuchtigkeitsversorgung sichtbar verbessert. Ideal f\u00fcr fahle, m\u00fcde oder empfindliche Haut, die eine Auffrischung braucht.<\/p>\n<h2 data-section-id=\"14o11cl\" data-start=\"488\" data-end=\"506\">Wichtigste Vorteile<\/h2>\n<ul data-start=\"507\" data-end=\"841\">\n<li data-start=\"507\" data-end=\"587\">\n<p data-start=\"509\" data-end=\"587\">Verbessert die Elastizit\u00e4t der Haut mit <strong data-start=\"539\" data-end=\"554\">Lachs PDRN<\/strong> und <strong data-start=\"559\" data-end=\"585\">niedermolekulares Kollagen<\/strong><\/p>\n<\/li>\n<li data-start=\"588\" data-end=\"648\">\n<p data-start=\"590\" data-end=\"648\">Spendet tiefenwirksam Feuchtigkeit und beruhigt empfindliche, gereizte Haut<\/p>\n<\/li>\n<li data-start=\"649\" data-end=\"713\">\n<p data-start=\"651\" data-end=\"713\">Gleichm\u00e4\u00dfiger Hautton und Verblassen von Verf\u00e4rbungen mit <strong data-start=\"696\" data-end=\"711\">Niacinamid<\/strong><\/p>\n<\/li>\n<li data-start=\"714\" data-end=\"791\">\n<p data-start=\"716\" data-end=\"791\">St\u00e4rkt die Hautbarriere f\u00fcr eine bessere Widerstandsf\u00e4higkeit und Feuchtigkeitsspeicherung<\/p>\n<\/li>\n<li data-start=\"792\" data-end=\"841\">\n<p data-start=\"794\" data-end=\"841\">Hinterl\u00e4sst einen strahlenden, glatten, \"gl\u00e4sernen\" Haut-Effekt<\/p>\n<\/li>\n<\/ul>\n<p data-section-id=\"1gq63qk\" data-start=\"843\" data-end=\"879\"><strong>Erweiterte Kollagen- und DNA-Pflege<\/strong><\/p>\n<p data-start=\"880\" data-end=\"1136\">Diese Gel-Maske der n\u00e4chsten Generation ist angereichert mit <strong data-start=\"926\" data-end=\"945\">Lachs-DNA PDRN<\/strong> und <strong data-start=\"950\" data-end=\"962\">Kollagen<\/strong>die zusammenwirken, um die Festigkeit der Haut wiederherzustellen, ihre Spannkraft zu verbessern und feine Linien zu gl\u00e4tten. Die Gelee-Textur verbessert die Aufnahme und bringt die Wirkstoffe tief in die Haut.<\/p>\n<p data-section-id=\"14fuwsl\" data-start=\"1138\" data-end=\"1170\"><strong>Transformative Gel-Formel<\/strong><\/p>\n<p data-start=\"1171\" data-end=\"1419\">Die Maske beginnt mit einer rosafarbenen Gelee-Textur und wird transparent, wenn Ihre Haut die Essenz aufnimmt - ein sichtbares Zeichen f\u00fcr tiefe Hydratation und Wirksamkeit. Klinisch getestet, um Verbesserungen bei Feuchtigkeit, feinen Linien und Elastizit\u00e4t nach nur einer Anwendung zu zeigen.<\/p>\n<p data-section-id=\"1iuc17x\" data-start=\"1421\" data-end=\"1447\"><strong>K\u00fchlend und beruhigend<\/strong><\/p>\n<p data-start=\"1448\" data-end=\"1590\">K\u00fchlt die Haut sofort, senkt die Oberfl\u00e4chentemperatur und bietet 24 Stunden lang Feuchtigkeitsschutz mit einer sanften, nicht reizenden Formel.<\/p>\n<h2 data-section-id=\"a7idu5\" data-start=\"1998\" data-end=\"2011\">Vorsicht<\/h2>\n<ul data-start=\"2012\" data-end=\"2265\">\n<li data-start=\"2012\" data-end=\"2037\">\n<p data-start=\"2014\" data-end=\"2037\">Nur zur externen Verwendung<\/p>\n<\/li>\n<li data-start=\"2038\" data-end=\"2065\">\n<p data-start=\"2040\" data-end=\"2065\">Vermeiden Sie den Kontakt mit den Augen<\/p>\n<\/li>\n<li data-start=\"2066\" data-end=\"2127\">\n<p data-start=\"2068\" data-end=\"2127\">Bei R\u00f6tung, Juckreiz oder Reizung die Anwendung abbrechen<\/p>\n<\/li>\n<li data-start=\"2128\" data-end=\"2176\">\n<p data-start=\"2130\" data-end=\"2176\">F\u00fchren Sie vor der vollst\u00e4ndigen Anwendung einen Patch-Test durch<\/p>\n<\/li>\n<li data-start=\"2177\" data-end=\"2233\">\n<p data-start=\"2179\" data-end=\"2233\">K\u00fchl, trocken und vor direkter Sonneneinstrahlung gesch\u00fctzt lagern<\/p>\n<\/li>\n<li data-start=\"2234\" data-end=\"2265\">\n<p data-start=\"2236\" data-end=\"2265\">Au\u00dferhalb der Reichweite von Kindern aufbewahren<\/p>\n<\/li>\n<\/ul>","protected":false},"excerpt":{"rendered":"<p>PDRN Pink Collagen Gel Mask Firmness. Glow. Deep Repair. Medicube PDRN Pink Collagen Gel Mask delivers intensive care with a<\/p>","protected":false},"featured_media":3451,"comment_status":"open","ping_status":"closed","template":"","meta":[],"product_brand":[],"product_cat":[49,15,21,317],"product_tag":[],"class_list":{"0":"post-2135","1":"product","2":"type-product","3":"status-publish","4":"has-post-thumbnail","6":"product_cat-for-men","7":"product_cat-korean-routine","8":"product_cat-masks","9":"product_cat-sheet-mask","11":"first","12":"instock","13":"purchasable","14":"product-type-simple"},"_links":{"self":[{"href":"https:\/\/yukibeauty.ch\/de\/wp-json\/wp\/v2\/product\/2135","targetHints":{"allow":["GET"]}}],"collection":[{"href":"https:\/\/yukibeauty.ch\/de\/wp-json\/wp\/v2\/product"}],"about":[{"href":"https:\/\/yukibeauty.ch\/de\/wp-json\/wp\/v2\/types\/product"}],"replies":[{"embeddable":true,"href":"https:\/\/yukibeauty.ch\/de\/wp-json\/wp\/v2\/comments?post=2135"}],"wp:featuredmedia":[{"embeddable":true,"href":"https:\/\/yukibeauty.ch\/de\/wp-json\/wp\/v2\/media\/3451"}],"wp:attachment":[{"href":"https:\/\/yukibeauty.ch\/de\/wp-json\/wp\/v2\/media?parent=2135"}],"wp:term":[{"taxonomy":"product_brand","embeddable":true,"href":"https:\/\/yukibeauty.ch\/de\/wp-json\/wp\/v2\/product_brand?post=2135"},{"taxonomy":"product_cat","embeddable":true,"href":"https:\/\/yukibeauty.ch\/de\/wp-json\/wp\/v2\/product_cat?post=2135"},{"taxonomy":"product_tag","embeddable":true,"href":"https:\/\/yukibeauty.ch\/de\/wp-json\/wp\/v2\/product_tag?post=2135"}],"curies":[{"name":"wp","href":"https:\/\/api.w.org\/{rel}","templated":true}]}}