{"id":2136,"date":"2025-07-08T14:59:47","date_gmt":"2025-07-08T12:59:47","guid":{"rendered":"https:\/\/yukibeauty.ch\/product\/acne-pimple-master-patch-24pcs\/"},"modified":"2026-02-10T10:05:36","modified_gmt":"2026-02-10T09:05:36","slug":"acne-pimple-master-patch-24pcs","status":"publish","type":"product","link":"https:\/\/yukibeauty.ch\/de\/shop\/korean-routine\/masks\/acne-pimple-master-patch-24pcs\/","title":{"rendered":"Akne Pickel Master Patch [24 St\u00fcck]"},"content":{"rendered":"<h2 data-start=\"111\" data-end=\"153\"><strong data-start=\"115\" data-end=\"151\">Akne Pickel Master Patch [24 St\u00fcck] - Spot-Behandlung \u00fcber Nacht<\/strong><\/h2>\n<p data-start=\"154\" data-end=\"206\"><strong data-start=\"154\" data-end=\"206\">\u00dcber-Nacht-Behandlung f\u00fcr Pickel und Hautunreinheiten<\/strong><\/p>\n<p data-start=\"208\" data-end=\"538\">Verabschieden Sie sich von Pickeln mit dem Acne Pimple Master Patch [24 St\u00fcck] - der meistverkauften K-Beauty-L\u00f6sung f\u00fcr Pickel und Hautunreinheiten. Diese ultrad\u00fcnnen Hydrokolloid-Patches reduzieren R\u00f6tungen sichtbar, entfernen Unreinheiten und beschleunigen die Heilung \u00fcber Nacht. Sie sind f\u00fcr alle Hauttypen geeignet und sch\u00fctzen Ihre Haut vor Bakterien und Narbenbildung.<\/p>\n<p data-start=\"540\" data-end=\"664\">Hergestellt mit <strong data-start=\"550\" data-end=\"582\">A.D.F. Hydrokolloid-Verband<\/strong>Diese Pflaster absorbieren Schleim, gl\u00e4tten Flecken und verhindern Narbenbildung - und das ganz ohne Schmerzen.<\/p>\n<h3 data-start=\"671\" data-end=\"689\">Wichtigste Vorteile<\/h3>\n<ul data-start=\"691\" data-end=\"1001\">\n<li data-start=\"691\" data-end=\"744\">\n<p data-start=\"693\" data-end=\"744\">Reduziert sichtbar die Gr\u00f6\u00dfe und R\u00f6tung von Pickeln \u00fcber Nacht<\/p>\n<\/li>\n<li data-start=\"745\" data-end=\"798\">\n<p data-start=\"747\" data-end=\"798\">Hilft, Unreinheiten zu entfernen und \u00fcbersch\u00fcssigen Talg zu absorbieren<\/p>\n<\/li>\n<li data-start=\"799\" data-end=\"844\">\n<p data-start=\"801\" data-end=\"844\">Beschleunigt die Heilung und verhindert Narbenbildung<\/p>\n<\/li>\n<li data-start=\"845\" data-end=\"896\">\n<p data-start=\"847\" data-end=\"896\">Bildet eine Schutzbarriere, die Bakterien fernh\u00e4lt<\/p>\n<\/li>\n<li data-start=\"897\" data-end=\"949\">\n<p data-start=\"899\" data-end=\"949\">Nicht austrocknend und sanft - keine Irritationen oder Peeling<\/p>\n<\/li>\n<li data-start=\"950\" data-end=\"1001\">\n<p data-start=\"952\" data-end=\"1001\">Perfekt f\u00fcr alle Hauttypen, auch f\u00fcr empfindliche<\/p>\n<\/li>\n<\/ul>\n<h3 data-start=\"1218\" data-end=\"1243\">Textur und Material<\/h3>\n<p data-start=\"1245\" data-end=\"1399\">D\u00fcnnes, transparentes Hydrokolloid, das nahtlos mit der Haut verschmilzt und gut haftet, auch \u00fcber Nacht. Tragen Sie es im Schlaf oder tags\u00fcber unter dem Make-up.<\/p>\n<h3 data-start=\"1696\" data-end=\"1715\">Warum es funktioniert<\/h3>\n<ul data-start=\"1717\" data-end=\"1894\">\n<li data-start=\"1717\" data-end=\"1756\">\n<p data-start=\"1719\" data-end=\"1756\">Schafft ein feuchtes Heilklima<\/p>\n<\/li>\n<li data-start=\"1757\" data-end=\"1798\">\n<p data-start=\"1759\" data-end=\"1798\">Sch\u00fctzt vor Bakterien und Fingern<\/p>\n<\/li>\n<li data-start=\"1799\" data-end=\"1841\">\n<p data-start=\"1801\" data-end=\"1841\">Verhindert Rupfen, Aufplatzen und Narbenbildung<\/p>\n<\/li>\n<li data-start=\"1842\" data-end=\"1894\">\n<p data-start=\"1844\" data-end=\"1894\">Wirkt am besten bei Mitessern und Pickeln im Anfangsstadium<\/p>\n<\/li>\n<\/ul>\n<p><strong data-start=\"1901\" data-end=\"1921\">Empfohlen f\u00fcr:<\/strong><br data-start=\"1921\" data-end=\"1924\" \/>- Whiteheads und oberfl\u00e4chliche Pickel<br data-start=\"1957\" data-end=\"1960\" \/>- Entz\u00fcndete Hautunreinheiten<br data-start=\"1981\" data-end=\"1984\" \/>- Verhinderung von Narbenbildung durch Picking<br data-start=\"2019\" data-end=\"2022\" \/>- Schnelle Fleckenpflege \u00fcber Nacht<\/p>\n<h3 data-start=\"1008\" data-end=\"1028\">Was drin ist<\/h3>\n<p data-start=\"1030\" data-end=\"1057\">24 Patches in 3 Gr\u00f6\u00dfen:<\/p>\n<ul data-start=\"1058\" data-end=\"1211\">\n<li data-start=\"1058\" data-end=\"1080\">\n<p data-start=\"1060\" data-end=\"1080\"><strong data-start=\"1060\" data-end=\"1078\">Klein (10 St\u00fcck)<\/strong><\/p>\n<\/li>\n<li data-start=\"1081\" data-end=\"1103\">\n<p data-start=\"1083\" data-end=\"1103\"><strong data-start=\"1083\" data-end=\"1101\">Medium (5 St\u00fcck)<\/strong><\/p>\n<\/li>\n<li data-start=\"1104\" data-end=\"1211\">\n<p data-start=\"1106\" data-end=\"1211\"><strong data-start=\"1106\" data-end=\"1123\">Gro\u00df (9 St\u00fcck)<\/strong><br data-start=\"1123\" data-end=\"1126\" \/>So k\u00f6nnen Sie die Gr\u00f6\u00dfe des Pflasters an den jeweiligen Makel anpassen - von winzigen Flecken bis hin zu gr\u00f6\u00dferen Ausbr\u00fcchen.<\/p>\n<\/li>\n<\/ul>","protected":false},"excerpt":{"rendered":"<p>Acne Pimple Master Patch [24pcs] \u2013 Overnight Spot Treatment Overnight Spot Treatment for Pimples &amp; Blemishes Say goodbye to breakouts<\/p>","protected":false},"featured_media":3461,"comment_status":"open","ping_status":"closed","template":"","meta":[],"product_brand":[],"product_cat":[49,15,21],"product_tag":[],"class_list":{"0":"post-2136","1":"product","2":"type-product","3":"status-publish","4":"has-post-thumbnail","6":"product_cat-for-men","7":"product_cat-korean-routine","8":"product_cat-masks","10":"first","11":"instock","12":"purchasable","13":"product-type-simple"},"_links":{"self":[{"href":"https:\/\/yukibeauty.ch\/de\/wp-json\/wp\/v2\/product\/2136","targetHints":{"allow":["GET"]}}],"collection":[{"href":"https:\/\/yukibeauty.ch\/de\/wp-json\/wp\/v2\/product"}],"about":[{"href":"https:\/\/yukibeauty.ch\/de\/wp-json\/wp\/v2\/types\/product"}],"replies":[{"embeddable":true,"href":"https:\/\/yukibeauty.ch\/de\/wp-json\/wp\/v2\/comments?post=2136"}],"wp:featuredmedia":[{"embeddable":true,"href":"https:\/\/yukibeauty.ch\/de\/wp-json\/wp\/v2\/media\/3461"}],"wp:attachment":[{"href":"https:\/\/yukibeauty.ch\/de\/wp-json\/wp\/v2\/media?parent=2136"}],"wp:term":[{"taxonomy":"product_brand","embeddable":true,"href":"https:\/\/yukibeauty.ch\/de\/wp-json\/wp\/v2\/product_brand?post=2136"},{"taxonomy":"product_cat","embeddable":true,"href":"https:\/\/yukibeauty.ch\/de\/wp-json\/wp\/v2\/product_cat?post=2136"},{"taxonomy":"product_tag","embeddable":true,"href":"https:\/\/yukibeauty.ch\/de\/wp-json\/wp\/v2\/product_tag?post=2136"}],"curies":[{"name":"wp","href":"https:\/\/api.w.org\/{rel}","templated":true}]}}