{"id":2138,"date":"2025-07-08T14:59:47","date_gmt":"2025-07-08T12:59:47","guid":{"rendered":"https:\/\/yukibeauty.ch\/product\/heartleaf-cream-mask-night-solution-mask\/"},"modified":"2026-02-10T10:05:22","modified_gmt":"2026-02-10T09:05:22","slug":"anua-heartleaf-cream-mask-night-solution","status":"publish","type":"product","link":"https:\/\/yukibeauty.ch\/de\/shop\/korean-routine\/masks\/anua-heartleaf-cream-mask-night-solution\/","title":{"rendered":"Heartleaf Creme Maske Nachtl\u00f6sung Maske"},"content":{"rendered":"<h2 data-start=\"184\" data-end=\"229\">Anua Heartleaf Creme Maske Nachtl\u00f6sung<\/h2>\n<p data-start=\"230\" data-end=\"305\"><strong data-start=\"230\" data-end=\"305\">Dreifach wirkende, barrierest\u00e4rkende Maske f\u00fcr empfindliche, feuchtigkeitsarme Haut<\/strong><\/p>\n<p data-start=\"307\" data-end=\"683\">Erleben Sie Erholung \u00fcber Nacht und Tiefenpflege mit dem <strong data-start=\"367\" data-end=\"411\">Anua Heartleaf Creme Maske Nachtl\u00f6sung<\/strong> - eine beruhigende, hautregenerierende Blattmaske, die speziell f\u00fcr empfindliche und geschw\u00e4chte Haut entwickelt wurde. Angereichert mit <strong data-start=\"520\" data-end=\"548\">Koreanischer Herzblattextrakt<\/strong>, <strong data-start=\"550\" data-end=\"563\">Ceramide<\/strong>und <strong data-start=\"569\" data-end=\"582\">Panthenol<\/strong>liefert diese Creme-Maske eine <strong data-start=\"611\" data-end=\"643\">3-Schritt-Hautbarrierel\u00f6sung<\/strong> zur Beruhigung, Hydratisierung und St\u00e4rkung der Haut.<\/p>\n<h2 data-start=\"690\" data-end=\"709\">Wichtigste Vorteile<\/h2>\n<ul data-start=\"711\" data-end=\"1240\">\n<li data-start=\"711\" data-end=\"781\">\n<p data-start=\"713\" data-end=\"781\"><strong data-start=\"713\" data-end=\"745\">Lindert Reizungen und R\u00f6tungen<\/strong> mit koreanischen <strong data-start=\"758\" data-end=\"779\">Herzblattextrakt<\/strong><\/p>\n<\/li>\n<li data-start=\"782\" data-end=\"875\">\n<p data-start=\"784\" data-end=\"875\"><strong data-start=\"784\" data-end=\"803\">Spendet tiefenwirksam Feuchtigkeit<\/strong> von innen heraus mit <strong data-start=\"821\" data-end=\"848\">Ceramide pflanzlichen Ursprungs<\/strong> und <strong data-start=\"853\" data-end=\"873\">Phytosphingosin<\/strong><\/p>\n<\/li>\n<li data-start=\"876\" data-end=\"964\">\n<p data-start=\"878\" data-end=\"964\"><strong data-start=\"878\" data-end=\"906\">St\u00e4rkt die Hautbarriere<\/strong> mit <strong data-start=\"912\" data-end=\"925\">Panthenol<\/strong>ideal f\u00fcr zarte oder empfindliche Haut<\/p>\n<\/li>\n<li data-start=\"965\" data-end=\"1052\">\n<p data-start=\"967\" data-end=\"1052\">N\u00e4hrt und regeneriert die Haut \u00fcber Nacht f\u00fcr ein <strong data-start=\"1011\" data-end=\"1050\">glatterer, elastischerer Teint<\/strong><\/p>\n<\/li>\n<li data-start=\"1053\" data-end=\"1157\">\n<p data-start=\"1055\" data-end=\"1157\">Hergestellt mit <strong data-start=\"1065\" data-end=\"1084\">vegan-zertifiziert<\/strong>, <strong data-start=\"1086\" data-end=\"1130\">umweltfreundliches Oeko-Tex\u00ae Pr\u00e4dikatstuch<\/strong> f\u00fcr maximalen Hautkomfort<\/p>\n<\/li>\n<li data-start=\"1158\" data-end=\"1240\">\n<p data-start=\"1160\" data-end=\"1240\">Die cremige Textur der Essenz sorgt f\u00fcr eine reichhaltige, verw\u00f6hnende Behandlung, ohne zu kleben<\/p>\n<\/li>\n<\/ul>\n<h2 data-start=\"1247\" data-end=\"1269\">Star-Inhaltsstoffe<\/h2>\n<ul data-start=\"1271\" data-end=\"1669\">\n<li data-start=\"1271\" data-end=\"1418\">\n<p data-start=\"1273\" data-end=\"1418\"><strong data-start=\"1273\" data-end=\"1307\">Herzblatt (Houttuynia Cordata)<\/strong> - Ausschlie\u00dflich aus Korea stammend und durch langsames Kochen bei 158-176\u00b0F extrahiert, um die beruhigenden Eigenschaften zu erhalten<\/p>\n<\/li>\n<li data-start=\"1419\" data-end=\"1546\">\n<p data-start=\"1421\" data-end=\"1546\"><strong data-start=\"1421\" data-end=\"1453\">Ceramide + Phytosphingosin<\/strong> - Hydratisiert und f\u00fcllt die Lipidbarriere auf, reduziert den Feuchtigkeitsverlust und verbessert die Elastizit\u00e4t<\/p>\n<\/li>\n<li data-start=\"1547\" data-end=\"1669\">\n<p data-start=\"1549\" data-end=\"1669\"><strong data-start=\"1549\" data-end=\"1578\">Panthenol (Provitamin B5)<\/strong> - Beruhigt Entz\u00fcndungen, beschleunigt die Hautreparatur und st\u00e4rkt die Schutzschicht der Haut<\/p>\n<\/li>\n<\/ul>\n<h2 data-start=\"1676\" data-end=\"1703\">Hauttyp &amp; Probleme<\/h2>\n<ul data-start=\"1705\" data-end=\"1883\">\n<li data-start=\"1705\" data-end=\"1784\">\n<p data-start=\"1707\" data-end=\"1784\">Ideal f\u00fcr <strong data-start=\"1717\" data-end=\"1730\">empfindlich<\/strong>, <strong data-start=\"1732\" data-end=\"1739\">trocken<\/strong>, <strong data-start=\"1741\" data-end=\"1753\">gestresst<\/strong>, oder <strong data-start=\"1758\" data-end=\"1777\">barrieregesch\u00e4digt<\/strong> Haut<\/p>\n<\/li>\n<li data-start=\"1785\" data-end=\"1883\">\n<p data-start=\"1787\" data-end=\"1883\">Geeignet f\u00fcr <strong data-start=\"1800\" data-end=\"1818\">alle Hauttypen<\/strong>insbesondere bei R\u00f6tungen, Reizungen oder Spannungsgef\u00fchlen<\/p>\n<\/li>\n<\/ul>","protected":false},"excerpt":{"rendered":"<p>Anua Heartleaf Cream Mask Night Solution Triple-action barrier-strengthening mask for sensitive, dehydrated skin Experience overnight recovery and deep nourishment with<\/p>","protected":false},"featured_media":3348,"comment_status":"open","ping_status":"closed","template":"","meta":[],"product_brand":[],"product_cat":[49,15,21,317],"product_tag":[],"class_list":{"0":"post-2138","1":"product","2":"type-product","3":"status-publish","4":"has-post-thumbnail","6":"product_cat-for-men","7":"product_cat-korean-routine","8":"product_cat-masks","9":"product_cat-sheet-mask","11":"first","12":"instock","13":"purchasable","14":"product-type-simple"},"_links":{"self":[{"href":"https:\/\/yukibeauty.ch\/de\/wp-json\/wp\/v2\/product\/2138","targetHints":{"allow":["GET"]}}],"collection":[{"href":"https:\/\/yukibeauty.ch\/de\/wp-json\/wp\/v2\/product"}],"about":[{"href":"https:\/\/yukibeauty.ch\/de\/wp-json\/wp\/v2\/types\/product"}],"replies":[{"embeddable":true,"href":"https:\/\/yukibeauty.ch\/de\/wp-json\/wp\/v2\/comments?post=2138"}],"wp:featuredmedia":[{"embeddable":true,"href":"https:\/\/yukibeauty.ch\/de\/wp-json\/wp\/v2\/media\/3348"}],"wp:attachment":[{"href":"https:\/\/yukibeauty.ch\/de\/wp-json\/wp\/v2\/media?parent=2138"}],"wp:term":[{"taxonomy":"product_brand","embeddable":true,"href":"https:\/\/yukibeauty.ch\/de\/wp-json\/wp\/v2\/product_brand?post=2138"},{"taxonomy":"product_cat","embeddable":true,"href":"https:\/\/yukibeauty.ch\/de\/wp-json\/wp\/v2\/product_cat?post=2138"},{"taxonomy":"product_tag","embeddable":true,"href":"https:\/\/yukibeauty.ch\/de\/wp-json\/wp\/v2\/product_tag?post=2138"}],"curies":[{"name":"wp","href":"https:\/\/api.w.org\/{rel}","templated":true}]}}