{"id":2143,"date":"2025-07-08T14:59:54","date_gmt":"2025-07-08T12:59:54","guid":{"rendered":"https:\/\/yukibeauty.ch\/product\/aha-brightening-and-cleaning-two-step-hand-mask\/"},"modified":"2025-12-16T21:28:17","modified_gmt":"2025-12-16T20:28:17","slug":"aha-brightening-and-cleaning-two-step-hand-mask","status":"publish","type":"product","link":"https:\/\/yukibeauty.ch\/de\/shop\/korean-routine\/masks\/aha-brightening-and-cleaning-two-step-hand-mask\/","title":{"rendered":"AHA Aufhellende und reinigende Zweischritt-Handmaske"},"content":{"rendered":"<h2 data-start=\"158\" data-end=\"212\"><strong data-start=\"162\" data-end=\"212\">AHA Aufhellende und reinigende Handmaske in zwei Schritten<\/strong><\/h2>\n<p data-start=\"214\" data-end=\"511\">Mit dieser innovativen zweistufigen Handpflege werden trockene, raue H\u00e4nde wieder weich und strahlend. Die AHA Brightening &amp; Cleansing Hand Mask kombiniert ein sanftes Peeling mit einer intensiv feuchtigkeitsspendenden Maske, die Ihre H\u00e4nde nach nur einer Anwendung sichtbar glatter, weicher und strahlender macht.<\/p>\n<h2 data-start=\"518\" data-end=\"535\"><strong data-start=\"518\" data-end=\"535\">Wesentliche Merkmale:<\/strong><\/h2>\n<ul data-start=\"537\" data-end=\"1450\">\n<li data-start=\"537\" data-end=\"677\">\n<p data-start=\"539\" data-end=\"677\">Zweistufige Handbehandlung: Das Zweikammer-Design umfasst ein Peeling und eine Handmaske f\u00fcr eine umfassende Pflege - Peeling gefolgt von Feuchtigkeitszufuhr.<\/p>\n<\/li>\n<li data-start=\"678\" data-end=\"820\">\n<p data-start=\"680\" data-end=\"820\">Peeling-Peeling: Angereichert mit dreifachen Peelingpartikeln und Aminos\u00e4uren, entfernt es sanft abgestorbene Hautzellen und raue Textur.<\/p>\n<\/li>\n<li data-start=\"821\" data-end=\"1028\">\n<p data-start=\"823\" data-end=\"1028\">AHA-Aufhellungs-Komplex: Eine Mischung aus Glykols\u00e4ure, Milchs\u00e4ure und Apfels\u00e4ure sowie f\u00fcnf aus Fr\u00fcchten gewonnenen AHAs und Niacinamid gl\u00e4ttet, hellt auf und verbessert das Erscheinungsbild von fahler Haut.<\/p>\n<\/li>\n<li data-start=\"1029\" data-end=\"1165\">\n<p data-start=\"1031\" data-end=\"1165\">Nagelhautpflege: Hydroxyethylpiperazinethansulfons\u00e4ure macht raue Nagelhaut weicher und f\u00f6rdert das Eindringen von Wirkstoffen.<\/p>\n<\/li>\n<li data-start=\"1166\" data-end=\"1307\">\n<p data-start=\"1168\" data-end=\"1307\">Feuchtigkeitsspendend: Die n\u00e4hrende Formel mit Macadamia-Samen\u00f6l bewahrt die Feuchtigkeit und macht trockene H\u00e4nde wieder geschmeidig.<\/p>\n<\/li>\n<li data-start=\"1308\" data-end=\"1450\">\n<p data-start=\"1310\" data-end=\"1450\">Hochwertiges Seidenmaskentuch: Die weiche und hautfreundliche Maske in Form eines Seidenhandschuhs gew\u00e4hrleistet eine gleichm\u00e4\u00dfige Verteilung der Essenz f\u00fcr optimale Ergebnisse.<\/p>\n<\/li>\n<\/ul>\n<p><strong data-start=\"1457\" data-end=\"1475\">Geruchsprofil:<\/strong><br data-start=\"1475\" data-end=\"1478\" \/>Ein erfrischender Duft aus gr\u00fcnen Zitrusfr\u00fcchten mit Noten von <strong data-start=\"1528\" data-end=\"1547\">Limette und Zitrusfr\u00fcchte<\/strong>, ein Herz aus <strong data-start=\"1560\" data-end=\"1567\">Tee<\/strong>und ein warmes <strong data-start=\"1580\" data-end=\"1602\">Moschus und Ambra<\/strong> Basis.<\/p>\n<p>Perfekt f\u00fcr <strong data-start=\"1820\" data-end=\"1858\">trockene, raue oder m\u00fcde aussehende H\u00e4nde<\/strong>diese <strong data-start=\"1865\" data-end=\"1904\">peelende und feuchtigkeitsspendende Handmaske<\/strong> ist die ideale L\u00f6sung f\u00fcr die sofortige Verj\u00fcngung der H\u00e4nde. Geeignet f\u00fcr alle Hauttypen.<\/p>","protected":false},"excerpt":{"rendered":"<p>AHA Brightening And Cleansing Two-Step Hand Mask Restore softness and glow to dry, rough hands with this innovative two-step hand<\/p>","protected":false},"featured_media":3485,"comment_status":"open","ping_status":"closed","template":"","meta":[],"product_brand":[],"product_cat":[49,15,21],"product_tag":[],"class_list":{"0":"post-2143","1":"product","2":"type-product","3":"status-publish","4":"has-post-thumbnail","6":"product_cat-for-men","7":"product_cat-korean-routine","8":"product_cat-masks","10":"first","11":"instock","12":"purchasable","13":"product-type-simple"},"_links":{"self":[{"href":"https:\/\/yukibeauty.ch\/de\/wp-json\/wp\/v2\/product\/2143","targetHints":{"allow":["GET"]}}],"collection":[{"href":"https:\/\/yukibeauty.ch\/de\/wp-json\/wp\/v2\/product"}],"about":[{"href":"https:\/\/yukibeauty.ch\/de\/wp-json\/wp\/v2\/types\/product"}],"replies":[{"embeddable":true,"href":"https:\/\/yukibeauty.ch\/de\/wp-json\/wp\/v2\/comments?post=2143"}],"wp:featuredmedia":[{"embeddable":true,"href":"https:\/\/yukibeauty.ch\/de\/wp-json\/wp\/v2\/media\/3485"}],"wp:attachment":[{"href":"https:\/\/yukibeauty.ch\/de\/wp-json\/wp\/v2\/media?parent=2143"}],"wp:term":[{"taxonomy":"product_brand","embeddable":true,"href":"https:\/\/yukibeauty.ch\/de\/wp-json\/wp\/v2\/product_brand?post=2143"},{"taxonomy":"product_cat","embeddable":true,"href":"https:\/\/yukibeauty.ch\/de\/wp-json\/wp\/v2\/product_cat?post=2143"},{"taxonomy":"product_tag","embeddable":true,"href":"https:\/\/yukibeauty.ch\/de\/wp-json\/wp\/v2\/product_tag?post=2143"}],"curies":[{"name":"wp","href":"https:\/\/api.w.org\/{rel}","templated":true}]}}