{"id":2148,"date":"2025-07-08T14:59:00","date_gmt":"2025-07-08T12:59:00","guid":{"rendered":"https:\/\/yukibeauty.ch\/product\/vt-cosmetics-cica-reedle-shot-300-50ml\/"},"modified":"2025-12-23T18:08:38","modified_gmt":"2025-12-23T17:08:38","slug":"vt-reedle-shot-300","status":"publish","type":"product","link":"https:\/\/yukibeauty.ch\/de\/shop\/korean-routine\/serum\/vt-reedle-shot-300\/","title":{"rendered":"VT Kosmetik Cica Reedle Schuss 300 50ml"},"content":{"rendered":"<h2 data-section-id=\"yagr9u\" data-start=\"166\" data-end=\"200\">VT-Kosmetik Reedle Shot 300<\/h2>\n<p data-start=\"201\" data-end=\"252\">Facial Booster zur Texturverfeinerung und Porenpflege<\/p>\n<p data-start=\"254\" data-end=\"584\">Reedle Shot 300 ist ein Booster der n\u00e4chsten Generation, der die Mikro-Nadel-Technologie nutzt, um die Aufnahme von Inhaltsstoffen zu verbessern und die Hauterneuerung zu stimulieren - und dabei sanft genug f\u00fcr eine regelm\u00e4\u00dfige Anwendung ist. Er wurde f\u00fcr empfindliche und zu Unreinheiten neigende Haut entwickelt und bietet bei jeder Anwendung eine starke aufhellende, straffende und beruhigende Wirkung.<\/p>\n<h2 data-section-id=\"ycgkk5\" data-start=\"586\" data-end=\"602\">Wichtigste Vorteile<\/h2>\n<ul>\n<li data-start=\"604\" data-end=\"956\">Verbessert das Hautbild und strafft die Poren<\/li>\n<li data-start=\"604\" data-end=\"956\">Verbessert die Aufnahme von Hautpflegeprodukten durch Mikronadeltechnologie<\/li>\n<li data-start=\"604\" data-end=\"956\">Gl\u00e4ttet und spendet Feuchtigkeit und mindert R\u00f6tungen und Reizungen<\/li>\n<li data-start=\"604\" data-end=\"956\">Enth\u00e4lt Anti-Aging- und aufhellende Inhaltsstoffe f\u00fcr einen strahlenden, gleichm\u00e4\u00dfigen Teint<\/li>\n<li data-start=\"604\" data-end=\"956\">Ideal f\u00fcr empfindliche und verstopfte Hauttypen<\/li>\n<li data-start=\"604\" data-end=\"956\">Empfohlen f\u00fcr die Verwendung jeden zweiten Tag<\/li>\n<\/ul>\n<h2 data-section-id=\"64sk0r\" data-start=\"958\" data-end=\"1000\">Fortschrittliche Formel mit gezielten Wirkstoffen<\/h2>\n<ul>\n<li data-start=\"1002\" data-end=\"1470\"><strong data-start=\"1004\" data-end=\"1019\">Niacinamid<\/strong> - hellt fahle Haut auf, reguliert den Fettgehalt, beruhigt Entz\u00fcndungen und st\u00e4rkt die Hautbarriere<\/li>\n<li data-start=\"1002\" data-end=\"1470\"><strong data-start=\"1115\" data-end=\"1128\">Adenosin<\/strong> - Gl\u00e4ttet Falten, verbessert die Elastizit\u00e4t und unterst\u00fctzt die Regeneration<\/li>\n<li data-start=\"1002\" data-end=\"1470\"><strong data-start=\"1200\" data-end=\"1224\">Cica Reedle\u2122-Komplex<\/strong> - Mikropartikel, die die Hauterneuerung aktivieren und die Haut tief beruhigen<\/li>\n<li data-start=\"1002\" data-end=\"1470\"><strong data-start=\"1308\" data-end=\"1323\">Aminos\u00e4uren<\/strong> - Versorgt mit Feuchtigkeit, unterst\u00fctzt die Antioxidantien und stimuliert die Kollagenproduktion<\/li>\n<li data-start=\"1002\" data-end=\"1470\"><strong data-start=\"1404\" data-end=\"1424\">Propolis-Extrakt<\/strong> - Beruhigt, sch\u00fctzt und reduziert Entz\u00fcndungen<\/li>\n<\/ul>\n<p data-start=\"1891\" data-end=\"2027\">Reedle Shot 300 bietet Pflege auf professionellem Niveau in einer einfachen Heimroutine - eine bahnbrechende L\u00f6sung f\u00fcr glatte, strahlende und verfeinerte Haut.<\/p>","protected":false},"excerpt":{"rendered":"<p>VT Cosmetics Reedle Shot 300 Facial Booster for Texture Refinement and Pore Care Reedle Shot 300 is a next-generation booster<\/p>","protected":false},"featured_media":3510,"comment_status":"open","ping_status":"closed","template":"","meta":[],"product_brand":[],"product_cat":[49,15,312],"product_tag":[],"class_list":{"0":"post-2148","1":"product","2":"type-product","3":"status-publish","4":"has-post-thumbnail","6":"product_cat-for-men","7":"product_cat-korean-routine","8":"product_cat-serum","10":"first","11":"instock","12":"sale","13":"featured","14":"purchasable","15":"product-type-simple"},"_links":{"self":[{"href":"https:\/\/yukibeauty.ch\/de\/wp-json\/wp\/v2\/product\/2148","targetHints":{"allow":["GET"]}}],"collection":[{"href":"https:\/\/yukibeauty.ch\/de\/wp-json\/wp\/v2\/product"}],"about":[{"href":"https:\/\/yukibeauty.ch\/de\/wp-json\/wp\/v2\/types\/product"}],"replies":[{"embeddable":true,"href":"https:\/\/yukibeauty.ch\/de\/wp-json\/wp\/v2\/comments?post=2148"}],"wp:featuredmedia":[{"embeddable":true,"href":"https:\/\/yukibeauty.ch\/de\/wp-json\/wp\/v2\/media\/3510"}],"wp:attachment":[{"href":"https:\/\/yukibeauty.ch\/de\/wp-json\/wp\/v2\/media?parent=2148"}],"wp:term":[{"taxonomy":"product_brand","embeddable":true,"href":"https:\/\/yukibeauty.ch\/de\/wp-json\/wp\/v2\/product_brand?post=2148"},{"taxonomy":"product_cat","embeddable":true,"href":"https:\/\/yukibeauty.ch\/de\/wp-json\/wp\/v2\/product_cat?post=2148"},{"taxonomy":"product_tag","embeddable":true,"href":"https:\/\/yukibeauty.ch\/de\/wp-json\/wp\/v2\/product_tag?post=2148"}],"curies":[{"name":"wp","href":"https:\/\/api.w.org\/{rel}","templated":true}]}}