{"id":2154,"date":"2025-07-08T14:59:54","date_gmt":"2025-07-08T12:59:54","guid":{"rendered":"https:\/\/yukibeauty.ch\/product\/full-fit-propolis-light-ampoule\/"},"modified":"2025-12-16T21:39:46","modified_gmt":"2025-12-16T20:39:46","slug":"cosrx-full-fit-propolis-light-ampoule","status":"publish","type":"product","link":"https:\/\/yukibeauty.ch\/de\/shop\/korean-routine\/serum\/cosrx-full-fit-propolis-light-ampoule\/","title":{"rendered":"Full Fit Propolis Light Ampulle"},"content":{"rendered":"<h2 data-start=\"79\" data-end=\"126\"><strong data-start=\"83\" data-end=\"124\">COSRX Full Fit Propolis Light Ampulle<\/strong><\/h2>\n<p data-start=\"127\" data-end=\"191\"><strong data-start=\"127\" data-end=\"191\">Glow-Boosting-Ampulle mit 83.25% Extrakt aus schwarzer Bienenpropolis<\/strong><\/p>\n<p data-start=\"193\" data-end=\"527\">Mit dieser kultigen Ampulle von COSRX erhalten Sie eine sichtbar ges\u00fcndere und strahlendere Haut. Angereichert mit 83.25% schwarzem Bienenpropolisextrakt liefert sie starke antioxidative, antibakterielle und entz\u00fcndungshemmende Wirkungen und hilft, Irritationen zu lindern, R\u00f6tungen zu reduzieren und die Hautbarriere zu st\u00e4rken - ohne zu kleben oder zu fetten.<\/p>\n<p data-start=\"529\" data-end=\"657\">Diese Ampulle ist ideal f\u00fcr empfindliche, fahle oder gestresste Haut. Sie spendet tiefenwirksam Feuchtigkeit, verbessert das Hautbild und hinterl\u00e4sst einen taufrischen, glasigen Hautglanz.<\/p>\n<h2 data-start=\"664\" data-end=\"682\">Wichtigste Vorteile<\/h2>\n<ul data-start=\"684\" data-end=\"896\">\n<li data-start=\"684\" data-end=\"723\">\n<p data-start=\"686\" data-end=\"723\">Beruhigt gereizte und gestresste Haut<\/p>\n<\/li>\n<li data-start=\"724\" data-end=\"760\">\n<p data-start=\"726\" data-end=\"760\">Reduziert R\u00f6tungen und Entz\u00fcndungen<\/p>\n<\/li>\n<li data-start=\"761\" data-end=\"798\">\n<p data-start=\"763\" data-end=\"798\">F\u00f6rdert die Ausstrahlung und Vitalit\u00e4t der Haut<\/p>\n<\/li>\n<li data-start=\"799\" data-end=\"831\">\n<p data-start=\"801\" data-end=\"831\">St\u00e4rkt die Hautbarriere<\/p>\n<\/li>\n<li data-start=\"832\" data-end=\"896\">\n<p data-start=\"834\" data-end=\"896\">Leichtes, nicht klebendes Finish, das sich gut unter das Make-up legt<\/p>\n<\/li>\n<\/ul>\n<h2 data-start=\"903\" data-end=\"925\">Wichtige Inhaltsstoffe<\/h2>\n<ul data-start=\"927\" data-end=\"1264\">\n<li data-start=\"927\" data-end=\"1054\">\n<p data-start=\"929\" data-end=\"1054\">Black Bee Propolis Extract (83.25%) - Nat\u00fcrliches antibakterielles und entz\u00fcndungshemmendes Mittel, das die Haut heilt und st\u00e4rkt<\/p>\n<\/li>\n<li data-start=\"1055\" data-end=\"1151\">\n<p data-start=\"1057\" data-end=\"1151\">1,2-Hexandiol - Hautkonditionierungsmittel, das die Abgabe von Inhaltsstoffen und die Feuchtigkeitszufuhr verbessert<\/p>\n<\/li>\n<li data-start=\"1152\" data-end=\"1264\">\n<p data-start=\"1154\" data-end=\"1264\">Cassia Obtusifolia Seed Extract - Reich an Polysacchariden, hilft Feuchtigkeit zu bewahren und gl\u00e4ttet die Hautstruktur<\/p>\n<\/li>\n<\/ul>\n<p data-start=\"1266\" data-end=\"1443\">Nur 11 Inhaltsstoffe - frei von unn\u00f6tigen Zusatzstoffen. Alle Inhaltsstoffe sind EWG Green Grade und die Formel ist hypoallergen, was sie auch f\u00fcr empfindliche Haut sicher macht.<\/p>","protected":false},"excerpt":{"rendered":"<p>COSRX Full Fit Propolis Light Ampoule Glow-Boosting Ampoule with 83.25% Black Bee Propolis Extract Achieve visibly healthier, more radiant skin<\/p>","protected":false},"featured_media":3524,"comment_status":"open","ping_status":"closed","template":"","meta":[],"product_brand":[],"product_cat":[49,15,312],"product_tag":[],"class_list":{"0":"post-2154","1":"product","2":"type-product","3":"status-publish","4":"has-post-thumbnail","6":"product_cat-for-men","7":"product_cat-korean-routine","8":"product_cat-serum","10":"first","11":"instock","12":"featured","13":"purchasable","14":"product-type-simple"},"_links":{"self":[{"href":"https:\/\/yukibeauty.ch\/de\/wp-json\/wp\/v2\/product\/2154","targetHints":{"allow":["GET"]}}],"collection":[{"href":"https:\/\/yukibeauty.ch\/de\/wp-json\/wp\/v2\/product"}],"about":[{"href":"https:\/\/yukibeauty.ch\/de\/wp-json\/wp\/v2\/types\/product"}],"replies":[{"embeddable":true,"href":"https:\/\/yukibeauty.ch\/de\/wp-json\/wp\/v2\/comments?post=2154"}],"wp:featuredmedia":[{"embeddable":true,"href":"https:\/\/yukibeauty.ch\/de\/wp-json\/wp\/v2\/media\/3524"}],"wp:attachment":[{"href":"https:\/\/yukibeauty.ch\/de\/wp-json\/wp\/v2\/media?parent=2154"}],"wp:term":[{"taxonomy":"product_brand","embeddable":true,"href":"https:\/\/yukibeauty.ch\/de\/wp-json\/wp\/v2\/product_brand?post=2154"},{"taxonomy":"product_cat","embeddable":true,"href":"https:\/\/yukibeauty.ch\/de\/wp-json\/wp\/v2\/product_cat?post=2154"},{"taxonomy":"product_tag","embeddable":true,"href":"https:\/\/yukibeauty.ch\/de\/wp-json\/wp\/v2\/product_tag?post=2154"}],"curies":[{"name":"wp","href":"https:\/\/api.w.org\/{rel}","templated":true}]}}