{"id":2155,"date":"2025-07-08T14:59:54","date_gmt":"2025-07-08T12:59:54","guid":{"rendered":"https:\/\/yukibeauty.ch\/product\/azelaic-acid-10-hyaluron-redness-soothing-serum\/"},"modified":"2025-12-23T17:39:48","modified_gmt":"2025-12-23T16:39:48","slug":"azelaic-acid-10-hyaluron-redness-soothing-serum","status":"publish","type":"product","link":"https:\/\/yukibeauty.ch\/de\/shop\/korean-routine\/serum\/azelaic-acid-10-hyaluron-redness-soothing-serum\/","title":{"rendered":"Azelains\u00e4ure 10 Hyaluron Beruhigendes Serum gegen R\u00f6tungen"},"content":{"rendered":"<h2 data-start=\"187\" data-end=\"245\">Anua Azelains\u00e4ure 10% Hyaluron Serum gegen R\u00f6tungen<\/h2>\n<p data-start=\"246\" data-end=\"329\"><strong data-start=\"246\" data-end=\"329\">Dieses leichte, beruhigende Serum spendet Feuchtigkeit, beruhigt und mindert sichtbar R\u00f6tungen.<\/strong><\/p>\n<p data-start=\"331\" data-end=\"741\">Bek\u00e4mpfen Sie R\u00f6tungen, Irritationen und ungleichm\u00e4\u00dfigen Hautton mit dem <strong data-start=\"384\" data-end=\"440\">Anua Azelains\u00e4ure 10 Hyaluron Beruhigendes Serum gegen R\u00f6tungen<\/strong> - eine klinisch getestete Formel zur Beruhigung empfindlicher Haut, die tiefenwirksam Feuchtigkeit spendet und einen sichtbar klareren Teint unterst\u00fctzt. Angetrieben durch <strong data-start=\"583\" data-end=\"603\">10% Azelains\u00e4ure<\/strong> und eine <strong data-start=\"610\" data-end=\"637\">Sanfter Beruhigungskomplex\u2122<\/strong>Dieses Serum kombiniert bew\u00e4hrte Wirksamkeit mit einer leichten, schnell einziehenden Textur, die perfekt f\u00fcr die t\u00e4gliche Anwendung ist.<\/p>\n<h2 data-start=\"748\" data-end=\"767\">Wichtigste Vorteile<\/h2>\n<ul data-start=\"769\" data-end=\"1193\">\n<li data-start=\"769\" data-end=\"827\">\n<p data-start=\"771\" data-end=\"827\"><strong data-start=\"771\" data-end=\"790\">Reduziert R\u00f6tungen<\/strong> und postinflammatorische Pigmentierung<\/p>\n<\/li>\n<li data-start=\"828\" data-end=\"906\">\n<p data-start=\"830\" data-end=\"906\"><strong data-start=\"830\" data-end=\"867\">Beruhigt empfindliche, gereizte Haut<\/strong> mit blauem Rainfarn, gr\u00fcnem Tee und Aloe<\/p>\n<\/li>\n<li data-start=\"907\" data-end=\"969\">\n<p data-start=\"909\" data-end=\"969\"><strong data-start=\"909\" data-end=\"928\">Spendet tiefenwirksam Feuchtigkeit<\/strong> mit einer dreifachen Mischung aus Hyalurons\u00e4ure<\/p>\n<\/li>\n<li data-start=\"970\" data-end=\"1050\">\n<p data-start=\"972\" data-end=\"1050\"><strong data-start=\"972\" data-end=\"996\">Gleicht ungleichm\u00e4\u00dfigen Ton aus<\/strong> mit nat\u00fcrlicher gr\u00fcner T\u00f6nung f\u00fcr sofortige visuelle Beruhigung<\/p>\n<\/li>\n<li data-start=\"1051\" data-end=\"1114\">\n<p data-start=\"1053\" data-end=\"1114\">Leicht, nicht klebend, <strong data-start=\"1078\" data-end=\"1096\">w\u00e4ssrige Textur<\/strong> absorbiert schnell<\/p>\n<\/li>\n<li data-start=\"1115\" data-end=\"1193\">\n<p data-start=\"1117\" data-end=\"1193\">Klinisch getestet, <strong data-start=\"1136\" data-end=\"1155\">nicht komedogen<\/strong> Formel - f\u00fcr alle Hauttypen geeignet<\/p>\n<\/li>\n<\/ul>\n<h2 data-start=\"1697\" data-end=\"1723\">Textur &amp; Hauttyp<\/h2>\n<ul data-start=\"1725\" data-end=\"1919\">\n<li data-start=\"1725\" data-end=\"1783\">\n<p data-start=\"1727\" data-end=\"1783\"><strong data-start=\"1727\" data-end=\"1742\">Ultraleicht<\/strong>W\u00e4ssrige Textur ohne fettige R\u00fcckst\u00e4nde<\/p>\n<\/li>\n<li data-start=\"1784\" data-end=\"1836\">\n<p data-start=\"1786\" data-end=\"1836\">Zieht sofort ein und sorgt f\u00fcr ein frisches, atmungsaktives Finish<\/p>\n<\/li>\n<li data-start=\"1837\" data-end=\"1919\">\n<p data-start=\"1839\" data-end=\"1919\">Geeignet f\u00fcr <strong data-start=\"1852\" data-end=\"1870\">alle Hauttypen<\/strong>, einschlie\u00dflich <strong data-start=\"1882\" data-end=\"1895\">empfindlich<\/strong> und <strong data-start=\"1900\" data-end=\"1919\">zu Akne neigende Haut<\/strong><\/p>\n<\/li>\n<\/ul>\n<h2 data-start=\"1200\" data-end=\"1221\">Wichtige Inhaltsstoffe<\/h2>\n<ul data-start=\"1223\" data-end=\"1690\">\n<li data-start=\"1223\" data-end=\"1342\">\n<p data-start=\"1225\" data-end=\"1342\"><strong data-start=\"1225\" data-end=\"1245\">10% Azelains\u00e4ure<\/strong> - Hilft, R\u00f6tungen zu beruhigen, Aknenarben zu verblassen, die Textur zu gl\u00e4tten und einen ebenm\u00e4\u00dfigen Teint zu f\u00f6rdern<\/p>\n<\/li>\n<li data-start=\"1343\" data-end=\"1502\">\n<p data-start=\"1345\" data-end=\"1502\"><strong data-start=\"1345\" data-end=\"1372\">Sanfter Beruhigungskomplex\u2122<\/strong> - Eine Mischung aus <strong data-start=\"1386\" data-end=\"1404\">Bienenfreund-\u00d6l<\/strong>, <strong data-start=\"1406\" data-end=\"1427\">Gr\u00fcntee-Extrakt<\/strong>und <strong data-start=\"1433\" data-end=\"1446\">aloe vera<\/strong> zur Linderung von Reizungen und zur Unterst\u00fctzung der Hautbarriere<\/p>\n<\/li>\n<li data-start=\"1503\" data-end=\"1624\">\n<p data-start=\"1505\" data-end=\"1624\"><strong data-start=\"1505\" data-end=\"1535\">3 Arten von Hyalurons\u00e4ure<\/strong> - Hydratisiert mehrere Hautschichten f\u00fcr anhaltende Feuchtigkeit und ein pralles, erfrischtes Hautgef\u00fchl<\/p>\n<\/li>\n<li data-start=\"1625\" data-end=\"1690\">\n<p data-start=\"1627\" data-end=\"1690\"><strong data-start=\"1627\" data-end=\"1654\">Weizen- und Gerstenextrakte<\/strong> - N\u00e4hrt die Haut und unterst\u00fctzt ihre Regeneration<\/p>\n<\/li>\n<\/ul>","protected":false},"excerpt":{"rendered":"<p>Anua Azelaic Acid 10% Hyaluron Redness Soothing Serum Hydrate, soothe, and visibly reduce redness with this lightweight calming serum Target<\/p>","protected":false},"featured_media":3319,"comment_status":"open","ping_status":"closed","template":"","meta":[],"product_brand":[],"product_cat":[49,15,312,315],"product_tag":[],"class_list":{"0":"post-2155","1":"product","2":"type-product","3":"status-publish","4":"has-post-thumbnail","6":"product_cat-for-men","7":"product_cat-korean-routine","8":"product_cat-serum","9":"product_cat-serum-for-men","11":"first","12":"instock","13":"purchasable","14":"product-type-simple"},"_links":{"self":[{"href":"https:\/\/yukibeauty.ch\/de\/wp-json\/wp\/v2\/product\/2155","targetHints":{"allow":["GET"]}}],"collection":[{"href":"https:\/\/yukibeauty.ch\/de\/wp-json\/wp\/v2\/product"}],"about":[{"href":"https:\/\/yukibeauty.ch\/de\/wp-json\/wp\/v2\/types\/product"}],"replies":[{"embeddable":true,"href":"https:\/\/yukibeauty.ch\/de\/wp-json\/wp\/v2\/comments?post=2155"}],"wp:featuredmedia":[{"embeddable":true,"href":"https:\/\/yukibeauty.ch\/de\/wp-json\/wp\/v2\/media\/3319"}],"wp:attachment":[{"href":"https:\/\/yukibeauty.ch\/de\/wp-json\/wp\/v2\/media?parent=2155"}],"wp:term":[{"taxonomy":"product_brand","embeddable":true,"href":"https:\/\/yukibeauty.ch\/de\/wp-json\/wp\/v2\/product_brand?post=2155"},{"taxonomy":"product_cat","embeddable":true,"href":"https:\/\/yukibeauty.ch\/de\/wp-json\/wp\/v2\/product_cat?post=2155"},{"taxonomy":"product_tag","embeddable":true,"href":"https:\/\/yukibeauty.ch\/de\/wp-json\/wp\/v2\/product_tag?post=2155"}],"curies":[{"name":"wp","href":"https:\/\/api.w.org\/{rel}","templated":true}]}}