{"id":2156,"date":"2025-07-08T14:59:54","date_gmt":"2025-07-08T12:59:54","guid":{"rendered":"https:\/\/yukibeauty.ch\/product\/niacinamide-10txa-4-serum\/"},"modified":"2025-12-28T11:07:11","modified_gmt":"2025-12-28T10:07:11","slug":"niacinamide-serum","status":"publish","type":"product","link":"https:\/\/yukibeauty.ch\/de\/shop\/korean-routine\/serum\/niacinamide-serum\/","title":{"rendered":"NIACINAMID 10% + TXA 4% Serum"},"content":{"rendered":"<h2 data-start=\"179\" data-end=\"219\">Anua Niacinamid 10% + TXA 4% Serum<\/h2>\n<p data-start=\"220\" data-end=\"310\"><strong data-start=\"220\" data-end=\"310\">Bek\u00e4mpft dunkle Flecken, Aknenarben und R\u00f6tungen mit einer leistungsstarken und dennoch sanften Aufhellungsformel<\/strong><\/p>\n<p data-start=\"312\" data-end=\"735\">Haben Sie mit ungleichm\u00e4\u00dfigem Hautton, Flecken nach der Akne oder hartn\u00e4ckigen dunklen Flecken zu k\u00e4mpfen? Die <strong data-start=\"386\" data-end=\"425\">Anua Niacinamid 10% + TXA 4% Serum<\/strong>ist die ideale L\u00f6sung f\u00fcr eine sichtbar klarere, strahlendere und glattere Haut - ohne Irritationen. Dieses Hochleistungsserum enth\u00e4lt eine wirksame und dennoch sanfte Kombination aus <strong data-start=\"592\" data-end=\"607\">Niacinamid<\/strong>, <strong data-start=\"609\" data-end=\"628\">Tranexams\u00e4ure<\/strong>und <strong data-start=\"634\" data-end=\"645\">Arbutin<\/strong> um Hyperpigmentierungen zu reduzieren, die Hautstruktur zu gl\u00e4tten und einen strahlenden, ebenm\u00e4\u00dfigen Teint zu f\u00f6rdern.<\/p>\n<h2 data-start=\"742\" data-end=\"760\">Wichtigste Vorteile<\/h2>\n<ul data-start=\"762\" data-end=\"1177\">\n<li data-start=\"762\" data-end=\"828\">\n<p data-start=\"764\" data-end=\"828\"><strong data-start=\"764\" data-end=\"826\">Reduziert Aknenarben, dunkle Flecken und postinflammatorische R\u00f6tungen<\/strong><\/p>\n<\/li>\n<li data-start=\"829\" data-end=\"900\">\n<p data-start=\"831\" data-end=\"900\"><strong data-start=\"831\" data-end=\"864\">Hellt den Hautton auf und gleicht ihn aus<\/strong> ohne empfindliche Haut zu reizen<\/p>\n<\/li>\n<li data-start=\"901\" data-end=\"966\">\n<p data-start=\"903\" data-end=\"966\"><strong data-start=\"903\" data-end=\"922\">Minimiert Poren<\/strong> und verbessert die Textur mit 10% Niacinamid<\/p>\n<\/li>\n<li data-start=\"967\" data-end=\"1049\">\n<p data-start=\"969\" data-end=\"1049\"><strong data-start=\"969\" data-end=\"1014\">Spendet Feuchtigkeit und st\u00e4rkt die Hautbarriere<\/strong> mit Ceramiden und Hyalurons\u00e4ure<\/p>\n<\/li>\n<li data-start=\"1050\" data-end=\"1109\">\n<p data-start=\"1052\" data-end=\"1109\">Leichtes Gewicht, <strong data-start=\"1065\" data-end=\"1079\">nicht klebend<\/strong>und parf\u00fcmfreie Textur<\/p>\n<\/li>\n<li data-start=\"1110\" data-end=\"1177\">\n<p data-start=\"1112\" data-end=\"1177\">Zieht schnell ein - perfekt unter Make-up oder als Schicht in Ihrer Routine<\/p>\n<\/li>\n<\/ul>\n<h2 data-start=\"1184\" data-end=\"1207\">Inhaltsstoffe<\/h2>\n<ul data-start=\"1209\" data-end=\"1640\">\n<li data-start=\"1209\" data-end=\"1308\">\n<p data-start=\"1211\" data-end=\"1308\"><strong data-start=\"1211\" data-end=\"1230\">10% Niacinamid<\/strong> - Gl\u00e4ttet die Haut sichtbar, reduziert R\u00f6tungen und Talg\u00fcberschuss und verfeinert die Poren<\/p>\n<\/li>\n<li data-start=\"1309\" data-end=\"1413\">\n<p data-start=\"1311\" data-end=\"1413\"><strong data-start=\"1311\" data-end=\"1339\">4% Tranexams\u00e4ure (TXA)<\/strong> - Verringert Hyperpigmentierung und dunkle Flecken und stellt Klarheit und Ausgeglichenheit wieder her<\/p>\n<\/li>\n<li data-start=\"1414\" data-end=\"1494\">\n<p data-start=\"1416\" data-end=\"1494\"><strong data-start=\"1416\" data-end=\"1430\">2% Arbutin<\/strong> - Reduziert sanft die Melaninproduktion und verst\u00e4rkt den nat\u00fcrlichen Glow<\/p>\n<\/li>\n<li data-start=\"1495\" data-end=\"1570\">\n<p data-start=\"1497\" data-end=\"1570\"><strong data-start=\"1497\" data-end=\"1516\">Hyalurons\u00e4ure<\/strong> - Spendet tiefenwirksame Feuchtigkeit f\u00fcr pralle, erfrischte Haut<\/p>\n<\/li>\n<li data-start=\"1571\" data-end=\"1640\">\n<p data-start=\"1573\" data-end=\"1640\"><strong data-start=\"1573\" data-end=\"1586\">Ceramide<\/strong> - Verst\u00e4rkt die Hautbarriere und hilft, Feuchtigkeit zu speichern<\/p>\n<\/li>\n<\/ul>\n<h2 data-start=\"1647\" data-end=\"1673\">Textur &amp; Hauttyp<\/h2>\n<ul data-start=\"1675\" data-end=\"1877\">\n<li data-start=\"1675\" data-end=\"1737\">\n<p data-start=\"1677\" data-end=\"1737\">Leichtes Gewicht, <strong data-start=\"1690\" data-end=\"1712\">w\u00e4ssrige Konsistenz<\/strong> mit zartem rosa Farbton<\/p>\n<\/li>\n<li data-start=\"1738\" data-end=\"1802\">\n<p data-start=\"1740\" data-end=\"1802\"><strong data-start=\"1740\" data-end=\"1770\">Nicht fettend, schnell einziehend<\/strong>und ideal f\u00fcr alle Hauttypen<\/p>\n<\/li>\n<li data-start=\"1803\" data-end=\"1877\">\n<p data-start=\"1805\" data-end=\"1877\">Besonders geeignet f\u00fcr <strong data-start=\"1827\" data-end=\"1835\">langweilig<\/strong>, <strong data-start=\"1837\" data-end=\"1854\">anf\u00e4llig f\u00fcr Unreinheiten<\/strong>, oder <strong data-start=\"1859\" data-end=\"1877\">empfindlicher Ski<\/strong><\/p>\n<\/li>\n<\/ul>\n<p><em data-start=\"2613\" data-end=\"2705\">Ein kraftvolles Trio f\u00fcr sichtbar klarere, strahlendere und ausgeglichenere Haut - mit jedem Tropfen.<\/em><\/p>","protected":false},"excerpt":{"rendered":"<p>Anua Niacinamide 10% + TXA 4% Serum Target dark spots, acne scars &amp; redness with a powerful yet gentle brightening<\/p>","protected":false},"featured_media":3331,"comment_status":"open","ping_status":"closed","template":"","meta":[],"product_brand":[],"product_cat":[49,15,312,315],"product_tag":[],"class_list":{"0":"post-2156","1":"product","2":"type-product","3":"status-publish","4":"has-post-thumbnail","6":"product_cat-for-men","7":"product_cat-korean-routine","8":"product_cat-serum","9":"product_cat-serum-for-men","11":"first","12":"instock","13":"sale","14":"featured","15":"purchasable","16":"product-type-simple"},"_links":{"self":[{"href":"https:\/\/yukibeauty.ch\/de\/wp-json\/wp\/v2\/product\/2156","targetHints":{"allow":["GET"]}}],"collection":[{"href":"https:\/\/yukibeauty.ch\/de\/wp-json\/wp\/v2\/product"}],"about":[{"href":"https:\/\/yukibeauty.ch\/de\/wp-json\/wp\/v2\/types\/product"}],"replies":[{"embeddable":true,"href":"https:\/\/yukibeauty.ch\/de\/wp-json\/wp\/v2\/comments?post=2156"}],"wp:featuredmedia":[{"embeddable":true,"href":"https:\/\/yukibeauty.ch\/de\/wp-json\/wp\/v2\/media\/3331"}],"wp:attachment":[{"href":"https:\/\/yukibeauty.ch\/de\/wp-json\/wp\/v2\/media?parent=2156"}],"wp:term":[{"taxonomy":"product_brand","embeddable":true,"href":"https:\/\/yukibeauty.ch\/de\/wp-json\/wp\/v2\/product_brand?post=2156"},{"taxonomy":"product_cat","embeddable":true,"href":"https:\/\/yukibeauty.ch\/de\/wp-json\/wp\/v2\/product_cat?post=2156"},{"taxonomy":"product_tag","embeddable":true,"href":"https:\/\/yukibeauty.ch\/de\/wp-json\/wp\/v2\/product_tag?post=2156"}],"curies":[{"name":"wp","href":"https:\/\/api.w.org\/{rel}","templated":true}]}}