{"id":2157,"date":"2025-07-08T14:59:54","date_gmt":"2025-07-08T12:59:54","guid":{"rendered":"https:\/\/yukibeauty.ch\/product\/pdrn-pink-one-day-serum-set\/"},"modified":"2026-02-10T10:03:35","modified_gmt":"2026-02-10T09:03:35","slug":"one-day-salmon-pdrn-ampoule","status":"publish","type":"product","link":"https:\/\/yukibeauty.ch\/de\/shop\/korean-routine\/serum\/one-day-salmon-pdrn-ampoule\/","title":{"rendered":"PDRN Rosa Ein-Tages-Serum-Set"},"content":{"rendered":"<h2 data-section-id=\"j9k28v\" data-start=\"210\" data-end=\"287\"><strong data-start=\"214\" data-end=\"287\">One-Day Salmon PDRN Ampulle - Intensive Hauterneuerung mit 99% Pure PDRN [10pcs]<\/strong><\/h2>\n<p data-start=\"289\" data-end=\"567\">Erleben Sie ein sichtbares Strahlen in nur zwei Wochen mit der One-Day Salmon PDRN Ampulle, die entwickelt wurde, um fahle, m\u00fcde und unebene Haut zu revitalisieren. Diese intensive Ampulle mit 99% hochreinem Lachs-PDRN steigert die Hydratation, die Hautdichte und die Ausstrahlung - alles in einem Einwegfl\u00e4schchen.<\/p>\n<h2 data-section-id=\"1xvlymn\" data-start=\"574\" data-end=\"595\"><strong data-start=\"578\" data-end=\"595\">Wichtigste Vorteile:<\/strong><\/h2>\n<ul data-start=\"597\" data-end=\"1319\">\n<li data-start=\"597\" data-end=\"772\">\n<p data-start=\"599\" data-end=\"772\">99% Salmon PDRN: Ein hochgereinigter, aus DNA gewonnener Inhaltsstoff, der f\u00fcr seine hautregenerierenden und Anti-Aging-Effekte bekannt ist. F\u00f6rdert eine festere, strahlendere und widerstandsf\u00e4higere Haut.<\/p>\n<\/li>\n<li data-start=\"773\" data-end=\"911\">\n<p data-start=\"775\" data-end=\"911\">Klinisch nachgewiesene Ergebnisse <em data-start=\"805\" data-end=\"822\">(nach 2 Wochen)<\/em>:<br data-start=\"823\" data-end=\"826\" \/>- +58,7% bei der Hautfeuchtigkeit<br data-start=\"853\" data-end=\"856\" \/>- +38,8% im sichtbaren Licht<br data-start=\"882\" data-end=\"885\" \/>- +0,484 in der Hautdichte<\/p>\n<\/li>\n<li data-start=\"912\" data-end=\"1091\">\n<p data-start=\"914\" data-end=\"1091\">Inhaltsstoffe von ophthalmischer Qualit\u00e4t: Enth\u00e4lt sieben Arten von Hyalurons\u00e4ure und Carbomer, die \u00fcblicherweise in Augentropfen verwendet werden, um eine tiefe Hydratation und maximale Hautsicherheit zu gew\u00e4hrleisten.<\/p>\n<\/li>\n<li data-start=\"1092\" data-end=\"1214\">\n<p data-start=\"1094\" data-end=\"1214\">Pr\u00e4zisionsd\u00fcse: Eine schmale und d\u00fcnne D\u00fcse erm\u00f6glicht eine frische, hygienische Anwendung und eine gezielte Abgabe an die Haut.<\/p>\n<\/li>\n<li data-start=\"1215\" data-end=\"1319\">\n<p data-start=\"1217\" data-end=\"1319\">Hypoallergen und von Dermatologen getestet: Sicher f\u00fcr empfindliche Haut, mit geringem Irritationspotenzial.<\/p>\n<\/li>\n<\/ul>\n<h2 data-section-id=\"52sl3o\" data-start=\"1326\" data-end=\"1346\"><strong data-start=\"1330\" data-end=\"1346\">Perfekt f\u00fcr:<\/strong><\/h2>\n<ul data-start=\"1347\" data-end=\"1495\">\n<li data-start=\"1347\" data-end=\"1384\">\n<p data-start=\"1349\" data-end=\"1384\">Fahle, dunkle oder m\u00fcde aussehende Haut<\/p>\n<\/li>\n<li data-start=\"1385\" data-end=\"1431\">\n<p data-start=\"1387\" data-end=\"1431\">Empfindliche Haut, die sanfte, wirksame Pflege ben\u00f6tigt<\/p>\n<\/li>\n<li data-start=\"1432\" data-end=\"1495\">\n<p data-start=\"1434\" data-end=\"1495\">F\u00fcr alle, die in kurzer Zeit sichtbare Ausstrahlung und Feuchtigkeitszufuhr w\u00fcnschen<\/p>\n<\/li>\n<\/ul>\n<p>Keine Parabene. Kein k\u00fcnstlicher Duft. Kein austrocknender Alkohol.<br data-start=\"1790\" data-end=\"1793\" \/>Geeignet f\u00fcr <strong data-start=\"1806\" data-end=\"1819\">t\u00e4gliche Nutzung<\/strong>insbesondere in Zeiten intensiver Hautpflege.<\/p>\n<p>Verwandeln Sie Ihre Haut an einem Tag - und sehen Sie den Unterschied in zwei Wochen.<\/p>","protected":false},"excerpt":{"rendered":"<p>One-Day Salmon PDRN Ampoule \u2013 Intense Skin Renewal with 99% Pure PDRN [10pcs] Experience a visible glow in just two<\/p>","protected":false},"featured_media":3582,"comment_status":"open","ping_status":"closed","template":"","meta":[],"product_brand":[],"product_cat":[49,15,312],"product_tag":[],"class_list":{"0":"post-2157","1":"product","2":"type-product","3":"status-publish","4":"has-post-thumbnail","6":"product_cat-for-men","7":"product_cat-korean-routine","8":"product_cat-serum","10":"first","11":"instock","12":"featured","13":"purchasable","14":"product-type-simple"},"_links":{"self":[{"href":"https:\/\/yukibeauty.ch\/de\/wp-json\/wp\/v2\/product\/2157","targetHints":{"allow":["GET"]}}],"collection":[{"href":"https:\/\/yukibeauty.ch\/de\/wp-json\/wp\/v2\/product"}],"about":[{"href":"https:\/\/yukibeauty.ch\/de\/wp-json\/wp\/v2\/types\/product"}],"replies":[{"embeddable":true,"href":"https:\/\/yukibeauty.ch\/de\/wp-json\/wp\/v2\/comments?post=2157"}],"wp:featuredmedia":[{"embeddable":true,"href":"https:\/\/yukibeauty.ch\/de\/wp-json\/wp\/v2\/media\/3582"}],"wp:attachment":[{"href":"https:\/\/yukibeauty.ch\/de\/wp-json\/wp\/v2\/media?parent=2157"}],"wp:term":[{"taxonomy":"product_brand","embeddable":true,"href":"https:\/\/yukibeauty.ch\/de\/wp-json\/wp\/v2\/product_brand?post=2157"},{"taxonomy":"product_cat","embeddable":true,"href":"https:\/\/yukibeauty.ch\/de\/wp-json\/wp\/v2\/product_cat?post=2157"},{"taxonomy":"product_tag","embeddable":true,"href":"https:\/\/yukibeauty.ch\/de\/wp-json\/wp\/v2\/product_tag?post=2157"}],"curies":[{"name":"wp","href":"https:\/\/api.w.org\/{rel}","templated":true}]}}