{"id":2158,"date":"2025-07-08T14:59:54","date_gmt":"2025-07-08T12:59:54","guid":{"rendered":"https:\/\/yukibeauty.ch\/product\/glutathione-glow-serum\/"},"modified":"2026-02-10T10:03:00","modified_gmt":"2026-02-10T09:03:00","slug":"medicube-glutathione-glow-serum","status":"publish","type":"product","link":"https:\/\/yukibeauty.ch\/de\/shop\/korean-routine\/serum\/medicube-glutathione-glow-serum\/","title":{"rendered":"Medicube Glutathion Glow Serum"},"content":{"rendered":"<h2 data-section-id=\"51xq37\" data-start=\"128\" data-end=\"156\">Glutathion Glow Serum<\/h2>\n<p data-start=\"157\" data-end=\"203\">Ausstrahlung. Schutz. Korrektur des sichtbaren Farbtons.<\/p>\n<p data-start=\"205\" data-end=\"472\">Mit dem Glutathione Glow Serum von medicube erhalten Sie eine strahlendere, glattere und jugendlichere Haut. Das Serum ist reich an Antioxidantien, die die Leuchtkraft der Haut wiederherstellen, die Pigmentierung reduzieren und die nat\u00fcrlichen Abwehrkr\u00e4fte der Haut unterst\u00fctzen. Ideal f\u00fcr fahle, unebene oder m\u00fcde aussehende Haut.<\/p>\n<p data-section-id=\"1bpq24i\" data-start=\"474\" data-end=\"511\"><strong>Aufhellung und Tonwertkorrektur<\/strong><\/p>\n<p data-start=\"512\" data-end=\"623\">Dieses Serum enth\u00e4lt 50.000 ppm Glutathion, Niacinamid und Bifida-Ferment-Lysat und tr\u00e4gt dazu bei:<\/p>\n<ul data-start=\"624\" data-end=\"765\">\n<li data-start=\"624\" data-end=\"675\">\n<p data-start=\"626\" data-end=\"675\">Reduziert sichtbar dunkle Flecken und Hyperpigmentierung<\/p>\n<\/li>\n<li data-start=\"676\" data-end=\"715\">\n<p data-start=\"678\" data-end=\"715\">Ebenm\u00e4\u00dfiger Hautton und neue Leuchtkraft<\/p>\n<\/li>\n<li data-start=\"716\" data-end=\"765\">\n<p data-start=\"718\" data-end=\"765\">Erhellt matte, m\u00fcde Haut f\u00fcr ein leuchtendes Finish<\/p>\n<\/li>\n<\/ul>\n<p data-section-id=\"1f9daah\" data-start=\"767\" data-end=\"800\"><strong>Elastizit\u00e4t und Faltenpflege<\/strong><\/p>\n<p data-start=\"801\" data-end=\"872\">Es enth\u00e4lt patentiertes Kollagen und Adenosin und wirkt so:<\/p>\n<ul data-start=\"873\" data-end=\"1029\">\n<li data-start=\"873\" data-end=\"907\">\n<p data-start=\"875\" data-end=\"907\">Gl\u00e4ttet feine Linien und Falten<\/p>\n<\/li>\n<li data-start=\"908\" data-end=\"988\">\n<p data-start=\"910\" data-end=\"988\">Verbesserung der Elastizit\u00e4t, insbesondere um Lachfalten, Kr\u00e4henf\u00fc\u00dfe und Stirn<\/p>\n<\/li>\n<li data-start=\"989\" data-end=\"1029\">\n<p data-start=\"991\" data-end=\"1029\">Sorgt f\u00fcr ein festeres, pralleres Hautbild<\/p>\n<\/li>\n<\/ul>\n<p data-section-id=\"knb3kb\" data-start=\"1031\" data-end=\"1057\"><strong>Unterst\u00fctzung der Hautbarriere<\/strong><\/p>\n<p data-start=\"1058\" data-end=\"1120\">Mit Kollagen und Bifida-Ferment-Lysat, dieses Serum:<\/p>\n<ul data-start=\"1121\" data-end=\"1248\">\n<li data-start=\"1121\" data-end=\"1163\">\n<p data-start=\"1123\" data-end=\"1163\">St\u00e4rkt die Feuchtigkeitsbarriere der Haut<\/p>\n<\/li>\n<li data-start=\"1164\" data-end=\"1202\">\n<p data-start=\"1166\" data-end=\"1202\">Hilft der Haut, die Feuchtigkeit l\u00e4nger zu speichern<\/p>\n<\/li>\n<li data-start=\"1203\" data-end=\"1248\">\n<p data-start=\"1205\" data-end=\"1248\">Unterst\u00fctzt die Widerstandsf\u00e4higkeit gegen\u00fcber t\u00e4glichen Stressfaktoren<\/p>\n<\/li>\n<\/ul>\n<p data-section-id=\"1fa8v9u\" data-start=\"1250\" data-end=\"1276\"><strong>Sanft und doch wirkungsvoll<\/strong><\/p>\n<ul data-start=\"1277\" data-end=\"1411\">\n<li data-start=\"1277\" data-end=\"1317\">\n<p data-start=\"1279\" data-end=\"1317\">Klinisch getestet auf geringe Reizung<\/p>\n<\/li>\n<li data-start=\"1318\" data-end=\"1370\">\n<p data-start=\"1320\" data-end=\"1370\">Geeignet f\u00fcr alle Hauttypen, auch f\u00fcr empfindliche<\/p>\n<\/li>\n<li data-start=\"1371\" data-end=\"1411\">\n<p data-start=\"1373\" data-end=\"1411\">Ideal f\u00fcr die t\u00e4gliche Anwendung, morgens und abends<\/p>\n<\/li>\n<\/ul>\n<p data-start=\"1413\" data-end=\"1529\"><em data-start=\"1413\" data-end=\"1529\">Tipp: Die besten Ergebnisse erzielen Sie, wenn Sie das Booster Pro Ger\u00e4t verwenden, um die Absorption zu verbessern und den Glow-Boost-Effekt zu verdreifachen.<\/em><\/p>\n<h2 data-section-id=\"a7idu5\" data-start=\"1708\" data-end=\"1721\">Vorsicht<\/h2>\n<ul data-start=\"1722\" data-end=\"1975\">\n<li data-start=\"1722\" data-end=\"1747\">\n<p data-start=\"1724\" data-end=\"1747\">Nur zur externen Verwendung<\/p>\n<\/li>\n<li data-start=\"1748\" data-end=\"1775\">\n<p data-start=\"1750\" data-end=\"1775\">Vermeiden Sie den Kontakt mit den Augen<\/p>\n<\/li>\n<li data-start=\"1776\" data-end=\"1837\">\n<p data-start=\"1778\" data-end=\"1837\">Bei R\u00f6tung, Juckreiz oder Reizung die Anwendung abbrechen<\/p>\n<\/li>\n<li data-start=\"1838\" data-end=\"1886\">\n<p data-start=\"1840\" data-end=\"1886\">F\u00fchren Sie vor der vollst\u00e4ndigen Anwendung einen Patch-Test durch<\/p>\n<\/li>\n<li data-start=\"1887\" data-end=\"1943\">\n<p data-start=\"1889\" data-end=\"1943\">K\u00fchl, trocken und vor direkter Sonneneinstrahlung gesch\u00fctzt lagern<\/p>\n<\/li>\n<li data-start=\"1944\" data-end=\"1975\">\n<p data-start=\"1946\" data-end=\"1975\">Au\u00dferhalb der Reichweite von Kindern aufbewahren<\/p>\n<\/li>\n<\/ul>","protected":false},"excerpt":{"rendered":"<p>Glutathione Glow Serum Radiance. Protection. Visible Tone Correction. Reveal brighter, smoother, and more youthful skin with medicube&#8217;s Glutathione Glow Serum<\/p>","protected":false},"featured_media":3587,"comment_status":"open","ping_status":"closed","template":"","meta":[],"product_brand":[],"product_cat":[49,15,312],"product_tag":[],"class_list":{"0":"post-2158","1":"product","2":"type-product","3":"status-publish","4":"has-post-thumbnail","6":"product_cat-for-men","7":"product_cat-korean-routine","8":"product_cat-serum","10":"first","11":"instock","12":"featured","13":"purchasable","14":"product-type-simple"},"_links":{"self":[{"href":"https:\/\/yukibeauty.ch\/de\/wp-json\/wp\/v2\/product\/2158","targetHints":{"allow":["GET"]}}],"collection":[{"href":"https:\/\/yukibeauty.ch\/de\/wp-json\/wp\/v2\/product"}],"about":[{"href":"https:\/\/yukibeauty.ch\/de\/wp-json\/wp\/v2\/types\/product"}],"replies":[{"embeddable":true,"href":"https:\/\/yukibeauty.ch\/de\/wp-json\/wp\/v2\/comments?post=2158"}],"wp:featuredmedia":[{"embeddable":true,"href":"https:\/\/yukibeauty.ch\/de\/wp-json\/wp\/v2\/media\/3587"}],"wp:attachment":[{"href":"https:\/\/yukibeauty.ch\/de\/wp-json\/wp\/v2\/media?parent=2158"}],"wp:term":[{"taxonomy":"product_brand","embeddable":true,"href":"https:\/\/yukibeauty.ch\/de\/wp-json\/wp\/v2\/product_brand?post=2158"},{"taxonomy":"product_cat","embeddable":true,"href":"https:\/\/yukibeauty.ch\/de\/wp-json\/wp\/v2\/product_cat?post=2158"},{"taxonomy":"product_tag","embeddable":true,"href":"https:\/\/yukibeauty.ch\/de\/wp-json\/wp\/v2\/product_tag?post=2158"}],"curies":[{"name":"wp","href":"https:\/\/api.w.org\/{rel}","templated":true}]}}