{"id":2159,"date":"2025-07-08T15:00:01","date_gmt":"2025-07-08T13:00:01","guid":{"rendered":"https:\/\/yukibeauty.ch\/product\/peach-70-niacin-serum\/"},"modified":"2025-12-16T21:38:54","modified_gmt":"2025-12-16T20:38:54","slug":"anua-peach-70-serum","status":"publish","type":"product","link":"https:\/\/yukibeauty.ch\/de\/shop\/korean-routine\/serum\/anua-peach-70-serum\/","title":{"rendered":"Pfirsich 70 Niacin Serum"},"content":{"rendered":"<h2 data-start=\"176\" data-end=\"208\">Anua Pfirsich 70% Niacin-Serum<\/h2>\n<p data-start=\"209\" data-end=\"271\"><strong>Aufhellendes &amp; feuchtigkeitsspendendes Serum f\u00fcr strahlende, gleichm\u00e4\u00dfig get\u00f6nte Haut<\/strong><\/p>\n<p data-start=\"273\" data-end=\"510\">Beleben Sie fahle, m\u00fcde Haut mit dem <strong data-start=\"306\" data-end=\"337\">Anua Pfirsich 70% Niacin-Serum<\/strong> - ein n\u00e4hrendes Serum, das die Leuchtkraft erh\u00f6ht und mit <strong data-start=\"387\" data-end=\"414\">70% Pfirsichfrucht-Extrakt<\/strong> und <strong data-start=\"419\" data-end=\"437\">5% Niacinamid<\/strong> um die Haut aufzuhellen, mit Feuchtigkeit zu versorgen und den allgemeinen Hautton und die Struktur der Haut sichtbar zu verbessern.<\/p>\n<p data-start=\"512\" data-end=\"693\">Dieses sanfte, aber wirkungsvolle Serum ist ideal f\u00fcr trockene oder unebene Haut und wirkt gegen Pigmentierung, Rauheit und Austrocknung. <strong data-start=\"635\" data-end=\"666\">leuchtende, glashaut\u00e4hnliche Oberfl\u00e4che<\/strong> - sofort und im Laufe der Zeit.<\/p>\n<h2 data-start=\"700\" data-end=\"719\">Wichtigste Vorteile<\/h2>\n<ul data-start=\"721\" data-end=\"1291\">\n<li data-start=\"721\" data-end=\"819\">\n<p data-start=\"723\" data-end=\"819\"><strong data-start=\"723\" data-end=\"760\">Reduziert Melanin sichtbar um 22,46%<\/strong> und <strong data-start=\"765\" data-end=\"797\">Hautunreinheiten um 13,57%<\/strong> (klinisch getestet)<\/p>\n<\/li>\n<li data-start=\"820\" data-end=\"892\">\n<p data-start=\"822\" data-end=\"892\"><strong data-start=\"822\" data-end=\"845\">Hellt fahle Haut auf<\/strong> und verblassen dunkle Flecken mit 5% <strong data-start=\"875\" data-end=\"890\">Niacinamid<\/strong><\/p>\n<\/li>\n<li data-start=\"893\" data-end=\"973\">\n<p data-start=\"895\" data-end=\"973\"><strong data-start=\"895\" data-end=\"914\">Spendet tiefenwirksam Feuchtigkeit<\/strong> mit <strong data-start=\"920\" data-end=\"946\">Dreifache Hyalurons\u00e4ure<\/strong> und <strong data-start=\"951\" data-end=\"971\">W\u00fcstenhefe\u00f6l<\/strong><\/p>\n<\/li>\n<li data-start=\"974\" data-end=\"1084\">\n<p data-start=\"976\" data-end=\"1084\"><strong data-start=\"976\" data-end=\"1022\">Peelt sanft und gl\u00e4ttet das Hautbild<\/strong> mit Pfirsich-Joghurt-Komplex (Pfirsichbl\u00fctenextrakt + Betain)<\/p>\n<\/li>\n<li data-start=\"1085\" data-end=\"1136\">\n<p data-start=\"1087\" data-end=\"1136\">Hinterl\u00e4sst ein weiches, leuchtendes Finish ohne Schwere<\/p>\n<\/li>\n<li data-start=\"1137\" data-end=\"1205\">\n<p data-start=\"1139\" data-end=\"1205\">Nat\u00fcrlich rosa Farbton von <strong data-start=\"1163\" data-end=\"1178\">Vitamin B12<\/strong> - keine k\u00fcnstlichen Farbstoffe<\/p>\n<\/li>\n<li data-start=\"1206\" data-end=\"1291\">\n<p data-start=\"1208\" data-end=\"1291\"><strong data-start=\"1208\" data-end=\"1238\">Hergestellt aus recycelten Pfirsichen<\/strong> die in sauberen, nachhaltigen Betrieben auf <strong data-start=\"1276\" data-end=\"1291\">Insel Jeju<\/strong><\/p>\n<\/li>\n<\/ul>\n<h2 data-start=\"1901\" data-end=\"1927\">Textur &amp; Hauttyp<\/h2>\n<ul data-start=\"1929\" data-end=\"2108\">\n<li data-start=\"1929\" data-end=\"1979\">\n<p data-start=\"1931\" data-end=\"1979\">Leichtes, nicht klebendes, schnell einziehendes Serum<\/p>\n<\/li>\n<li data-start=\"1980\" data-end=\"2051\">\n<p data-start=\"1982\" data-end=\"2051\">Geeignet f\u00fcr <strong data-start=\"1995\" data-end=\"2002\">trocken<\/strong>, <strong data-start=\"2004\" data-end=\"2012\">langweilig<\/strong>, <strong data-start=\"2014\" data-end=\"2024\">ungleichm\u00e4\u00dfig<\/strong>und <strong data-start=\"2030\" data-end=\"2044\">dehydriert<\/strong> Haut<\/p>\n<\/li>\n<li data-start=\"2052\" data-end=\"2108\">\n<p data-start=\"2054\" data-end=\"2108\">Hilft beim Erreichen eines <strong data-start=\"2070\" data-end=\"2091\">Glashaut-Effekt<\/strong> bei regelm\u00e4\u00dfigem Gebrauch<\/p>\n<\/li>\n<\/ul>","protected":false},"excerpt":{"rendered":"<p>Anua Peach 70% Niacin Serum Brightening &amp; hydrating serum for radiant, even-toned skin Revive dull, tired skin with the Anua<\/p>","protected":false},"featured_media":3284,"comment_status":"open","ping_status":"closed","template":"","meta":[],"product_brand":[],"product_cat":[49,15,312,315],"product_tag":[],"class_list":{"0":"post-2159","1":"product","2":"type-product","3":"status-publish","4":"has-post-thumbnail","6":"product_cat-for-men","7":"product_cat-korean-routine","8":"product_cat-serum","9":"product_cat-serum-for-men","11":"first","12":"instock","13":"sale","14":"purchasable","15":"product-type-simple"},"_links":{"self":[{"href":"https:\/\/yukibeauty.ch\/de\/wp-json\/wp\/v2\/product\/2159","targetHints":{"allow":["GET"]}}],"collection":[{"href":"https:\/\/yukibeauty.ch\/de\/wp-json\/wp\/v2\/product"}],"about":[{"href":"https:\/\/yukibeauty.ch\/de\/wp-json\/wp\/v2\/types\/product"}],"replies":[{"embeddable":true,"href":"https:\/\/yukibeauty.ch\/de\/wp-json\/wp\/v2\/comments?post=2159"}],"wp:featuredmedia":[{"embeddable":true,"href":"https:\/\/yukibeauty.ch\/de\/wp-json\/wp\/v2\/media\/3284"}],"wp:attachment":[{"href":"https:\/\/yukibeauty.ch\/de\/wp-json\/wp\/v2\/media?parent=2159"}],"wp:term":[{"taxonomy":"product_brand","embeddable":true,"href":"https:\/\/yukibeauty.ch\/de\/wp-json\/wp\/v2\/product_brand?post=2159"},{"taxonomy":"product_cat","embeddable":true,"href":"https:\/\/yukibeauty.ch\/de\/wp-json\/wp\/v2\/product_cat?post=2159"},{"taxonomy":"product_tag","embeddable":true,"href":"https:\/\/yukibeauty.ch\/de\/wp-json\/wp\/v2\/product_tag?post=2159"}],"curies":[{"name":"wp","href":"https:\/\/api.w.org\/{rel}","templated":true}]}}