{"id":2160,"date":"2025-07-08T15:00:00","date_gmt":"2025-07-08T13:00:00","guid":{"rendered":"https:\/\/yukibeauty.ch\/product\/skin-1004-madagascar-centella-ampoule\/"},"modified":"2026-02-10T10:00:45","modified_gmt":"2026-02-10T09:00:45","slug":"skin1004-madagascar-centella-ampoule","status":"publish","type":"product","link":"https:\/\/yukibeauty.ch\/de\/shop\/korean-routine\/serum\/skin1004-madagascar-centella-ampoule\/","title":{"rendered":"SKIN 1004 - Madagaskar Centella Ampulle"},"content":{"rendered":"<h2 data-start=\"144\" data-end=\"227\"><strong data-start=\"148\" data-end=\"227\">SKIN1004 Madagaskar Centella Ampulle - 100% Reines Beruhigendes &amp; Hydratisierendes Serum<\/strong><\/h2>\n<p data-start=\"229\" data-end=\"559\">Finden Sie Ihr Gleichgewicht mit der SKIN1004 Madagascar Centella Ampulle wieder - ein vielseitiges, beruhigendes Serum mit 100% Centella Asiatica Extrakt aus der unber\u00fchrten Natur Madagaskars. Dieser f\u00fcr seine Reinheit und Wirksamkeit bekannte Inhaltsstoff hilft, die Haut mit Feuchtigkeit zu versorgen, Reizungen zu lindern und die Hautbarriere zu st\u00e4rken.<\/p>\n<h2 data-start=\"566\" data-end=\"587\"><strong data-start=\"570\" data-end=\"587\">Wichtigste Vorteile:<\/strong><\/h2>\n<ul data-start=\"589\" data-end=\"1244\">\n<li data-start=\"589\" data-end=\"756\">\n<p data-start=\"591\" data-end=\"756\">100% Formel mit nur einem Inhaltsstoff: Enth\u00e4lt nur erstklassigen Centella Asiatica-Extrakt ohne Zusatz von F\u00fcllstoffen oder Konservierungsmitteln, um eine maximale Wirkung auf die Haut zu gew\u00e4hrleisten.<\/p>\n<\/li>\n<li data-start=\"757\" data-end=\"900\">\n<p data-start=\"759\" data-end=\"900\">Beruhigende &amp; aufbauende Pflege: Beruhigt sofort empfindliche oder gereizte Haut, die durch Umweltstress, Trockenheit oder \u00fcberm\u00e4\u00dfiges Peeling verursacht wurde.<\/p>\n<\/li>\n<li data-start=\"901\" data-end=\"1013\">\n<p data-start=\"903\" data-end=\"1013\">Tiefgehende Hydratation: Hilft, die Feuchtigkeit aufzuf\u00fcllen und zu speichern, so dass die Haut den ganzen Tag \u00fcber weich, geschmeidig und erfrischt ist.<\/p>\n<\/li>\n<li data-start=\"1014\" data-end=\"1124\">\n<p data-start=\"1016\" data-end=\"1124\">\u00d6l-Wasser-Gleichgewicht: Unterst\u00fctzt eine gesunde Talgregulierung bei zu Akne neigender und feuchtigkeitsarmer Haut.<\/p>\n<\/li>\n<li data-start=\"1125\" data-end=\"1244\">\n<p data-start=\"1127\" data-end=\"1244\">Anti-Aging-Unterst\u00fctzung: Reduziert die ersten Anzeichen der Hautalterung, indem es die Elastizit\u00e4t der Haut erh\u00e4lt und eine glattere Textur f\u00f6rdert.<\/p>\n<\/li>\n<\/ul>\n<h2 data-start=\"1251\" data-end=\"1283\"><strong data-start=\"1255\" data-end=\"1283\">Warum Madagaskar Centella?<\/strong><\/h2>\n<p data-start=\"1285\" data-end=\"1577\">Die in Madagaskar angebaute Centella Asiatica ist reich an beruhigenden Wirkstoffen - bis zu 7-mal konzentrierter als in herk\u00f6mmlichen Extrakten. Die saubere Extraktionsmethode von SKIN1004 bewahrt die volle Integrit\u00e4t der Pflanze und gew\u00e4hrleistet eine hohe Wirksamkeit und sanfte Wirkung selbst f\u00fcr die empfindlichste Haut.<\/p>\n<h3><strong data-start=\"1588\" data-end=\"1624\">Leichte und nicht klebende Textur<\/strong><\/h3>\n<p data-start=\"1626\" data-end=\"1819\">Diese Ampulle hat eine w\u00e4ssrige, schnell einziehende Formel, die sich m\u00fchelos unter andere Hautpflegeprodukte schichten l\u00e4sst. Ideal f\u00fcr alle Hauttypen, insbesondere f\u00fcr empfindliche, gereizte oder zu Akne neigende Haut.<\/p>\n<h2 data-start=\"2078\" data-end=\"2098\"><strong data-start=\"2082\" data-end=\"2098\">Zutaten:<\/strong><\/h2>\n<ul data-start=\"2100\" data-end=\"2190\">\n<li data-start=\"2100\" data-end=\"2190\">\n<p data-start=\"2102\" data-end=\"2190\"><strong data-start=\"2102\" data-end=\"2138\">Extrakt aus Centella Asiatica (100%)<\/strong> - Hilft, die Hautbarriere zu beruhigen, zu hydratisieren und zu reparieren.<\/p>\n<\/li>\n<\/ul>\n<p data-start=\"2197\" data-end=\"2359\">Frei von: Parf\u00fcm, \u00e4therischen \u00d6len, Alkohol, Parabenen und k\u00fcnstlichen Farbstoffen.<br data-start=\"2282\" data-end=\"2285\" \/>Geeignet f\u00fcr: Alle Hauttypen, einschlie\u00dflich empfindlicher und zu Akne neigender Haut.<\/p>\n<p data-start=\"2366\" data-end=\"2546\">Unterst\u00fctzen Sie die nat\u00fcrliche Heilkraft Ihrer Haut mit diesem <strong data-start=\"2418\" data-end=\"2443\">reine Centella-Ampulle<\/strong> - ein Muss f\u00fcr jeden, der <strong data-start=\"2477\" data-end=\"2531\">wohltuende Feuchtigkeit, Hautgleichgewicht und reine Sch\u00f6nheit<\/strong> in einer Flasche.<\/p>","protected":false},"excerpt":{"rendered":"<p>SKIN1004 Madagascar Centella Ampoule \u2013 100% Pure Soothing &amp; Hydrating Serum Rediscover balance with the SKIN1004 Madagascar Centella Ampoule \u2014<\/p>","protected":false},"featured_media":3833,"comment_status":"open","ping_status":"closed","template":"","meta":[],"product_brand":[],"product_cat":[49,15,312],"product_tag":[],"class_list":{"0":"post-2160","1":"product","2":"type-product","3":"status-publish","4":"has-post-thumbnail","6":"product_cat-for-men","7":"product_cat-korean-routine","8":"product_cat-serum","10":"first","11":"instock","12":"purchasable","13":"product-type-simple"},"_links":{"self":[{"href":"https:\/\/yukibeauty.ch\/de\/wp-json\/wp\/v2\/product\/2160","targetHints":{"allow":["GET"]}}],"collection":[{"href":"https:\/\/yukibeauty.ch\/de\/wp-json\/wp\/v2\/product"}],"about":[{"href":"https:\/\/yukibeauty.ch\/de\/wp-json\/wp\/v2\/types\/product"}],"replies":[{"embeddable":true,"href":"https:\/\/yukibeauty.ch\/de\/wp-json\/wp\/v2\/comments?post=2160"}],"wp:featuredmedia":[{"embeddable":true,"href":"https:\/\/yukibeauty.ch\/de\/wp-json\/wp\/v2\/media\/3833"}],"wp:attachment":[{"href":"https:\/\/yukibeauty.ch\/de\/wp-json\/wp\/v2\/media?parent=2160"}],"wp:term":[{"taxonomy":"product_brand","embeddable":true,"href":"https:\/\/yukibeauty.ch\/de\/wp-json\/wp\/v2\/product_brand?post=2160"},{"taxonomy":"product_cat","embeddable":true,"href":"https:\/\/yukibeauty.ch\/de\/wp-json\/wp\/v2\/product_cat?post=2160"},{"taxonomy":"product_tag","embeddable":true,"href":"https:\/\/yukibeauty.ch\/de\/wp-json\/wp\/v2\/product_tag?post=2160"}],"curies":[{"name":"wp","href":"https:\/\/api.w.org\/{rel}","templated":true}]}}