{"id":2163,"date":"2025-07-08T15:00:01","date_gmt":"2025-07-08T13:00:01","guid":{"rendered":"https:\/\/yukibeauty.ch\/product\/bean-sun-stick-15g\/"},"modified":"2026-02-10T10:04:36","modified_gmt":"2026-02-10T09:04:36","slug":"bean-sun-stick-15g","status":"publish","type":"product","link":"https:\/\/yukibeauty.ch\/de\/shop\/korean-routine\/sun-protection\/bean-sun-stick-15g\/","title":{"rendered":"Mixsoon Bean Sun Stick SPF50+ PA++++ (15g)"},"content":{"rendered":"<h2 data-start=\"79\" data-end=\"131\">Mixsoon Bean Sun Stick SPF50+ PA++++ (15g)<\/h2>\n<p data-start=\"132\" data-end=\"292\">Ein leichter, hautpflegender Sonnenstift, der starken UV-Schutz bietet, ohne den Komfort zu beeintr\u00e4chtigen. Perfekt f\u00fcr die t\u00e4gliche Anwendung und zum Nachcremen unterwegs.<\/p>\n<p data-start=\"299\" data-end=\"318\">Wesentliche Merkmale:<\/p>\n<ul data-start=\"319\" data-end=\"923\">\n<li data-start=\"319\" data-end=\"423\">\n<p data-start=\"321\" data-end=\"423\">Hochgradiger UV-Schutz: SPF50+ PA++++ mit chemischen Filtern sch\u00fctzt die Haut vor UVA\/UVB-Strahlen.<\/p>\n<\/li>\n<li data-start=\"424\" data-end=\"563\">\n<p data-start=\"426\" data-end=\"563\">Fermentierte Pflanzenextrakte: Enth\u00e4lt fermentierten Sojabohnen-, Gersten-, Granatapfel- und Birnensaft, der die Haut mit Feuchtigkeit versorgt, sie aufhellt und gl\u00e4ttet.<\/p>\n<\/li>\n<li data-start=\"564\" data-end=\"692\">\n<p data-start=\"566\" data-end=\"692\">Pflegend und gl\u00e4ttend: Die Formel ist reich an Aminos\u00e4uren und Isoflavonen und hilft, die Elastizit\u00e4t der Haut zu verbessern und den Teint zu gl\u00e4tten.<\/p>\n<\/li>\n<li data-start=\"693\" data-end=\"813\">\n<p data-start=\"695\" data-end=\"813\">Mattes, wei\u00dfes, gussfreies Finish: Die weiche, pudrige Textur l\u00e4sst sich m\u00fchelos auftragen, ohne zu fetten oder R\u00fcckst\u00e4nde zu hinterlassen.<\/p>\n<\/li>\n<li data-start=\"814\" data-end=\"923\">\n<p data-start=\"816\" data-end=\"923\">Reisefreundlich: Schlankes, tragbares Format, ideal f\u00fcr den Einsatz im Freien und zum schnellen Auffrischen w\u00e4hrend des Tages.<\/p>\n<\/li>\n<\/ul>\n<h2 data-start=\"930\" data-end=\"945\"><strong data-start=\"930\" data-end=\"943\">Vorteile:<\/strong><\/h2>\n<ul data-start=\"946\" data-end=\"1230\">\n<li data-start=\"946\" data-end=\"998\">\n<p data-start=\"948\" data-end=\"998\">Chemisches Sonnenschutzmittel im praktischen Stick-Format.<\/p>\n<\/li>\n<li data-start=\"999\" data-end=\"1045\">\n<p data-start=\"1001\" data-end=\"1045\">Peelt die Haut sanft und pflegt sie.<\/p>\n<\/li>\n<li data-start=\"1046\" data-end=\"1100\">\n<p data-start=\"1048\" data-end=\"1100\">Verbessert die Elastizit\u00e4t und das allgemeine Hautbild.<\/p>\n<\/li>\n<li data-start=\"1101\" data-end=\"1178\">\n<p data-start=\"1103\" data-end=\"1178\">Hinterl\u00e4sst ein weiches, glattes und frisches Hautgef\u00fchl - kein klebriges oder schweres Gef\u00fchl.<\/p>\n<\/li>\n<li data-start=\"1179\" data-end=\"1230\">\n<p data-start=\"1181\" data-end=\"1230\">Geeignet f\u00fcr alle Hauttypen, auch f\u00fcr empfindliche.<\/p>\n<\/li>\n<\/ul>","protected":false},"excerpt":{"rendered":"<p>Mixsoon Bean Sun Stick SPF50+ PA++++ (15g) Ein leichter, hautpflegender Sonnenstift, der einen starken UV-Schutz bietet, ohne Kompromisse bei der<\/p>","protected":false},"featured_media":3556,"comment_status":"open","ping_status":"closed","template":"","meta":[],"product_brand":[],"product_cat":[49,15,24],"product_tag":[],"class_list":{"0":"post-2163","1":"product","2":"type-product","3":"status-publish","4":"has-post-thumbnail","6":"product_cat-for-men","7":"product_cat-korean-routine","8":"product_cat-sun-protection","9":"pa_protection-level-spf50","11":"first","12":"instock","13":"featured","14":"purchasable","15":"product-type-simple"},"_links":{"self":[{"href":"https:\/\/yukibeauty.ch\/de\/wp-json\/wp\/v2\/product\/2163","targetHints":{"allow":["GET"]}}],"collection":[{"href":"https:\/\/yukibeauty.ch\/de\/wp-json\/wp\/v2\/product"}],"about":[{"href":"https:\/\/yukibeauty.ch\/de\/wp-json\/wp\/v2\/types\/product"}],"replies":[{"embeddable":true,"href":"https:\/\/yukibeauty.ch\/de\/wp-json\/wp\/v2\/comments?post=2163"}],"wp:featuredmedia":[{"embeddable":true,"href":"https:\/\/yukibeauty.ch\/de\/wp-json\/wp\/v2\/media\/3556"}],"wp:attachment":[{"href":"https:\/\/yukibeauty.ch\/de\/wp-json\/wp\/v2\/media?parent=2163"}],"wp:term":[{"taxonomy":"product_brand","embeddable":true,"href":"https:\/\/yukibeauty.ch\/de\/wp-json\/wp\/v2\/product_brand?post=2163"},{"taxonomy":"product_cat","embeddable":true,"href":"https:\/\/yukibeauty.ch\/de\/wp-json\/wp\/v2\/product_cat?post=2163"},{"taxonomy":"product_tag","embeddable":true,"href":"https:\/\/yukibeauty.ch\/de\/wp-json\/wp\/v2\/product_tag?post=2163"}],"curies":[{"name":"wp","href":"https:\/\/api.w.org\/{rel}","templated":true}]}}