{"id":2166,"date":"2025-07-08T15:00:01","date_gmt":"2025-07-08T13:00:01","guid":{"rendered":"https:\/\/yukibeauty.ch\/product\/anua-heartleaf-77-soothing-toner-250ml\/"},"modified":"2025-12-18T20:32:31","modified_gmt":"2025-12-18T19:32:31","slug":"anua-heartleaf-77-soothing-toner-250ml","status":"publish","type":"product","link":"https:\/\/yukibeauty.ch\/de\/shop\/korean-routine\/toner\/anua-heartleaf-77-soothing-toner-250ml\/","title":{"rendered":"Anua Heartleaf 77% Beruhigendes Gesichtswasser 250ml"},"content":{"rendered":"<h2 data-start=\"173\" data-end=\"211\">Anua Heartleaf 77% Beruhigender Toner<\/h2>\n<p data-start=\"212\" data-end=\"284\"><strong data-start=\"212\" data-end=\"284\">Beruhigendes Gesichtswasser f\u00fcr empfindliche, gereizte oder zu Problemen neigende Haut<\/strong><\/p>\n<p data-start=\"286\" data-end=\"626\">Anua Heartleaf 77% Soothing Toner ist ein sanftes, aber dennoch wirkungsvolles Gesichtswasser, das mit <strong data-start=\"367\" data-end=\"413\">77% Extrakt aus Houttuynia Cordata (Heartleaf)<\/strong> lindert Reizungen, beruhigt R\u00f6tungen und stellt das Gleichgewicht der Haut wieder her. Dieses Gesichtswasser ist ideal f\u00fcr empfindliche und problematische Hauttypen. Es spendet tiefenwirksam Feuchtigkeit, unterst\u00fctzt die nat\u00fcrliche Hautbarriere und f\u00f6rdert die Heilung. Ein koreanisches Gesichtswasser, das die Haut beruhigt, mit Feuchtigkeit versorgt und die Anti-Aging-Pflege unterst\u00fctzt, indem es Pigmentierung und feine Linien minimiert.<\/p>\n<h2 data-start=\"628\" data-end=\"647\">Wichtigste Vorteile<\/h2>\n<ul data-start=\"649\" data-end=\"942\">\n<li data-start=\"649\" data-end=\"695\">\n<p data-start=\"651\" data-end=\"695\"><strong data-start=\"651\" data-end=\"693\">Lindert Reizungen und reduziert R\u00f6tungen<\/strong><\/p>\n<\/li>\n<li data-start=\"696\" data-end=\"751\">\n<p data-start=\"698\" data-end=\"751\"><strong data-start=\"698\" data-end=\"722\">Spendet Feuchtigkeit und macht geschmeidig<\/strong> die Haut ohne Schweregef\u00fchl<\/p>\n<\/li>\n<li data-start=\"752\" data-end=\"819\">\n<p data-start=\"754\" data-end=\"819\"><strong data-start=\"754\" data-end=\"789\">Hilft bei der Wiederherstellung der Lipidbarriere<\/strong> und beschleunigen die Regeneration<\/p>\n<\/li>\n<li data-start=\"820\" data-end=\"883\">\n<p data-start=\"822\" data-end=\"883\"><strong data-start=\"822\" data-end=\"881\">Minimiert das Erscheinungsbild von Pigmentierung und feinen Linien<\/strong><\/p>\n<\/li>\n<li data-start=\"884\" data-end=\"942\">\n<p data-start=\"886\" data-end=\"942\"><strong data-start=\"886\" data-end=\"942\">Beugt Ausbr\u00fcchen vor und unterst\u00fctzt die allgemeine Hautreinheit<\/strong><\/p>\n<\/li>\n<\/ul>\n<h2 data-start=\"1736\" data-end=\"1763\">Hauttyp &amp; Probleme<\/h2>\n<p data-start=\"1765\" data-end=\"1781\">Empfohlen f\u00fcr:<\/p>\n<ul data-start=\"1782\" data-end=\"1927\">\n<li data-start=\"1782\" data-end=\"1855\">\n<p data-start=\"1784\" data-end=\"1855\"><strong data-start=\"1784\" data-end=\"1802\">Alle Hauttypen<\/strong>insbesondere <strong data-start=\"1815\" data-end=\"1828\">empfindlich<\/strong> und <strong data-start=\"1833\" data-end=\"1848\">problematisch<\/strong> Haut<\/p>\n<\/li>\n<li data-start=\"1856\" data-end=\"1927\">\n<p data-start=\"1858\" data-end=\"1927\"><strong data-start=\"1858\" data-end=\"1869\">R\u00f6tung<\/strong>, <strong data-start=\"1871\" data-end=\"1885\">Irritation<\/strong>, <strong data-start=\"1887\" data-end=\"1898\">Trockenheit<\/strong>und <strong data-start=\"1904\" data-end=\"1918\">Akne-anf\u00e4llig<\/strong> betrifft<\/p>\n<\/li>\n<\/ul>\n<p>&nbsp;<\/p>\n<p><em data-start=\"2155\" data-end=\"2213\">Ein t\u00e4gliches Muss f\u00fcr eine ruhige, ausgeglichene und mit Feuchtigkeit versorgte Haut.<\/em><br data-start=\"2213\" data-end=\"2216\" \/><strong data-start=\"2216\" data-end=\"2277\">Frei von aggressiven Inhaltsstoffen. Sanft genug f\u00fcr die t\u00e4gliche Anwendung.<\/strong><\/p>","protected":false},"excerpt":{"rendered":"<p>Anua Heartleaf 77% Soothing Toner Calming facial toner for sensitive, irritated, or problem-prone skin Anua Heartleaf 77% Soothing Toner is<\/p>","protected":false},"featured_media":3682,"comment_status":"open","ping_status":"closed","template":"","meta":[],"product_brand":[],"product_cat":[49,15,19,314],"product_tag":[],"class_list":{"0":"post-2166","1":"product","2":"type-product","3":"status-publish","4":"has-post-thumbnail","6":"product_cat-for-men","7":"product_cat-korean-routine","8":"product_cat-toner","9":"product_cat-toner-for-men","11":"first","12":"instock","13":"sale","14":"purchasable","15":"product-type-simple"},"_links":{"self":[{"href":"https:\/\/yukibeauty.ch\/de\/wp-json\/wp\/v2\/product\/2166","targetHints":{"allow":["GET"]}}],"collection":[{"href":"https:\/\/yukibeauty.ch\/de\/wp-json\/wp\/v2\/product"}],"about":[{"href":"https:\/\/yukibeauty.ch\/de\/wp-json\/wp\/v2\/types\/product"}],"replies":[{"embeddable":true,"href":"https:\/\/yukibeauty.ch\/de\/wp-json\/wp\/v2\/comments?post=2166"}],"wp:featuredmedia":[{"embeddable":true,"href":"https:\/\/yukibeauty.ch\/de\/wp-json\/wp\/v2\/media\/3682"}],"wp:attachment":[{"href":"https:\/\/yukibeauty.ch\/de\/wp-json\/wp\/v2\/media?parent=2166"}],"wp:term":[{"taxonomy":"product_brand","embeddable":true,"href":"https:\/\/yukibeauty.ch\/de\/wp-json\/wp\/v2\/product_brand?post=2166"},{"taxonomy":"product_cat","embeddable":true,"href":"https:\/\/yukibeauty.ch\/de\/wp-json\/wp\/v2\/product_cat?post=2166"},{"taxonomy":"product_tag","embeddable":true,"href":"https:\/\/yukibeauty.ch\/de\/wp-json\/wp\/v2\/product_tag?post=2166"}],"curies":[{"name":"wp","href":"https:\/\/api.w.org\/{rel}","templated":true}]}}