{"id":2170,"date":"2025-07-08T15:00:01","date_gmt":"2025-07-08T13:00:01","guid":{"rendered":"https:\/\/yukibeauty.ch\/product\/madagascar-centella-toning-toner-210ml\/"},"modified":"2025-12-18T20:36:04","modified_gmt":"2025-12-18T19:36:04","slug":"skin1004-madagascar-centella-toning-toner","status":"publish","type":"product","link":"https:\/\/yukibeauty.ch\/de\/shop\/korean-routine\/toner\/skin1004-madagascar-centella-toning-toner\/","title":{"rendered":"Madagaskar Centella Tonic Toner 210ml"},"content":{"rendered":"<h2 data-section-id=\"p8whxp\" data-start=\"222\" data-end=\"275\">SKIN1004 Madagaskar Centella Tonic Toner 210ml<\/h2>\n<p data-start=\"276\" data-end=\"342\"><strong data-start=\"276\" data-end=\"342\">Sanftes t\u00e4gliches Peeling. Beruhigt, befeuchtet und verfeinert Ihre Haut.<\/strong><\/p>\n<p data-start=\"344\" data-end=\"665\">Dieser leichte, wasser\u00e4hnliche Toner vereint die Kraft von <strong data-start=\"399\" data-end=\"418\">PHA-Peeling<\/strong> mit <strong data-start=\"424\" data-end=\"457\">84% Centella Asiatica-Extrakt<\/strong> entfernt sanft abgestorbene Hautzellen, gleicht die Talgproduktion aus und bereitet die Haut auf eine bessere Aufnahme der Pflegeprodukte vor. Es ist ideal f\u00fcr empfindliche Haut, beruhigt sie und verbessert gleichzeitig ihren Tonus und ihre Textur - ganz ohne Irritationen.<\/p>\n<h2 data-section-id=\"haxfjh\" data-start=\"672\" data-end=\"695\">Warum Sie es lieben werden:<\/h2>\n<ul>\n<li data-start=\"697\" data-end=\"1059\">Peelt und gl\u00e4ttet sanft mit PHA (Gluconolacton)<\/li>\n<li data-start=\"697\" data-end=\"1059\">Beruhigt und spendet tiefenwirksam Feuchtigkeit mit hochkonzentriertem Centella Asiatica<\/li>\n<li data-start=\"697\" data-end=\"1059\">Hellt den Teint auf und gleicht ihn mit Niacinamid aus<\/li>\n<li data-start=\"697\" data-end=\"1059\">St\u00e4rkt die Hautbarriere und unterst\u00fctzt die Anti-Aging-Pflege<\/li>\n<li data-start=\"697\" data-end=\"1059\">Bereitet die Haut auf eine bessere Aufnahme von Seren und Cremes vor<\/li>\n<li data-start=\"697\" data-end=\"1059\">Sicher f\u00fcr den t\u00e4glichen Gebrauch, auch bei empfindlicher oder reaktiver Haut<\/li>\n<\/ul>\n<h2 data-section-id=\"vuo8pp\" data-start=\"1066\" data-end=\"1086\">Wichtigste Inhaltsstoffe:<\/h2>\n<ul>\n<li data-start=\"1088\" data-end=\"1460\">Centella Asiatica Extract (84%) - Lindert Reizungen, spendet Feuchtigkeit und unterst\u00fctzt die Regeneration der Haut<\/li>\n<li data-start=\"1088\" data-end=\"1460\">Niacinamid - Hilft, dunkle Flecken zu verblassen, verbessert die Elastizit\u00e4t der Haut und gleicht den Hautton aus<\/li>\n<li data-start=\"1088\" data-end=\"1460\">PHA (Gluconolacton) - Ein sanftes Peeling, das abgestorbene Hautzellen entfernt, ohne die empfindliche Haut zu st\u00f6ren<\/li>\n<li data-start=\"1088\" data-end=\"1460\">Hyalurons\u00e4ure + Betain - Spendet Feuchtigkeit und macht die Haut geschmeidig<\/li>\n<\/ul>\n<h2 data-section-id=\"1duxkir\" data-start=\"1603\" data-end=\"1615\">Textur:<\/h2>\n<ul>\n<li data-start=\"1617\" data-end=\"1711\">Leichte, w\u00e4ssrige Formel mit leichtem Bernsteinfarbton<\/li>\n<li data-start=\"1617\" data-end=\"1711\">Zieht schnell ein, ohne zu kleben<\/li>\n<\/ul>\n<h2 data-section-id=\"1el48w0\" data-start=\"1718\" data-end=\"1735\">F\u00fcr wen es gedacht ist:<\/h2>\n<ul>\n<li data-start=\"1737\" data-end=\"1891\">Empfindliche, trockene oder gereizte Haut<\/li>\n<li data-start=\"1737\" data-end=\"1891\">Haut mit ungleichm\u00e4\u00dfigem Tonus, ungleichm\u00e4\u00dfiger Textur oder PigmentierungAlle, die ein t\u00e4gliches, nicht reizendes Peeling suchen<\/li>\n<\/ul>\n<p data-start=\"1898\" data-end=\"2026\">Frei von Parabenen, Sulfaten, Mineral\u00f6l, synthetischen Duftstoffen und aggressiven Inhaltsstoffen. Alle Komponenten sind <strong data-start=\"2004\" data-end=\"2025\">EWG-gepr\u00fcft sicher<\/strong>.<\/p>","protected":false},"excerpt":{"rendered":"<p>SKIN1004 Madagascar Centella Toning Toner 210ml Gentle daily exfoliation. Calm, hydrate, and refine your skin. This lightweight, water-type toner blends<\/p>","protected":false},"featured_media":3677,"comment_status":"open","ping_status":"closed","template":"","meta":[],"product_brand":[],"product_cat":[49,15,19],"product_tag":[],"class_list":{"0":"post-2170","1":"product","2":"type-product","3":"status-publish","4":"has-post-thumbnail","6":"product_cat-for-men","7":"product_cat-korean-routine","8":"product_cat-toner","10":"first","11":"instock","12":"featured","13":"purchasable","14":"product-type-simple"},"_links":{"self":[{"href":"https:\/\/yukibeauty.ch\/de\/wp-json\/wp\/v2\/product\/2170","targetHints":{"allow":["GET"]}}],"collection":[{"href":"https:\/\/yukibeauty.ch\/de\/wp-json\/wp\/v2\/product"}],"about":[{"href":"https:\/\/yukibeauty.ch\/de\/wp-json\/wp\/v2\/types\/product"}],"replies":[{"embeddable":true,"href":"https:\/\/yukibeauty.ch\/de\/wp-json\/wp\/v2\/comments?post=2170"}],"wp:featuredmedia":[{"embeddable":true,"href":"https:\/\/yukibeauty.ch\/de\/wp-json\/wp\/v2\/media\/3677"}],"wp:attachment":[{"href":"https:\/\/yukibeauty.ch\/de\/wp-json\/wp\/v2\/media?parent=2170"}],"wp:term":[{"taxonomy":"product_brand","embeddable":true,"href":"https:\/\/yukibeauty.ch\/de\/wp-json\/wp\/v2\/product_brand?post=2170"},{"taxonomy":"product_cat","embeddable":true,"href":"https:\/\/yukibeauty.ch\/de\/wp-json\/wp\/v2\/product_cat?post=2170"},{"taxonomy":"product_tag","embeddable":true,"href":"https:\/\/yukibeauty.ch\/de\/wp-json\/wp\/v2\/product_tag?post=2170"}],"curies":[{"name":"wp","href":"https:\/\/api.w.org\/{rel}","templated":true}]}}