{"id":2172,"date":"2025-07-08T15:00:01","date_gmt":"2025-07-08T13:00:01","guid":{"rendered":"https:\/\/yukibeauty.ch\/product\/rice-70-glow-milky-toner-250ml\/"},"modified":"2025-12-16T21:13:37","modified_gmt":"2025-12-16T20:13:37","slug":"rice-milky-toner","status":"publish","type":"product","link":"https:\/\/yukibeauty.ch\/de\/shop\/fur-manner\/toner-for-men\/rice-milky-toner\/","title":{"rendered":"Reis 70 Glow Milky Toner 250ml"},"content":{"rendered":"<h2 data-start=\"195\" data-end=\"238\">Anua Rice 70% Glow Milky Toner - 250ml<\/h2>\n<p data-start=\"239\" data-end=\"314\"><strong data-start=\"239\" data-end=\"314\">Aufhellendes, beruhigendes und feuchtigkeitsspendendes Gesichtswasser f\u00fcr strahlende, gleichm\u00e4\u00dfig get\u00f6nte Haut<\/strong><\/p>\n<p data-start=\"316\" data-end=\"656\">Enth\u00fcllen Sie Ihre bisher strahlendste Haut mit dem <strong data-start=\"360\" data-end=\"393\">Anua Rice 70 Glow Milky Toner<\/strong> - ein sanftes, parf\u00fcmfreies Gesichtswasser, angereichert mit <strong data-start=\"441\" data-end=\"464\">70% Reiskleie-Wasser<\/strong> und <strong data-start=\"469\" data-end=\"484\">Niacinamid<\/strong> um den Teint mit Feuchtigkeit zu versorgen, ihn aufzuhellen und zu verfeinern. Die leichte, milchige Formel zieht schnell ein, ohne zu kleben, und hinterl\u00e4sst Ihre Haut weich, strahlend und perfekt vorbereitet.<\/p>\n<h2 data-start=\"663\" data-end=\"682\">Wichtigste Vorteile<\/h2>\n<ul data-start=\"684\" data-end=\"1173\">\n<li data-start=\"684\" data-end=\"766\">\n<p data-start=\"686\" data-end=\"766\"><strong data-start=\"686\" data-end=\"725\">Hellt fahle und ungleichm\u00e4\u00dfige Hautt\u00f6ne auf<\/strong> mit 70% Reiskleiewasser + Niacinamid<\/p>\n<\/li>\n<li data-start=\"767\" data-end=\"818\">\n<p data-start=\"769\" data-end=\"818\"><strong data-start=\"769\" data-end=\"795\">Reguliert \u00fcbersch\u00fcssigen Talg<\/strong> und verbessert die Klarheit<\/p>\n<\/li>\n<li data-start=\"819\" data-end=\"883\">\n<p data-start=\"821\" data-end=\"883\"><strong data-start=\"821\" data-end=\"853\">St\u00e4rkt die Hautbarriere<\/strong> mit <strong data-start=\"859\" data-end=\"881\">Ceramide AP und NP<\/strong><\/p>\n<\/li>\n<li data-start=\"884\" data-end=\"1021\">\n<p data-start=\"886\" data-end=\"1021\"><strong data-start=\"886\" data-end=\"905\">Spendet tiefenwirksam Feuchtigkeit<\/strong> und beruhigt empfindliche Haut mit <strong data-start=\"936\" data-end=\"958\">Natriumhyaluronat<\/strong>, <strong data-start=\"960\" data-end=\"971\">Betain<\/strong>, <strong data-start=\"973\" data-end=\"986\">Panthenol<\/strong>, <strong data-start=\"988\" data-end=\"1000\">Glyzerin<\/strong>und <strong data-start=\"1006\" data-end=\"1019\">Allantoin<\/strong><\/p>\n<\/li>\n<li data-start=\"1022\" data-end=\"1111\">\n<p data-start=\"1024\" data-end=\"1111\">Leichtes Gewicht, <strong data-start=\"1037\" data-end=\"1051\">nicht klebend<\/strong>und <strong data-start=\"1057\" data-end=\"1075\">parf\u00fcmfrei<\/strong> Formel - ideal f\u00fcr <strong data-start=\"1096\" data-end=\"1109\">t\u00e4gliche Nutzung<\/strong><\/p>\n<\/li>\n<li data-start=\"1112\" data-end=\"1173\">\n<p data-start=\"1114\" data-end=\"1173\">Verleiht der Haut einen <strong data-start=\"1133\" data-end=\"1173\">glatter, strahlender und ausgewogener Abgang<\/strong><\/p>\n<\/li>\n<\/ul>\n<h2 data-start=\"1180\" data-end=\"1202\">Star-Inhaltsstoffe<\/h2>\n<ul data-start=\"1204\" data-end=\"1750\">\n<li data-start=\"1204\" data-end=\"1323\">\n<p data-start=\"1206\" data-end=\"1323\"><strong data-start=\"1206\" data-end=\"1231\">Reiskleie-Wasser (70%)<\/strong> - Reich an Aminos\u00e4uren und Antioxidantien, erhellt und revitalisiert die Haut f\u00fcr ein strahlendes Aussehen<\/p>\n<\/li>\n<li data-start=\"1324\" data-end=\"1440\">\n<p data-start=\"1326\" data-end=\"1440\"><strong data-start=\"1326\" data-end=\"1341\">Niacinamid<\/strong> - Ein Multitasking-Vitamin, das den Hautton ausgleicht, die Poren verkleinert und die Hautbarriere st\u00e4rkt<\/p>\n<\/li>\n<li data-start=\"1441\" data-end=\"1541\">\n<p data-start=\"1443\" data-end=\"1541\"><strong data-start=\"1443\" data-end=\"1463\">Ceramide AP &amp; NP<\/strong> - Helfen, die nat\u00fcrliche Feuchtigkeitsbarriere der Haut zu st\u00e4rken und die Widerstandsf\u00e4higkeit zu verbessern<\/p>\n<\/li>\n<li data-start=\"1542\" data-end=\"1660\">\n<p data-start=\"1544\" data-end=\"1660\"><strong data-start=\"1544\" data-end=\"1576\">Natriumhyaluronat und Betain<\/strong> - Spendet lang anhaltende Feuchtigkeit und mindert Anzeichen von Trockenheit und Entz\u00fcndungen<\/p>\n<\/li>\n<li data-start=\"1661\" data-end=\"1750\">\n<p data-start=\"1663\" data-end=\"1750\"><strong data-start=\"1663\" data-end=\"1698\">Panthenol, Glycerin und Allantoin<\/strong> - Beruhigt gereizte Haut und unterst\u00fctzt die t\u00e4gliche Hautreparatur<\/p>\n<\/li>\n<\/ul>\n<p><em data-start=\"2520\" data-end=\"2589\">Ihr t\u00e4gliches Strahlen beginnt hier - sanft, sauber und tief pflegend.<\/em><\/p>","protected":false},"excerpt":{"rendered":"<p>Anua Rice 70% Glow Milky Toner \u2013 250ml Brightening, soothing, and hydrating toner for radiant, even-toned skin Reveal your most<\/p>","protected":false},"featured_media":3304,"comment_status":"open","ping_status":"closed","template":"","meta":[],"product_brand":[],"product_cat":[49,15,314,19],"product_tag":[],"class_list":{"0":"post-2172","1":"product","2":"type-product","3":"status-publish","4":"has-post-thumbnail","6":"product_cat-for-men","7":"product_cat-korean-routine","8":"product_cat-toner-for-men","9":"product_cat-toner","11":"first","12":"outofstock","13":"sale","14":"purchasable","15":"product-type-simple"},"_links":{"self":[{"href":"https:\/\/yukibeauty.ch\/de\/wp-json\/wp\/v2\/product\/2172","targetHints":{"allow":["GET"]}}],"collection":[{"href":"https:\/\/yukibeauty.ch\/de\/wp-json\/wp\/v2\/product"}],"about":[{"href":"https:\/\/yukibeauty.ch\/de\/wp-json\/wp\/v2\/types\/product"}],"replies":[{"embeddable":true,"href":"https:\/\/yukibeauty.ch\/de\/wp-json\/wp\/v2\/comments?post=2172"}],"wp:featuredmedia":[{"embeddable":true,"href":"https:\/\/yukibeauty.ch\/de\/wp-json\/wp\/v2\/media\/3304"}],"wp:attachment":[{"href":"https:\/\/yukibeauty.ch\/de\/wp-json\/wp\/v2\/media?parent=2172"}],"wp:term":[{"taxonomy":"product_brand","embeddable":true,"href":"https:\/\/yukibeauty.ch\/de\/wp-json\/wp\/v2\/product_brand?post=2172"},{"taxonomy":"product_cat","embeddable":true,"href":"https:\/\/yukibeauty.ch\/de\/wp-json\/wp\/v2\/product_cat?post=2172"},{"taxonomy":"product_tag","embeddable":true,"href":"https:\/\/yukibeauty.ch\/de\/wp-json\/wp\/v2\/product_tag?post=2172"}],"curies":[{"name":"wp","href":"https:\/\/api.w.org\/{rel}","templated":true}]}}