{"id":2795,"date":"2025-07-25T15:14:22","date_gmt":"2025-07-25T13:14:22","guid":{"rendered":"https:\/\/yukibeauty.ch\/?post_type=product&#038;p=2795"},"modified":"2026-04-08T16:12:40","modified_gmt":"2026-04-08T14:12:40","slug":"the-stem-cell-retinol-mask","status":"publish","type":"product","link":"https:\/\/yukibeauty.ch\/de\/shop\/korean-routine\/masks\/the-stem-cell-retinol-mask\/","title":{"rendered":"Die Maske Stem Cell - Retinol und Vitamin-Essenz"},"content":{"rendered":"<h2 data-start=\"0\" data-end=\"99\">Die Maske Stem Cell - Retinol und Vitamin-Essenz<\/h2>\n<p data-start=\"109\" data-end=\"548\"><strong data-start=\"109\" data-end=\"139\">Die Stammzellen-Retinol-Maske<\/strong> ist eine hochwirksame Serummaske, die f\u00fcr eine Verj\u00fcngung auf h\u00f6chstem Niveau sorgt. Die Maske enth\u00e4lt reines Retinol und aus Stammzellen gewonnene Exosomen, die auf Forschungsergebnissen basieren, die mit dem <a href=\"https:\/\/www.nobelprize.org\/prizes\/medicine\/2013\/press-release\/\" target=\"_blank\" rel=\"noopener\"><strong>Nobelpreis<\/strong><\/a>Sie bek\u00e4mpft tiefe Falten, ungleichm\u00e4\u00dfigen Hautton und Elastizit\u00e4tsverlust. Diese fortschrittliche Reparaturmaske wirkt auf zellul\u00e4rer Ebene, um die Kollagenproduktion anzukurbeln, die Haut zu straffen und zu festigen und ihr mit jeder Anwendung eine jugendliche Ausstrahlung zu verleihen.<\/p>\n<p data-start=\"550\" data-end=\"829\">G\u00f6nnen Sie sich eine luxuri\u00f6se Behandlung, die feine Linien gl\u00e4ttet, die Textur verfeinert und m\u00fcde Haut wiederbelebt - f\u00fcr einen strahlenden, revitalisierten Teint. Perfekt f\u00fcr alle, die eine intensive Anti-Aging-Pflege suchen. Diese Maske verwandelt Ihre Haut in eine straffere, klarere und jugendlichere Version ihrer selbst.<\/p>\n<h2 data-start=\"374\" data-end=\"392\"><strong data-start=\"374\" data-end=\"390\">Was es bewirkt<\/strong><\/h2>\n<ul data-start=\"393\" data-end=\"622\">\n<li data-start=\"393\" data-end=\"450\">\n<p data-start=\"395\" data-end=\"450\">Gl\u00e4ttet feine Linien und reduziert sichtbare Zeichen der Hautalterung<\/p>\n<\/li>\n<li data-start=\"451\" data-end=\"511\">\n<p data-start=\"453\" data-end=\"511\">F\u00f6rdert die Kollagenproduktion f\u00fcr eine straffere, elastischere Haut<\/p>\n<\/li>\n<li data-start=\"512\" data-end=\"566\">\n<p data-start=\"514\" data-end=\"566\">Hellt ungleichm\u00e4\u00dfige Farbt\u00f6ne auf und verbessert die allgemeine Textur<\/p>\n<\/li>\n<li data-start=\"567\" data-end=\"622\">\n<p data-start=\"569\" data-end=\"622\">Belebt fahle, m\u00fcde Haut f\u00fcr eine strahlende, jugendliche Ausstrahlung<\/p>\n<\/li>\n<\/ul>\n<h2 data-start=\"629\" data-end=\"650\"><strong>Wichtige Inhaltsstoffe<\/strong><\/h2>\n<ul data-start=\"651\" data-end=\"1001\">\n<li data-start=\"651\" data-end=\"777\">\n<p data-start=\"653\" data-end=\"777\">Rohes Retinol - Eine wirksame Form von Vitamin A, die den Zellumsatz beschleunigt, Falten sichtbar reduziert und den Hautton verbessert.<\/p>\n<\/li>\n<li data-start=\"778\" data-end=\"896\">\n<p data-start=\"780\" data-end=\"896\">Stammzellkultur-Exosomen - Fortschrittliche Hautreparaturmittel, die die Regeneration, Hydratation und Elastizit\u00e4t unterst\u00fctzen.<\/p>\n<\/li>\n<li data-start=\"897\" data-end=\"1001\">\n<p data-start=\"899\" data-end=\"1001\"><a href=\"https:\/\/yukibeauty.ch\/de\/shop\/korean-routine\/essence\/6-peptide-skin-booster\/\" target=\"_blank\" rel=\"noopener\">Peptide<\/a> &amp; Botanische Extrakte - Helfen, die Haut zu beruhigen und unterst\u00fctzen die Anti-Aging-Wirkung von Retinol.<\/p>\n<\/li>\n<\/ul>\n<h3 data-start=\"1008\" data-end=\"1161\"><strong>Geeignet f\u00fcr<\/strong><\/h3>\n<p data-start=\"1008\" data-end=\"1161\">Die Stem Cell Retinol Mask ist f\u00fcr alle Hauttypen geeignet, au\u00dfer f\u00fcr sehr empfindliche Haut. Ideal f\u00fcr reife, m\u00fcde oder unebene Haut, die Anzeichen von Alterung, Stumpfheit oder Festigkeitsverlust aufweist.<\/p>\n<p data-start=\"1008\" data-end=\"1161\">","protected":false},"excerpt":{"rendered":"<p>Eine luxuri\u00f6se Anti-Aging-Serummaske, vollgepackt mit Roh-Retinol und Stammzellen-Exosomen. Sie bek\u00e4mpft Falten, Mattheit und Erschlaffung und verbessert sichtbar Spannkraft, Textur und Festigkeit.<\/p>","protected":false},"featured_media":4362,"comment_status":"open","ping_status":"closed","template":"","meta":[],"product_brand":[],"product_cat":[25,21],"product_tag":[],"class_list":{"0":"post-2795","1":"product","2":"type-product","3":"status-publish","4":"has-post-thumbnail","6":"product_cat-exclusive-face-masks","7":"product_cat-masks","9":"first","10":"instock","11":"sale","12":"featured","13":"shipping-taxable","14":"purchasable","15":"product-type-simple"},"_links":{"self":[{"href":"https:\/\/yukibeauty.ch\/de\/wp-json\/wp\/v2\/product\/2795","targetHints":{"allow":["GET"]}}],"collection":[{"href":"https:\/\/yukibeauty.ch\/de\/wp-json\/wp\/v2\/product"}],"about":[{"href":"https:\/\/yukibeauty.ch\/de\/wp-json\/wp\/v2\/types\/product"}],"replies":[{"embeddable":true,"href":"https:\/\/yukibeauty.ch\/de\/wp-json\/wp\/v2\/comments?post=2795"}],"wp:featuredmedia":[{"embeddable":true,"href":"https:\/\/yukibeauty.ch\/de\/wp-json\/wp\/v2\/media\/4362"}],"wp:attachment":[{"href":"https:\/\/yukibeauty.ch\/de\/wp-json\/wp\/v2\/media?parent=2795"}],"wp:term":[{"taxonomy":"product_brand","embeddable":true,"href":"https:\/\/yukibeauty.ch\/de\/wp-json\/wp\/v2\/product_brand?post=2795"},{"taxonomy":"product_cat","embeddable":true,"href":"https:\/\/yukibeauty.ch\/de\/wp-json\/wp\/v2\/product_cat?post=2795"},{"taxonomy":"product_tag","embeddable":true,"href":"https:\/\/yukibeauty.ch\/de\/wp-json\/wp\/v2\/product_tag?post=2795"}],"curies":[{"name":"wp","href":"https:\/\/api.w.org\/{rel}","templated":true}]}}