{"id":2801,"date":"2025-07-25T15:15:18","date_gmt":"2025-07-25T13:15:18","guid":{"rendered":"https:\/\/yukibeauty.ch\/?post_type=product&#038;p=2801"},"modified":"2026-04-08T16:12:32","modified_gmt":"2026-04-08T14:12:32","slug":"the-stem-cell-face-mask","status":"publish","type":"product","link":"https:\/\/yukibeauty.ch\/de\/shop\/korean-routine\/masks\/the-stem-cell-face-mask\/","title":{"rendered":"Die Stem Cell - Gesichtsmaske"},"content":{"rendered":"<h2 data-start=\"0\" data-end=\"77\"><strong data-start=\"0\" data-end=\"29\">Die Stem Cell - Gesichtsmaske<\/strong><\/h2>\n<p data-start=\"0\" data-end=\"77\"><em data-start=\"32\" data-end=\"77\">Sofortige Ausstrahlung f\u00fcr m\u00fcde, glanzlose Haut<\/em><\/p>\n<p data-start=\"79\" data-end=\"415\">Durchtr\u00e4nkt mit einer wirksamen Mischung aus <strong data-start=\"110\" data-end=\"149\">Vitamine, Mineralien und Aminos\u00e4uren<\/strong>ist diese revitalisierende Maske die ideale Behandlung f\u00fcr fahle, m\u00fcde Haut. In nur wenigen Minuten stellt sie die Leuchtkraft wieder her, verfeinert die Textur und bereitet die Haut auf ein makelloses Make-up vor - ideal als schneller Beauty-Boost vor jeder Veranstaltung oder wann immer Ihr Teint eine Auffrischung braucht.<\/p>\n<h2 data-start=\"422\" data-end=\"440\"><strong data-start=\"422\" data-end=\"438\">Was es bewirkt<\/strong><\/h2>\n<ul data-start=\"441\" data-end=\"692\">\n<li data-start=\"441\" data-end=\"490\">\n<p data-start=\"443\" data-end=\"490\">Versorgt m\u00fcde Haut mit wichtigen N\u00e4hrstoffen<\/p>\n<\/li>\n<li data-start=\"491\" data-end=\"537\">\n<p data-start=\"493\" data-end=\"537\">Hellt die Haut sofort auf und verbessert den Hautton<\/p>\n<\/li>\n<li data-start=\"538\" data-end=\"588\">\n<p data-start=\"540\" data-end=\"588\">Gl\u00e4ttet und strafft f\u00fcr ein erfrischtes, geliftetes Aussehen<\/p>\n<\/li>\n<li data-start=\"589\" data-end=\"646\">\n<p data-start=\"591\" data-end=\"646\">Perfekte Vorbehandlung vor dem Make-up f\u00fcr ein nahtloses Auftragen<\/p>\n<\/li>\n<li data-start=\"647\" data-end=\"692\">\n<p data-start=\"649\" data-end=\"692\">Macht die Haut weich, strahlend und bereit f\u00fcr das Make-up<\/p>\n<\/li>\n<\/ul>\n<h2 data-start=\"699\" data-end=\"720\"><strong data-start=\"699\" data-end=\"718\">Wichtige Inhaltsstoffe<\/strong><\/h2>\n<ul data-start=\"721\" data-end=\"928\">\n<li data-start=\"721\" data-end=\"785\">\n<p data-start=\"723\" data-end=\"785\"><strong data-start=\"723\" data-end=\"748\">Multi-Vitamin-Komplex<\/strong> - Energisiert und hellt die Haut auf<\/p>\n<\/li>\n<li data-start=\"786\" data-end=\"870\">\n<p data-start=\"788\" data-end=\"870\"><strong data-start=\"788\" data-end=\"814\">Mineralien und Aminos\u00e4uren<\/strong> - Hilft bei der Wiederherstellung des Gleichgewichts, der Hydratation und einer glatten Textur<\/p>\n<\/li>\n<li data-start=\"871\" data-end=\"928\">\n<p data-start=\"873\" data-end=\"928\"><strong data-start=\"873\" data-end=\"895\">Botanische Extrakte<\/strong> - Beruhigt und erfrischt gestresste Haut<\/p>\n<\/li>\n<\/ul>\n<h3 data-start=\"935\" data-end=\"1086\"><strong data-start=\"935\" data-end=\"951\">Geeignet f\u00fcr<\/strong><\/h3>\n<p data-start=\"935\" data-end=\"1086\">F\u00fcr alle Hauttypen, insbesondere f\u00fcr fahle, m\u00fcde oder unebene Haut. Ideal f\u00fcr die Anwendung vor dem Make-up oder nach Reisen, langen N\u00e4chten oder stressigen Tagen.<\/p>","protected":false},"excerpt":{"rendered":"<p>Diese revitalisierende Maske mit Vitaminen, Mineralien und Aminos\u00e4uren pflegt m\u00fcde, fahle Haut und verleiht ihr sofort mehr Ausstrahlung - perfekt vor dem Make-up oder wann immer Ihre Haut eine Erfrischung braucht.<\/p>","protected":false},"featured_media":4354,"comment_status":"open","ping_status":"closed","template":"","meta":[],"product_brand":[],"product_cat":[25,21],"product_tag":[],"class_list":{"0":"post-2801","1":"product","2":"type-product","3":"status-publish","4":"has-post-thumbnail","6":"product_cat-exclusive-face-masks","7":"product_cat-masks","9":"first","10":"instock","11":"sale","12":"shipping-taxable","13":"purchasable","14":"product-type-simple"},"_links":{"self":[{"href":"https:\/\/yukibeauty.ch\/de\/wp-json\/wp\/v2\/product\/2801","targetHints":{"allow":["GET"]}}],"collection":[{"href":"https:\/\/yukibeauty.ch\/de\/wp-json\/wp\/v2\/product"}],"about":[{"href":"https:\/\/yukibeauty.ch\/de\/wp-json\/wp\/v2\/types\/product"}],"replies":[{"embeddable":true,"href":"https:\/\/yukibeauty.ch\/de\/wp-json\/wp\/v2\/comments?post=2801"}],"wp:featuredmedia":[{"embeddable":true,"href":"https:\/\/yukibeauty.ch\/de\/wp-json\/wp\/v2\/media\/4354"}],"wp:attachment":[{"href":"https:\/\/yukibeauty.ch\/de\/wp-json\/wp\/v2\/media?parent=2801"}],"wp:term":[{"taxonomy":"product_brand","embeddable":true,"href":"https:\/\/yukibeauty.ch\/de\/wp-json\/wp\/v2\/product_brand?post=2801"},{"taxonomy":"product_cat","embeddable":true,"href":"https:\/\/yukibeauty.ch\/de\/wp-json\/wp\/v2\/product_cat?post=2801"},{"taxonomy":"product_tag","embeddable":true,"href":"https:\/\/yukibeauty.ch\/de\/wp-json\/wp\/v2\/product_tag?post=2801"}],"curies":[{"name":"wp","href":"https:\/\/api.w.org\/{rel}","templated":true}]}}