{"id":2802,"date":"2025-07-25T15:15:58","date_gmt":"2025-07-25T13:15:58","guid":{"rendered":"https:\/\/yukibeauty.ch\/?post_type=product&#038;p=2802"},"modified":"2026-04-08T16:12:12","modified_gmt":"2026-04-08T14:12:12","slug":"nmn-stem-cell-face-mask","status":"publish","type":"product","link":"https:\/\/yukibeauty.ch\/de\/shop\/korean-routine\/masks\/nmn-stem-cell-face-mask\/","title":{"rendered":"Die Stem Cell - NMN Gesichtsmaske"},"content":{"rendered":"<h2 data-start=\"0\" data-end=\"99\"><strong data-start=\"0\" data-end=\"39\">Die Stammzellen - NMN-Gesichtsmaske mit Exosomen<\/strong><\/h2>\n<p data-start=\"0\" data-end=\"99\"><em data-start=\"42\" data-end=\"99\">Verj\u00fcngung der n\u00e4chsten Generation f\u00fcr jugendliche, strahlende Haut<\/em><\/p>\n<p data-start=\"101\" data-end=\"462\">Die <strong data-start=\"175\" data-end=\"216\">NMN-Stammzellen-Gesichtsmaske mit Exosomen<\/strong> ist eine Behandlung der n\u00e4chsten Generation, die eine <a href=\"https:\/\/pmc.ncbi.nlm.nih.gov\/articles\/PMC7238909\/\" target=\"_blank\" rel=\"noopener\"><strong>NMN<\/strong><\/a> (Nicotinamid-Mononukleotid) mit hochdosierten <strong data-start=\"175\" data-end=\"216\">NMN Stem Cell Gesichtsmaske<\/strong>. Sie wirkt auf zellul\u00e4rer Ebene, energetisiert und erneuert die Haut und verwandelt sie sichtbar. Mit einem Nano-Liposomen-System, das tief in die Haut eindringt, bek\u00e4mpft diese fortschrittliche Maske Falten, Mattheit und Pigmentierung und verleiht der Haut ein nat\u00fcrliches Strahlen, Festigkeit und Spannkraft.<\/p>\n<h2 data-start=\"469\" data-end=\"487\"><strong data-start=\"469\" data-end=\"485\">Was es bewirkt<\/strong><\/h2>\n<ul data-start=\"488\" data-end=\"743\">\n<li data-start=\"488\" data-end=\"538\">\n<p data-start=\"490\" data-end=\"538\">NMN Stem Cell Face Mask energetisiert die Hautzellen und unterst\u00fctzt die Regeneration<\/p>\n<\/li>\n<li data-start=\"539\" data-end=\"591\">\n<p data-start=\"541\" data-end=\"591\">L\u00e4sst dunkle Flecken verblassen und hemmt die Melaninproduktion<\/p>\n<\/li>\n<li data-start=\"592\" data-end=\"645\">\n<p data-start=\"594\" data-end=\"645\">Spendet tiefenwirksam Feuchtigkeit und strafft das Erscheinungsbild<\/p>\n<\/li>\n<li data-start=\"646\" data-end=\"692\">\n<p data-start=\"648\" data-end=\"692\">Stellt die Elastizit\u00e4t wieder her und gl\u00e4ttet feine Linien<\/p>\n<\/li>\n<li data-start=\"693\" data-end=\"743\">\n<p data-start=\"695\" data-end=\"743\">Verst\u00e4rkt die Leuchtkraft und f\u00f6rdert einen gleichm\u00e4\u00dfigen Hautton<\/p>\n<\/li>\n<\/ul>\n<h2 data-start=\"750\" data-end=\"771\"><strong data-start=\"750\" data-end=\"769\">Wichtige Inhaltsstoffe<\/strong><\/h2>\n<ul data-start=\"772\" data-end=\"1150\">\n<li data-start=\"772\" data-end=\"891\">\n<p data-start=\"774\" data-end=\"891\">NMN (Nicotinamid-Mononukleotid) - Ein leistungsstarkes Molek\u00fcl, das die Zellenergie erh\u00f6ht und die Langlebigkeit der Haut unterst\u00fctzt<\/p>\n<\/li>\n<li data-start=\"892\" data-end=\"987\">\n<p data-start=\"894\" data-end=\"987\">Stammzellkultur-Exosomen - Stimulieren die Erneuerung und verbessern die Elastizit\u00e4t auf einer tieferen Ebene<\/p>\n<\/li>\n<li data-start=\"988\" data-end=\"1076\">\n<p data-start=\"990\" data-end=\"1076\">Nano-<a href=\"https:\/\/yukibeauty.ch\/de\/shop\/korean-routine\/masks\/stem-cell-bio-mask\/\" target=\"_blank\" rel=\"noopener\">Liposomen<\/a> - Verbessert die Abgabe von Wirkstoffen f\u00fcr optimale Absorption und Wirksamkeit<\/p>\n<\/li>\n<li data-start=\"1077\" data-end=\"1150\">\n<p data-start=\"1079\" data-end=\"1150\">Aufhellende Peptide - Helfen, Pigmentierungen zu reduzieren und f\u00f6rdern die Klarheit<\/p>\n<\/li>\n<\/ul>\n<h3 data-start=\"1157\" data-end=\"1329\"><strong data-start=\"1157\" data-end=\"1173\">Geeignet f\u00fcr<\/strong><\/h3>\n<p data-start=\"1157\" data-end=\"1329\">NMN Stem Cell Face Mask ist f\u00fcr alle Hauttypen geeignet, die Anzeichen von Hautalterung, ungleichm\u00e4\u00dfiger Hautfarbe oder M\u00fcdigkeit aufweisen. Besonders wohltuend f\u00fcr Haut, die unter feinen Linien, Mattigkeit und Festigkeitsverlust leidet.<\/p>","protected":false},"excerpt":{"rendered":"<p>Eine Gesichtsmaske der n\u00e4chsten Generation mit NMN und hochdosierten Stammzellkultur-Exosomen. Sie hilft, Falten und dunkle Flecken zu bek\u00e4mpfen, w\u00e4hrend sie der Haut Feuchtigkeit, Festigkeit und strahlende Elastizit\u00e4t zur\u00fcckgibt.<\/p>","protected":false},"featured_media":2798,"comment_status":"open","ping_status":"closed","template":"","meta":[],"product_brand":[],"product_cat":[25,21],"product_tag":[],"class_list":{"0":"post-2802","1":"product","2":"type-product","3":"status-publish","4":"has-post-thumbnail","6":"product_cat-exclusive-face-masks","7":"product_cat-masks","9":"first","10":"instock","11":"sale","12":"shipping-taxable","13":"purchasable","14":"product-type-simple"},"_links":{"self":[{"href":"https:\/\/yukibeauty.ch\/de\/wp-json\/wp\/v2\/product\/2802","targetHints":{"allow":["GET"]}}],"collection":[{"href":"https:\/\/yukibeauty.ch\/de\/wp-json\/wp\/v2\/product"}],"about":[{"href":"https:\/\/yukibeauty.ch\/de\/wp-json\/wp\/v2\/types\/product"}],"replies":[{"embeddable":true,"href":"https:\/\/yukibeauty.ch\/de\/wp-json\/wp\/v2\/comments?post=2802"}],"wp:featuredmedia":[{"embeddable":true,"href":"https:\/\/yukibeauty.ch\/de\/wp-json\/wp\/v2\/media\/2798"}],"wp:attachment":[{"href":"https:\/\/yukibeauty.ch\/de\/wp-json\/wp\/v2\/media?parent=2802"}],"wp:term":[{"taxonomy":"product_brand","embeddable":true,"href":"https:\/\/yukibeauty.ch\/de\/wp-json\/wp\/v2\/product_brand?post=2802"},{"taxonomy":"product_cat","embeddable":true,"href":"https:\/\/yukibeauty.ch\/de\/wp-json\/wp\/v2\/product_cat?post=2802"},{"taxonomy":"product_tag","embeddable":true,"href":"https:\/\/yukibeauty.ch\/de\/wp-json\/wp\/v2\/product_tag?post=2802"}],"curies":[{"name":"wp","href":"https:\/\/api.w.org\/{rel}","templated":true}]}}