{"id":2803,"date":"2025-07-25T15:16:48","date_gmt":"2025-07-25T13:16:48","guid":{"rendered":"https:\/\/yukibeauty.ch\/?post_type=product&#038;p=2803"},"modified":"2026-04-08T16:12:21","modified_gmt":"2026-04-08T14:12:21","slug":"stem-cell-facial-mask","status":"publish","type":"product","link":"https:\/\/yukibeauty.ch\/de\/shop\/korean-routine\/masks\/stem-cell-facial-mask\/","title":{"rendered":"Die Stem Cell - Maske f\u00fcr die Gesichtsbehandlung"},"content":{"rendered":"<h2 data-start=\"0\" data-end=\"68\"><strong data-start=\"0\" data-end=\"41\">Die Stem Cell - Maske f\u00fcr die Gesichtsbehandlung<\/strong><\/h2>\n<p data-start=\"0\" data-end=\"68\"><em data-start=\"44\" data-end=\"68\">Verfeinern. Hydratisieren. Strahlen. 150-mal st\u00e4rker als herk\u00f6mmliche Masken<\/em><\/p>\n<p data-start=\"70\" data-end=\"395\">Diese intensive Behandlungsmaske ist angereichert mit fermentierten <strong data-start=\"127\" data-end=\"158\"><a href=\"https:\/\/pmc.ncbi.nlm.nih.gov\/articles\/PMC9657190\/\" target=\"_blank\" rel=\"noopener\">Galactomyces<\/a> Kulturfl\u00fcssigkeit <\/strong>- ein gesch\u00e4tzter Bestandteil der hochwertigen Hautpflege, der f\u00fcr seine au\u00dfergew\u00f6hnliche revitalisierende Wirkung bekannt ist. Sie ist reich an Vitaminen, Aminos\u00e4uren und Mineralien und hilft, das nat\u00fcrliche Gleichgewicht der Haut wiederherzustellen, die Textur zu verbessern und ihr ein strahlendes, gesundes Aussehen zu verleihen.<\/p>\n<h2 data-start=\"402\" data-end=\"420\"><strong data-start=\"402\" data-end=\"418\">Was es bewirkt<\/strong><\/h2>\n<ul data-start=\"421\" data-end=\"670\">\n<li data-start=\"421\" data-end=\"462\">\n<p data-start=\"423\" data-end=\"462\">Spendet tiefenwirksame, lang anhaltende Feuchtigkeit<\/p>\n<\/li>\n<li data-start=\"463\" data-end=\"514\">\n<p data-start=\"465\" data-end=\"514\">Verfeinert die Poren und verbessert das allgemeine Hautbild<\/p>\n<\/li>\n<li data-start=\"515\" data-end=\"574\">\n<p data-start=\"517\" data-end=\"574\">Gleicht die \u00d6lproduktion aus und unterst\u00fctzt einen gesunden pH-Wert<\/p>\n<\/li>\n<li data-start=\"575\" data-end=\"613\">\n<p data-start=\"577\" data-end=\"613\">Verbessert die Ausstrahlung und Klarheit der Haut<\/p>\n<\/li>\n<li data-start=\"614\" data-end=\"670\">\n<p data-start=\"616\" data-end=\"670\">Hinterl\u00e4sst eine seidig-glatte, frische und sichtbar ges\u00fcndere Haut<\/p>\n<\/li>\n<\/ul>\n<h2 data-start=\"677\" data-end=\"698\"><strong data-start=\"677\" data-end=\"696\">Wichtige Inhaltsstoffe<\/strong><\/h2>\n<ul data-start=\"699\" data-end=\"964\">\n<li data-start=\"699\" data-end=\"808\">\n<p data-start=\"701\" data-end=\"808\">Galactomyces-Fermentfiltrat - Ein starkes probiotisches Ferment, das n\u00e4hrt, hydratisiert und verfeinert<\/p>\n<\/li>\n<li data-start=\"809\" data-end=\"894\">\n<p data-start=\"811\" data-end=\"894\">Aminos\u00e4uren &amp; Mineralien - St\u00e4rken die Hautbarriere und erh\u00f6hen die Feuchtigkeitsbindung<\/p>\n<\/li>\n<li data-start=\"895\" data-end=\"964\">\n<p data-start=\"897\" data-end=\"964\">Botanische Extrakte - Beruhigen, gl\u00e4tten und f\u00f6rdern einen gleichm\u00e4\u00dfigen Hautton<\/p>\n<\/li>\n<\/ul>\n<h2 data-start=\"971\" data-end=\"1122\"><strong data-start=\"971\" data-end=\"987\">Geeignet f\u00fcr<\/strong><\/h2>\n<p data-start=\"971\" data-end=\"1122\">F\u00fcr alle Hauttypen, insbesondere f\u00fcr fahle, feuchtigkeitsarme oder unebene Haut. Hervorragend geeignet f\u00fcr Mischhaut oder fettige Haut, da sie ausgleichend wirkt.<\/p>","protected":false},"excerpt":{"rendered":"<p>Eine intensiv feuchtigkeitsspendende Behandlungsmaske mit fermentierter Galactomyces-Kulturfl\u00fcssigkeit - einem luxuri\u00f6sen Hautpflegebestandteil, der reich an Vitaminen, Aminos\u00e4uren und Mineralien ist. Sie spendet Feuchtigkeit, wirkt ausgleichend und verfeinert das Hautbild f\u00fcr einen strahlenden, gesunden Teint.<\/p>","protected":false},"featured_media":2797,"comment_status":"open","ping_status":"closed","template":"","meta":[],"product_brand":[],"product_cat":[25,21],"product_tag":[],"class_list":{"0":"post-2803","1":"product","2":"type-product","3":"status-publish","4":"has-post-thumbnail","6":"product_cat-exclusive-face-masks","7":"product_cat-masks","9":"first","10":"instock","11":"sale","12":"shipping-taxable","13":"purchasable","14":"product-type-simple"},"_links":{"self":[{"href":"https:\/\/yukibeauty.ch\/de\/wp-json\/wp\/v2\/product\/2803","targetHints":{"allow":["GET"]}}],"collection":[{"href":"https:\/\/yukibeauty.ch\/de\/wp-json\/wp\/v2\/product"}],"about":[{"href":"https:\/\/yukibeauty.ch\/de\/wp-json\/wp\/v2\/types\/product"}],"replies":[{"embeddable":true,"href":"https:\/\/yukibeauty.ch\/de\/wp-json\/wp\/v2\/comments?post=2803"}],"wp:featuredmedia":[{"embeddable":true,"href":"https:\/\/yukibeauty.ch\/de\/wp-json\/wp\/v2\/media\/2797"}],"wp:attachment":[{"href":"https:\/\/yukibeauty.ch\/de\/wp-json\/wp\/v2\/media?parent=2803"}],"wp:term":[{"taxonomy":"product_brand","embeddable":true,"href":"https:\/\/yukibeauty.ch\/de\/wp-json\/wp\/v2\/product_brand?post=2803"},{"taxonomy":"product_cat","embeddable":true,"href":"https:\/\/yukibeauty.ch\/de\/wp-json\/wp\/v2\/product_cat?post=2803"},{"taxonomy":"product_tag","embeddable":true,"href":"https:\/\/yukibeauty.ch\/de\/wp-json\/wp\/v2\/product_tag?post=2803"}],"curies":[{"name":"wp","href":"https:\/\/api.w.org\/{rel}","templated":true}]}}