{"id":2804,"date":"2025-07-25T15:17:32","date_gmt":"2025-07-25T13:17:32","guid":{"rendered":"https:\/\/yukibeauty.ch\/?post_type=product&#038;p=2804"},"modified":"2026-04-08T16:11:39","modified_gmt":"2026-04-08T14:11:39","slug":"the-stem-cell-mask-bio-liposome","status":"publish","type":"product","link":"https:\/\/yukibeauty.ch\/de\/shop\/korean-routine\/masks\/the-stem-cell-mask-bio-liposome\/","title":{"rendered":"Die Stem Cell - BIO Liposome Gesichtsmaske"},"content":{"rendered":"<h2 data-start=\"0\" data-end=\"93\"><strong data-start=\"0\" data-end=\"40\">Die Stem Cell Bio-Liposome Anti-Aging Overnight Recovery Mask<\/strong><\/h2>\n<p data-start=\"0\" data-end=\"93\"><em data-start=\"43\" data-end=\"93\">Wachen Sie mit sichtbar erneuerter, tief mit Feuchtigkeit versorgter Haut auf<\/em><\/p>\n<p data-start=\"95\" data-end=\"396\"><strong data-start=\"286\" data-end=\"321\">Die Stammzellenmaske Bio-Liposom<\/strong> ist eine luxuri\u00f6se Maske f\u00fcr die Nacht, die die Kraft von Exosomen und Bio-Liposomen nutzt, um die Haut w\u00e4hrend des Schlafs intensiv mit Feuchtigkeit zu versorgen und zu regenerieren. Inspiriert von fortschrittlicher Hautwissenschaft und Forschung, die mit dem <a href=\"https:\/\/www.nobelprize.org\/prizes\/medicine\/2013\/press-release\/\" target=\"_blank\" rel=\"noopener\"><strong>Nobelpreis<\/strong><\/a>. Sie ahmt die Wirkung einer erholsamen Nachtruhe nach, belebt fahle, m\u00fcde Haut und schenkt ihr am Morgen ein jugendliches, strahlendes Aussehen.<\/p>\n<h2 data-start=\"403\" data-end=\"421\"><strong data-start=\"403\" data-end=\"419\">Was es bewirkt<\/strong><\/h2>\n<ul data-start=\"422\" data-end=\"719\">\n<li data-start=\"422\" data-end=\"487\">\n<p data-start=\"424\" data-end=\"487\">Spendet lang anhaltende Feuchtigkeit und polstert die Haut \u00fcber Nacht auf<\/p>\n<\/li>\n<li data-start=\"488\" data-end=\"557\">\n<p data-start=\"490\" data-end=\"557\">Verbessert die Reparatur und Widerstandsf\u00e4higkeit der Haut durch die Synergie von Exosomen und Liposomen<\/p>\n<\/li>\n<li data-start=\"558\" data-end=\"607\">\n<p data-start=\"560\" data-end=\"607\">Mildert feine Linien und gl\u00e4ttet unebene Textur<\/p>\n<\/li>\n<li data-start=\"608\" data-end=\"664\">\n<p data-start=\"610\" data-end=\"664\">Verbessert die Festigkeit und stellt die nat\u00fcrliche Spannkraft der Haut wieder her<\/p>\n<\/li>\n<li data-start=\"665\" data-end=\"719\">\n<p data-start=\"667\" data-end=\"719\">St\u00e4rkt die Feuchtigkeitsbarriere f\u00fcr dauerhaften Komfort<\/p>\n<\/li>\n<\/ul>\n<h2 data-start=\"726\" data-end=\"747\"><strong data-start=\"726\" data-end=\"745\">Wichtige Inhaltsstoffe<\/strong><\/h2>\n<ul data-start=\"748\" data-end=\"1107\">\n<li data-start=\"748\" data-end=\"845\">\n<p data-start=\"750\" data-end=\"845\"><strong data-start=\"750\" data-end=\"780\">Von Stammzellen stammende Exosomen<\/strong> - Starke zellul\u00e4re Botenstoffe, die Reparatur und Erneuerung stimulieren<\/p>\n<\/li>\n<li data-start=\"846\" data-end=\"948\">\n<p data-start=\"848\" data-end=\"948\"><strong data-start=\"848\" data-end=\"865\">Bio-Liposomen<\/strong> - Verbessert den Transport von Wirkstoffen tief in die Haut f\u00fcr maximale Effizienz<\/p>\n<\/li>\n<li data-start=\"949\" data-end=\"1030\">\n<p data-start=\"951\" data-end=\"1030\"><strong data-start=\"951\" data-end=\"978\"><a href=\"https:\/\/yukibeauty.ch\/de\/shop\/korean-routine\/gesichtscreme\/hyaluronic-acid-intensive-cream\/\" target=\"_blank\" rel=\"noopener\">Hyalurons\u00e4ure<\/a> Komplexe<\/strong> - Spendet mehrschichtige Feuchtigkeit und polstert die Haut auf<\/p>\n<\/li>\n<li data-start=\"1031\" data-end=\"1107\">\n<p data-start=\"1033\" data-end=\"1107\"><strong data-start=\"1033\" data-end=\"1046\">Ceramide<\/strong> - hilft, die Hautbarriere zu st\u00e4rken und Feuchtigkeitsverlust zu verhindern<\/p>\n<\/li>\n<\/ul>\n<h3 data-start=\"1114\" data-end=\"1276\"><strong data-start=\"1114\" data-end=\"1130\">Geeignet f\u00fcr<\/strong><\/h3>\n<p data-start=\"1114\" data-end=\"1276\">Die Stem Cell Mask ist f\u00fcr alle Hauttypen geeignet, einschlie\u00dflich trockener, m\u00fcder oder gestresster Haut, die eine intensive Pflege \u00fcber Nacht ben\u00f6tigt. Ideal bei Anzeichen von Hautalterung, Mattigkeit oder Austrocknung.<\/p>\n<p data-start=\"1114\" data-end=\"1276\">","protected":false},"excerpt":{"rendered":"<p>Diese Bio-Liposomen-Maske liefert \u00fcber Nacht einen Feuchtigkeitsschub, der die Wirkung einer durchgehenden Nachtruhe nachahmt. Durch die Kombination von Exosomen mit Bioliposomen aus der regenerativen Hautforschung stellt sie Festigkeit, Elastizit\u00e4t und jugendliche Ausstrahlung wieder her.<\/p>","protected":false},"featured_media":2796,"comment_status":"open","ping_status":"closed","template":"","meta":[],"product_brand":[],"product_cat":[25,21],"product_tag":[],"class_list":{"0":"post-2804","1":"product","2":"type-product","3":"status-publish","4":"has-post-thumbnail","6":"product_cat-exclusive-face-masks","7":"product_cat-masks","9":"first","10":"instock","11":"sale","12":"featured","13":"shipping-taxable","14":"purchasable","15":"product-type-simple"},"_links":{"self":[{"href":"https:\/\/yukibeauty.ch\/de\/wp-json\/wp\/v2\/product\/2804","targetHints":{"allow":["GET"]}}],"collection":[{"href":"https:\/\/yukibeauty.ch\/de\/wp-json\/wp\/v2\/product"}],"about":[{"href":"https:\/\/yukibeauty.ch\/de\/wp-json\/wp\/v2\/types\/product"}],"replies":[{"embeddable":true,"href":"https:\/\/yukibeauty.ch\/de\/wp-json\/wp\/v2\/comments?post=2804"}],"wp:featuredmedia":[{"embeddable":true,"href":"https:\/\/yukibeauty.ch\/de\/wp-json\/wp\/v2\/media\/2796"}],"wp:attachment":[{"href":"https:\/\/yukibeauty.ch\/de\/wp-json\/wp\/v2\/media?parent=2804"}],"wp:term":[{"taxonomy":"product_brand","embeddable":true,"href":"https:\/\/yukibeauty.ch\/de\/wp-json\/wp\/v2\/product_brand?post=2804"},{"taxonomy":"product_cat","embeddable":true,"href":"https:\/\/yukibeauty.ch\/de\/wp-json\/wp\/v2\/product_cat?post=2804"},{"taxonomy":"product_tag","embeddable":true,"href":"https:\/\/yukibeauty.ch\/de\/wp-json\/wp\/v2\/product_tag?post=2804"}],"curies":[{"name":"wp","href":"https:\/\/api.w.org\/{rel}","templated":true}]}}